{"id":2039,"date":"2023-08-31T11:42:56","date_gmt":"2023-08-31T14:42:56","guid":{"rendered":"https:\/\/portal.uern.br\/proeg\/?page_id=2039"},"modified":"2024-07-01T10:33:42","modified_gmt":"2024-07-01T13:33:42","slug":"pim-legislacao","status":"publish","type":"page","link":"https:\/\/portal.uern.br\/proeg\/estudantes-2\/monitoria-pim\/pim-legislacao\/","title":{"rendered":"Legisla\u00e7\u00e3o"},"content":{"rendered":"<p><a href=\"https:\/\/www.uern.br\/controledepaginas\/proeg-formularios\/arquivos\/0973resolua%C2%A7a%C2%A3o_52.2020_aprova_as_normas_do_pim.pdf\">RESOLU\u00c7\u00c3O N.\u00ba 052\/2020 &#8211; CONSEPE<\/a> &#8211; Revoga a Resolu\u00e7\u00e3o n\u00ba 15\/2016 &#8211; Consepe e Define as normas que regulamentam o Programa Institucional de Monitoria \u2013 PIM<\/p>\n<p><a href=\"https:\/\/www.uern.br\/controledepaginas\/documentos-legislacao-cd\/arquivos\/5106resolucao_n0_2022_49___cd___trata_valor_bolsa_pim.pdf\">RESOLU\u00c7\u00c3O N\u00ba 49\/2022 &#8211; CD<\/a> &#8211; Trata do valor da bolsa do Programa Institucional de Monitoria \u2013 PIM e d\u00e1 outras provid\u00eancias<\/p>\n<p><a href=\"https:\/\/portal.uern.br\/proeg\/wp-content\/uploads\/2024\/04\/Resolucao-No-23-2023-CD-Regulamenta-a-oferta-de-repasses-financeiros-estudantis-concedidos-no-ambito-da-Fuern-2.pdf\">RESOLU\u00c7\u00c3O N\u00ba 23\/2023-CD<\/a> &#8211; Regulamenta a oferta de repasses financeiros estudantis concedidos no \u00e2mbito da Funda\u00e7\u00e3o Universidade do Estado do Rio Grande do Norte (Fuern)<\/p>\n<p><a href=\"https:\/\/portal.uern.br\/proeg\/wp-content\/uploads\/2024\/04\/JOUERN-567-Resolucao-no-06.2024-Altera-o-anexo-unico-reajustando-o-quantitativo-de-vagas-de-Estagio-nao-obrigatorio.pdf\">RESOLU\u00c7\u00c3O N\u00ba 06\/2024 &#8211; CD<\/a> &#8211; Altera o anexo \u00fanico da Resolu\u00e7\u00e3o n.\u00ba 23\/2023 &#8211; CD, para reajustar o quantitativo de vagas de Est\u00e1gio n\u00e3o obrigat\u00f3rio<\/p>\n","protected":false},"excerpt":{"rendered":"<p>RESOLU\u00c7\u00c3O N.\u00ba 052\/2020 &#8211; CONSEPE &#8211; Revoga a Resolu\u00e7\u00e3o n\u00ba 15\/2016 &#8211; Consepe e Define as normas que regulamentam o Programa Institucional de Monitoria \u2013 PIM RESOLU\u00c7\u00c3O N\u00ba 49\/2022 &#8211; CD &#8211; Trata do valor da bolsa do Programa Institucional de Monitoria \u2013 PIM e d\u00e1 outras provid\u00eancias RESOLU\u00c7\u00c3O N\u00ba 23\/2023-CD &#8211; Regulamenta a oferta [&hellip;]<\/p>\n","protected":false},"author":4,"featured_media":0,"parent":270,"menu_order":0,"comment_status":"closed","ping_status":"closed","template":"","meta":{"footnotes":""},"class_list":["post-2039","page","type-page","status-publish","hentry"],"_links":{"self":[{"href":"https:\/\/portal.uern.br\/proeg\/wp-json\/wp\/v2\/pages\/2039","targetHints":{"allow":["GET"]}}],"collection":[{"href":"https:\/\/portal.uern.br\/proeg\/wp-json\/wp\/v2\/pages"}],"about":[{"href":"https:\/\/portal.uern.br\/proeg\/wp-json\/wp\/v2\/types\/page"}],"author":[{"embeddable":true,"href":"https:\/\/portal.uern.br\/proeg\/wp-json\/wp\/v2\/users\/4"}],"replies":[{"embeddable":true,"href":"https:\/\/portal.uern.br\/proeg\/wp-json\/wp\/v2\/comments?post=2039"}],"version-history":[{"count":4,"href":"https:\/\/portal.uern.br\/proeg\/wp-json\/wp\/v2\/pages\/2039\/revisions"}],"predecessor-version":[{"id":2834,"href":"https:\/\/portal.uern.br\/proeg\/wp-json\/wp\/v2\/pages\/2039\/revisions\/2834"}],"up":[{"embeddable":true,"href":"https:\/\/portal.uern.br\/proeg\/wp-json\/wp\/v2\/pages\/270"}],"wp:attachment":[{"href":"https:\/\/portal.uern.br\/proeg\/wp-json\/wp\/v2\/media?parent=2039"}],"curies":[{"name":"wp","href":"https:\/\/api.w.org\/{rel}","templated":true}]}}