{"id":2037,"date":"2023-08-31T11:41:02","date_gmt":"2023-08-31T14:41:02","guid":{"rendered":"https:\/\/portal.uern.br\/proeg\/?page_id=2037"},"modified":"2026-03-11T07:26:22","modified_gmt":"2026-03-11T10:26:22","slug":"editais","status":"publish","type":"page","link":"https:\/\/portal.uern.br\/proeg\/estudantes-2\/monitoria-pim\/editais\/","title":{"rendered":"Editais"},"content":{"rendered":"<p><strong>2026.2<\/strong><\/p>\n<p><a href=\"https:\/\/portal.uern.br\/proeg\/wp-content\/uploads\/2026\/03\/EDITAL-No-25_2026-\u2013-PROEG_UERN.pdf\">Edital 25\/2026 &#8211; PROEG<\/a> &#8211; <span style=\"font-weight: 400\">Processo seletivo do Programa Institucional de Monitoria (PIM), referente ao semestre letivo 2026.2 da Uern<\/span><\/p>\n<p><strong>2026.1<\/strong><\/p>\n<p><a href=\"https:\/\/portal.uern.br\/proeg\/wp-content\/uploads\/2025\/12\/Edital-141-2025-Resultado-final-dos-Monitores-do-PIM-2026.1.pdf\">Edital 141\/2025 &#8211; PROEG<\/a> &#8211; <span style=\"font-weight: 400\">Resultado final referente \u00e0 homologa\u00e7\u00e3o dos monitores do PIM 2026.1<\/span><\/p>\n<p><a href=\"https:\/\/portal.uern.br\/proeg\/wp-content\/uploads\/2025\/12\/Edital-N\u00b0-140_2025-Resultado-Parcial-dos-Monitores-do-PIM-2026.1.pdf\">Edital 140\/2025 &#8211; PROEG<\/a> &#8211; <span style=\"font-weight: 400\">Resultado parcial referente \u00e0 homologa\u00e7\u00e3o dos monitores do PIM 2026.1<\/span><\/p>\n<p><a href=\"https:\/\/portal.uern.br\/proeg\/wp-content\/uploads\/2025\/12\/EDITAL-No-136-2025-REDISTRIBUICAO-DE-BOLSAS-PIM-2026.1.pdf\">Edital 136\/2025 &#8211; PROEG<\/a> &#8211; <span style=\"font-weight: 400\">Redistribui\u00e7\u00e3o de bolsas remanescentes do Programa Institucional de Monitoria &#8211; PIM, referente ao semestre letivo de 2026.1 .<\/span><\/p>\n<p><a href=\"https:\/\/portal.uern.br\/proeg\/wp-content\/uploads\/2025\/10\/Edital-n\u00b0-118-2025-PROEG-Resultado-final-PIM-2026.1.pdf\">Edital 118\/2025 &#8211; PROEG<\/a> &#8211; <span style=\"font-weight: 400\">Resultado final referente \u00e0 homologa\u00e7\u00e3o dos projetos do Programa Institucional de Monitoria (PIM), semestre letivo de 2026.1.<\/span><\/p>\n<p><a href=\"https:\/\/portal.uern.br\/proeg\/wp-content\/uploads\/2025\/10\/Edital-n-117.2025-Proeg-Resultado-Parcial-PIM-2026.1.pdf\">Edital 117\/2025 &#8211; PROEG<\/a> &#8211; <span style=\"font-weight: 400\">Resultado parcial referente \u00e0 homologa\u00e7\u00e3o dos Projetos PIM 2026.1.<\/span><\/p>\n<p><a href=\"https:\/\/portal.uern.br\/proeg\/wp-content\/uploads\/2025\/09\/EDITAL-No-104_2025-\u2013-PROEG_UERN-PIM-2026.1.pdf\">Edital 104\/2025 &#8211; PROEG<\/a> &#8211; <span style=\"font-weight: 400\">Processo Seletivo do Programa Institucional de Monitoria (PIM), referente ao semestre letivo 2026.1 da Uern<\/span><\/p>\n<p><strong>2025.2\u00a0<\/strong><\/p>\n<p><a href=\"https:\/\/portal.uern.br\/proeg\/wp-content\/uploads\/2025\/06\/EDITAL-No-72-2025-REDISTRIBUICAO-DE-BOLSAS-PIM.pdf\">Edital 72\/2025 &#8211; PROEG<\/a>\u00a0\u2013 Redistribui\u00e7\u00e3o de bolsas PIM \u2013 2025.2<\/p>\n<p><a href=\"https:\/\/portal.uern.br\/proeg\/wp-content\/uploads\/2025\/05\/Edital-no-66_2025-Resultado-final-PIM-2025.2.docx.pdf\">Edital 66\/2025 &#8211; PROEG<\/a>\u00a0\u2013 Torna p\u00fablico o resultado final referente \u00e0 homologa\u00e7\u00e3o dos projetos do Programa Institucional de Monitoria (PIM), semestre letivo de 2025.2.<\/p>\n<p><a href=\"https:\/\/portal.uern.br\/proeg\/wp-content\/uploads\/2025\/05\/Edital-no-64_2025-Resultado-parcial-PIM-2025.2.docx.pdf\">Edital 64\/2025 &#8211; PROEG<\/a>\u00a0\u2013 Torna p\u00fablico, por meio deste Edital, o resultado parcial referente \u00e0 homologa\u00e7\u00e3o dos Projetos PIM 2025.2.<\/p>\n<p><a href=\"https:\/\/portal.uern.br\/proeg\/wp-content\/uploads\/2025\/04\/EDITAL-N-60_2025-ADITIVO-AO-EDITAL-56-2025-PROEG-CRONOGRAMA-PIM.docx.pdf\">Edital 60\/2025 &#8211; PROEG<\/a>\u00a0\u2013 Aditivo ao Edital n\u00b0 56\/2025 \u2013 Proeg (Altera cronograma de atividades do PIM 2025.2<\/p>\n<p><a href=\"https:\/\/portal.uern.br\/proeg\/wp-content\/uploads\/2025\/04\/EDITAL-N-56_2025-PIM-2025.2.pdf\">Edital 56\/2025 &#8211; PROEG<\/a>\u00a0\u2013 PIM 2025.2<\/p>\n<p><strong>2025.1<\/strong><\/p>\n<p><a href=\"https:\/\/portal.uern.br\/proeg\/wp-content\/uploads\/2024\/10\/Edital-n.-142.2024-PROEG-Homologacao-Final-dos-Projetos-PIM-2025.1.docx.pdf\">Edital 142\/2024 &#8211; PROEG<\/a> &#8211; Homologa\u00e7\u00e3o final dos Projetos do Programa Institucional de Monitoria (PIM), semestre letivo 2025.1<\/p>\n<p><a href=\"https:\/\/portal.uern.br\/proeg\/wp-content\/uploads\/2024\/10\/Edital-no-137.2024-PROEG-Homologacao-Parcial-PIM-2025.1.docx.pdf\">Edital 137\/2024 &#8211; PROEG<\/a> &#8211; Homologa\u00e7\u00e3o parcial dos Projetos do Programa Institucional de Monitoria (PIM), semestre letivo 2025.1<\/p>\n<p><a href=\"https:\/\/portal.uern.br\/proeg\/wp-content\/uploads\/2024\/09\/Edital-no-128_2024-Altera-o-Edital-no-118_2024-Proeg_Uern.docx.pdf\">Edital 128\/2024 &#8211; PROEG<\/a> &#8211; \u00a0Torna p\u00fablica as altera\u00e7\u00f5es no EDITAL N\u00ba 118\/2024 \u2013 PROEG\/UERN, que torna p\u00fablico o processo seletivo do Programa Institucional de Monitoria (Pim) \u2013 referente ao semestre letivo 2025.1<\/p>\n<p><a href=\"https:\/\/portal.uern.br\/proeg\/wp-content\/uploads\/2024\/09\/Edital-no-121_2024-Altera-o-Edital-no-118_2024-Proeg_Uern.docx.pdf\">Edital 121\/2024 &#8211; PROEG<\/a> &#8211; <span style=\"font-weight: 400\">Torna p\u00fablica as altera\u00e7\u00f5es no EDITAL N\u00ba 118\/2024 \u2013 PROEG\/UERN, que torna p\u00fablico o processo seletivo do Programa Institucional de Monitoria (Pim) &#8211; referente ao semestre letivo 2025.1<\/span><\/p>\n<p><a href=\"https:\/\/portal.uern.br\/proeg\/wp-content\/uploads\/2024\/09\/EDITAL-N%C2%B0-118.2024-PROEG-UERN-PIM-2025.1.pdf\">Edital 118\/2024 &#8211; PROEG<\/a> &#8211; Processo Seletivo do Programa Institucional de Monitoria (PIM), semestre letivo 2025.1<\/p>\n<p><strong>2024.2<\/strong><\/p>\n<p><a href=\"https:\/\/portal.uern.br\/proeg\/wp-content\/uploads\/2024\/07\/Edital-N-106.2024-PROEG-Homologacao-Final-dos-Projetos-PIM-2024.2.pdf\">Edital 106\/2024 &#8211; PROEG<\/a> &#8211; Resultado final da homologa\u00e7\u00e3o dos projetos do Programa Institucional de Monitoria (PIM), ao semestre letivo de 2024.2<\/p>\n<p><a href=\"https:\/\/portal.uern.br\/proeg\/wp-content\/uploads\/2024\/07\/Edital-99_2024-PROEG-Homologacao-Parcial-PIM-2024.2.docx.pdf\">Edital 099\/2024 &#8211; PROEG<\/a> &#8211; <span style=\"font-weight: 400\">R<\/span>esultado parcial<span style=\"font-weight: 400\"> da homologa\u00e7\u00e3o dos projetos PIM (2024.2)<\/span><\/p>\n<p><a href=\"https:\/\/portal.uern.br\/proeg\/wp-content\/uploads\/2024\/04\/EDITAL-071.2024-PIM-2024.2.docx.pdf\">Edital 071\/2024 &#8211; PROEG<\/a> &#8211; Torna p\u00fablico o processo seletivo referente ao PIM para o semestre letivo 2024.2<\/p>\n<p><strong>2024.1<\/strong><\/p>\n<p><a href=\"https:\/\/portal.uern.br\/proeg\/wp-content\/uploads\/2024\/02\/Edital-N-41.2024-PROEG-Homologacao-Final-dos-Projetos-PIM-2024.1.pdf\">Edital 041\/2024 \u2013 PROEG<\/a>\u00a0\u2013 Homologa\u00e7\u00e3o final dos Projetos do Programa Institucional de Monitoria (PIM) 2024.1<\/p>\n<p><a href=\"https:\/\/portal.uern.br\/proeg\/wp-content\/uploads\/2024\/01\/Edital-20_2024-PROEG-Homologacao-Parcial-PIM-2024.1.docx.pdf\">Edital 020\/2024 \u2013 PROEG<\/a>\u00a0\u2013 Homologa\u00e7\u00e3o Parcial PIM 2024.1<\/p>\n<p><a href=\"https:\/\/portal.uern.br\/proeg\/wp-content\/uploads\/2023\/10\/EDITAL-No-212-2023-%E2%80%93-PROEG.pdf\">Edital 212\/2023 \u2013 PROEG<\/a> \u2013 Aditivo ao Edital PIM 202\/2023-PROEG, sele\u00e7\u00e3o projetos semestre 2024.1<\/p>\n<p><a href=\"https:\/\/portal.uern.br\/proeg\/wp-content\/uploads\/2023\/10\/EDITAL-202.2023-PIM-2024.1.pdf\">Edital 202\/2023 \u2013 PROEG<\/a>\u00a0\u2013\u00a0Torna p\u00fablico o processo seletivo referente ao PIM para o semestre letivo 2024.1<\/p>\n","protected":false},"excerpt":{"rendered":"<p>2026.2 Edital 25\/2026 &#8211; PROEG &#8211; Processo seletivo do Programa Institucional de Monitoria (PIM), referente ao semestre letivo 2026.2 da Uern 2026.1 Edital 141\/2025 &#8211; PROEG &#8211; Resultado final referente \u00e0 homologa\u00e7\u00e3o dos monitores do PIM 2026.1 Edital 140\/2025 &#8211; PROEG &#8211; Resultado parcial referente \u00e0 homologa\u00e7\u00e3o dos monitores do PIM 2026.1 Edital 136\/2025 &#8211; [&hellip;]<\/p>\n","protected":false},"author":4,"featured_media":0,"parent":270,"menu_order":0,"comment_status":"closed","ping_status":"closed","template":"","meta":{"footnotes":""},"class_list":["post-2037","page","type-page","status-publish","hentry"],"_links":{"self":[{"href":"https:\/\/portal.uern.br\/proeg\/wp-json\/wp\/v2\/pages\/2037","targetHints":{"allow":["GET"]}}],"collection":[{"href":"https:\/\/portal.uern.br\/proeg\/wp-json\/wp\/v2\/pages"}],"about":[{"href":"https:\/\/portal.uern.br\/proeg\/wp-json\/wp\/v2\/types\/page"}],"author":[{"embeddable":true,"href":"https:\/\/portal.uern.br\/proeg\/wp-json\/wp\/v2\/users\/4"}],"replies":[{"embeddable":true,"href":"https:\/\/portal.uern.br\/proeg\/wp-json\/wp\/v2\/comments?post=2037"}],"version-history":[{"count":26,"href":"https:\/\/portal.uern.br\/proeg\/wp-json\/wp\/v2\/pages\/2037\/revisions"}],"predecessor-version":[{"id":4628,"href":"https:\/\/portal.uern.br\/proeg\/wp-json\/wp\/v2\/pages\/2037\/revisions\/4628"}],"up":[{"embeddable":true,"href":"https:\/\/portal.uern.br\/proeg\/wp-json\/wp\/v2\/pages\/270"}],"wp:attachment":[{"href":"https:\/\/portal.uern.br\/proeg\/wp-json\/wp\/v2\/media?parent=2037"}],"curies":[{"name":"wp","href":"https:\/\/api.w.org\/{rel}","templated":true}]}}