{"id":2031,"date":"2023-08-31T11:32:03","date_gmt":"2023-08-31T14:32:03","guid":{"rendered":"https:\/\/portal.uern.br\/proeg\/?page_id=2031"},"modified":"2025-10-31T10:57:35","modified_gmt":"2025-10-31T13:57:35","slug":"parfor","status":"publish","type":"page","link":"https:\/\/portal.uern.br\/proeg\/estudantes-2\/parfor\/","title":{"rendered":"PARFOR"},"content":{"rendered":"<p><span style=\"font-weight: 400\">O <strong>Programa Nacional de Forma\u00e7\u00e3o de Professores da Educa\u00e7\u00e3o B\u00e1sica (Parfor)<\/strong> \u00e9 uma a\u00e7\u00e3o da CAPES que visa contribuir para a adequa\u00e7\u00e3o da forma\u00e7\u00e3o inicial dos professores em servi\u00e7o na rede p\u00fablica de educa\u00e7\u00e3o b\u00e1sica por meio da oferta de cursos de licenciatura correspondentes \u00e0 \u00e1rea em que atuam.<\/span><\/p>\n<p><span style=\"font-weight: 400\">Em conson\u00e2ncia com a Portaria N\u00ba 220\/2021, que regulamenta o programa, s\u00e3o objetivos do Parfor:<\/span><\/p>\n<ul>\n<li style=\"font-weight: 400\"><span style=\"font-weight: 400\">Fomentar a oferta de cursos de licenciatura cujas propostas pedag\u00f3gicas atendam \u00e0s especificidades da forma\u00e7\u00e3o inicial de professores em servi\u00e7o;<\/span><\/li>\n<li style=\"font-weight: 400\"><span style=\"font-weight: 400\">Oferecer aos professores da rede p\u00fablica de educa\u00e7\u00e3o b\u00e1sica oportunidade de acesso \u00e0 forma\u00e7\u00e3o espec\u00edfica de n\u00edvel superior em curso de licenciatura na \u00e1rea de conhecimento em que atuam;<\/span><\/li>\n<li style=\"font-weight: 400\"><span style=\"font-weight: 400\">Estimular a aproxima\u00e7\u00e3o entre a educa\u00e7\u00e3o superior e a educa\u00e7\u00e3o b\u00e1sica, tendo a escola onde o professor trabalha como espa\u00e7o privilegiado de forma\u00e7\u00e3o e de pesquisa.<\/span><\/li>\n<\/ul>\n<p><span style=\"font-weight: 400\">Como funciona?<\/span><\/p>\n<p><span style=\"font-weight: 400\">A participa\u00e7\u00e3o das IES se d\u00e1 por meio de Edital para sele\u00e7\u00e3o de propostas de cursos de licenciatura voltados para o atendimento de docentes em exerc\u00edcio na educa\u00e7\u00e3o b\u00e1sica.<\/span><\/p>\n<p><span style=\"font-weight: 400\">No \u00e2mbito do Parfor, a CAPES realiza o fomento \u00e0 implanta\u00e7\u00e3o de turmas especiais por Institui\u00e7\u00f5es de Ensino Superior (IES) em cursos de:<\/span><\/p>\n<ul>\n<li style=\"font-weight: 400\"><span style=\"font-weight: 400\">Primeira Licenciatura \u2013 para docentes da rede p\u00fablica de educa\u00e7\u00e3o b\u00e1sica que n\u00e3o possuem forma\u00e7\u00e3o superior;<\/span><\/li>\n<li style=\"font-weight: 400\"><span style=\"font-weight: 400\">Segunda licenciatura \u2013 para docentes da rede p\u00fablica de educa\u00e7\u00e3o b\u00e1sica que possuem licenciatura em \u00e1rea distinta de sua atua\u00e7\u00e3o em sala de aula;<\/span><\/li>\n<li style=\"font-weight: 400\"><span style=\"font-weight: 400\">Forma\u00e7\u00e3o pedag\u00f3gica \u2013 para docentes da rede p\u00fablica de educa\u00e7\u00e3o b\u00e1sica que possuem curso superior, sem habilita\u00e7\u00e3o em licenciatura.<\/span><\/li>\n<\/ul>\n<p><span style=\"font-weight: 400\">Para concorrer \u00e0s vagas dos cursos ofertados, os professores devem:<\/span><\/p>\n<ul>\n<li style=\"font-weight: 400\"><span style=\"font-weight: 400\">Ter cadastrado seu curr\u00edculo na <\/span><a href=\"https:\/\/freire.capes.gov.br\/portal\/\"><span style=\"font-weight: 400\">Plataforma Freire<\/span><\/a><span style=\"font-weight: 400\">;<\/span><\/li>\n<li style=\"font-weight: 400\"><span style=\"font-weight: 400\">Ter manifestado interesse em um dos cursos de licenciatura disponibilizados na Plataforma;<\/span><\/li>\n<li style=\"font-weight: 400\"><span style=\"font-weight: 400\">Ter sua participa\u00e7\u00e3o deferida pela secretaria de educa\u00e7\u00e3o \u00e0 qual est\u00e1 vinculado;<\/span><\/li>\n<li style=\"font-weight: 400\"><span style=\"font-weight: 400\">Comprovar estar no exerc\u00edcio da doc\u00eancia na rede p\u00fablica de educa\u00e7\u00e3o b\u00e1sica, atuando na \u00e1rea do curso solicitado.<\/span><\/li>\n<\/ul>\n<p><span style=\"font-weight: 400\">Desde 2009 a UERN oferta cursos de licenciatura pelo Parfor\u00a0 tais como, Geografia, Hist\u00f3ria, Ci\u00eancias Sociais, Ci\u00eancias Biol\u00f3gicas, Educa\u00e7\u00e3o F\u00edsica, Letras\/Espanhol, Letras\/Ingl\u00eas, Matem\u00e1tica, M\u00fasica, e Pedagogia, totalizando 841 professores diplomados at\u00e9 2022.<\/span><\/p>\n<p><span style=\"font-weight: 400\">Em 2022, a UERN submeteu proposta ao Edital 08\/2022 e obteve aprova\u00e7\u00e3o. Atualmente, em 2023, temos 03 turmas do Curso de Pedagogia (1\u00aa licenciatura) em andamento pelo Parfor na institui\u00e7\u00e3o: 01 em Ass\u00fa, com 25 professores cursistas; 01 em Patu, com 36 professores cursistas e 01 em Pau dos Ferros, com 23 professores cursistas, totalizando 84 professores das escolas p\u00fablicas em forma\u00e7\u00e3o inicial.<\/span><\/p>\n<p>&nbsp;<\/p>\n<p><strong>Coordenadora Institucional<\/strong><\/p>\n<p><span style=\"font-weight: 400\">Prof. Dr. Heronilson Pinto Freire<\/span><\/p>\n<p><strong>T\u00e9cnico Administrativo<\/strong><\/p>\n<p>TNS Me. Isaac Carlos de Freitas<\/p>\n<p>&nbsp;<\/p>\n<p><strong>Hor\u00e1rio de Atendimento<\/strong><\/p>\n<p>Segunda-Feira: 13h \u00e0s 18h<\/p>\n<p>Ter\u00e7a-Feria a Sexta-feira: 07h \u00e0 12h<\/p>\n<p><strong>E-mail\/Chat:<\/strong> parfor@uern.br<\/p>\n","protected":false},"excerpt":{"rendered":"<p>O Programa Nacional de Forma\u00e7\u00e3o de Professores da Educa\u00e7\u00e3o B\u00e1sica (Parfor) \u00e9 uma a\u00e7\u00e3o da CAPES que visa contribuir para a adequa\u00e7\u00e3o da forma\u00e7\u00e3o inicial dos professores em servi\u00e7o na rede p\u00fablica de educa\u00e7\u00e3o b\u00e1sica por meio da oferta de cursos de licenciatura correspondentes \u00e0 \u00e1rea em que atuam. Em conson\u00e2ncia com a Portaria N\u00ba [&hellip;]<\/p>\n","protected":false},"author":4,"featured_media":0,"parent":261,"menu_order":0,"comment_status":"closed","ping_status":"closed","template":"","meta":{"footnotes":""},"class_list":["post-2031","page","type-page","status-publish","hentry"],"_links":{"self":[{"href":"https:\/\/portal.uern.br\/proeg\/wp-json\/wp\/v2\/pages\/2031","targetHints":{"allow":["GET"]}}],"collection":[{"href":"https:\/\/portal.uern.br\/proeg\/wp-json\/wp\/v2\/pages"}],"about":[{"href":"https:\/\/portal.uern.br\/proeg\/wp-json\/wp\/v2\/types\/page"}],"author":[{"embeddable":true,"href":"https:\/\/portal.uern.br\/proeg\/wp-json\/wp\/v2\/users\/4"}],"replies":[{"embeddable":true,"href":"https:\/\/portal.uern.br\/proeg\/wp-json\/wp\/v2\/comments?post=2031"}],"version-history":[{"count":7,"href":"https:\/\/portal.uern.br\/proeg\/wp-json\/wp\/v2\/pages\/2031\/revisions"}],"predecessor-version":[{"id":4380,"href":"https:\/\/portal.uern.br\/proeg\/wp-json\/wp\/v2\/pages\/2031\/revisions\/4380"}],"up":[{"embeddable":true,"href":"https:\/\/portal.uern.br\/proeg\/wp-json\/wp\/v2\/pages\/261"}],"wp:attachment":[{"href":"https:\/\/portal.uern.br\/proeg\/wp-json\/wp\/v2\/media?parent=2031"}],"curies":[{"name":"wp","href":"https:\/\/api.w.org\/{rel}","templated":true}]}}