{"id":190,"date":"2022-04-11T08:48:32","date_gmt":"2022-04-11T11:48:32","guid":{"rendered":"https:\/\/paisdemossoro.com.br\/wordpress\/proeg\/?page_id=190"},"modified":"2023-05-18T13:28:35","modified_gmt":"2023-05-18T16:28:35","slug":"apresentacao","status":"publish","type":"page","link":"https:\/\/portal.uern.br\/proeg\/","title":{"rendered":"Apresenta\u00e7\u00e3o"},"content":{"rendered":"<p style=\"text-align: justify;\">A Pr\u00f3-Reitoria de Ensino de Gradua\u00e7\u00e3o \u2013 PROEG busca atender as demandas relativas \u00e0 educa\u00e7\u00e3o superior, tendo como metas articular as pol\u00edticas de cria\u00e7\u00e3o e avalia\u00e7\u00e3o dos cursos de gradua\u00e7\u00e3o, promover a atualiza\u00e7\u00e3o did\u00e1tico-pedag\u00f3gica do corpo docente e elaborar pol\u00edtica de avalia\u00e7\u00e3o e acompanhamento do processo de ensino-aprendizagem nos cursos de gradua\u00e7\u00e3o.<\/p>\n<p style=\"text-align: justify;\">Destas metas decorrem a\u00e7\u00f5es como: supervis\u00e3o, coordena\u00e7\u00e3o, programa\u00e7\u00e3o e execu\u00e7\u00e3o de atividades inerentes \u00e0 gradua\u00e7\u00e3o na UERN, viabilizando as matr\u00edculas dos alunos e controle acad\u00eamico, expedi\u00e7\u00e3o de diplomas, assessoramento e acompanhamento das unidades universit\u00e1rias na oferta de cursos e programas de apoio \u00e0 forma\u00e7\u00e3o e \u00e0 inclus\u00e3o.<\/p>\n<p style=\"text-align: justify;\">\u00c9 constitu\u00edda pelas seguintes Diretorias: Diretoria de Cursos e Inova\u00e7\u00e3o Curricular &#8211; DCIC e Diretoria de Admiss\u00e3o, Registro e Controle acad\u00eamico &#8211; DIRCA.<\/p>\n","protected":false},"excerpt":{"rendered":"<p>A Pr\u00f3-Reitoria de Ensino de Gradua\u00e7\u00e3o \u2013 PROEG busca atender as demandas relativas \u00e0 educa\u00e7\u00e3o superior, tendo como metas articular as pol\u00edticas de cria\u00e7\u00e3o e avalia\u00e7\u00e3o dos cursos de gradua\u00e7\u00e3o, promover a atualiza\u00e7\u00e3o did\u00e1tico-pedag\u00f3gica do corpo docente e elaborar pol\u00edtica de avalia\u00e7\u00e3o e acompanhamento do processo de ensino-aprendizagem nos cursos de gradua\u00e7\u00e3o. Destas metas decorrem [&hellip;]<\/p>\n","protected":false},"author":1,"featured_media":0,"parent":0,"menu_order":0,"comment_status":"closed","ping_status":"closed","template":"","meta":{"footnotes":""},"class_list":["post-190","page","type-page","status-publish","hentry"],"_links":{"self":[{"href":"https:\/\/portal.uern.br\/proeg\/wp-json\/wp\/v2\/pages\/190","targetHints":{"allow":["GET"]}}],"collection":[{"href":"https:\/\/portal.uern.br\/proeg\/wp-json\/wp\/v2\/pages"}],"about":[{"href":"https:\/\/portal.uern.br\/proeg\/wp-json\/wp\/v2\/types\/page"}],"author":[{"embeddable":true,"href":"https:\/\/portal.uern.br\/proeg\/wp-json\/wp\/v2\/users\/1"}],"replies":[{"embeddable":true,"href":"https:\/\/portal.uern.br\/proeg\/wp-json\/wp\/v2\/comments?post=190"}],"version-history":[{"count":6,"href":"https:\/\/portal.uern.br\/proeg\/wp-json\/wp\/v2\/pages\/190\/revisions"}],"predecessor-version":[{"id":1098,"href":"https:\/\/portal.uern.br\/proeg\/wp-json\/wp\/v2\/pages\/190\/revisions\/1098"}],"wp:attachment":[{"href":"https:\/\/portal.uern.br\/proeg\/wp-json\/wp\/v2\/media?parent=190"}],"curies":[{"name":"wp","href":"https:\/\/api.w.org\/{rel}","templated":true}]}}