{"id":1857,"date":"2023-08-28T09:41:28","date_gmt":"2023-08-28T12:41:28","guid":{"rendered":"https:\/\/portal.uern.br\/proeg\/?page_id=1857"},"modified":"2025-12-05T12:37:31","modified_gmt":"2025-12-05T15:37:31","slug":"atos-de-criacao","status":"publish","type":"page","link":"https:\/\/portal.uern.br\/proeg\/atos-regulatorios\/atos-de-criacao\/","title":{"rendered":"Atos de Cria\u00e7\u00e3o"},"content":{"rendered":"<h5><\/h5>\n<h5><strong>CAMPUS CENTRAL\u00a0(<a href=\"https:\/\/portal.uern.br\/proeg\/wp-content\/uploads\/2023\/08\/Lei-municipal-n\u00b0-20-1968-Criacao-da-FUERN.pdf\">ver documento<\/a>)<\/strong><\/h5>\n<p>&nbsp;<\/p>\n<p><strong>FACULDADE DE CI\u00caNCIAS ECON\u00d4MICAS &#8211; FACEM<\/strong><\/p>\n<ul>\n<li>Administra\u00e7\u00e3o &#8211; Bacharelado (<a href=\"https:\/\/portal.uern.br\/proeg\/wp-content\/uploads\/2023\/08\/Resolucao-n-16-70u-Cria-o-curso-de-administracao.pdf\">ver documento<\/a>)<\/li>\n<li>Agroecologia &#8211; Tecn\u00f3logo (<a href=\"https:\/\/portal.uern.br\/proeg\/wp-content\/uploads\/2023\/08\/RESOLUCAO-N.o-029-2021-CONSEPE-Cria-o-Curso-de-Graduacao-em-agroecologia-Campus-Central.pdf\">ver documento<\/a>)<\/li>\n<li>Ci\u00eancias Cont\u00e1beis &#8211; Bacharelado (<a href=\"https:\/\/portal.uern.br\/proeg\/wp-content\/uploads\/2023\/08\/Resolucao-n\u00b0-11-76-U-Cria-o-curso-de-Ciencias-Contabeis.pdf\">ver documento<\/a>)<\/li>\n<li>Ci\u00eancias Econ\u00f4micas &#8211; Bacharelado (ver documento)<\/li>\n<li>Gest\u00e3o Ambiental &#8211; Bacharelado (<a href=\"https:\/\/portal.uern.br\/proeg\/wp-content\/uploads\/2023\/08\/Resolucao-n-50-2007-Consepe-Cria-o-curso-de-Gestao-Ambiental-Campus-Central.pdf\">ver documento<\/a>)<\/li>\n<li>Gest\u00e3o P\u00fablica &#8211; Tecn\u00f3logo (<a href=\"https:\/\/portal.uern.br\/proeg\/wp-content\/uploads\/2023\/08\/Resolucao-n-099-2014-Consepe-Cria-o-curso-de-Gestao-publica.pdf\">ver documento<\/a>)<\/li>\n<li>Turismo &#8211; Bacharelado (<a href=\"https:\/\/portal.uern.br\/proeg\/wp-content\/uploads\/2023\/08\/Resolucao-n-51-2007-Consepe-Cria-o-curso-de-graduacao-em-turismo-Campus-Central.pdf\">ver documento<\/a>)<\/li>\n<\/ul>\n<p>&nbsp;<\/p>\n<p><strong>FACULDADE DE SERVI\u00c7O SOCIAL &#8211; FASSO<\/strong><\/p>\n<ul>\n<li>Servi\u00e7o Social &#8211; Bacharelado (ver documento)<\/li>\n<\/ul>\n<p>&nbsp;<\/p>\n<p><strong>FACULDADE DE LETRAS ARTES &#8211; FALA<\/strong><\/p>\n<ul>\n<li>Letras &#8211; L\u00edngua Portuguesa &#8211; Licenciatura (<a href=\"https:\/\/portal.uern.br\/proeg\/wp-content\/uploads\/2023\/08\/Resolucao-n-15-94-e-n-22-99-Consepe-Cria-as_habilitacoes-do-curso-de-letras-portugues-ingles-e-espanhol.pdf\">ver documento<\/a>)<\/li>\n<li>Letras &#8211; L\u00edngua Portuguesa &#8211; Licenciatura &#8211; EaD (ver documento)<\/li>\n<li>Letras &#8211; L\u00edngua Inglesa &#8211; Licenciatura (<a href=\"https:\/\/portal.uern.br\/proeg\/wp-content\/uploads\/2023\/08\/Resolucao-n-15-94-e-n-22-99-Consepe-Cria-as_habilitacoes-do-curso-de-letras-portugues-ingles-e-espanhol.pdf\">ver documento<\/a>)<\/li>\n<li>Letras &#8211; L\u00edngua Inglesa &#8211; Licenciatura &#8211; EaD (<a href=\"https:\/\/portal.uern.br\/proeg\/wp-content\/uploads\/2023\/08\/Resolucao-n-31_2018-Consepe-Cria-o-curso-de-letras-lingua-inglesa-EaD.pdf\">ver documento<\/a>)<\/li>\n<li>Letras &#8211; L\u00edngua Espanhola &#8211; Licenciatura (<a href=\"https:\/\/portal.uern.br\/proeg\/wp-content\/uploads\/2023\/08\/Resolucao-n-15-94-e-n-22-99-Consepe-Cria-as_habilitacoes-do-curso-de-letras-portugues-ingles-e-espanhol.pdf\">ver documento<\/a>)<\/li>\n<li>M\u00fasica &#8211; Licenciatura (<a href=\"https:\/\/portal.uern.br\/proeg\/wp-content\/uploads\/2023\/08\/Resolucao-n-40_2003-Consepe-Cria-o-curso-de-musica.pdf\">ver documento<\/a>)<\/li>\n<li>M\u00fasica &#8211; Licenciatura &#8211; EaD (<a href=\"https:\/\/portal.uern.br\/proeg\/wp-content\/uploads\/2023\/08\/Resolucao-n-056_2020-Consepe-Cria-o-curso-de-musica-EaD.pdf\">ver documento<\/a>)<\/li>\n<\/ul>\n<p>&nbsp;<\/p>\n<p><strong>FACULDADE DE EDUCA\u00c7\u00c3O &#8211; FE<\/strong><\/p>\n<ul>\n<li>Pedagogia &#8211; Licenciatura (ver documento)<\/li>\n<li>Pedagogia &#8211; Licenciatura &#8211; EaD (<a href=\"https:\/\/portal.uern.br\/proeg\/wp-content\/uploads\/2023\/08\/Resolucao-n-30_2018-Consepe-Cria-o-curso-de-Pedagogia-EaD.pdf\">ver documento<\/a>)<\/li>\n<\/ul>\n<p>&nbsp;<\/p>\n<p><strong>FACULDADE DE FILOSOFIA E CI\u00caNCIAS SOCIAIS &#8211; FAFIC\u00a0(<a href=\"https:\/\/portal.uern.br\/proeg\/wp-content\/uploads\/2023\/08\/Decreto-n-67_b-65-Criacao-da-FAFIC.pdf\">ver documento<\/a>)<\/strong><\/p>\n<ul>\n<li>Ci\u00eancias Sociais &#8211; Licenciatura (ver documento)<\/li>\n<li>Ci\u00eancias Sociais &#8211; Bacharelado (<a href=\"https:\/\/portal.uern.br\/proeg\/wp-content\/uploads\/2023\/08\/Resolucao-n-19_1998-Consepe-Institui-a-a_habilitacao-em-bacharelado-de-Ciencias-Socais.pdf\">ver documento<\/a>)<\/li>\n<li>Comunica\u00e7\u00e3o Social &#8211; Bacharelado (<a href=\"https:\/\/portal.uern.br\/proeg\/wp-content\/uploads\/2023\/08\/Resolucao-n-\u00b054_2002-Consepe-Cria-o-curso-Comunicacao-Social.pdf\">ver documento<\/a>)<\/li>\n<li>Filosofia &#8211; Licenciatura (<a href=\"https:\/\/portal.uern.br\/proeg\/wp-content\/uploads\/2023\/08\/Resolucao-n-35_2001-Consepe-Cria-o-curso-de-Fiolosofia-no-Campus-Central-e-no-Campus-de-Caico.pdf\">ver documento<\/a>)<\/li>\n<li>Geografia &#8211; Licenciatura (<a href=\"https:\/\/portal.uern.br\/proeg\/wp-content\/uploads\/2023\/08\/Resolucao-n-24_70-u-Cria-o-curso-de-Geografia.pdf\">ver documento<\/a>)<\/li>\n<li>Geografia &#8211; Bacharelado (<a href=\"https:\/\/portal.uern.br\/proeg\/wp-content\/uploads\/2025\/12\/Resolucao-n\u00b0-24-2025-Consepe-Cria-o-curso-de-Geografia-Bacharelado-e-aprova-o-PPC.pdf\">ver documento<\/a>)<\/li>\n<li>Hist\u00f3ria &#8211; Licenciatura (ver documento)<\/li>\n<li>Jornalismo &#8211; Bacharelado (<a href=\"https:\/\/portal.uern.br\/proeg\/wp-content\/uploads\/2023\/08\/Resolucao-n-058_2020-Consepe-Cria-o-curso-de-Jornalismo-Campus-Central.pdf\">ver documento<\/a>)<\/li>\n<li>Publicidade e Propaganda &#8211; Bacharelado (<a href=\"https:\/\/portal.uern.br\/proeg\/wp-content\/uploads\/2023\/08\/Resolucao-n-004_2021-Consepe-Cria-o-curso-de-Publicidade-e-propaganda-Fafic.pdf\">ver documento<\/a>)<\/li>\n<li>R\u00e1dio, Tv e Internet &#8211; Bacharelado (<a href=\"https:\/\/portal.uern.br\/proeg\/wp-content\/uploads\/2023\/08\/Resolucao-n-029_2018-Consepe-Cria-o-curso-de-Radio-tv-e-intenert.pdf\">ver documento<\/a>)<\/li>\n<\/ul>\n<p>&nbsp;<\/p>\n<p><strong>FACULDADE DE ENFERMAGEM &#8211; FAEN<\/strong><\/p>\n<ul>\n<li>Enfermagem &#8211; Bacharelado e Licenciatura (<a href=\"https:\/\/portal.uern.br\/proeg\/wp-content\/uploads\/2023\/08\/Decreto-n-28_a_70-U_28.11.1970-Cria-o-curso-de-Enfermagem-Bacharelado-e-Licenciatura.pdf\">ver documento<\/a>)<\/li>\n<li>Enfermagem &#8211; Bacharelado (<a href=\"https:\/\/portal.uern.br\/proeg\/wp-content\/uploads\/2023\/08\/Resolucao-n-007_2021-Consepe-Cria-o-curso-de-Enfermagem-Faen-Bacharelado.pdf\">ver documento<\/a>)<\/li>\n<\/ul>\n<p>&nbsp;<\/p>\n<p><strong>FACULDADE DE DIREITO &#8211; FAD<\/strong><\/p>\n<ul>\n<li>Direito &#8211; Bacharelado\u00a0(<a href=\"https:\/\/portal.uern.br\/proeg\/wp-content\/uploads\/2023\/08\/Resolucao-n-10_76-Cria-o-curso-de-Direito-Campus-Central.pdf\">ver documento<\/a>)<\/li>\n<\/ul>\n<p>&nbsp;<\/p>\n<p><strong>FACULDADE DE EDUCA\u00c7\u00c3O F\u00cdSICA &#8211; FAEF<\/strong><\/p>\n<ul>\n<li>Educa\u00e7\u00e3o F\u00edsica &#8211; Licenciatura (<a href=\"https:\/\/portal.uern.br\/proeg\/wp-content\/uploads\/2023\/08\/Resolucao-n-17_72-U-Cria-ocurso-de-Educacao-Fisica-Licenciatura-Campus-Central.pdf\">ver documento<\/a>)<\/li>\n<li>Educa\u00e7\u00e3o F\u00edsica &#8211; Bacharelado\u00a0(<a href=\"https:\/\/portal.uern.br\/proeg\/wp-content\/uploads\/2023\/08\/Resolucao-n-35_2011-Consepe-Cria-o-Curso-de-Educacao-Fisica-Bacharelado-FAEN.pdf\">ver documento<\/a>)<\/li>\n<li>Educa\u00e7\u00e3o F\u00edsica &#8211; Licenciatura ou Bacharelado &#8211; ABI (<a href=\"https:\/\/portal.uern.br\/proeg\/wp-content\/uploads\/2025\/12\/Resolucao-n-067-2020-Consepe-Cria-o-curso-de-Ed.-Fisica-ABI-Mossoro-e-aprova-o-PPC.pdf\">ver documento<\/a>)<\/li>\n<\/ul>\n<p>&nbsp;<\/p>\n<p><strong>FACULDADE DE CI\u00caNCIAS EXATAS E NATURAIS- FANAT<\/strong><\/p>\n<ul>\n<li>Ci\u00eancias Biol\u00f3gicas &#8211; Licenciatura (<a href=\"https:\/\/portal.uern.br\/proeg\/wp-content\/uploads\/2023\/08\/Resolucao-n-14_93-e-n-15_93-Consepe-Autoriza-ofuncionamento-dos-cursos-de-Fisica-Matematica-Quimica-e-Ciencias-Biologicas.pdf\">ver documento<\/a>)<\/li>\n<li>Ci\u00eancias Biol\u00f3gicas &#8211; Bacharelado (<a href=\"https:\/\/portal.uern.br\/proeg\/wp-content\/uploads\/2023\/08\/Resolucao-n-55_2005-Consepe-Cria-a-modalidade-bacharelado-do-curso-de-Ciencias-Biologicas.pdf\">ver documento<\/a>)<\/li>\n<li>Ci\u00eancia da Computa\u00e7\u00e3o &#8211; Bacharelado (<a href=\"https:\/\/portal.uern.br\/proeg\/wp-content\/uploads\/2023\/08\/Resolucao-n-05_98-Consepe-Cria-o-curso-de-Ciencia-da-Computacao-Fanat.pdf\">ver documento<\/a>)<\/li>\n<li>F\u00edsica &#8211; Licenciatura (<a href=\"https:\/\/portal.uern.br\/proeg\/wp-content\/uploads\/2023\/08\/Resolucao-n-14_93-e-n-15_93-Consepe-Autoriza-ofuncionamento-dos-cursos-de-Fisica-Matematica-Quimica-e-Ciencias-Biologicas.pdf\">ver documento<\/a>)<\/li>\n<li>Matem\u00e1tica &#8211; Licenciatura (<a href=\"https:\/\/portal.uern.br\/proeg\/wp-content\/uploads\/2023\/08\/Resolucao-n-14_93-e-n-15_93-Consepe-Autoriza-ofuncionamento-dos-cursos-de-Fisica-Matematica-Quimica-e-Ciencias-Biologicas.pdf\">ver documento<\/a>)<\/li>\n<li>Qu\u00edmica &#8211; Licenciatura\u00a0(<a href=\"https:\/\/portal.uern.br\/proeg\/wp-content\/uploads\/2023\/08\/Resolucao-n-14_93-e-n-15_93-Consepe-Autoriza-ofuncionamento-dos-cursos-de-Fisica-Matematica-Quimica-e-Ciencias-Biologicas.pdf\">ver documento<\/a>)<\/li>\n<\/ul>\n<p>&nbsp;<\/p>\n<p><strong>FACULDADE DE CI\u00caNCIAS DA SA\u00daDE &#8211; FACS<\/strong><\/p>\n<ul>\n<li>Medicina &#8211; Bacharelado\u00a0(<a href=\"https:\/\/portal.uern.br\/proeg\/wp-content\/uploads\/2023\/08\/Resolucao-n-001_2002-Consepe-Cria-o-curso-de-Medicina.pdf\">ver documento<\/a>)<\/li>\n<\/ul>\n<p>&nbsp;<\/p>\n<p><strong>CAMPUS AVAN\u00c7ADO DE A\u00c7U &#8211; CAA\u00a0(<a href=\"https:\/\/portal.uern.br\/proeg\/wp-content\/uploads\/2023\/08\/Ato-Executivo-n-007_74-GP-FURRN-Cria-o-campus-de-Assu-e-autoriza-oferta-de-cursos.pdf\">ver documento<\/a>)<\/strong><\/p>\n<ul>\n<li>Ci\u00eancias Econ\u00f4micas &#8211; Bacharelado (<a href=\"https:\/\/portal.uern.br\/proeg\/wp-content\/uploads\/2023\/08\/Ato-Executivo-n-007_74-GP-FURRN-Cria-o-campus-de-Assu-e-autoriza-oferta-de-cursos.pdf\">ver documento<\/a>)<\/li>\n<li>Letras &#8211; L\u00edngua Portuguesa &#8211; Licenciatura (<a href=\"https:\/\/portal.uern.br\/proeg\/wp-content\/uploads\/2023\/08\/Ato-Executivo-n-007_74-GP-FURRN-Cria-o-campus-de-Assu-e-autoriza-oferta-de-cursos.pdf\">ver documento<\/a>)<\/li>\n<li>Letras &#8211; L\u00edngua Inglesa &#8211; Licenciatura (<a href=\"https:\/\/portal.uern.br\/proeg\/wp-content\/uploads\/2023\/08\/Ato-Executivo-n-007_74-GP-FURRN-Cria-o-campus-de-Assu-e-autoriza-oferta-de-cursos.pdf\">ver documento<\/a>)<\/li>\n<li>Pedagogia &#8211; Licenciatura (<a href=\"https:\/\/portal.uern.br\/proeg\/wp-content\/uploads\/2023\/08\/Ato-Executivo-n-007_74-GP-FURRN-Cria-o-campus-de-Assu-e-autoriza-oferta-de-cursos.pdf\">ver documento)<\/a><\/li>\n<li>Hist\u00f3ria &#8211; Licenciatura (ver documento)<\/li>\n<li>Geografia &#8211; Licenciatura\u00a0(<a href=\"https:\/\/portal.uern.br\/proeg\/wp-content\/uploads\/2023\/08\/Resolucao-n-38_2011-Consepe-Cria-o-curso-de-Geografia-licenciatura-Campus-de-Assu.pdf\">ver documento<\/a>)<\/li>\n<\/ul>\n<p>&nbsp;<\/p>\n<p><strong>CAMPUS AVAN\u00c7ADO DE PAU DOS FERROS &#8211; CAPF\u00a0(<a href=\"https:\/\/portal.uern.br\/proeg\/wp-content\/uploads\/2023\/08\/Decreto-n-15_76-28.09.1976-Cria-o-Campus-de-Pau-dos-Ferros.pdf\">ver documento<\/a>)<\/strong><\/p>\n<ul>\n<li>Administra\u00e7\u00e3o &#8211; Bacharelado (<a href=\"https:\/\/portal.uern.br\/proeg\/wp-content\/uploads\/2023\/08\/Resolucao-n-48_2003-Consepe-Cira-o-curso-de-Administracao-Campus-de-Pau-dos-Ferros.pdf\">ver documento<\/a>)<\/li>\n<li>Ci\u00eancias Econ\u00f4micas &#8211; Bacharelado (<a href=\"https:\/\/portal.uern.br\/proeg\/wp-content\/uploads\/2023\/08\/Decreto-n-15_76-28.09.1976-Cria-o-Campus-de-Pau-dos-Ferros.pdf\">ver documento<\/a>)<\/li>\n<li>Educa\u00e7\u00e3o F\u00edsica &#8211; Licenciatura (<a href=\"https:\/\/portal.uern.br\/proeg\/wp-content\/uploads\/2023\/08\/Resolucao-n-047_2003-Consepe-Cria-o-curso-de-Educacao-Fisica-Licenciatura-Campus-de-Pau-dos-Ferros.pdf\">ver documento<\/a>)<\/li>\n<li>Educa\u00e7\u00e3o F\u00edsica &#8211; ABI (<a href=\"https:\/\/portal.uern.br\/proeg\/wp-content\/uploads\/2023\/08\/Resolucao-n-78_2022-Consepe-Cria-o-curso-de-Educacao-Fisica-ABI-Campus-de-Pau-dos-Ferros.pdf\">ver documento<\/a>)<\/li>\n<li>Enfermagem &#8211; Licenciatura e Bacharelado (<a href=\"https:\/\/portal.uern.br\/proeg\/wp-content\/uploads\/2023\/08\/Resolucao-n-049_2003-Consepe-Cria-o-curso-de-Enfermagem-Bach.-e-Lic.-Campus-de-Pau-dos-Ferros.pdf\">ver documento<\/a>)<\/li>\n<li>Enfermagem &#8211; Bacharelado (<a href=\"https:\/\/portal.uern.br\/proeg\/wp-content\/uploads\/2023\/08\/Resolucao-n-68.2022-Consepe-Cria-o-curso-de-Enfermagem-Bacharelado-Campus-de-Pau-dos-Ferros.pdf\">ver documento<\/a>)<\/li>\n<li>Geografia &#8211; Licenciatura (<a href=\"https:\/\/portal.uern.br\/proeg\/wp-content\/uploads\/2023\/08\/Resolucao-n-046_2003-Consepe-Cria-o-curso-de-Geografia-Campus-de-Pau-dos-Ferros.pdf\">ver documento<\/a>)<\/li>\n<li>Gest\u00e3o P\u00fablica &#8211; Tecn\u00f3logo (<a href=\"https:\/\/portal.uern.br\/proeg\/wp-content\/uploads\/2023\/08\/Resolucao-n-100_2014-Consepe-Cria-o-cruso-de-Gestao-Publica-Campus-de-Pau-dos-Ferros.pdf\">ver documento<\/a>)<\/li>\n<li>Letras &#8211; L\u00edngua Portuguesa &#8211; Licenciatura (ver documento)<\/li>\n<li>Letras &#8211; L\u00edngua Inglesa &#8211; Licenciatura (ver documento)<\/li>\n<li>Letras &#8211; L\u00edngua Espanhola &#8211; Licenciatura\u00a0(ver documento)<\/li>\n<li>Letras &#8211; Libras &#8211; Licenciatura &#8211; EaD (<a href=\"https:\/\/portal.uern.br\/proeg\/wp-content\/uploads\/2023\/08\/Resolucao-n-33_2018-Consepe-Cria-o-curso-de-Letras-Libras-EaD.pdf\">ver documento<\/a>)<\/li>\n<li>Pedagogia &#8211; Licenciatura (<a href=\"https:\/\/portal.uern.br\/proeg\/wp-content\/uploads\/2023\/08\/Decreto-n-15_76-28.09.1976-Cria-o-Campus-de-Pau-dos-Ferros.pdf\">ver documento<\/a>)<\/li>\n<\/ul>\n<p>&nbsp;<\/p>\n<p><strong>CAMPUS AVAN\u00c7ADO DE PATU &#8211; CAP\u00a0(<a href=\"https:\/\/portal.uern.br\/proeg\/wp-content\/uploads\/2023\/08\/Decreto-n-176_80-Cria-o-Campus-de-Patu.pdf\">ver documento<\/a>)<\/strong><\/p>\n<ul>\n<li>Ci\u00eancias Cont\u00e1beis &#8211; Bacharelado (<a href=\"https:\/\/portal.uern.br\/proeg\/wp-content\/uploads\/2023\/08\/Decreto-n-176_80-Cria-o-Campus-de-Patu.pdf\">ver documento<\/a>)<\/li>\n<li>Educa\u00e7\u00e3o do Campo &#8211; Licenciatura &#8211; EaD (<a href=\"https:\/\/portal.uern.br\/proeg\/wp-content\/uploads\/2023\/08\/Resolucao-n-32_2018-Consepe-Cria-o-curso-de-Educacao-do-Campo-EaD-Campus-de-Patu.pdf\">ver documento<\/a>)<\/li>\n<li>Letras &#8211; L\u00edngua Portuguesa &#8211; Licenciatura (<a href=\"https:\/\/portal.uern.br\/proeg\/wp-content\/uploads\/2023\/08\/Resolucao-n-37_2011-Consepe-Cria-o-curso-de-Letras-Portugues-Campus-de-Patu.pdf\">ver documento<\/a>)<\/li>\n<li>Matem\u00e1tica &#8211; Licenciatura (<a href=\"https:\/\/portal.uern.br\/proeg\/wp-content\/uploads\/2023\/08\/Decreto-n-176_80-Cria-o-Campus-de-Patu.pdf\">ver documento<\/a>)<\/li>\n<li>Pedagogia &#8211; Licenciatura (<a href=\"https:\/\/portal.uern.br\/proeg\/wp-content\/uploads\/2023\/08\/Decreto-n-176_80-Cria-o-Campus-de-Patu.pdf\">ver documento<\/a>)<\/li>\n<\/ul>\n<p>&nbsp;<\/p>\n<p><strong>CAMPUS\u00a0AVAN\u00c7ADO DE NATAL &#8211; CAN\u00a0(<a href=\"https:\/\/portal.uern.br\/proeg\/wp-content\/uploads\/2023\/08\/Resolucao-n-03_2002-Consuni-Cria-o-Campus-de-Natal.pdf\">ver documento<\/a>)<\/strong><\/p>\n<ul>\n<li>Ci\u00eancia da Computa\u00e7\u00e3o &#8211; Bacharelado (<a href=\"https:\/\/portal.uern.br\/proeg\/wp-content\/uploads\/2023\/08\/Resolucao-n-19-2002-Criacao-de-Ciencia-da-Computacao-Campus-de-Natal.pdf\">ver documento<\/a>)<\/li>\n<li>Ci\u00eancias da Religi\u00e3o &#8211; Licenciatura (<a href=\"https:\/\/portal.uern.br\/proeg\/wp-content\/uploads\/2023\/08\/Resolucao-n-45-2004-CONSEPE-Vincula-o-Curso-de-Ciencias-da-Religiao-ao-Campus-de-Natal.pdf\">ver documento<\/a>)<\/li>\n<li>Ci\u00eancia e Tecnologia &#8211; Bacharelado (<a href=\"https:\/\/portal.uern.br\/proeg\/wp-content\/uploads\/2023\/08\/Resolucao-n-36-11-CONSEPE-Cria-o-curso-de-CeT-Campus-de-Natal.pdf\">ver documento<\/a>)<\/li>\n<li>Direito &#8211; Bacharelado (<a href=\"https:\/\/portal.uern.br\/proeg\/wp-content\/uploads\/2023\/08\/Resolucao-n-18-2002-CONSEPE-Cria-o-curso-de-Direito-Campus-de-Natal.pdf\">ver documento<\/a>)<\/li>\n<li>Gest\u00e3o P\u00fablica &#8211; Tecn\u00f3logo (<a href=\"https:\/\/portal.uern.br\/proeg\/wp-content\/uploads\/2023\/08\/Resolucao-n-101-2014-CONSEPE-Cria-curso-de-Gestao-Publica-Campus-de-Natal.pdf\">ver documento<\/a>)<\/li>\n<li>Turismo &#8211; Bacharelado (<a href=\"https:\/\/portal.uern.br\/proeg\/wp-content\/uploads\/2023\/08\/Resolucao-n-20-2002-CONSEPE-Cria-Curso-de-Turismo-em-Natal.pdf\">ver documento<\/a>)<\/li>\n<li>Seguran\u00e7a P\u00fablica &#8211; Tecn\u00f3logo (<a href=\"https:\/\/portal.uern.br\/proeg\/wp-content\/uploads\/2025\/11\/Resolucao-no-20-2025-CONSEPE-Cria-o-Curso-Seguranca-Publica-Tecnologo-modalidade-EaD-do-Campus-de-Natal-da-Uern.pdf\">ver documento<\/a>)<\/li>\n<\/ul>\n<p>&nbsp;<\/p>\n<p><strong>CAMPUS AVAN\u00c7ADO DE CAIC\u00d3 &#8211; CAC\u00a0(<a href=\"https:\/\/portal.uern.br\/proeg\/wp-content\/uploads\/2023\/08\/Resolucao-n-07_2005-CONSUNI-Cria-o-Campus-de-Caico.pdf\">ver documento<\/a>)<\/strong><\/p>\n<ul>\n<li>Enfermagem &#8211; Bacharelado e Licenciatura (ver documento)<\/li>\n<li>Enfermagem &#8211; Bacharelado (<a href=\"https:\/\/portal.uern.br\/proeg\/wp-content\/uploads\/2023\/08\/RESOLUCAO-n-76_2022-CONSEPE-Cria-o-curso-de-Enfermagem-bacharelado-Campus-de-Caico.pdf\">ver documento<\/a>)<\/li>\n<li>Filosofia &#8211; Licenciatura (<a href=\"https:\/\/portal.uern.br\/proeg\/wp-content\/uploads\/2023\/08\/Resolucao-n-35_2001-Consepe-Cria-o-curso-de-Fiolosofia-no-Campus-Central-e-no-Campus-de-Caico.pdf\">ver documento<\/a>)<\/li>\n<li>Gest\u00e3o P\u00fablica &#8211; Tecn\u00f3logo (<a href=\"https:\/\/portal.uern.br\/proeg\/wp-content\/uploads\/2023\/08\/Resolucao-n-102_2014-CONSEPE-Cria-o-curso-de-Gestao-Publica-Campus-de-Caico.pdf\">ver documento<\/a>)<\/li>\n<li>Odontologia &#8211; Bacharelado (<a href=\"https:\/\/portal.uern.br\/proeg\/wp-content\/uploads\/2023\/08\/Resolucao-n-36-2005-Consepe-Cria-o-curso-de-Odontologia-Campus-de-Caico.pdf\">ver documento<\/a>)<\/li>\n<\/ul>\n","protected":false},"excerpt":{"rendered":"<p>CAMPUS CENTRAL\u00a0(ver documento) &nbsp; FACULDADE DE CI\u00caNCIAS ECON\u00d4MICAS &#8211; FACEM Administra\u00e7\u00e3o &#8211; Bacharelado (ver documento) Agroecologia &#8211; Tecn\u00f3logo (ver documento) Ci\u00eancias Cont\u00e1beis &#8211; Bacharelado (ver documento) Ci\u00eancias Econ\u00f4micas &#8211; Bacharelado (ver documento) Gest\u00e3o Ambiental &#8211; Bacharelado (ver documento) Gest\u00e3o P\u00fablica &#8211; Tecn\u00f3logo (ver documento) Turismo &#8211; Bacharelado (ver documento) &nbsp; FACULDADE DE SERVI\u00c7O SOCIAL &#8211; [&hellip;]<\/p>\n","protected":false},"author":4,"featured_media":0,"parent":1853,"menu_order":0,"comment_status":"closed","ping_status":"closed","template":"","meta":{"footnotes":""},"class_list":["post-1857","page","type-page","status-publish","hentry"],"_links":{"self":[{"href":"https:\/\/portal.uern.br\/proeg\/wp-json\/wp\/v2\/pages\/1857","targetHints":{"allow":["GET"]}}],"collection":[{"href":"https:\/\/portal.uern.br\/proeg\/wp-json\/wp\/v2\/pages"}],"about":[{"href":"https:\/\/portal.uern.br\/proeg\/wp-json\/wp\/v2\/types\/page"}],"author":[{"embeddable":true,"href":"https:\/\/portal.uern.br\/proeg\/wp-json\/wp\/v2\/users\/4"}],"replies":[{"embeddable":true,"href":"https:\/\/portal.uern.br\/proeg\/wp-json\/wp\/v2\/comments?post=1857"}],"version-history":[{"count":17,"href":"https:\/\/portal.uern.br\/proeg\/wp-json\/wp\/v2\/pages\/1857\/revisions"}],"predecessor-version":[{"id":4450,"href":"https:\/\/portal.uern.br\/proeg\/wp-json\/wp\/v2\/pages\/1857\/revisions\/4450"}],"up":[{"embeddable":true,"href":"https:\/\/portal.uern.br\/proeg\/wp-json\/wp\/v2\/pages\/1853"}],"wp:attachment":[{"href":"https:\/\/portal.uern.br\/proeg\/wp-json\/wp\/v2\/media?parent=1857"}],"curies":[{"name":"wp","href":"https:\/\/api.w.org\/{rel}","templated":true}]}}