{"id":1485,"date":"2023-08-01T12:09:44","date_gmt":"2023-08-01T15:09:44","guid":{"rendered":"https:\/\/portal.uern.br\/proeg\/?page_id=1485"},"modified":"2026-03-17T12:42:23","modified_gmt":"2026-03-17T15:42:23","slug":"campus-de-pau-dos-ferros","status":"publish","type":"page","link":"https:\/\/portal.uern.br\/proeg\/projetos-pedagogicos\/campus-de-pau-dos-ferros\/","title":{"rendered":"Campus de Pau dos Ferros"},"content":{"rendered":"<h5><strong>CURSOS DE GRADUA\u00c7\u00c3O \u2013 MODALIDADE PRESENCIAL<\/strong><\/h5>\n<p>&nbsp;<\/p>\n<p><strong>Administra\u00e7\u00e3o &#8211; Bacharelado<\/strong><\/p>\n<ul>\n<li><a href=\"https:\/\/portal.uern.br\/proeg\/wp-content\/uploads\/2023\/08\/PPC-Administracao-CAPF-2009-Atualizado-em-2018.pdf\">Projeto Pedag\u00f3gico (2009 &#8211; Atualizado em 2018)<\/a><\/li>\n<li><a href=\"https:\/\/portal.uern.br\/proeg\/wp-content\/uploads\/2025\/03\/PPC-2021-Administracao-Campus-de-Pau-dos-Ferros-Homologado-em-13.03.2025.pdf\">Projeto Pedag\u00f3gico (2021 &#8211; Atualizado em 2025)<\/a><\/li>\n<li><a href=\"https:\/\/portal.uern.br\/proeg\/wp-content\/uploads\/2024\/12\/PPC-2025-Administracao-Bach.-CAPF-Homologado-em-18.12.2024.pdf\">Projeto Pedag\u00f3gico (2025)<\/a><\/li>\n<\/ul>\n<p>&nbsp;<\/p>\n<p><strong>Ci\u00eancias Econ\u00f4micas &#8211; Bacharelado<\/strong><\/p>\n<ul>\n<li><a href=\"https:\/\/portal.uern.br\/proeg\/wp-content\/uploads\/2023\/08\/PPC-Ciencias-Economicas-2013-Atualizado-em-2018.pdf\">Projeto Pedag\u00f3gico (2013 &#8211; Atualizado em 2018)<\/a><\/li>\n<li><a href=\"https:\/\/portal.uern.br\/proeg\/wp-content\/uploads\/2025\/11\/PPC-2021-Ciencias-Economicas-Bacharelado-Campus-de-Pau-dos-Ferros-Homologado-em-05.11.2025.pdf\">Projeto Pedag\u00f3gico (2021 &#8211; Atualizado em 2025)<\/a><\/li>\n<li><a href=\"https:\/\/portal.uern.br\/proeg\/wp-content\/uploads\/2025\/10\/PPC-2026-Ciencias-Economicas-Bacharelado-Campus-de-Pau-dos-Ferros-Homologado-em-17.10.2025.pdf\">Projeto Pedag\u00f3gico (2026)<\/a><\/li>\n<\/ul>\n<p>&nbsp;<\/p>\n<p><strong>Educa\u00e7\u00e3o F\u00edsica &#8211; Licenciatura\u00a0<\/strong><\/p>\n<ul>\n<li><a href=\"https:\/\/portal.uern.br\/proeg\/wp-content\/uploads\/2024\/04\/PPC-2009-Educacao-Fisica-Pau-dos-Ferros-Termo-de-homologacao-27.03.2024.pdf\">Projeto Pedag\u00f3gico (2009\u00a0 &#8211; Atualizado em 2024)<\/a><\/li>\n<li><a href=\"https:\/\/portal.uern.br\/proeg\/wp-content\/uploads\/2023\/12\/PPC-Educacao-Fisica-Licenciatura-2020-CAPF-Homologado-em-30.11.2023.pdf\">Projeto Pedag\u00f3gico (2020 &#8211; Atualizado em 2023)<\/a><\/li>\n<li><a href=\"https:\/\/portal.uern.br\/proeg\/wp-content\/uploads\/2023\/07\/PPC-Educacao-Fisica-ABI-CAPF-2023.pdf\">Projeto Pedag\u00f3gico (2023)<\/a><\/li>\n<\/ul>\n<p>&nbsp;<\/p>\n<p><strong>Educa\u00e7\u00e3o F\u00edsica &#8211; Bacharelado e Licenciatura<\/strong><\/p>\n<ul>\n<li><a href=\"https:\/\/portal.uern.br\/proeg\/wp-content\/uploads\/2025\/06\/PPC-2023-Educacao-Fisica-ABI-Campus-de-Pau-dos-Ferros-Homologado-em-18.06.2025.pdf\">Projeto Pedag\u00f3gico (2023 &#8211; Atualizado em 2025)<\/a><\/li>\n<\/ul>\n<p>&nbsp;<\/p>\n<p><strong>Enfermagem &#8211; Bacharelado e Licenciatura\u00a0<\/strong><\/p>\n<ul>\n<li><a href=\"https:\/\/portal.uern.br\/proeg\/wp-content\/uploads\/2023\/09\/PPC-Enfermagem-Bach.-e-Lic.-2008-Homologado-em-24.08.2023.pdf\">Projeto Pedag\u00f3gico (2008 &#8211; Atualizado em 2023)<\/a><\/li>\n<\/ul>\n<p>&nbsp;<\/p>\n<p><strong>Enfermagem &#8211; Bacharelado\u00a0<\/strong><\/p>\n<ul>\n<li><a href=\"https:\/\/portal.uern.br\/proeg\/wp-content\/uploads\/2025\/05\/PPC-2023-Enfermagem-Bacharelado-CAPF-Homologado-em-06.05.2025.pdf\">Projeto Pedag\u00f3gico (2023 &#8211; Atualizado em 2025)<\/a><\/li>\n<\/ul>\n<p>&nbsp;<\/p>\n<p><strong>Geografia &#8211; Licenciatura<\/strong><\/p>\n<ul>\n<li><a href=\"https:\/\/portal.uern.br\/proeg\/wp-content\/uploads\/2025\/08\/PPC-2014-Geografia-Lic.-Campus-de-Pau-dos-Ferros-Homologado-em-06.08.2025.pdf\">Projeto Pedag\u00f3gico (2014 &#8211; Atualizado em 2025)<\/a><\/li>\n<li><a href=\"https:\/\/portal.uern.br\/proeg\/wp-content\/uploads\/2026\/03\/PPC-2023-Geografia-Campus-de-Pau-dos-Ferros-Homologado-em-17.03.2026.pdf\">Projeto Pedag\u00f3gico (2023 &#8211; Atualizado em 2026)<\/a><\/li>\n<\/ul>\n<p>&nbsp;<\/p>\n<p><strong>Letras &#8211; L\u00edngua Portuguesa &#8211; Licenciatura<\/strong><\/p>\n<ul>\n<li><a href=\"https:\/\/portal.uern.br\/proeg\/wp-content\/uploads\/2023\/08\/PPC-Letras-Lingua-Portuguesa-CAPF-2014-atualizada-em-2019-Homologado-em-16.08.2023.pdf\">Projeto Pedag\u00f3gico (2014 &#8211; Atualizado em 2023)<\/a><\/li>\n<li><a href=\"https:\/\/portal.uern.br\/proeg\/wp-content\/uploads\/2026\/01\/PPC-Letras-Lingua-Portuguesa-CAPF-2021-Homologado-em-14.01.2026.pdf\">Projeto Pedag\u00f3gico (2021 &#8211; Atualizado em 2026)<\/a><\/li>\n<\/ul>\n<p>&nbsp;<\/p>\n<p><strong>Letras &#8211; L\u00edngua Inglesa &#8211; Licenciatura<\/strong><\/p>\n<ul>\n<li><a href=\"https:\/\/portal.uern.br\/proeg\/wp-content\/uploads\/2024\/10\/PPC-Letras-Lingua-Inglesa-2015-CAPF-Alterado-em-30.10.2024.pdf\">Projeto Pedag\u00f3gico (2014 &#8211; Atualizado em 2024)<\/a><\/li>\n<li><a href=\"https:\/\/portal.uern.br\/proeg\/wp-content\/uploads\/2025\/10\/PPC-2021-Letras-Lingua-Inglesa-Campus-de-Pau-dos-Ferros-Homologado-em-20.10.2025.pdf\">Projeto Pedag\u00f3gico (2021 &#8211; Atualizado em 2025)<\/a><\/li>\n<li><a href=\"https:\/\/portal.uern.br\/proeg\/wp-content\/uploads\/2025\/05\/PPC-2025-Letras-Lingua-Inglesa-Licenciatura-CAPF-Homologado-em-07.05.2025.pdf\">Projeto Pedag\u00f3gico (2025)<\/a><\/li>\n<\/ul>\n<p>&nbsp;<\/p>\n<p><strong>Letras &#8211; L\u00edngua Espanhola &#8211; Licenciatura<\/strong><\/p>\n<ul>\n<li><a href=\"https:\/\/portal.uern.br\/proeg\/wp-content\/uploads\/2025\/10\/PPC-2014-Letras-Lingua-Espanhola-e-Respectiva-Literatura-Campus-de-Pau-dos-Ferros-Homologado-em-27.10.2025.pdf\">Projeto Pedag\u00f3gico (2014 &#8211; Atualizado em 2025)<\/a><\/li>\n<li><a href=\"https:\/\/portal.uern.br\/proeg\/wp-content\/uploads\/2024\/08\/PPC-2021-LETRAS-LINGUA-ESPANHOLA-PAU-DOS-FERROS-HOMOLOGADO-EM-28.08.2024.pdf\">Projeto Pedag\u00f3gico (2021 &#8211; Atualizado em 2024)<\/a><\/li>\n<li><a href=\"https:\/\/portal.uern.br\/proeg\/wp-content\/uploads\/2025\/10\/PPC-2024-Letras-Lingua-Espanhola-Campus-de-Pau-dos-Ferros-Homologado-em-14.10.2025.pdf\">Projeto Pedag\u00f3gico (2024 &#8211; Atualizado em 2025)<\/a><\/li>\n<\/ul>\n<p>&nbsp;<\/p>\n<p><strong>Pedagogia &#8211; Licenciatura\u00a0<\/strong><\/p>\n<ul>\n<li><a href=\"https:\/\/drive.google.com\/file\/d\/1PbmFCiu1jwqK4iVeBB1ZVQ77g0--poEh\/view?usp=sharing\">Projeto Pedag\u00f3gico (2020)<\/a><\/li>\n<li><a href=\"https:\/\/portal.uern.br\/proeg\/wp-content\/uploads\/2025\/07\/PPC-2025-Pedagogia-Lic.-Campus-de-Pau-dos-Ferros-Homologado-em-28.07.2025.pdf\">Projeto Pedag\u00f3gico (2025)<\/a><\/li>\n<\/ul>\n<p>&nbsp;<\/p>\n<h5><strong>CURSOS DE GRADUA\u00c7\u00c3O &#8211; MODALIDADE EAD (UAB)<\/strong><\/h5>\n<p>&nbsp;<\/p>\n<p><strong>Letras &#8211; Libras &#8211; Licenciatura<\/strong><\/p>\n<ul>\n<li><a href=\"https:\/\/portal.uern.br\/proeg\/wp-content\/uploads\/2025\/12\/PPC-2021-Letras-Libras-EaD-Campus-de-Pau-dos-Ferros-Homologado-em-05.12.2025.pdf\">Projeto Pedag\u00f3gico (2021 &#8211; Atualizado em 2025)<\/a><\/li>\n<\/ul>\n","protected":false},"excerpt":{"rendered":"<p>CURSOS DE GRADUA\u00c7\u00c3O \u2013 MODALIDADE PRESENCIAL &nbsp; Administra\u00e7\u00e3o &#8211; Bacharelado Projeto Pedag\u00f3gico (2009 &#8211; Atualizado em 2018) Projeto Pedag\u00f3gico (2021 &#8211; Atualizado em 2025) Projeto Pedag\u00f3gico (2025) &nbsp; Ci\u00eancias Econ\u00f4micas &#8211; Bacharelado Projeto Pedag\u00f3gico (2013 &#8211; Atualizado em 2018) Projeto Pedag\u00f3gico (2021 &#8211; Atualizado em 2025) Projeto Pedag\u00f3gico (2026) &nbsp; Educa\u00e7\u00e3o F\u00edsica &#8211; Licenciatura\u00a0 Projeto [&hellip;]<\/p>\n","protected":false},"author":4,"featured_media":0,"parent":1464,"menu_order":0,"comment_status":"closed","ping_status":"closed","template":"","meta":{"footnotes":""},"class_list":["post-1485","page","type-page","status-publish","hentry"],"_links":{"self":[{"href":"https:\/\/portal.uern.br\/proeg\/wp-json\/wp\/v2\/pages\/1485","targetHints":{"allow":["GET"]}}],"collection":[{"href":"https:\/\/portal.uern.br\/proeg\/wp-json\/wp\/v2\/pages"}],"about":[{"href":"https:\/\/portal.uern.br\/proeg\/wp-json\/wp\/v2\/types\/page"}],"author":[{"embeddable":true,"href":"https:\/\/portal.uern.br\/proeg\/wp-json\/wp\/v2\/users\/4"}],"replies":[{"embeddable":true,"href":"https:\/\/portal.uern.br\/proeg\/wp-json\/wp\/v2\/comments?post=1485"}],"version-history":[{"count":53,"href":"https:\/\/portal.uern.br\/proeg\/wp-json\/wp\/v2\/pages\/1485\/revisions"}],"predecessor-version":[{"id":4660,"href":"https:\/\/portal.uern.br\/proeg\/wp-json\/wp\/v2\/pages\/1485\/revisions\/4660"}],"up":[{"embeddable":true,"href":"https:\/\/portal.uern.br\/proeg\/wp-json\/wp\/v2\/pages\/1464"}],"wp:attachment":[{"href":"https:\/\/portal.uern.br\/proeg\/wp-json\/wp\/v2\/media?parent=1485"}],"curies":[{"name":"wp","href":"https:\/\/api.w.org\/{rel}","templated":true}]}}