{"id":1482,"date":"2023-08-01T12:04:51","date_gmt":"2023-08-01T15:04:51","guid":{"rendered":"https:\/\/portal.uern.br\/proeg\/?page_id=1482"},"modified":"2025-12-19T07:46:57","modified_gmt":"2025-12-19T10:46:57","slug":"campus-de-patu","status":"publish","type":"page","link":"https:\/\/portal.uern.br\/proeg\/projetos-pedagogicos\/campus-de-patu\/","title":{"rendered":"Campus de Patu"},"content":{"rendered":"<h5><strong>CURSOS DE GRADUA\u00c7\u00c3O \u2013 MODALIDADE PRESENCIAL<\/strong><\/h5>\n<p>&nbsp;<\/p>\n<p><strong>Ci\u00eancias Cont\u00e1beis &#8211; Bacharelado<\/strong><\/p>\n<ul>\n<li><a href=\"https:\/\/portal.uern.br\/proeg\/wp-content\/uploads\/2023\/07\/PPC-Ciencias-Contabeis-2021.pdf\">Projeto Pedag\u00f3gico (2021)<\/a><\/li>\n<\/ul>\n<p>&nbsp;<\/p>\n<p><strong>Letras &#8211; L\u00edngua Portuguesa &#8211; Licenciatura<\/strong><\/p>\n<ul>\n<li><a href=\"https:\/\/portal.uern.br\/proeg\/wp-content\/uploads\/2023\/08\/PPC-Letras-Lingua-Portuguesa-CAP-2012-Atualizado-em-2018.pdf\">Projeto Pedag\u00f3gico (2012 &#8211; Atualizado em 2018)<\/a><\/li>\n<li><a href=\"https:\/\/portal.uern.br\/proeg\/wp-content\/uploads\/2025\/05\/PPC-2022-Letras-Lingua-Portuguesa-Lic.-Campus-de-Patu-Homologado-em-21.05.2025.pdf\">Projeto Pedag\u00f3gico (2022 &#8211; Atualizado em 2025)<\/a><\/li>\n<\/ul>\n<p>&nbsp;<\/p>\n<p><strong>Matem\u00e1tica &#8211; Licenciatura\u00a0<\/strong><\/p>\n<ul>\n<li><a href=\"https:\/\/portal.uern.br\/proeg\/wp-content\/uploads\/2023\/08\/PPC-Matematica-CAP-2010-Atualizado-em-2017.pdf\">Projeto Pedag\u00f3gico (2010 &#8211; Atualizado em 2017)<\/a><\/li>\n<li><a href=\"https:\/\/portal.uern.br\/proeg\/wp-content\/uploads\/2025\/12\/PPC-2022-Matematica-Patu-Homologado-em-18.12.2025.pdf\">Projeto Pedag\u00f3gico (2022 &#8211; Atualizado em 2025)<\/a><\/li>\n<\/ul>\n<p>&nbsp;<\/p>\n<p><strong>Pedagogia &#8211; Licenciatura\u00a0<\/strong><\/p>\n<ul>\n<li><a href=\"https:\/\/portal.uern.br\/proeg\/wp-content\/uploads\/2023\/08\/PPC-Pedagogia-CAP-2018.pdf\">Projeto Pedag\u00f3gico (2018)<\/a><\/li>\n<li><a href=\"https:\/\/portal.uern.br\/proeg\/wp-content\/uploads\/2025\/06\/PPC-2022-Pedagogia-Campus-de-Patu-Homologado-em-02.06.2025.pdf\">Projeto Pedag\u00f3gico (2022 &#8211; Atualizado em 2025)<\/a><\/li>\n<\/ul>\n<p>&nbsp;<\/p>\n<h5><strong>CURSOS EAD<\/strong><\/h5>\n<p>&nbsp;<\/p>\n<p><strong>Educa\u00e7\u00e3o do Campo &#8211; Licenciatura<\/strong><\/p>\n<ul>\n<li><a href=\"https:\/\/portal.uern.br\/proeg\/wp-content\/uploads\/2023\/07\/PPC-Educacao-do-Campo-EaD-2021-CAP-Atualizado.Alterado-em-27.03.2023.pdf\">Projeto Pedag\u00f3gico (2021 &#8211; Atualizado em 2023)<\/a><\/li>\n<\/ul>\n<p>&nbsp;<\/p>\n","protected":false},"excerpt":{"rendered":"<p>CURSOS DE GRADUA\u00c7\u00c3O \u2013 MODALIDADE PRESENCIAL &nbsp; Ci\u00eancias Cont\u00e1beis &#8211; Bacharelado Projeto Pedag\u00f3gico (2021) &nbsp; Letras &#8211; L\u00edngua Portuguesa &#8211; Licenciatura Projeto Pedag\u00f3gico (2012 &#8211; Atualizado em 2018) Projeto Pedag\u00f3gico (2022 &#8211; Atualizado em 2025) &nbsp; Matem\u00e1tica &#8211; Licenciatura\u00a0 Projeto Pedag\u00f3gico (2010 &#8211; Atualizado em 2017) Projeto Pedag\u00f3gico (2022 &#8211; Atualizado em 2025) &nbsp; Pedagogia [&hellip;]<\/p>\n","protected":false},"author":4,"featured_media":0,"parent":1464,"menu_order":0,"comment_status":"closed","ping_status":"closed","template":"","meta":{"footnotes":""},"class_list":["post-1482","page","type-page","status-publish","hentry"],"_links":{"self":[{"href":"https:\/\/portal.uern.br\/proeg\/wp-json\/wp\/v2\/pages\/1482","targetHints":{"allow":["GET"]}}],"collection":[{"href":"https:\/\/portal.uern.br\/proeg\/wp-json\/wp\/v2\/pages"}],"about":[{"href":"https:\/\/portal.uern.br\/proeg\/wp-json\/wp\/v2\/types\/page"}],"author":[{"embeddable":true,"href":"https:\/\/portal.uern.br\/proeg\/wp-json\/wp\/v2\/users\/4"}],"replies":[{"embeddable":true,"href":"https:\/\/portal.uern.br\/proeg\/wp-json\/wp\/v2\/comments?post=1482"}],"version-history":[{"count":13,"href":"https:\/\/portal.uern.br\/proeg\/wp-json\/wp\/v2\/pages\/1482\/revisions"}],"predecessor-version":[{"id":4487,"href":"https:\/\/portal.uern.br\/proeg\/wp-json\/wp\/v2\/pages\/1482\/revisions\/4487"}],"up":[{"embeddable":true,"href":"https:\/\/portal.uern.br\/proeg\/wp-json\/wp\/v2\/pages\/1464"}],"wp:attachment":[{"href":"https:\/\/portal.uern.br\/proeg\/wp-json\/wp\/v2\/media?parent=1482"}],"curies":[{"name":"wp","href":"https:\/\/api.w.org\/{rel}","templated":true}]}}