{"id":1478,"date":"2023-08-01T12:00:24","date_gmt":"2023-08-01T15:00:24","guid":{"rendered":"https:\/\/portal.uern.br\/proeg\/?page_id=1478"},"modified":"2026-01-06T08:51:18","modified_gmt":"2026-01-06T11:51:18","slug":"campus-de-natal","status":"publish","type":"page","link":"https:\/\/portal.uern.br\/proeg\/projetos-pedagogicos\/campus-de-natal\/","title":{"rendered":"Campus de Natal"},"content":{"rendered":"<h5><strong>CURSOS DE GRADUA\u00c7\u00c3O \u2013 MODALIDADE PRESENCIAL<\/strong><\/h5>\n<p>&nbsp;<\/p>\n<p><strong>Ci\u00eancia da Computa\u00e7\u00e3o &#8211; Bacharelado<\/strong><\/p>\n<ul>\n<li><a href=\"https:\/\/portal.uern.br\/proeg\/wp-content\/uploads\/2025\/07\/PPC-2019-Ciencia-da-Computacao-Bacharelado-Campus-de-Natal-Homologado-em-22.07.2025.pdf\">Projeto Pedag\u00f3gico (2019 &#8211; Atualizado em 2025)<\/a><\/li>\n<li><a href=\"https:\/\/portal.uern.br\/proeg\/wp-content\/uploads\/2024\/04\/PPC-2023-Ciencia-da-Computacao-Natal-Homologado-em-15.04.2024.pdf\">Projeto Pedag\u00f3gico (2023 &#8211; Atualizado em 2024)<\/a><\/li>\n<\/ul>\n<p>&nbsp;<\/p>\n<p><strong>Ci\u00eancias da Religi\u00e3o &#8211; Licenciatura<\/strong><\/p>\n<ul>\n<li><a href=\"https:\/\/portal.uern.br\/proeg\/wp-content\/uploads\/2025\/05\/PPC-2014-Ciencias-da-Religiao-Licenciatura-Homologado-em-07.05.2025.pdf\">Projeto Pedag\u00f3gico (2014 &#8211; Atualizado em 2025)<\/a><\/li>\n<li><a href=\"https:\/\/portal.uern.br\/proeg\/wp-content\/uploads\/2023\/07\/PPC-Ciencias-da-Religiao-2022.pdf\">Projeto Pedag\u00f3gico (2022)<\/a><\/li>\n<\/ul>\n<p>&nbsp;<\/p>\n<p><strong>Ci\u00eancia e Tecnologia &#8211; Bacharelado<\/strong><\/p>\n<ul>\n<li><a href=\"https:\/\/portal.uern.br\/proeg\/wp-content\/uploads\/2023\/08\/PPC-Ciencia-e-Tecnologia-CAN-2018-Alterado-em-setembro-de-2022.pdf\">Projeto Pedag\u00f3gico (2018 &#8211; Atualizado em 2022)<\/a><\/li>\n<li><a href=\"https:\/\/portal.uern.br\/proeg\/wp-content\/uploads\/2025\/10\/PPC-2022-Ciencia-e-Tecnologia-Bacharelado-Campus-de-Natal-Homologado-em-06.10.2025.pdf\">Projeto Pedag\u00f3gico (2022 &#8211; Atualizado em 2025)<\/a><\/li>\n<\/ul>\n<p>&nbsp;<\/p>\n<p><strong>Direito &#8211; Bacharelado<\/strong><\/p>\n<ul>\n<li><a href=\"https:\/\/portal.uern.br\/proeg\/wp-content\/uploads\/2023\/07\/PPC-Direito-2007-Atualizado-em-2017.pdf\">Projeto Pedag\u00f3gico (2006 &#8211; Atualizado em 2017)<\/a><\/li>\n<li><a href=\"https:\/\/portal.uern.br\/proeg\/wp-content\/uploads\/2023\/10\/PPC-Direito-CAN-2024-Homologado-em-19.10.2023.pdf\">Projeto Pedag\u00f3gico (2024)<\/a><\/li>\n<\/ul>\n<p>&nbsp;<\/p>\n<p><strong>Turismo &#8211; Bacharelado<\/strong><\/p>\n<ul>\n<li><a href=\"https:\/\/portal.uern.br\/proeg\/wp-content\/uploads\/2025\/08\/PPC-2012-Turismo-Bacharelado-Campus-de-Natal-Homologado-em-27.08.2025.pdf\">Projeto Pedag\u00f3gico (2012 &#8211; Atualizado em 2025<\/a>)<\/li>\n<li><a href=\"https:\/\/portal.uern.br\/proeg\/wp-content\/uploads\/2023\/11\/PPC-DE-GRADUACAO-EM-TURISMO-2024-Campus-Avancado-de-Natal-Homologado-em-06.11.2023.pdf\">Projeto Pedag\u00f3gico (2024)<\/a><\/li>\n<\/ul>\n<p>&nbsp;<\/p>\n<h5><\/h5>\n<h5><strong>CURSOS DE GRADUA\u00c7\u00c3O \u2013 MODALIDADE EAD (UAB)<\/strong><\/h5>\n<p><strong>Sistemas Para Internet \u2013 Tecn\u00f3logo<\/strong><\/p>\n<ul>\n<li><a href=\"https:\/\/portal.uern.br\/proeg\/wp-content\/uploads\/2025\/05\/PPC-2023-Sistemas-para-Internet-EaD-Tecnologo-Campus-de-Natal-Homologado-em-26.05.2025.pdf\">Projeto Pedag\u00f3gico (2023 &#8211; Atualizado em 2025)<\/a><\/li>\n<\/ul>\n<p>&nbsp;<\/p>\n<p><strong>Superior de Tecnologia em Seguran\u00e7a P\u00fablica &#8211; Tecn\u00f3logo<\/strong><\/p>\n<ul>\n<li><a href=\"https:\/\/portal.uern.br\/proeg\/wp-content\/uploads\/2026\/01\/PPC-2026-Curso-Superior-de-Tecnologia-em-Seguranca-Publica-EaD-Campus-de-Natal-Homologado-em-05.01.2026.pdf\">Projeto Pedag\u00f3gico (2026)<\/a><\/li>\n<\/ul>\n","protected":false},"excerpt":{"rendered":"<p>CURSOS DE GRADUA\u00c7\u00c3O \u2013 MODALIDADE PRESENCIAL &nbsp; Ci\u00eancia da Computa\u00e7\u00e3o &#8211; Bacharelado Projeto Pedag\u00f3gico (2019 &#8211; Atualizado em 2025) Projeto Pedag\u00f3gico (2023 &#8211; Atualizado em 2024) &nbsp; Ci\u00eancias da Religi\u00e3o &#8211; Licenciatura Projeto Pedag\u00f3gico (2014 &#8211; Atualizado em 2025) Projeto Pedag\u00f3gico (2022) &nbsp; Ci\u00eancia e Tecnologia &#8211; Bacharelado Projeto Pedag\u00f3gico (2018 &#8211; Atualizado em 2022) [&hellip;]<\/p>\n","protected":false},"author":4,"featured_media":0,"parent":1464,"menu_order":0,"comment_status":"closed","ping_status":"closed","template":"","meta":{"footnotes":""},"class_list":["post-1478","page","type-page","status-publish","hentry"],"_links":{"self":[{"href":"https:\/\/portal.uern.br\/proeg\/wp-json\/wp\/v2\/pages\/1478","targetHints":{"allow":["GET"]}}],"collection":[{"href":"https:\/\/portal.uern.br\/proeg\/wp-json\/wp\/v2\/pages"}],"about":[{"href":"https:\/\/portal.uern.br\/proeg\/wp-json\/wp\/v2\/types\/page"}],"author":[{"embeddable":true,"href":"https:\/\/portal.uern.br\/proeg\/wp-json\/wp\/v2\/users\/4"}],"replies":[{"embeddable":true,"href":"https:\/\/portal.uern.br\/proeg\/wp-json\/wp\/v2\/comments?post=1478"}],"version-history":[{"count":19,"href":"https:\/\/portal.uern.br\/proeg\/wp-json\/wp\/v2\/pages\/1478\/revisions"}],"predecessor-version":[{"id":2425,"href":"https:\/\/portal.uern.br\/proeg\/wp-json\/wp\/v2\/pages\/1478\/revisions\/2425"}],"up":[{"embeddable":true,"href":"https:\/\/portal.uern.br\/proeg\/wp-json\/wp\/v2\/pages\/1464"}],"wp:attachment":[{"href":"https:\/\/portal.uern.br\/proeg\/wp-json\/wp\/v2\/media?parent=1478"}],"curies":[{"name":"wp","href":"https:\/\/api.w.org\/{rel}","templated":true}]}}