{"id":1476,"date":"2023-08-01T11:55:56","date_gmt":"2023-08-01T14:55:56","guid":{"rendered":"https:\/\/portal.uern.br\/proeg\/?page_id=1476"},"modified":"2025-07-28T08:34:29","modified_gmt":"2025-07-28T11:34:29","slug":"campus-de-caico","status":"publish","type":"page","link":"https:\/\/portal.uern.br\/proeg\/projetos-pedagogicos\/campus-de-caico\/","title":{"rendered":"Campus de Caic\u00f3"},"content":{"rendered":"<h5><strong>CURSOS DE GRADUA\u00c7\u00c3O \u2013 MODALIDADE PRESENCIAL<\/strong><\/h5>\n<p>&nbsp;<\/p>\n<p><strong>Enfermagem &#8211; Licenciatura e Bacharelado<\/strong><\/p>\n<ul>\n<li><a href=\"https:\/\/portal.uern.br\/proeg\/wp-content\/uploads\/2025\/05\/PPC-2008-Enfermagem-Lic.-e-Bach.-Campus-de-Caico-Homologado-em-06.05.2025.v2.pdf\">Projeto Pedag\u00f3gico (2008 &#8211; Atualizado em 2025)<\/a><\/li>\n<\/ul>\n<p>&nbsp;<\/p>\n<p><strong>Enfermagem &#8211; Bacharelado<\/strong><\/p>\n<ul>\n<li><a href=\"https:\/\/portal.uern.br\/proeg\/wp-content\/uploads\/2025\/07\/PPC-2023-Enfermagem-Bach.-Campus-de-Caico-Homologado-em-28.07.2025.pdf\">Projeto Pedag\u00f3gico (2023 &#8211; Atualizado em 2025)<\/a><\/li>\n<\/ul>\n<p>&nbsp;<\/p>\n<p><strong>Filosofia &#8211; Licenciatura<\/strong><\/p>\n<ul>\n<li><a href=\"https:\/\/portal.uern.br\/proeg\/wp-content\/uploads\/2023\/08\/PPC-Filosofia-CAC-2018.pdf\">Projeto Pedag\u00f3gico (2018)<\/a><\/li>\n<li><a href=\"https:\/\/portal.uern.br\/proeg\/wp-content\/uploads\/2023\/07\/PPC-Filosofia-Licenciatura-2023.pdf\">Projeto Pedag\u00f3gico (2023)<\/a><\/li>\n<\/ul>\n<p>&nbsp;<\/p>\n<p><strong>Odontologia &#8211; Bacharelado<\/strong><\/p>\n<ul>\n<li><a href=\"https:\/\/portal.uern.br\/proeg\/wp-content\/uploads\/2023\/08\/PPC-Odontologia-CAC-2008-Atualizado-em-2019.pdf\">Projeto Pedag\u00f3gico (2008 &#8211; Atualizado em 2019)<\/a><\/li>\n<li><a href=\"https:\/\/portal.uern.br\/proeg\/wp-content\/uploads\/2023\/07\/PPC-Odontologia-Bacharelado-2022.pdf\">Projeto Pedag\u00f3gico (2022)<\/a><\/li>\n<\/ul>\n","protected":false},"excerpt":{"rendered":"<p>CURSOS DE GRADUA\u00c7\u00c3O \u2013 MODALIDADE PRESENCIAL &nbsp; Enfermagem &#8211; Licenciatura e Bacharelado Projeto Pedag\u00f3gico (2008 &#8211; Atualizado em 2025) &nbsp; Enfermagem &#8211; Bacharelado Projeto Pedag\u00f3gico (2023 &#8211; Atualizado em 2025) &nbsp; Filosofia &#8211; Licenciatura Projeto Pedag\u00f3gico (2018) Projeto Pedag\u00f3gico (2023) &nbsp; Odontologia &#8211; Bacharelado Projeto Pedag\u00f3gico (2008 &#8211; Atualizado em 2019) Projeto Pedag\u00f3gico (2022)<\/p>\n","protected":false},"author":4,"featured_media":0,"parent":1464,"menu_order":0,"comment_status":"closed","ping_status":"closed","template":"","meta":{"footnotes":""},"class_list":["post-1476","page","type-page","status-publish","hentry"],"_links":{"self":[{"href":"https:\/\/portal.uern.br\/proeg\/wp-json\/wp\/v2\/pages\/1476","targetHints":{"allow":["GET"]}}],"collection":[{"href":"https:\/\/portal.uern.br\/proeg\/wp-json\/wp\/v2\/pages"}],"about":[{"href":"https:\/\/portal.uern.br\/proeg\/wp-json\/wp\/v2\/types\/page"}],"author":[{"embeddable":true,"href":"https:\/\/portal.uern.br\/proeg\/wp-json\/wp\/v2\/users\/4"}],"replies":[{"embeddable":true,"href":"https:\/\/portal.uern.br\/proeg\/wp-json\/wp\/v2\/comments?post=1476"}],"version-history":[{"count":14,"href":"https:\/\/portal.uern.br\/proeg\/wp-json\/wp\/v2\/pages\/1476\/revisions"}],"predecessor-version":[{"id":4123,"href":"https:\/\/portal.uern.br\/proeg\/wp-json\/wp\/v2\/pages\/1476\/revisions\/4123"}],"up":[{"embeddable":true,"href":"https:\/\/portal.uern.br\/proeg\/wp-json\/wp\/v2\/pages\/1464"}],"wp:attachment":[{"href":"https:\/\/portal.uern.br\/proeg\/wp-json\/wp\/v2\/media?parent=1476"}],"curies":[{"name":"wp","href":"https:\/\/api.w.org\/{rel}","templated":true}]}}