{"id":1472,"date":"2023-08-01T11:39:26","date_gmt":"2023-08-01T14:39:26","guid":{"rendered":"https:\/\/portal.uern.br\/proeg\/?page_id=1472"},"modified":"2026-03-25T12:03:10","modified_gmt":"2026-03-25T15:03:10","slug":"campus-de-assu","status":"publish","type":"page","link":"https:\/\/portal.uern.br\/proeg\/projetos-pedagogicos\/campus-de-assu\/","title":{"rendered":"Campus de Ass\u00fa"},"content":{"rendered":"<h5><strong>CURSOS DE GRADUA\u00c7\u00c3O \u2013 MODALIDADE PRESENCIAL<\/strong><\/h5>\n<p>&nbsp;<\/p>\n<p><strong>Ci\u00eancias Econ\u00f4micas &#8211; Bacharelado<\/strong><\/p>\n<ul>\n<li><a href=\"https:\/\/portal.uern.br\/proeg\/wp-content\/uploads\/2025\/11\/PPC-2015-Ciencias-Economicas-Bacharelado-Campus-de-Assu-Homologado-em-26.11.2025.pdf\">Projeto Pedag\u00f3gico (2015 &#8211; Atualizado em 2025)<\/a><\/li>\n<li><a href=\"https:\/\/portal.uern.br\/proeg\/wp-content\/uploads\/2025\/09\/PPC-2022-Ciencias-Economicas-Bach-Campus-de-Assu-Homologado-em-10.09.2025.pdf\">Projeto Pedag\u00f3gico (2022 &#8211; Atualizado em 2025)<\/a><\/li>\n<\/ul>\n<p>&nbsp;<\/p>\n<p><strong>Geografia &#8211; Licenciatura<\/strong><\/p>\n<ul>\n<li><a href=\"https:\/\/portal.uern.br\/proeg\/wp-content\/uploads\/2023\/08\/PPC-Geografia-CAA-2014-Atualizado-em-2018.pdf\">Projeto Pedag\u00f3gico (2014 &#8211; Atualizado em 2018)<\/a><\/li>\n<li><a href=\"https:\/\/portal.uern.br\/proeg\/wp-content\/uploads\/2023\/07\/PPC-Geografia-CAA-2023-Alterado-em-05.05.2023-1.pdf\">Projeto Pedag\u00f3gico (2023)<\/a><\/li>\n<\/ul>\n<p>&nbsp;<\/p>\n<p><strong>Hist\u00f3ria &#8211; Licenciatura\u00a0<\/strong><\/p>\n<ul>\n<li><a href=\"https:\/\/portal.uern.br\/proeg\/wp-content\/uploads\/2023\/08\/PPC-Historia-CAA-2014-Atualizado-em-2016.pdf\">Projeto Pedag\u00f3gico (2014 &#8211; Atualizado em 2016)<\/a><\/li>\n<li><a href=\"https:\/\/portal.uern.br\/proeg\/wp-content\/uploads\/2025\/12\/PPP-2022-Historia-Assu-Homologado-em-18.12.2025.pdf\">Projeto Pedag\u00f3gico (2022 &#8211; Atualizado em 2025)<\/a><\/li>\n<\/ul>\n<p>&nbsp;<\/p>\n<p><strong>Letras &#8211; L\u00edngua Portuguesa &#8211;\u00a0Licenciatura\u00a0<\/strong><\/p>\n<ul>\n<li><a href=\"https:\/\/portal.uern.br\/proeg\/wp-content\/uploads\/2023\/08\/PPC-Letras-Lingua-Portuguesa-CAA-2014-Atualizado-em-2019.pdf\">Projeto Pedag\u00f3gico (2014 &#8211; Atualizado em 2019)<\/a><\/li>\n<li><a href=\"https:\/\/portal.uern.br\/proeg\/wp-content\/uploads\/2023\/07\/PPC-Letras-Lingua-Portuguesa-Licenciatura-2022.pdf\">Projeto Pedag\u00f3gico (2022)<\/a><\/li>\n<\/ul>\n<p>&nbsp;<\/p>\n<p><strong>Letras &#8211; L\u00edngua Inglesa\u00a0 &#8211; Licenciatura<\/strong><\/p>\n<ul>\n<li><a href=\"https:\/\/portal.uern.br\/proeg\/wp-content\/uploads\/2023\/08\/PPC-Letras-Lingua-Inglesa-CAA-2014-Atualizado-em-2019.pdf\">Projeto Pedag\u00f3gico (2014 &#8211; Atualizado em 2019)<\/a><\/li>\n<li><a href=\"https:\/\/portal.uern.br\/proeg\/wp-content\/uploads\/2023\/07\/PPC-Letras-Lingua-Inglesa-CAA-2023.pdf\">Projeto Pedag\u00f3gico (2023)<\/a><\/li>\n<\/ul>\n<p>&nbsp;<\/p>\n<p><strong>Pedagogia &#8211;\u00a0Licenciatura<\/strong><\/p>\n<ul>\n<li><a href=\"https:\/\/portal.uern.br\/proeg\/wp-content\/uploads\/2023\/08\/PPC-Pedagogia-CAA-2008-Atualizado-em-2019.pdf\">Projeto Pedag\u00f3gico (2008 &#8211; Atualizado em 2019)<\/a><\/li>\n<li><a href=\"https:\/\/portal.uern.br\/proeg\/wp-content\/uploads\/2026\/03\/PPC-2023-Pedagogia-Campus-de-Assu-Homologado-em-25.03.2026.pdf\">Projeto Pedag\u00f3gico (2023 &#8211; Atualizado em 2026)<\/a><\/li>\n<\/ul>\n","protected":false},"excerpt":{"rendered":"<p>CURSOS DE GRADUA\u00c7\u00c3O \u2013 MODALIDADE PRESENCIAL &nbsp; Ci\u00eancias Econ\u00f4micas &#8211; Bacharelado Projeto Pedag\u00f3gico (2015 &#8211; Atualizado em 2025) Projeto Pedag\u00f3gico (2022 &#8211; Atualizado em 2025) &nbsp; Geografia &#8211; Licenciatura Projeto Pedag\u00f3gico (2014 &#8211; Atualizado em 2018) Projeto Pedag\u00f3gico (2023) &nbsp; Hist\u00f3ria &#8211; Licenciatura\u00a0 Projeto Pedag\u00f3gico (2014 &#8211; Atualizado em 2016) Projeto Pedag\u00f3gico (2022 &#8211; Atualizado [&hellip;]<\/p>\n","protected":false},"author":4,"featured_media":0,"parent":1464,"menu_order":0,"comment_status":"closed","ping_status":"closed","template":"","meta":{"footnotes":""},"class_list":["post-1472","page","type-page","status-publish","hentry"],"_links":{"self":[{"href":"https:\/\/portal.uern.br\/proeg\/wp-json\/wp\/v2\/pages\/1472","targetHints":{"allow":["GET"]}}],"collection":[{"href":"https:\/\/portal.uern.br\/proeg\/wp-json\/wp\/v2\/pages"}],"about":[{"href":"https:\/\/portal.uern.br\/proeg\/wp-json\/wp\/v2\/types\/page"}],"author":[{"embeddable":true,"href":"https:\/\/portal.uern.br\/proeg\/wp-json\/wp\/v2\/users\/4"}],"replies":[{"embeddable":true,"href":"https:\/\/portal.uern.br\/proeg\/wp-json\/wp\/v2\/comments?post=1472"}],"version-history":[{"count":20,"href":"https:\/\/portal.uern.br\/proeg\/wp-json\/wp\/v2\/pages\/1472\/revisions"}],"predecessor-version":[{"id":4668,"href":"https:\/\/portal.uern.br\/proeg\/wp-json\/wp\/v2\/pages\/1472\/revisions\/4668"}],"up":[{"embeddable":true,"href":"https:\/\/portal.uern.br\/proeg\/wp-json\/wp\/v2\/pages\/1464"}],"wp:attachment":[{"href":"https:\/\/portal.uern.br\/proeg\/wp-json\/wp\/v2\/media?parent=1472"}],"curies":[{"name":"wp","href":"https:\/\/api.w.org\/{rel}","templated":true}]}}