{"id":1466,"date":"2023-07-31T09:51:56","date_gmt":"2023-07-31T12:51:56","guid":{"rendered":"https:\/\/portal.uern.br\/proeg\/?page_id=1466"},"modified":"2026-04-17T10:19:38","modified_gmt":"2026-04-17T13:19:38","slug":"campus-central","status":"publish","type":"page","link":"https:\/\/portal.uern.br\/proeg\/projetos-pedagogicos\/campus-central\/","title":{"rendered":"Campus de Mossor\u00f3"},"content":{"rendered":"<h5><strong>CURSOS DE GRADUA\u00c7\u00c3O &#8211; MODALIDADE PRESENCIAL<\/strong><\/h5>\n<p>&nbsp;<\/p>\n<p><strong>Agroecologia &#8211; Tecn\u00f3logo<\/strong><\/p>\n<ul>\n<li><a href=\"https:\/\/portal.uern.br\/proeg\/wp-content\/uploads\/2023\/07\/PPC-Agroecologia-2021-Campus-Central-Atualizado_Alterado-em-31.03.2023.pdf\">Projeto Pedag\u00f3gico (2021 &#8211;\u00a0 Atualizado em 2023)<\/a><\/li>\n<\/ul>\n<p>&nbsp;<\/p>\n<p><strong>Administra\u00e7\u00e3o &#8211; Bacharelado<\/strong><\/p>\n<ul>\n<li><a href=\"https:\/\/portal.uern.br\/proeg\/wp-content\/uploads\/2025\/10\/PPC-2014-Administracao-Campus-de-Mossoro-Homologado-em-01.10.2025.pdf\">Projeto Pedag\u00f3gico (2014 &#8211; Atualizado em 2025)<\/a><\/li>\n<li><a href=\"https:\/\/portal.uern.br\/proeg\/wp-content\/uploads\/2025\/09\/PPC-2023-Administracao-Bacharelado-Campus-de-Mossoro-Homologado-em-09.09.2025.pdf\">Projeto Pedag\u00f3gico (2023 &#8211; Atualizado em 2025)<\/a><\/li>\n<\/ul>\n<p>&nbsp;<\/p>\n<p><strong>Ci\u00eancias Biol\u00f3gicas &#8211; Licenciatura<\/strong><\/p>\n<ul>\n<li><a href=\"https:\/\/portal.uern.br\/proeg\/wp-content\/uploads\/2025\/07\/PPC-2006-Ciencias-Biologicas-Lic.-Homologado-em-11.07.2025.pdf\">Projeto Pedag\u00f3gico (2006 &#8211; Atualizado em 2025)<\/a><\/li>\n<li><a href=\"https:\/\/portal.uern.br\/proeg\/wp-content\/uploads\/2026\/04\/PPC-2023-Ciencias-Biologicas-Licenciatura-Campus-de-Mossoro-Homologado-em-08.04.2026.pdf\">Projeto Pedag\u00f3gico (2023 &#8211; Atualizado em 2026)<\/a><\/li>\n<\/ul>\n<p>&nbsp;<\/p>\n<p><strong>Ci\u00eancias Biol\u00f3gicas &#8211; Bacharelado<\/strong><\/p>\n<ul>\n<li><a href=\"https:\/\/portal.uern.br\/proeg\/wp-content\/uploads\/2025\/07\/PPC-2017-Ciencias-Biologicas-Bach.-Homologado-em-14.07.2025.pdf\">Projeto Pedag\u00f3gico (2017 &#8211; Atualizado em 2025)<\/a><\/li>\n<li><a href=\"https:\/\/portal.uern.br\/proeg\/wp-content\/uploads\/2024\/08\/PPC-2025-CIENCIA-BIOLOGICAS-BACH-MOSSORO-HOMOLOGADO-EM-28.08.2024.pdf\">Projeto Pedag\u00f3gico (2025)<\/a><\/li>\n<\/ul>\n<p>&nbsp;<\/p>\n<p><strong>Ci\u00eancia da Computa\u00e7\u00e3o &#8211; Bacharelado<\/strong><\/p>\n<ul>\n<li><a href=\"https:\/\/portal.uern.br\/proeg\/wp-content\/uploads\/2023\/08\/PPC-Ciencia-da-Computacao-FANAT-2001.pdf\">Projeto Pedag\u00f3gico (2001 &#8211; Atualizado em 2019<\/a>)<\/li>\n<li><a href=\"https:\/\/portal.uern.br\/proeg\/wp-content\/uploads\/2024\/05\/PPC-2022-Ciencia-da-Computacao-Mossoro-Termo-de-homologacao-em-06.05.2024.pdf\">Projeto Pedag\u00f3gico (2022 &#8211; Atualizado em 2024)<\/a><\/li>\n<\/ul>\n<p>&nbsp;<\/p>\n<p><strong>Ci\u00eancias Cont\u00e1beis &#8211; Bacharelado<\/strong><\/p>\n<ul>\n<li><a href=\"https:\/\/portal.uern.br\/proeg\/wp-content\/uploads\/2023\/10\/PPC-Ciencias-Contabeis-FACEM-2017-Homologado-em-29.09.2023.pdf\">Projeto Pedag\u00f3gico (2017 &#8211; Atualizado em 2023)<\/a><\/li>\n<li><a href=\"https:\/\/portal.uern.br\/proeg\/wp-content\/uploads\/2024\/08\/PPC-2020-CIENCIAS-CONTABEIS-MOSSORO-HOMOLOGADO-EM-16.08.2024.pdf\">Projeto Pedag\u00f3gico (2020 &#8211; Atualizado em 2024)<\/a><\/li>\n<\/ul>\n<p>&nbsp;<\/p>\n<p><strong>Ci\u00eancias Econ\u00f4micas &#8211; Bacharelado<\/strong><\/p>\n<ul>\n<li><a href=\"https:\/\/portal.uern.br\/proeg\/wp-content\/uploads\/2023\/08\/PPC-Ciencias-Economicas-FACEM-2014.pdf\">Projeto Pedag\u00f3gico (2014)<\/a><\/li>\n<li><a href=\"https:\/\/portal.uern.br\/proeg\/wp-content\/uploads\/2025\/03\/PPC-2021-Ciencias-Economicas-Campus-de-Mossoro-homologado-em-07.03.2025.pdf\">Projeto Pedag\u00f3gico (2021 &#8211; Atualizado em 2025)<\/a><\/li>\n<\/ul>\n<p>&nbsp;<\/p>\n<p><strong>Ci\u00eancias Sociais &#8211; Licenciatura<\/strong><\/p>\n<ul>\n<li><a href=\"https:\/\/portal.uern.br\/proeg\/wp-content\/uploads\/2023\/08\/PPC-Ciencias-Sociais-Licenciatura-2006.pdf\">Projeto Pedag\u00f3gico (2006 &#8211; Atualizado em 2013)<\/a><\/li>\n<li><a href=\"https:\/\/portal.uern.br\/proeg\/wp-content\/uploads\/2025\/08\/PPC-2020-Ciencias-Sociais-Licenciatura-Campus-de-Mossoro-Homologado-em-25.08.2025.pdf\">Projeto Pedag\u00f3gico (2020 &#8211; Atualizado em 2025)<\/a><\/li>\n<\/ul>\n<p>&nbsp;<\/p>\n<p><strong>Ci\u00eancias Sociais &#8211; Bacharelado<\/strong><\/p>\n<ul>\n<li><a href=\"https:\/\/portal.uern.br\/proeg\/wp-content\/uploads\/2023\/08\/PPC-Ciencias-Sociais-Bacharelado-2014.pdf\">Projeto Pedag\u00f3gico (2014)<\/a><\/li>\n<li><a href=\"https:\/\/portal.uern.br\/proeg\/wp-content\/uploads\/2025\/08\/PPC-2021-Ciencias-Sociais-Bacharelado-Campus-de-Mossoro-Homologado-em-25.08.2025.pdf\">Projeto Pedag\u00f3gico (2021 &#8211; Atualizado em 2025)<\/a><\/li>\n<\/ul>\n<p>&nbsp;<\/p>\n<p><strong>Comunica\u00e7\u00e3o Social &#8211; Bacharelado<\/strong><\/p>\n<ul>\n<li><a href=\"https:\/\/portal.uern.br\/proeg\/wp-content\/uploads\/2023\/08\/PPC-Comunicacao-Social-2007.pdf\">Projeto Pedag\u00f3gico (2007 &#8211; Atualizado em 2018)<\/a><\/li>\n<\/ul>\n<p>&nbsp;<\/p>\n<p><strong>Direito &#8211; Bacharelado\u00a0<\/strong><\/p>\n<ul>\n<li><a href=\"https:\/\/portal.uern.br\/proeg\/wp-content\/uploads\/2023\/08\/PPC-Direito-2014.pdf\">Projeto Pedag\u00f3gico (2014)<\/a><\/li>\n<li><a href=\"https:\/\/portal.uern.br\/proeg\/wp-content\/uploads\/2025\/10\/PPC-2020-Direito-Campus-de-Mossoro-Homologado-em-15.10.2025.pdf\">Projeto Pedag\u00f3gico (2020 &#8211; Atualizado em 2025)<\/a><\/li>\n<\/ul>\n<p>&nbsp;<\/p>\n<p><strong>Educa\u00e7\u00e3o F\u00edsica &#8211; ABI<\/strong><\/p>\n<ul>\n<li><a href=\"https:\/\/portal.uern.br\/proeg\/wp-content\/uploads\/2024\/12\/PPC-2021-Educacao-Fisica-ABI-Campus-de-Mossoro-Homologado-em-06.12.2024.pdf\">Projeto Pedag\u00f3gico (2021 &#8211; Atualizado em 2024)<\/a><\/li>\n<\/ul>\n<p>&nbsp;<\/p>\n<p><strong>Educa\u00e7\u00e3o F\u00edsica &#8211; Licenciatura\u00a0<\/strong><\/p>\n<ul>\n<li><a href=\"https:\/\/portal.uern.br\/proeg\/wp-content\/uploads\/2023\/07\/PPC-Educacao-Fisica-Licenciatura-2020-Atualizado-em-2022.pdf\">Projeto Pedag\u00f3gico (2020)<\/a><\/li>\n<\/ul>\n<p>&nbsp;<\/p>\n<p><strong>Educa\u00e7\u00e3o F\u00edsica &#8211; Bacharelado\u00a0<\/strong><\/p>\n<ul>\n<li><a href=\"https:\/\/portal.uern.br\/proeg\/wp-content\/uploads\/2023\/09\/PPC-Educacao-Fisica-Bacharelado-2010-Homologado-em-22.09.2023.pdf\">Projeto Pedag\u00f3gico (2010 &#8211; Atualizado em 2023)<\/a><\/li>\n<\/ul>\n<p>&nbsp;<\/p>\n<p><strong>Enfermagem &#8211; Bacharelado e Licenciatura<\/strong><\/p>\n<ul>\n<li><a href=\"https:\/\/portal.uern.br\/proeg\/wp-content\/uploads\/2023\/12\/PPC-Enfermagem-Bach.-e-Lic.-2014-FAEN-Homologado-em-30.11.2023.pdf\">Projeto Pedag\u00f3gico (2014 &#8211; Atualizado em 2023)<\/a><\/li>\n<\/ul>\n<p>&nbsp;<\/p>\n<p><strong>Enfermagem &#8211; Bacharelado<\/strong><\/p>\n<ul>\n<li><a href=\"https:\/\/portal.uern.br\/proeg\/wp-content\/uploads\/2024\/12\/PPC-2021-Enfermagem-Bach.-Campus-de-Mossoro-Homologado-em-18.12.2024.pdf\">Projeto Pedag\u00f3gico (2021 &#8211; Atualizado em 2024)<\/a><\/li>\n<\/ul>\n<p>&nbsp;<\/p>\n<p><strong>Filosofia &#8211; Licenciatura<\/strong><\/p>\n<ul>\n<li><a href=\"https:\/\/portal.uern.br\/proeg\/wp-content\/uploads\/2023\/08\/PPC-Filosofia-FAFIC-2014-atualiazdo-em-2018.pdf\">Projeto Pedag\u00f3gico (2014 &#8211; Atualizado em 2018)<\/a><\/li>\n<li><a href=\"https:\/\/portal.uern.br\/proeg\/wp-content\/uploads\/2025\/07\/PPC-2023-Filosofia-Campus-de-Mossoro-Homologado-em-25.07.2025.pdf\">Projeto Pedag\u00f3gico (2023 &#8211; Atualizado em 2025)<\/a><\/li>\n<\/ul>\n<p>&nbsp;<\/p>\n<p><strong>F\u00edsica &#8211; Licenciatura<\/strong><\/p>\n<ul>\n<li><a href=\"https:\/\/portal.uern.br\/proeg\/wp-content\/uploads\/2025\/04\/PPC-2017-Fisica-Lic.-Campus-de-Mossoro-Homologado-em-09.04.2025_removed.pdf\">Projeto Pedag\u00f3gico (2016 &#8211; Atualizado em 2025)<\/a><\/li>\n<li><a href=\"https:\/\/portal.uern.br\/proeg\/wp-content\/uploads\/2024\/11\/PPC-Fisica-2022-FANAT-Homologado-em-05.11.2024.pdf\">Projeto Pedag\u00f3gico (2022 &#8211; Atualizado em 2024)<\/a><\/li>\n<\/ul>\n<p>&nbsp;<\/p>\n<p><strong>Geografia &#8211; Licenciatura<\/strong><\/p>\n<ul>\n<li><a href=\"https:\/\/portal.uern.br\/proeg\/wp-content\/uploads\/2025\/10\/PPC-2008-Geografia-Campus-de-Mossoro-Homologado-em-14.10.2025.pdf\">Projeto Pedag\u00f3gico (2008 &#8211; Atualizado em 2025)<\/a><\/li>\n<li><a href=\"https:\/\/portal.uern.br\/proeg\/wp-content\/uploads\/2026\/01\/PPC-2019-Geografia-Lic.-Mossoro-Homologado-em-07.01.2026.pdf\">Projeto Pedag\u00f3gico (2019 &#8211; Atualizado em 2026)<\/a><\/li>\n<li><a href=\"https:\/\/portal.uern.br\/proeg\/wp-content\/uploads\/2025\/10\/PPC-2022-Geografia-Campus-de-Mossoro-Homologado-em-10.10.2025.pdf\">Projeto Pedag\u00f3gico (2022 &#8211; Atualizado em 2025)<\/a><\/li>\n<li><a href=\"https:\/\/portal.uern.br\/proeg\/wp-content\/uploads\/2026\/01\/PPC-2024-Geografia-Lic.-Mossoro-Homologado-em-05.01.2026.pdf\">Projeto Pedag\u00f3gico (2024 &#8211; Atualizado em 2026)<\/a><\/li>\n<\/ul>\n<p>&nbsp;<\/p>\n<p><strong>Geografia &#8211; Bacharelado\u00a0<\/strong><\/p>\n<ul>\n<li><a href=\"https:\/\/portal.uern.br\/proeg\/wp-content\/uploads\/2026\/04\/PPC-2026-Geografia-Bacharelado-Campus-de-Mossoro-Homologado-em-17.04.2026.pdf\">Projeto Pedag\u00f3gico (2026)<\/a><\/li>\n<\/ul>\n<p>&nbsp;<\/p>\n<p><strong>Gest\u00e3o Ambiental &#8211;\u00a0Bacharelado<\/strong><\/p>\n<ul>\n<li><a href=\"https:\/\/portal.uern.br\/proeg\/wp-content\/uploads\/2026\/03\/PPC-2016-Gestao-Ambiental-Campus-de-Mossoro-Homologado-em-16.03.2026.pdf\">Projeto Pedag\u00f3gico (2016 &#8211; Atualizado em 2026)<\/a><\/li>\n<li><a href=\"https:\/\/portal.uern.br\/proeg\/wp-content\/uploads\/2026\/03\/PPC-2021-Gestao-Ambiental-Campus-de-Mossoro-Homologado-em-16.03.2026.pdf\">Projeto Pedag\u00f3gico (2021 &#8211; Atualizado em 2026)<\/a><\/li>\n<li><a href=\"https:\/\/portal.uern.br\/proeg\/wp-content\/uploads\/2026\/03\/PPC-2025-Gestao-Ambiental-Campus-de-Mossoro-Homologado-em-16.03.2026.pdf\">Projeto Pedag\u00f3gico (2025 &#8211; Atualizado em 2026)<\/a><\/li>\n<\/ul>\n<p>&nbsp;<\/p>\n<p><strong>Hist\u00f3ria &#8211; Licenciatura<\/strong><\/p>\n<ul>\n<li><a href=\"https:\/\/portal.uern.br\/proeg\/wp-content\/uploads\/2025\/08\/PPC-2019-Historia-Campus-de-Mossoro-Homologado-em-13.08.2025.pdf\">Projeto Pedag\u00f3gico (2019 &#8211; Atualizado em 2025)<\/a><\/li>\n<\/ul>\n<p>&nbsp;<\/p>\n<p><strong>Jornalismo &#8211; Bacharelado<\/strong><\/p>\n<ul>\n<li><a href=\"https:\/\/portal.uern.br\/proeg\/wp-content\/uploads\/2025\/10\/PPC-2016-Jornalismo-Campus-de-Mossoro-Homologado-em-08.10.2025.pdf\">Projeto Pedag\u00f3gico (2016 &#8211; Atualizado em 2025)<\/a><\/li>\n<li><a href=\"https:\/\/portal.uern.br\/proeg\/wp-content\/uploads\/2024\/11\/PPC-2021-Jornalismo-Bach.-Campus-Central-Homologado-em-22.11.2024.pdf\">Projeto Pedag\u00f3gico (2021 &#8211; Atualizado em 2024)<\/a><\/li>\n<\/ul>\n<p>&nbsp;<\/p>\n<p><strong>Letras &#8211; L\u00edngua Portuguesa &#8211; Licenciatura<\/strong><\/p>\n<ul>\n<li><a href=\"https:\/\/portal.uern.br\/proeg\/wp-content\/uploads\/2023\/08\/PPC-Letras-Lingua-Portuguesa-FALA-2014-Atualizado-em-2018.pdf\">Projeto Pedag\u00f3gico (2014 &#8211; Atualizado em 2018)<\/a><\/li>\n<li><a href=\"https:\/\/portal.uern.br\/proeg\/wp-content\/uploads\/2026\/04\/PPC-2021-Letras-Lingua-Portuguesa-FALA-Homologado-em-14.04.2026.pdf\">Projeto Pedag\u00f3gico (2021 &#8211; Atualizado em 2026)<\/a><\/li>\n<\/ul>\n<p>&nbsp;<\/p>\n<p><strong>Letras &#8211; L\u00edngua Inglesa &#8211; Licenciatura<\/strong><\/p>\n<ul>\n<li><a href=\"https:\/\/portal.uern.br\/proeg\/wp-content\/uploads\/2024\/09\/PPC-2015-Letras-Lingua-Inglesa-e-Respectivas-Licenciaturas-Campus-de-Mossoro-homologado-em-05.09.2024.pdf\">Projeto Pedag\u00f3gico (2014 &#8211; Atualizado em 2024)<\/a><\/li>\n<li><a href=\"https:\/\/portal.uern.br\/proeg\/wp-content\/uploads\/2026\/03\/PPC-2022-Letras-Lingua-Inglesa-Presencial-Campus-de-Mossoro-Homologado-em-13.03.2026.pdf\">Projeto Pedag\u00f3gico (2022 &#8211; Atualizado em 2026)<\/a><\/li>\n<li><a href=\"https:\/\/portal.uern.br\/proeg\/wp-content\/uploads\/2025\/02\/Resolucao-30-2022-Retifica-turnos-de-oferta-Letras-Espanhol-e-Ingles.pdf\">Resolu\u00e7\u00e3o UERN\/CONSEPE N\u00ba 006\/2022 &#8211; Retifica os turnos de oferta<\/a><\/li>\n<\/ul>\n<p>&nbsp;<\/p>\n<p><strong>Letras &#8211; L\u00edngua Espanhola &#8211; Licenciatura<\/strong><\/p>\n<ul>\n<li><a href=\"https:\/\/portal.uern.br\/proeg\/wp-content\/uploads\/2025\/10\/PPC-2014-Letras-Lingua-Espanhola-Campus-de-Mossoro-Homologado-em-08.10.2025.pdf\">Projeto Pedag\u00f3gico (2014 &#8211; Atualizado em 2025)<\/a><\/li>\n<li><a href=\"https:\/\/portal.uern.br\/proeg\/wp-content\/uploads\/2026\/01\/PPC-2022-Letras-Lingua-Espanhola-Campus-de-Mossoro-Homologado-em-22.01.2026.pdf\">Projeto Pedag\u00f3gico (2022 &#8211; Atualizado em 2026)<\/a><\/li>\n<li><a href=\"https:\/\/portal.uern.br\/proeg\/wp-content\/uploads\/2025\/02\/Resolucao-30-2022-Retifica-turnos-de-oferta-Letras-Espanhol-e-Ingles.pdf\">Resolu\u00e7\u00e3o UERN\/CONSEPE N\u00ba 006\/2022 &#8211; Retifica os turnos de oferta<\/a><\/li>\n<\/ul>\n<p>&nbsp;<\/p>\n<p><strong>Matem\u00e1tica &#8211; Licenciatura<\/strong><\/p>\n<ul>\n<li><a href=\"https:\/\/portal.uern.br\/proeg\/wp-content\/uploads\/2025\/12\/PPC-Matematica-2006-Mossoro-Homologacao-em-10.12.2025.pdf\">Projeto Pedag\u00f3gico (2006 &#8211; Atualizado em 2025)<\/a><\/li>\n<li><a href=\"https:\/\/portal.uern.br\/proeg\/wp-content\/uploads\/2025\/08\/PPC-2022-Matematica-Licenciatura-Campus-de-Mossoro-Homologado-em-05.08.2025.pdf\">Projeto Pedag\u00f3gico (2022 &#8211; Atualizado em 2025)<\/a><\/li>\n<\/ul>\n<p>&nbsp;<\/p>\n<p><strong>Medicina &#8211; Bacharelado\u00a0<\/strong><\/p>\n<ul>\n<li><a href=\"https:\/\/portal.uern.br\/proeg\/wp-content\/uploads\/2023\/08\/PPC-Medicina-2014-alterado-em-22.07.2019.pdf\">Projeto Pedag\u00f3gico (2014)<\/a><\/li>\n<li><a href=\"https:\/\/portal.uern.br\/proeg\/wp-content\/uploads\/2026\/04\/PPC-2021-Medicina-Campus-de-Mossoro-Homologado-em-14.04.2026-Efeito-de-renovacao-de-reconhecimento.pdf\">Projeto Pedag\u00f3gico (2022 &#8211; Atualizado em 2026)<\/a><\/li>\n<\/ul>\n<p>&nbsp;<\/p>\n<p><strong>M\u00fasica &#8211; Licenciatura<\/strong><\/p>\n<ul>\n<li><a href=\"https:\/\/portal.uern.br\/proeg\/wp-content\/uploads\/2026\/03\/PPC-2019-Musica-Presencial-Campus-de-Mossoro-Homologado-em-12.03.2026.pdf\">Projeto Pedag\u00f3gico (2019 &#8211; Atualizado em 2026)<\/a><\/li>\n<li><a href=\"https:\/\/portal.uern.br\/proeg\/wp-content\/uploads\/2025\/02\/PPC-2025-Musica-Licenciatura-Campus-de-Mossoro-Homologado-em-20.02.2025.pdf\">Projeto Pedag\u00f3gico (2025)<\/a><\/li>\n<\/ul>\n<p>&nbsp;<\/p>\n<p><strong>Pedagogia &#8211; Licenciatura<\/strong><\/p>\n<ul>\n<li><a href=\"https:\/\/portal.uern.br\/proeg\/wp-content\/uploads\/2024\/12\/PPC-2008-Pedagogia-Lic.-Campus-de-Mossoro-Homologado-em-06.12.2024.pdf\">Projeto Pedag\u00f3gico (2008 &#8211; Atualizado em 2024)<\/a><\/li>\n<\/ul>\n<p>&nbsp;<\/p>\n<p><strong>Publicidade e Propaganda &#8211; Bacharelado<\/strong><\/p>\n<ul>\n<li><a href=\"https:\/\/portal.uern.br\/proeg\/wp-content\/uploads\/2023\/08\/PPC-Publicidade-e-Propaganda-2017.pdf\">Projeto Pedag\u00f3gico (2017)<\/a><\/li>\n<li><a href=\"https:\/\/portal.uern.br\/proeg\/wp-content\/uploads\/2025\/09\/PPC-2021-Publicidade-e-Propaganda-Campus-de-Mossoro-Homologado-em-25.09.2025.pdf\">Projeto Pedag\u00f3gico (2021 &#8211; Atualizado em 2025)<\/a><\/li>\n<\/ul>\n<p>&nbsp;<\/p>\n<p><strong>Qu\u00edmica &#8211; Licenciatura<\/strong><\/p>\n<ul>\n<li><a href=\"https:\/\/portal.uern.br\/proeg\/wp-content\/uploads\/2025\/02\/PPC-2006-Quimica-Licenciatura-Campus-de-Mossoro-Homologado-em-21.02.2025.pdf\">Projeto Pedag\u00f3gico (2006 &#8211; Atualizado em 2025)<\/a><\/li>\n<li><a href=\"https:\/\/portal.uern.br\/proeg\/wp-content\/uploads\/2025\/11\/PPC-2021-Quimica-Licenciatura-Campus-de-Mossoro-Homologado-em-14.11.2025.pdf\">Projeto Pedag\u00f3gico (2021 &#8211; Atualizado em 2025)<\/a><\/li>\n<\/ul>\n<p>&nbsp;<\/p>\n<p><strong>R\u00e1dio, TV e Internet<\/strong><\/p>\n<ul>\n<li><a href=\"https:\/\/portal.uern.br\/proeg\/wp-content\/uploads\/2024\/07\/PPC-2018-Radio-Tv-e-Internet-Termo-de-homologacao-09.07.2024.pdf\">Projeto Pedag\u00f3gico (2018 &#8211; Atualizado em 2024)<\/a><\/li>\n<li><a href=\"https:\/\/portal.uern.br\/proeg\/wp-content\/uploads\/2025\/10\/PPC-2026-Radio-TV-e-Internet-Bacharelado-Campus-de-Mossoro-Homologado-em-29.10.2025.pdf\">Projeto Pedag\u00f3gico (2026)<\/a><\/li>\n<\/ul>\n<p>&nbsp;<\/p>\n<p><strong>Servi\u00e7o Social &#8211; Bacharelado\u00a0<\/strong><\/p>\n<ul>\n<li><a href=\"https:\/\/portal.uern.br\/proeg\/wp-content\/uploads\/2025\/12\/PPC-2010-Servico-Social-Bacharelado-Campus-de-Mossoro-Homologado-em-08.12.2025.pdf\">Projeto Pedag\u00f3gico (2010 &#8211; Atualizado em 2025)<\/a><\/li>\n<li><a href=\"https:\/\/portal.uern.br\/proeg\/wp-content\/uploads\/2023\/07\/PPC-Servico-Social-2023.pdf\">Projeto Pedag\u00f3gico (2023)<\/a><\/li>\n<\/ul>\n<p>&nbsp;<\/p>\n<p><strong>Turismo &#8211; Bacharelado\u00a0<\/strong><\/p>\n<ul>\n<li><a href=\"https:\/\/portal.uern.br\/proeg\/wp-content\/uploads\/2025\/07\/PPC-2008-Turismo-Bacharelado-Campus-de-Mossoro-Homologado-em-17.07.2025.pdf\">Projeto Pedag\u00f3gico (2008 &#8211; Atualizado em 2025)<\/a><\/li>\n<li><a href=\"https:\/\/portal.uern.br\/proeg\/wp-content\/uploads\/2026\/02\/PPC-2023-Turismo-Bacharelado-Campus-de-Mossoro-Homologado-em-23.02.2026.pdf\">Projeto Pedag\u00f3gico (2023 &#8211; Atualizado em 2026)<\/a><\/li>\n<\/ul>\n<p>&nbsp;<\/p>\n<h5><strong>CURSOS DE GRADUA\u00c7\u00c3O &#8211; MODALIDADE EaD (UAB)<\/strong><\/h5>\n<p>&nbsp;<\/p>\n<p><strong>Letras &#8211; L\u00edngua Portuguesa &#8211; Licenciatura<\/strong><\/p>\n<ul>\n<li><a href=\"https:\/\/portal.uern.br\/proeg\/wp-content\/uploads\/2023\/08\/PPC-Letras-Lingua-Portguesa-EaD-2011.pdf\">Projeto Pedag\u00f3gico (2011)<\/a><\/li>\n<li><a href=\"https:\/\/portal.uern.br\/proeg\/wp-content\/uploads\/2025\/04\/PPC-2022-Letras-Lingua-Portuguesa-EaD-Campus-de-Mossoro-Homologado-em-24.04.2025.pdf\">Projeto Pedag\u00f3gico (2022 &#8211; Atualizado em 2025)<\/a><\/li>\n<\/ul>\n<p>&nbsp;<\/p>\n<p><strong>Letras &#8211; L\u00edngua Inglesa &#8211; Licenciatura<\/strong><\/p>\n<ul>\n<li><a href=\"https:\/\/portal.uern.br\/proeg\/wp-content\/uploads\/2025\/10\/PPC-2021-Letras-Lingua-Inglesa-EaD-Campus-de-Mossoro-Homologado-em-22.10.2025.pdf\">Projeto Pedag\u00f3gico (2021 &#8211; Atualizado em 2025)<\/a><\/li>\n<\/ul>\n<p>&nbsp;<\/p>\n<p><strong>M\u00fasica &#8211; Licenciatura<\/strong><\/p>\n<ul>\n<li><a href=\"https:\/\/portal.uern.br\/proeg\/wp-content\/uploads\/2023\/07\/PPC-Musica-Licenciatura-EaD-2021-Atualizado-em-2022.pdf\">Projeto Pedag\u00f3gico (2021 &#8211; Atualizado em 2022)<\/a><\/li>\n<\/ul>\n<p>&nbsp;<\/p>\n<p><strong>Pedagogia &#8211; Licenciatura<\/strong><\/p>\n<ul>\n<li><a href=\"https:\/\/portal.uern.br\/proeg\/wp-content\/uploads\/2024\/12\/PPC-2022-Pedagogia-EaD-Campus-de-Mossoro-Homologado-em-20.12.2024.pdf\">Projeto Pedag\u00f3gico (2022 &#8211; Atualizado em 2024)<\/a><\/li>\n<\/ul>\n","protected":false},"excerpt":{"rendered":"<p>CURSOS DE GRADUA\u00c7\u00c3O &#8211; MODALIDADE PRESENCIAL &nbsp; Agroecologia &#8211; Tecn\u00f3logo Projeto Pedag\u00f3gico (2021 &#8211;\u00a0 Atualizado em 2023) &nbsp; Administra\u00e7\u00e3o &#8211; Bacharelado Projeto Pedag\u00f3gico (2014 &#8211; Atualizado em 2025) Projeto Pedag\u00f3gico (2023 &#8211; Atualizado em 2025) &nbsp; Ci\u00eancias Biol\u00f3gicas &#8211; Licenciatura Projeto Pedag\u00f3gico (2006 &#8211; Atualizado em 2025) Projeto Pedag\u00f3gico (2023 &#8211; Atualizado em 2026) &nbsp; [&hellip;]<\/p>\n","protected":false},"author":4,"featured_media":0,"parent":1464,"menu_order":0,"comment_status":"closed","ping_status":"closed","template":"","meta":{"footnotes":""},"class_list":["post-1466","page","type-page","status-publish","hentry"],"_links":{"self":[{"href":"https:\/\/portal.uern.br\/proeg\/wp-json\/wp\/v2\/pages\/1466","targetHints":{"allow":["GET"]}}],"collection":[{"href":"https:\/\/portal.uern.br\/proeg\/wp-json\/wp\/v2\/pages"}],"about":[{"href":"https:\/\/portal.uern.br\/proeg\/wp-json\/wp\/v2\/types\/page"}],"author":[{"embeddable":true,"href":"https:\/\/portal.uern.br\/proeg\/wp-json\/wp\/v2\/users\/4"}],"replies":[{"embeddable":true,"href":"https:\/\/portal.uern.br\/proeg\/wp-json\/wp\/v2\/comments?post=1466"}],"version-history":[{"count":159,"href":"https:\/\/portal.uern.br\/proeg\/wp-json\/wp\/v2\/pages\/1466\/revisions"}],"predecessor-version":[{"id":4720,"href":"https:\/\/portal.uern.br\/proeg\/wp-json\/wp\/v2\/pages\/1466\/revisions\/4720"}],"up":[{"embeddable":true,"href":"https:\/\/portal.uern.br\/proeg\/wp-json\/wp\/v2\/pages\/1464"}],"wp:attachment":[{"href":"https:\/\/portal.uern.br\/proeg\/wp-json\/wp\/v2\/media?parent=1466"}],"curies":[{"name":"wp","href":"https:\/\/api.w.org\/{rel}","templated":true}]}}