{"id":1464,"date":"2023-07-31T09:47:48","date_gmt":"2023-07-31T12:47:48","guid":{"rendered":"https:\/\/portal.uern.br\/proeg\/?page_id=1464"},"modified":"2025-05-05T11:43:23","modified_gmt":"2025-05-05T14:43:23","slug":"projetos-pedagogicos","status":"publish","type":"page","link":"https:\/\/portal.uern.br\/proeg\/projetos-pedagogicos\/","title":{"rendered":"Projetos Pedag\u00f3gicos"},"content":{"rendered":"<p>&nbsp;<\/p>\n<p><a href=\"https:\/\/portal.uern.br\/proeg\/projetos-pedagogicos\/campus-de-assu\/\">Campus de Ass\u00fa<\/a><\/p>\n<p><a href=\"https:\/\/portal.uern.br\/proeg\/projetos-pedagogicos\/campus-de-caico\/\">Campus de Caic\u00f3<\/a><\/p>\n<p><a href=\"https:\/\/portal.uern.br\/proeg\/projetos-pedagogicos\/campus-central\/\">Campus de Mossor\u00f3<\/a><\/p>\n<p><a href=\"https:\/\/portal.uern.br\/proeg\/projetos-pedagogicos\/campus-de-natal\/\">Campus de Natal<\/a><\/p>\n<p><a href=\"https:\/\/portal.uern.br\/proeg\/projetos-pedagogicos\/campus-de-patu\/\">Campus de Patu<\/a><\/p>\n<p><a href=\"https:\/\/portal.uern.br\/proeg\/projetos-pedagogicos\/campus-de-pau-dos-ferros\/\">Campus de Pau dos Ferros<\/a><\/p>\n","protected":false},"excerpt":{"rendered":"<p>&nbsp; Campus de Ass\u00fa Campus de Caic\u00f3 Campus de Mossor\u00f3 Campus de Natal Campus de Patu Campus de Pau dos Ferros<\/p>\n","protected":false},"author":4,"featured_media":0,"parent":0,"menu_order":0,"comment_status":"closed","ping_status":"closed","template":"","meta":{"footnotes":""},"class_list":["post-1464","page","type-page","status-publish","hentry"],"_links":{"self":[{"href":"https:\/\/portal.uern.br\/proeg\/wp-json\/wp\/v2\/pages\/1464","targetHints":{"allow":["GET"]}}],"collection":[{"href":"https:\/\/portal.uern.br\/proeg\/wp-json\/wp\/v2\/pages"}],"about":[{"href":"https:\/\/portal.uern.br\/proeg\/wp-json\/wp\/v2\/types\/page"}],"author":[{"embeddable":true,"href":"https:\/\/portal.uern.br\/proeg\/wp-json\/wp\/v2\/users\/4"}],"replies":[{"embeddable":true,"href":"https:\/\/portal.uern.br\/proeg\/wp-json\/wp\/v2\/comments?post=1464"}],"version-history":[{"count":6,"href":"https:\/\/portal.uern.br\/proeg\/wp-json\/wp\/v2\/pages\/1464\/revisions"}],"predecessor-version":[{"id":3921,"href":"https:\/\/portal.uern.br\/proeg\/wp-json\/wp\/v2\/pages\/1464\/revisions\/3921"}],"wp:attachment":[{"href":"https:\/\/portal.uern.br\/proeg\/wp-json\/wp\/v2\/media?parent=1464"}],"curies":[{"name":"wp","href":"https:\/\/api.w.org\/{rel}","templated":true}]}}