{"id":1363,"date":"2023-06-07T16:29:10","date_gmt":"2023-06-07T19:29:10","guid":{"rendered":"https:\/\/portal.uern.br\/proeg\/?page_id=1363"},"modified":"2023-06-07T16:29:10","modified_gmt":"2023-06-07T19:29:10","slug":"relatorios","status":"publish","type":"page","link":"https:\/\/portal.uern.br\/proeg\/relatorios\/","title":{"rendered":"Relat\u00f3rios"},"content":{"rendered":"<p><strong>CONSOLIDADO DOS RELAT\u00d3RIOS DE EST\u00c1GIO &#8211;\u00a0 INFORMA\u00c7\u00d5ES QUANTITATIVAS<\/strong><\/p>\n<ul>\n<li><a href=\"https:\/\/portal.uern.br\/proeg\/wp-content\/uploads\/2023\/06\/CONSOLIDADO-RELATORIOS-DE-ESTAGIO-2022.docx.pdf\">2022<\/a><\/li>\n<\/ul>\n","protected":false},"excerpt":{"rendered":"<p>CONSOLIDADO DOS RELAT\u00d3RIOS DE EST\u00c1GIO &#8211;\u00a0 INFORMA\u00c7\u00d5ES QUANTITATIVAS 2022<\/p>\n","protected":false},"author":4,"featured_media":0,"parent":0,"menu_order":0,"comment_status":"closed","ping_status":"closed","template":"","meta":{"footnotes":""},"class_list":["post-1363","page","type-page","status-publish","hentry"],"_links":{"self":[{"href":"https:\/\/portal.uern.br\/proeg\/wp-json\/wp\/v2\/pages\/1363","targetHints":{"allow":["GET"]}}],"collection":[{"href":"https:\/\/portal.uern.br\/proeg\/wp-json\/wp\/v2\/pages"}],"about":[{"href":"https:\/\/portal.uern.br\/proeg\/wp-json\/wp\/v2\/types\/page"}],"author":[{"embeddable":true,"href":"https:\/\/portal.uern.br\/proeg\/wp-json\/wp\/v2\/users\/4"}],"replies":[{"embeddable":true,"href":"https:\/\/portal.uern.br\/proeg\/wp-json\/wp\/v2\/comments?post=1363"}],"version-history":[{"count":2,"href":"https:\/\/portal.uern.br\/proeg\/wp-json\/wp\/v2\/pages\/1363\/revisions"}],"predecessor-version":[{"id":1365,"href":"https:\/\/portal.uern.br\/proeg\/wp-json\/wp\/v2\/pages\/1363\/revisions\/1365"}],"wp:attachment":[{"href":"https:\/\/portal.uern.br\/proeg\/wp-json\/wp\/v2\/media?parent=1363"}],"curies":[{"name":"wp","href":"https:\/\/api.w.org\/{rel}","templated":true}]}}