{"id":1046,"date":"2023-05-11T16:50:56","date_gmt":"2023-05-11T19:50:56","guid":{"rendered":"https:\/\/portal.uern.br\/proeg\/?page_id=1046"},"modified":"2025-11-10T12:53:18","modified_gmt":"2025-11-10T15:53:18","slug":"equipe","status":"publish","type":"page","link":"https:\/\/portal.uern.br\/proeg\/equipe\/","title":{"rendered":"Equipe"},"content":{"rendered":"<h4><strong>PR\u00d3-REITORA<\/strong><\/h4>\n<p><strong>Profa. Dra.<\/strong> Fernanda Abreu de Oliveira<\/p>\n<h4><strong>PR\u00d3-REITOR ADJUNTO<\/strong><\/h4>\n<p><b>Prof. Dr.\u00a0<\/b>Rommel Wladimir de Lima<\/p>\n<h5><strong>SECRETARIA GERAL<\/strong><\/h5>\n<p>Rid\u00e1gna Zulmira de Almeida<\/p>\n<p>Josias Alves de G\u00f3is<\/p>\n<p><strong>E-mail:<\/strong> proeg@uern.br<\/p>\n<h4>ASSESSORES<\/h4>\n<h5>Assessorias de Gabinete<\/h5>\n<p><strong>TNS Ma<\/strong>. Venaide Maia Dantas<\/p>\n<p><strong>TNS<\/strong> Renato Andr\u00e9 de Ara\u00fajo Souza<\/p>\n<p><strong>Prof. Dr<\/strong>. Carlos Heitor Pereira Liberalino<\/p>\n<p><b>TNS\u00a0<\/b><strong>Ma<\/strong>. Natalyany Nunes Oliveira<\/p>\n<p><strong>E-mail:\u00a0<\/strong>assessoria.proeg@uern.br<\/p>\n<h4><strong>DIRETORIA DE CURSOS E INOVA\u00c7\u00c3O CURRICULAR &#8211; DCIC<\/strong><\/h4>\n<h5><strong style=\"font-size: 0.83em\">Diretora<\/strong><\/h5>\n<p><strong>Prof\u00aa. Dr\u00aa<\/strong>. Adriana Morais Jales<\/p>\n<h5><strong style=\"font-size: 0.83em\">SECRETARIA<\/strong><span style=\"font-size: 0.83em\">\u00a0<\/span><\/h5>\n<p><strong>TNS.<\/strong> Mar\u00edlia Gabriela Nascimento Fran\u00e7a<\/p>\n<p><strong>E-mail:\u00a0<\/strong>dcic.proeg@uern.br<\/p>\n<h5><strong style=\"font-size: 0.83em\">&#8211; Departamento Sistemas Acad\u00eamicos<\/strong><\/h5>\n<p><strong>Prof.\u00a0Dr.<\/strong>\u00a0Iron Macedo Dantas &#8211;\u00a0(Chefe Departamento)<\/p>\n<p><strong>TNS<\/strong>. Tha\u00edsa Cristiany de Carvalho Costa &#8211; (Chefe Setor Gest\u00e3o dos Sistemas Acad\u00eamicos)<\/p>\n<p><strong>TNM.<\/strong> <strong>Me.<\/strong> Francisco Gilson do Nascimento &#8211;\u00a0(Chefe Setor Apoio aos Departamentos Acad\u00eamicos)<\/p>\n<p><strong>TNS Ma. <\/strong>Monalisa de Lima Martins (Secretaria)<\/p>\n<p><strong>E-mail:\u00a0<\/strong>sigaa.proeg@uern.br<\/p>\n<h5>&#8211; <strong>Departamento de Est\u00e1gio Obrigat\u00f3rio<\/strong><\/h5>\n<p><strong>Profa. Ma. <\/strong>Sirleyde Dias de Almeida\u00a0(Chefe Departamento de Est\u00e1gios Obrigat\u00f3rios)<\/p>\n<p><strong>TNS<\/strong>. Arthur Pereira de Ara\u00fajo Neto\u00a0(Chefe Setor de Articula\u00e7\u00e3o)<\/p>\n<p><strong>TNS<\/strong>. Gilson Freire da Silveira Filho\u00a0(Chefe Setor de Conv\u00eanios)<\/p>\n<p><strong>TNS<\/strong>. Eloi Edemar Fernandes Neto (Secretaria)<\/p>\n<p><strong>E-mail:\u00a0<\/strong>estagiosobrigatorios.proeg@uern.br<\/p>\n<h5><strong style=\"font-size: 0.83em\">&#8211; Departamento de Gradua\u00e7\u00e3o e Cursos T\u00e9cnicos<\/strong><\/h5>\n<p><strong>Prof. Dr<\/strong>. Alcivan Nunes Vieira (Chefe Departamento de Gradua\u00e7\u00e3o e Cursos T\u00e9cnicos)<\/p>\n<p><strong>TNM.<\/strong> Fernando Henrique Soares Fernandes (Secret\u00e1rio)<\/p>\n<p><strong>E-mail:\u00a0<\/strong>cursosdegraduacao@uern.br<\/p>\n<p><b>Profa. Dra. Aylla Gabriella Paiva de Ara\u00fajo<\/b> (Chefe do Setor de Cursos de Bacharelado)<\/p>\n<p><strong>TNM<\/strong> Samuel Ferreira da Silva Rocha<\/p>\n<p><strong>E-mail:<\/strong> setorbacharelado.proeg@uern.br<\/p>\n<p><strong>Prof\u00aa. Dr\u00aa.<\/strong> Regina C\u00e9lia Pereira Marques (Chefe Setor de Cursos de Licenciaturas)<\/p>\n<p><strong>TNM<\/strong> Vinicius Eduardo Albuquerque de Mendon\u00e7a<\/p>\n<p><strong>E-mail: <\/strong>setorlicenciatura.proeg@uern.br<\/p>\n<p><strong>TNS.<\/strong> Larissa Aquino de Sousa Queiroz (Chefe Setor de Cursos T\u00e9cnicos)<\/p>\n<p><strong>E-mail:\u00a0<\/strong>cursostecnicos@uern.br<\/p>\n<h4><strong style=\"font-size: 0.83em\">PARFOR<\/strong><\/h4>\n<h5><strong>COORDENADORA INSTITUCIONAL<\/strong><\/h5>\n<p><strong>Prof\u00aa. Dr<\/strong>. Heronilson Pinto Freire<\/p>\n<p><strong>TNS.<\/strong> Isaac Carlos de Freitas (Secretaria)<\/p>\n<p><strong>E-mail:\u00a0<\/strong>parfor@uern.br<\/p>\n<h4><strong>DIRETORIA DE ADMISS\u00c3O, REGISTRO E CONTROLE ACAD\u00caMICO &#8211; DIRCA<\/strong><\/h4>\n<h5><strong>Diretor<\/strong><\/h5>\n<p><strong>Prof. Dr<\/strong>. Jos\u00e9 Mairton Figueiredo de Fran\u00e7a<\/p>\n<h5><strong>SECRETARIA<\/strong><\/h5>\n<p><strong>TNS<\/strong> Kaliane de Mesquita Trajano Lima<\/p>\n<p><strong>E-mail: <\/strong>direcao.dirca@uern.br<\/p>\n<p><strong>E-mail:\u00a0<\/strong>sec.dirca@uern.br<\/p>\n<h5><strong>SETOR DE CONTROLE ACAD\u00caMICO<\/strong><\/h5>\n<p><strong>TNS<\/strong> Ana Ang\u00e9lica Carlos de Oliveira Rodrigues<\/p>\n<p><strong>E-mail:\u00a0<\/strong>sae.dirca@uern.br<\/p>\n<h5><strong>SETOR DE DIPLOMAS<\/strong><\/h5>\n<p><strong>TNM<\/strong> Esp. Nelissimara Santos Soares<\/p>\n<p><strong>E-mail:\u00a0<\/strong>diplomas.dirca@uern.br<\/p>\n<h5><strong>SETOR DE ADMISS\u00c3O ACAD\u00caMICA<\/strong><\/h5>\n<p><strong>TNM Me.<\/strong> Jos\u00e9 Rodrigues da Silva Neto<\/p>\n<p><strong>E-mail:\u00a0<\/strong>admissao.dirca@uern.br<\/p>\n<h5><strong>SETOR DE ARQUIVO<\/strong><\/h5>\n<p><strong>TNS<\/strong> Francisco de Assis Silva<\/p>\n<p><strong>E-mail:\u00a0<\/strong>arquivo.dirca@uern.br<\/p>\n<p>&nbsp;<\/p>\n","protected":false},"excerpt":{"rendered":"<p>PR\u00d3-REITORA Profa. Dra. Fernanda Abreu de Oliveira PR\u00d3-REITOR ADJUNTO Prof. Dr.\u00a0Rommel Wladimir de Lima SECRETARIA GERAL Rid\u00e1gna Zulmira de Almeida Josias Alves de G\u00f3is E-mail: proeg@uern.br ASSESSORES Assessorias de Gabinete TNS Ma. Venaide Maia Dantas TNS Renato Andr\u00e9 de Ara\u00fajo Souza Prof. Dr. Carlos Heitor Pereira Liberalino TNS\u00a0Ma. Natalyany Nunes Oliveira E-mail:\u00a0assessoria.proeg@uern.br DIRETORIA DE CURSOS [&hellip;]<\/p>\n","protected":false},"author":2,"featured_media":0,"parent":0,"menu_order":0,"comment_status":"closed","ping_status":"closed","template":"","meta":{"footnotes":""},"class_list":["post-1046","page","type-page","status-publish","hentry"],"_links":{"self":[{"href":"https:\/\/portal.uern.br\/proeg\/wp-json\/wp\/v2\/pages\/1046","targetHints":{"allow":["GET"]}}],"collection":[{"href":"https:\/\/portal.uern.br\/proeg\/wp-json\/wp\/v2\/pages"}],"about":[{"href":"https:\/\/portal.uern.br\/proeg\/wp-json\/wp\/v2\/types\/page"}],"author":[{"embeddable":true,"href":"https:\/\/portal.uern.br\/proeg\/wp-json\/wp\/v2\/users\/2"}],"replies":[{"embeddable":true,"href":"https:\/\/portal.uern.br\/proeg\/wp-json\/wp\/v2\/comments?post=1046"}],"version-history":[{"count":23,"href":"https:\/\/portal.uern.br\/proeg\/wp-json\/wp\/v2\/pages\/1046\/revisions"}],"predecessor-version":[{"id":4396,"href":"https:\/\/portal.uern.br\/proeg\/wp-json\/wp\/v2\/pages\/1046\/revisions\/4396"}],"wp:attachment":[{"href":"https:\/\/portal.uern.br\/proeg\/wp-json\/wp\/v2\/media?parent=1046"}],"curies":[{"name":"wp","href":"https:\/\/api.w.org\/{rel}","templated":true}]}}