{"id":1032,"date":"2023-05-11T12:26:39","date_gmt":"2023-05-11T15:26:39","guid":{"rendered":"https:\/\/portal.uern.br\/proeg\/?page_id=1032"},"modified":"2025-10-31T10:49:59","modified_gmt":"2025-10-31T13:49:59","slug":"peg","status":"publish","type":"page","link":"https:\/\/portal.uern.br\/proeg\/estudantes-2\/peg\/","title":{"rendered":"PEG"},"content":{"rendered":"<p style=\"text-align: justify\">O\u00a0<strong>Projeto de Ensino de Gradua\u00e7\u00e3o<\/strong> \u2013 PEG\u00a0foi regulamentado pela <a href=\"https:\/\/portal.uern.br\/proeg\/wp-content\/uploads\/2023\/05\/Resolucao-33.2017-CONSEPE-Projeto-de-Ensino.pdf\">Resolu\u00e7\u00e3o N\u00b0 033\/2017-CONSEPE<\/a>, de 06 de setembro de 2017. Os Projetos de Ensino de Gradua\u00e7\u00e3o s\u00e3o propostos por um professor\/coordenador, que tra\u00e7a caminhos metodol\u00f3gicos em diferentes espa\u00e7os (laborat\u00f3rios, bibliotecas, espa\u00e7os da cidade etc.) e n\u00e3o somente na sala de aula. A fim de que o aluno possa aprender sobre diferentes estrat\u00e9gias de ensino em espa\u00e7os formais e n\u00e3o formais. Assim, os integrantes conhecem diferentes abordagens tem\u00e1ticas dentro da pr\u00f3pria \u00e1rea de forma\u00e7\u00e3o, aprendendo sobre a organiza\u00e7\u00e3o de propostas de ensino e adequa\u00e7\u00e3o de recursos que instrumentalizam a doc\u00eancia. Participam da proposta alunos de curso de gradua\u00e7\u00e3o (volunt\u00e1rios).<\/p>\n<p>&nbsp;<\/p>\n<p><strong>Equipe Respons\u00e1vel<\/strong><\/p>\n<p>Prof\u00aa. Dr\u00aa. Regina C\u00e9lia Pereira Marques<\/p>\n<p>Allano Fabr\u00edcio Vidal Padre (T\u00e9cnico Administrativo)<\/p>\n<p>Vinicius Eduardo Albuquerque de Medon\u00e7a (T\u00e9cnico Administrativo)<\/p>\n<p>&nbsp;<\/p>\n<p><strong>E-mail\/Chat:<\/strong> \u00a0peg@uern.br<\/p>\n<p><strong>Hor\u00e1rio de Atendimento:<\/strong>\u00a0 07h \u00e0s 18h<\/p>\n","protected":false},"excerpt":{"rendered":"<p>O\u00a0Projeto de Ensino de Gradua\u00e7\u00e3o \u2013 PEG\u00a0foi regulamentado pela Resolu\u00e7\u00e3o N\u00b0 033\/2017-CONSEPE, de 06 de setembro de 2017. Os Projetos de Ensino de Gradua\u00e7\u00e3o s\u00e3o propostos por um professor\/coordenador, que tra\u00e7a caminhos metodol\u00f3gicos em diferentes espa\u00e7os (laborat\u00f3rios, bibliotecas, espa\u00e7os da cidade etc.) e n\u00e3o somente na sala de aula. A fim de que o aluno [&hellip;]<\/p>\n","protected":false},"author":2,"featured_media":0,"parent":261,"menu_order":0,"comment_status":"closed","ping_status":"closed","template":"","meta":{"footnotes":""},"class_list":["post-1032","page","type-page","status-publish","hentry"],"_links":{"self":[{"href":"https:\/\/portal.uern.br\/proeg\/wp-json\/wp\/v2\/pages\/1032","targetHints":{"allow":["GET"]}}],"collection":[{"href":"https:\/\/portal.uern.br\/proeg\/wp-json\/wp\/v2\/pages"}],"about":[{"href":"https:\/\/portal.uern.br\/proeg\/wp-json\/wp\/v2\/types\/page"}],"author":[{"embeddable":true,"href":"https:\/\/portal.uern.br\/proeg\/wp-json\/wp\/v2\/users\/2"}],"replies":[{"embeddable":true,"href":"https:\/\/portal.uern.br\/proeg\/wp-json\/wp\/v2\/comments?post=1032"}],"version-history":[{"count":23,"href":"https:\/\/portal.uern.br\/proeg\/wp-json\/wp\/v2\/pages\/1032\/revisions"}],"predecessor-version":[{"id":4375,"href":"https:\/\/portal.uern.br\/proeg\/wp-json\/wp\/v2\/pages\/1032\/revisions\/4375"}],"up":[{"embeddable":true,"href":"https:\/\/portal.uern.br\/proeg\/wp-json\/wp\/v2\/pages\/261"}],"wp:attachment":[{"href":"https:\/\/portal.uern.br\/proeg\/wp-json\/wp\/v2\/media?parent=1032"}],"curies":[{"name":"wp","href":"https:\/\/api.w.org\/{rel}","templated":true}]}}