{"id":1006,"date":"2023-04-20T15:27:55","date_gmt":"2023-04-20T18:27:55","guid":{"rendered":"https:\/\/portal.uern.br\/proeg\/?page_id=1006"},"modified":"2023-05-12T15:18:27","modified_gmt":"2023-05-12T18:18:27","slug":"cpe","status":"publish","type":"page","link":"https:\/\/portal.uern.br\/proeg\/cpe\/","title":{"rendered":"CPE"},"content":{"rendered":"<p style=\"text-align: justify\">A Comiss\u00e3o Permanente de Ensino\u00a0 &#8211; CPE foi criada e regulamentada pela <a href=\"https:\/\/portal.uern.br\/proeg\/wp-content\/uploads\/2023\/05\/Resolucao-98.2016-CPE.pdf\">Resolu\u00e7\u00e3o 98\/2026 &#8211; Consepe<\/a>, de 07 de dezembro de 2016. A CPE \u00e9 um \u00f3rg\u00e3o colegiado de car\u00e1ter deliberativo, consultivo e propositivo, a quem cabe apreciar as mat\u00e9rias referentes aos cursos de gradua\u00e7\u00e3o e a\u00e7\u00f5es pertinentes ao Ensino de Gradua\u00e7\u00e3o no \u00e2mbito da UERN. Dentre suas compet\u00eancias est\u00e3o:<\/p>\n<p style=\"text-align: justify\">I. Analisar e emitir parecer sobre Projeto de Curso de Gradua\u00e7\u00e3o &#8211; PPC -, antes da delibera\u00e7\u00e3o do Conselho de Ensino, Pesquisa e Extens\u00e3o CONSEPE;<\/p>\n<p style=\"text-align: justify\">II. Emitir parecer sobre mat\u00e9rias relacionadas ao Ensino de Gradua\u00e7\u00e3o;<\/p>\n<p style=\"text-align: justify\">III. Propor normas internas relativas ao Ensino de Gradua\u00e7\u00e3o;<\/p>\n<p style=\"text-align: justify\">IV. Acompanhar e zelar pelo cumprimento da legisla\u00e7\u00e3o relativa ao Ensino de Gradua\u00e7\u00e3o, especialmente as Resolu\u00e7\u00f5es do Conselho Nacional de Educa\u00e7\u00e3o do Minist\u00e9rio da Educa\u00e7\u00e3o &#8211; CNE\/MEC -, as Portarias da Coordena\u00e7\u00e3o de Aperfei\u00e7oamento de Pessoal de N\u00edvel Superior do Minist\u00e9rio da Educa\u00e7\u00e3o &#8211; CAPES &#8211; e os atos normativos expedidos pelo Conselho Estadual de Educa\u00e7\u00e3o &#8211; CEE\/RN;<\/p>\n<p style=\"text-align: justify\">V. Acompanhar e zelar pelo cumprimento das normas estabelecidas pelo CONSEPE relativas ao Ensino de Gradua\u00e7\u00e3o;<\/p>\n<p style=\"text-align: justify\">VI. Analisar e emitir parecer sobre projetos de ensino de gradua\u00e7\u00e3o;<\/p>\n<p style=\"text-align: justify\">VII. Elaborar ou modificar seu pr\u00f3prio Regimento Interno, que dever\u00e1 ser aprovado pelo CONSEPE.<\/p>\n","protected":false},"excerpt":{"rendered":"<p>A Comiss\u00e3o Permanente de Ensino\u00a0 &#8211; CPE foi criada e regulamentada pela Resolu\u00e7\u00e3o 98\/2026 &#8211; Consepe, de 07 de dezembro de 2016. A CPE \u00e9 um \u00f3rg\u00e3o colegiado de car\u00e1ter deliberativo, consultivo e propositivo, a quem cabe apreciar as mat\u00e9rias referentes aos cursos de gradua\u00e7\u00e3o e a\u00e7\u00f5es pertinentes ao Ensino de Gradua\u00e7\u00e3o no \u00e2mbito da [&hellip;]<\/p>\n","protected":false},"author":2,"featured_media":0,"parent":0,"menu_order":0,"comment_status":"closed","ping_status":"closed","template":"","meta":{"footnotes":""},"class_list":["post-1006","page","type-page","status-publish","hentry"],"_links":{"self":[{"href":"https:\/\/portal.uern.br\/proeg\/wp-json\/wp\/v2\/pages\/1006","targetHints":{"allow":["GET"]}}],"collection":[{"href":"https:\/\/portal.uern.br\/proeg\/wp-json\/wp\/v2\/pages"}],"about":[{"href":"https:\/\/portal.uern.br\/proeg\/wp-json\/wp\/v2\/types\/page"}],"author":[{"embeddable":true,"href":"https:\/\/portal.uern.br\/proeg\/wp-json\/wp\/v2\/users\/2"}],"replies":[{"embeddable":true,"href":"https:\/\/portal.uern.br\/proeg\/wp-json\/wp\/v2\/comments?post=1006"}],"version-history":[{"count":4,"href":"https:\/\/portal.uern.br\/proeg\/wp-json\/wp\/v2\/pages\/1006\/revisions"}],"predecessor-version":[{"id":1063,"href":"https:\/\/portal.uern.br\/proeg\/wp-json\/wp\/v2\/pages\/1006\/revisions\/1063"}],"wp:attachment":[{"href":"https:\/\/portal.uern.br\/proeg\/wp-json\/wp\/v2\/media?parent=1006"}],"curies":[{"name":"wp","href":"https:\/\/api.w.org\/{rel}","templated":true}]}}