{"id":98,"date":"2022-10-19T11:14:05","date_gmt":"2022-10-19T14:14:05","guid":{"rendered":"https:\/\/paisdemossoro.com.br\/wordpress\/proeg\/sisu\/?page_id=98"},"modified":"2022-10-19T11:14:05","modified_gmt":"2022-10-19T14:14:05","slug":"legislacao","status":"publish","type":"page","link":"https:\/\/portal.uern.br\/proeg\/sisu\/legislacao\/","title":{"rendered":"Legisla\u00e7\u00e3o"},"content":{"rendered":"<h5>Leis aplicadas no Processo Seletivo de Vagas Iniciais (PSVI) da UERN via SiSU<\/h5>\n<p><a href=\"http:\/\/beta.apps.uern.br\/wordpress\/proeg\/sisu\/wp-content\/uploads\/sites\/3\/2022\/10\/0471lei_9.697_visao_monocular_como_deficiancia_visual.pdf\">LEI N\u00ba 9.697<\/a>-Disp\u00f5e sobre a classifica\u00e7\u00e3o da vis\u00e3o monocular como defici\u00eancia visual.<br \/>\n<a href=\"http:\/\/beta.apps.uern.br\/wordpress\/proeg\/sisu\/wp-content\/uploads\/sites\/3\/2022\/10\/0471lei_9696_2013.pdf\">LEI N\u00ba 9.696<\/a>-Reserva de 5% das vagas para pessoas Portadoras de Necessidades Especiais<\/p>\n<p><a href=\"http:\/\/beta.apps.uern.br\/wordpress\/proeg\/sisu\/wp-content\/uploads\/sites\/3\/2022\/10\/0471lei_n_8.258_reserva_de_vagas.pdf\">LEI N\u00ba 8.258<\/a>-Reserva de vagas<br \/>\n<a href=\"http:\/\/beta.apps.uern.br\/wordpress\/proeg\/sisu\/wp-content\/uploads\/sites\/3\/2022\/10\/0471lei_n_12.089_proibe_ocupacao_simultanea_em_ies_publica.pdf\">LEI N\u00ba 12.089<\/a>-Pro\u00edbe ocupa\u00e7\u00e3o simult\u00e2nea em IES p\u00fablica<br \/>\n<a href=\"http:\/\/beta.apps.uern.br\/wordpress\/proeg\/sisu\/wp-content\/uploads\/sites\/3\/2022\/10\/0471l9394_estabelece_as_diretrizes_e_bases_da_educacao_nacional..pdf\">LEI n\u00ba 9.394<\/a>-Estabelece as diretrizes e bases da educa\u00e7\u00e3o nacional<\/p>\n<h5><\/h5>\n<h5>RESOLU\u00c7\u00c3O &#8211; CONSEPE<\/h5>\n<p><a href=\"http:\/\/beta.apps.uern.br\/wordpress\/proeg\/sisu\/wp-content\/uploads\/sites\/3\/2022\/10\/0065resolucao_38_2016_consepe_dispa\u00b5e_sob_o_preenchim_de_vagas_iniciais_orig_do_sist_de_sel_unificada_aE_sisu_e_rev_a_resol_na_07_2015_consepe-1.pdf\">038\/2016-CONSEPE<\/a>-Disp\u00f5e sobre o preenchimento de vagas iniciais origin\u00e1rias do Sistema de Sele\u00e7\u00e3o Unificada \u2013 SiSU e revoga a Resolu\u00e7\u00e3o N\u00ba 07\/2015 &#8211; CONSEPE.<br \/>\n<a href=\"http:\/\/beta.apps.uern.br\/wordpress\/proeg\/sisu\/wp-content\/uploads\/sites\/3\/2022\/10\/3293n_07.2015_ramanejamento_de_vagas_sisu.pdf\">07\/2015-CONSEPE-<\/a>Disp\u00f5e sobre o remanejamento das vagas iniciais originadas do cancelamento de matr\u00edcula institucional dos candidatos convocados via SiSU<br \/>\n<a href=\"http:\/\/beta.apps.uern.br\/wordpress\/proeg\/sisu\/wp-content\/uploads\/sites\/3\/2022\/10\/329397.2014_dispa\u00b5e_sobre_as_normas_para_ocupaa\u00a7ao_de_vagas_sisu.pdf\">97\/2014-CONSEPE<\/a>-Disp\u00f5e sobre as normas para ocupa\u00e7\u00e3o de vagas iniciais na modalidade presencial da UERN via ENEM-SISU<\/p>\n<h5>Portarias<\/h5>\n<p><a href=\"http:\/\/beta.apps.uern.br\/wordpress\/proeg\/sisu\/wp-content\/uploads\/sites\/3\/2022\/10\/3293portaria_normativa_21_2012_mec.pdf\">PORTARIA NORMATIVA N\u00ba 21, DE 5 DE NOVEMBRO DE 2012 &#8211;\u00a0SiSU (06\/11\/2012)<\/a><\/p>\n","protected":false},"excerpt":{"rendered":"<p>Leis aplicadas no Processo Seletivo de Vagas Iniciais (PSVI) da UERN via SiSU LEI N\u00ba 9.697-Disp\u00f5e sobre a classifica\u00e7\u00e3o da vis\u00e3o monocular como defici\u00eancia visual. LEI N\u00ba 9.696-Reserva de 5% das vagas para pessoas Portadoras de Necessidades Especiais LEI N\u00ba 8.258-Reserva de vagas LEI N\u00ba 12.089-Pro\u00edbe ocupa\u00e7\u00e3o simult\u00e2nea em IES p\u00fablica LEI n\u00ba 9.394-Estabelece as [&hellip;]<\/p>\n","protected":false},"author":1,"featured_media":0,"parent":0,"menu_order":0,"comment_status":"closed","ping_status":"closed","template":"","meta":{"footnotes":""},"class_list":["post-98","page","type-page","status-publish","hentry"],"_links":{"self":[{"href":"https:\/\/portal.uern.br\/proeg\/sisu\/wp-json\/wp\/v2\/pages\/98","targetHints":{"allow":["GET"]}}],"collection":[{"href":"https:\/\/portal.uern.br\/proeg\/sisu\/wp-json\/wp\/v2\/pages"}],"about":[{"href":"https:\/\/portal.uern.br\/proeg\/sisu\/wp-json\/wp\/v2\/types\/page"}],"author":[{"embeddable":true,"href":"https:\/\/portal.uern.br\/proeg\/sisu\/wp-json\/wp\/v2\/users\/1"}],"replies":[{"embeddable":true,"href":"https:\/\/portal.uern.br\/proeg\/sisu\/wp-json\/wp\/v2\/comments?post=98"}],"version-history":[{"count":1,"href":"https:\/\/portal.uern.br\/proeg\/sisu\/wp-json\/wp\/v2\/pages\/98\/revisions"}],"predecessor-version":[{"id":108,"href":"https:\/\/portal.uern.br\/proeg\/sisu\/wp-json\/wp\/v2\/pages\/98\/revisions\/108"}],"wp:attachment":[{"href":"https:\/\/portal.uern.br\/proeg\/sisu\/wp-json\/wp\/v2\/media?parent=98"}],"curies":[{"name":"wp","href":"https:\/\/api.w.org\/{rel}","templated":true}]}}