{"id":89,"date":"2022-10-19T11:05:44","date_gmt":"2022-10-19T14:05:44","guid":{"rendered":"https:\/\/paisdemossoro.com.br\/wordpress\/proeg\/sisu\/?page_id=89"},"modified":"2023-02-12T20:20:54","modified_gmt":"2023-02-12T23:20:54","slug":"formularios-e-declaracoes","status":"publish","type":"page","link":"https:\/\/portal.uern.br\/proeg\/sisu\/formularios-e-declaracoes\/","title":{"rendered":"Formul\u00e1rios e Declara\u00e7\u00f5es"},"content":{"rendered":"<ul>\n<li><a href=\"https:\/\/www.uern.br\/controledepaginas\/sisu-formularios-declaracoes\/arquivos\/5635novorequerimento_de_cancelamento_de_cadastro_institucional_(1).pdf\" target=\"_blank\" rel=\"noopener\">Formul\u00e1rio de Cancelamento de Cadastro Institucional<\/a><\/li>\n<li><a href=\"http:\/\/www.uern.br\/controledepaginas\/sisu-2023\/arquivos\/7267anexo_iv_formulario_de_autodeclaracao_de_candidato_da_categoria_cota_social_ppi_2023.pdf\">Formul\u00e1rio de Autodeclara\u00e7\u00e3o &#8211; Pretos, Pardos ou Ind\u00edgenas<\/a><\/li>\n<li><a href=\"http:\/\/www.uern.br\/controledepaginas\/sisu-2023\/arquivos\/7267anexo_v_declaracao_de_etnia_e_de_vinculo_com_comunidade_indigena.pdf\">Declara\u00e7\u00e3o de Etnia e de V\u00ednculo Com Comunidade Ind\u00edgena<\/a><\/li>\n<li><a href=\"http:\/\/www.uern.br\/controledepaginas\/sisu-2023\/arquivos\/7267anexo_vi_termo_de_responsabilidade_do_candidato_cotista_social.pdf\">Termo de Responsabilidade do Cotista Social &#8211; Egresso de Escola P\u00fablica<\/a><\/li>\n<li><a href=\"https:\/\/www.uern.br\/sisu\/%20http:\/\/www.uern.br\/controledepaginas\/sisu-2023\/arquivos\/7267anexo_vii_formulario_de_autodeclaracao_de_candidato_da_categoria_pcd_2023.pdf\">Formul\u00e1rio de Autodeclara\u00e7\u00e3o &#8211; Pessoa com Defici\u00eancia<\/a><\/li>\n<li><a href=\"http:\/\/www.uern.br\/controledepaginas\/sisu-2023\/arquivos\/7267anexo_viii_declaracao_de_autenticidade_de_documentos_enviados.pdf\">Declara\u00e7\u00e3o de Autenticidade de Documentos Enviados<\/a><\/li>\n<\/ul>\n","protected":false},"excerpt":{"rendered":"<p>Formul\u00e1rio de Cancelamento de Cadastro Institucional Formul\u00e1rio de Autodeclara\u00e7\u00e3o &#8211; Pretos, Pardos ou Ind\u00edgenas Declara\u00e7\u00e3o de Etnia e de V\u00ednculo Com Comunidade Ind\u00edgena Termo de Responsabilidade do Cotista Social &#8211; Egresso de Escola P\u00fablica Formul\u00e1rio de Autodeclara\u00e7\u00e3o &#8211; Pessoa com Defici\u00eancia Declara\u00e7\u00e3o de Autenticidade de Documentos Enviados<\/p>\n","protected":false},"author":1,"featured_media":0,"parent":0,"menu_order":0,"comment_status":"closed","ping_status":"closed","template":"","meta":{"footnotes":""},"class_list":["post-89","page","type-page","status-publish","hentry"],"_links":{"self":[{"href":"https:\/\/portal.uern.br\/proeg\/sisu\/wp-json\/wp\/v2\/pages\/89","targetHints":{"allow":["GET"]}}],"collection":[{"href":"https:\/\/portal.uern.br\/proeg\/sisu\/wp-json\/wp\/v2\/pages"}],"about":[{"href":"https:\/\/portal.uern.br\/proeg\/sisu\/wp-json\/wp\/v2\/types\/page"}],"author":[{"embeddable":true,"href":"https:\/\/portal.uern.br\/proeg\/sisu\/wp-json\/wp\/v2\/users\/1"}],"replies":[{"embeddable":true,"href":"https:\/\/portal.uern.br\/proeg\/sisu\/wp-json\/wp\/v2\/comments?post=89"}],"version-history":[{"count":2,"href":"https:\/\/portal.uern.br\/proeg\/sisu\/wp-json\/wp\/v2\/pages\/89\/revisions"}],"predecessor-version":[{"id":165,"href":"https:\/\/portal.uern.br\/proeg\/sisu\/wp-json\/wp\/v2\/pages\/89\/revisions\/165"}],"wp:attachment":[{"href":"https:\/\/portal.uern.br\/proeg\/sisu\/wp-json\/wp\/v2\/media?parent=89"}],"curies":[{"name":"wp","href":"https:\/\/api.w.org\/{rel}","templated":true}]}}