{"id":82,"date":"2022-10-19T11:01:30","date_gmt":"2022-10-19T14:01:30","guid":{"rendered":"https:\/\/paisdemossoro.com.br\/wordpress\/proeg\/sisu\/?page_id=82"},"modified":"2023-11-07T13:27:28","modified_gmt":"2023-11-07T16:27:28","slug":"candidatos-egressos-de-escolas-publicas","status":"publish","type":"page","link":"https:\/\/portal.uern.br\/proeg\/sisu\/candidatos-egressos-de-escolas-publicas\/","title":{"rendered":"Candidatos Egressos de Escolas P\u00fablicas"},"content":{"rendered":"<p>O restante do percentual da Cota Social n\u00e3o destinado a candidatos autodeclarados pretos, pardos e ind\u00edgenas ser\u00e1 preenchido por candidatos que tenham cursado <strong>exclusivamente\u00a0<\/strong>os ensinos fundamental e m\u00e9dio em escolas da rede p\u00fablica.<\/p>\n<p>Para comprova\u00e7\u00e3o desse requisito, o candidato dever\u00e1 apresentar, dentre outros documentos, os hist\u00f3ricos do ensino fundamental e do ensino m\u00e9dio.<\/p>\n<p><em><strong>Aten\u00e7\u00e3o:<\/strong>\u00a0N\u00e3o s\u00e3o considerados como Egressos de Escola P\u00fablica<\/em>:<\/p>\n<ul>\n<li>Candidatos que estudaram em escolas pertencentes ao Sistema S (SENAI, SESI e SENAC), escolas conveniadas, funda\u00e7\u00f5es ou institui\u00e7\u00f5es similares (mesmo que mantenham educa\u00e7\u00e3o gratuita);<\/li>\n<li>Candidatos que estudaram em escolas comunit\u00e1rias, filantr\u00f3picas ou confessionais;<\/li>\n<li>Candidatos que tenham estudado em escolas particulares, ainda que com bolsa de estudos parcial ou integral.<\/li>\n<\/ul>\n","protected":false},"excerpt":{"rendered":"<p>O restante do percentual da Cota Social n\u00e3o destinado a candidatos autodeclarados pretos, pardos e ind\u00edgenas ser\u00e1 preenchido por candidatos que tenham cursado exclusivamente\u00a0os ensinos fundamental e m\u00e9dio em escolas da rede p\u00fablica. Para comprova\u00e7\u00e3o desse requisito, o candidato dever\u00e1 apresentar, dentre outros documentos, os hist\u00f3ricos do ensino fundamental e do ensino m\u00e9dio. Aten\u00e7\u00e3o:\u00a0N\u00e3o s\u00e3o [&hellip;]<\/p>\n","protected":false},"author":1,"featured_media":0,"parent":0,"menu_order":0,"comment_status":"closed","ping_status":"closed","template":"","meta":{"footnotes":""},"class_list":["post-82","page","type-page","status-publish","hentry"],"_links":{"self":[{"href":"https:\/\/portal.uern.br\/proeg\/sisu\/wp-json\/wp\/v2\/pages\/82","targetHints":{"allow":["GET"]}}],"collection":[{"href":"https:\/\/portal.uern.br\/proeg\/sisu\/wp-json\/wp\/v2\/pages"}],"about":[{"href":"https:\/\/portal.uern.br\/proeg\/sisu\/wp-json\/wp\/v2\/types\/page"}],"author":[{"embeddable":true,"href":"https:\/\/portal.uern.br\/proeg\/sisu\/wp-json\/wp\/v2\/users\/1"}],"replies":[{"embeddable":true,"href":"https:\/\/portal.uern.br\/proeg\/sisu\/wp-json\/wp\/v2\/comments?post=82"}],"version-history":[{"count":4,"href":"https:\/\/portal.uern.br\/proeg\/sisu\/wp-json\/wp\/v2\/pages\/82\/revisions"}],"predecessor-version":[{"id":1569,"href":"https:\/\/portal.uern.br\/proeg\/sisu\/wp-json\/wp\/v2\/pages\/82\/revisions\/1569"}],"wp:attachment":[{"href":"https:\/\/portal.uern.br\/proeg\/sisu\/wp-json\/wp\/v2\/media?parent=82"}],"curies":[{"name":"wp","href":"https:\/\/api.w.org\/{rel}","templated":true}]}}