{"id":79,"date":"2022-10-19T11:00:44","date_gmt":"2022-10-19T14:00:44","guid":{"rendered":"https:\/\/paisdemossoro.com.br\/wordpress\/proeg\/sisu\/?page_id=79"},"modified":"2023-12-07T10:07:59","modified_gmt":"2023-12-07T13:07:59","slug":"candidatos-pretos-pardos-e-indigenas","status":"publish","type":"page","link":"https:\/\/portal.uern.br\/proeg\/sisu\/candidatos-pretos-pardos-e-indigenas\/","title":{"rendered":"Candidatos Pretos Pardos e Ind\u00edgenas"},"content":{"rendered":"<p>Da quantidade de vagas destinadas \u00e0 cota social, <strong>58%<\/strong> (cinquenta e oito por cento) dever\u00e1 ser preenchido por <strong>candidatos autodeclarados pretos, pardos e ind\u00edgenas<\/strong>. Este percentual corresponde \u00e0 popula\u00e7\u00e3o de pretos, pardos e ind\u00edgenas do RN, segundo o \u00faltimo Censo do IBGE.<\/p>\n<p>Para ocupar a vaga nesta modalidade, o candidato dever\u00e1:<\/p>\n<p>1.Realizar o <strong>Cadastro Institucional<\/strong> enviando todos os documentos solicitados no Edital de Convoca\u00e7\u00e3o;<\/p>\n<p>2.Participar do <strong>Procedimento de Heteroidentifica\u00e7\u00e3o <\/strong>e ser considerado cotista;<\/p>\n<p>Conforme a\u00a0<a href=\"https:\/\/portal.uern.br\/proeg\/sisu\/wp-content\/uploads\/sites\/3\/2023\/12\/Resolucao-No-33-2023-CONSEPE-Regulamenta-procedimento-heteroidentificacao-complementar-autodeclaracao-candidatos-negros-e-indigenas.pdf\">Resolu\u00e7\u00e3o n.\u00ba 033\/2023 &#8211; Consepe<\/a>,\u00a0considera-se\u00a0<strong>Procedimento de Heteroidentifica\u00e7\u00e3o\u00a0<\/strong>a identifica\u00e7\u00e3o por terceiros da condi\u00e7\u00e3o autodeclarada pelo(a) candidato(a).\u00a0Para candidatos(as) autodeclarados(as) pretos ou pardos ser\u00e1 fundamentado exclusivamente no crit\u00e9rio fenot\u00edpico; e no caso de candidatos autodeclarados \u00edndios, em declara\u00e7\u00e3o subscrita por 03 (tr\u00eas) lideran\u00e7as ind\u00edgenas.<\/p>\n<p>Para participa\u00e7\u00e3o no Procedimento de Heteroidentifica\u00e7\u00e3o, o(a) candidato(a) dever\u00e1 comparecer no local, data e hor\u00e1rio estabelecidos no Edital de Convoca\u00e7\u00e3o para o referido procedimento munido(a) de documento oficial de identifica\u00e7\u00e3o com foto.<\/p>\n<p>Ap\u00f3s o resultado desta avalia\u00e7\u00e3o, se aprovado, o(a) candidato(a) estar\u00e1 apto(a) a ter sua a Matr\u00edcula Curricular efetiva e tornar seu v\u00ednculo com a Uern definitivo.<\/p>\n","protected":false},"excerpt":{"rendered":"<p>Da quantidade de vagas destinadas \u00e0 cota social, 58% (cinquenta e oito por cento) dever\u00e1 ser preenchido por candidatos autodeclarados pretos, pardos e ind\u00edgenas. Este percentual corresponde \u00e0 popula\u00e7\u00e3o de pretos, pardos e ind\u00edgenas do RN, segundo o \u00faltimo Censo do IBGE. Para ocupar a vaga nesta modalidade, o candidato dever\u00e1: 1.Realizar o Cadastro Institucional [&hellip;]<\/p>\n","protected":false},"author":1,"featured_media":0,"parent":0,"menu_order":0,"comment_status":"closed","ping_status":"closed","template":"","meta":{"footnotes":""},"class_list":["post-79","page","type-page","status-publish","hentry"],"_links":{"self":[{"href":"https:\/\/portal.uern.br\/proeg\/sisu\/wp-json\/wp\/v2\/pages\/79","targetHints":{"allow":["GET"]}}],"collection":[{"href":"https:\/\/portal.uern.br\/proeg\/sisu\/wp-json\/wp\/v2\/pages"}],"about":[{"href":"https:\/\/portal.uern.br\/proeg\/sisu\/wp-json\/wp\/v2\/types\/page"}],"author":[{"embeddable":true,"href":"https:\/\/portal.uern.br\/proeg\/sisu\/wp-json\/wp\/v2\/users\/1"}],"replies":[{"embeddable":true,"href":"https:\/\/portal.uern.br\/proeg\/sisu\/wp-json\/wp\/v2\/comments?post=79"}],"version-history":[{"count":5,"href":"https:\/\/portal.uern.br\/proeg\/sisu\/wp-json\/wp\/v2\/pages\/79\/revisions"}],"predecessor-version":[{"id":1619,"href":"https:\/\/portal.uern.br\/proeg\/sisu\/wp-json\/wp\/v2\/pages\/79\/revisions\/1619"}],"wp:attachment":[{"href":"https:\/\/portal.uern.br\/proeg\/sisu\/wp-json\/wp\/v2\/media?parent=79"}],"curies":[{"name":"wp","href":"https:\/\/api.w.org\/{rel}","templated":true}]}}