{"id":77,"date":"2022-10-19T10:57:52","date_gmt":"2022-10-19T13:57:52","guid":{"rendered":"https:\/\/paisdemossoro.com.br\/wordpress\/proeg\/sisu\/?page_id=77"},"modified":"2025-01-08T10:28:00","modified_gmt":"2025-01-08T13:28:00","slug":"cota-social","status":"publish","type":"page","link":"https:\/\/portal.uern.br\/proeg\/sisu\/cota-social\/","title":{"rendered":"Cota Social"},"content":{"rendered":"<p>&nbsp;<\/p>\n<p>Em cumprimento \u00e0\u00a0<a href=\"http:\/\/diariooficial.rn.gov.br\/dei\/dorn3\/docview.aspx?id_jor=00000001&amp;data=20190131&amp;id_doc=634831\">Lei Estadual n\u00ba 10.480, de 30 de janeiro de 2019<\/a>, ser\u00e3o reservadas 50% (cinquenta por cento) das vagas iniciais da Uern para a Cota Social, que \u00e9 subdividida da seguinte forma:<\/p>\n<ul>\n<li>60%: Candidatos autodeclarados pretos, pardos ou ind\u00edgenas.<\/li>\n<li>40%: Candidatos que tenham cursado integralmente os ensinos fundamental e m\u00e9dio em escolas p\u00fablicas;<\/li>\n<\/ul>\n","protected":false},"excerpt":{"rendered":"<p>&nbsp; Em cumprimento \u00e0\u00a0Lei Estadual n\u00ba 10.480, de 30 de janeiro de 2019, ser\u00e3o reservadas 50% (cinquenta por cento) das vagas iniciais da Uern para a Cota Social, que \u00e9 subdividida da seguinte forma: 60%: Candidatos autodeclarados pretos, pardos ou ind\u00edgenas. 40%: Candidatos que tenham cursado integralmente os ensinos fundamental e m\u00e9dio em escolas p\u00fablicas;<\/p>\n","protected":false},"author":1,"featured_media":0,"parent":0,"menu_order":0,"comment_status":"closed","ping_status":"closed","template":"","meta":{"footnotes":""},"class_list":["post-77","page","type-page","status-publish","hentry"],"_links":{"self":[{"href":"https:\/\/portal.uern.br\/proeg\/sisu\/wp-json\/wp\/v2\/pages\/77","targetHints":{"allow":["GET"]}}],"collection":[{"href":"https:\/\/portal.uern.br\/proeg\/sisu\/wp-json\/wp\/v2\/pages"}],"about":[{"href":"https:\/\/portal.uern.br\/proeg\/sisu\/wp-json\/wp\/v2\/types\/page"}],"author":[{"embeddable":true,"href":"https:\/\/portal.uern.br\/proeg\/sisu\/wp-json\/wp\/v2\/users\/1"}],"replies":[{"embeddable":true,"href":"https:\/\/portal.uern.br\/proeg\/sisu\/wp-json\/wp\/v2\/comments?post=77"}],"version-history":[{"count":6,"href":"https:\/\/portal.uern.br\/proeg\/sisu\/wp-json\/wp\/v2\/pages\/77\/revisions"}],"predecessor-version":[{"id":2868,"href":"https:\/\/portal.uern.br\/proeg\/sisu\/wp-json\/wp\/v2\/pages\/77\/revisions\/2868"}],"wp:attachment":[{"href":"https:\/\/portal.uern.br\/proeg\/sisu\/wp-json\/wp\/v2\/media?parent=77"}],"curies":[{"name":"wp","href":"https:\/\/api.w.org\/{rel}","templated":true}]}}