{"id":5,"date":"2022-10-19T10:11:34","date_gmt":"2022-10-19T13:11:34","guid":{"rendered":"https:\/\/paisdemossoro.com.br\/wordpress\/proeg\/sisu\/?page_id=5"},"modified":"2026-04-07T09:05:16","modified_gmt":"2026-04-07T12:05:16","slug":"inicio","status":"publish","type":"page","link":"https:\/\/portal.uern.br\/proeg\/sisu\/","title":{"rendered":"In\u00edcio"},"content":{"rendered":"<p><strong>Nesta p\u00e1gina, s\u00e3o apresentados os Editais e Listas dos Processos Seletivos mais recentes para ingresso na Universidade do Estado do Rio Grande do Norte<\/strong><\/p>\n<p>&nbsp;<\/p>\n<h3 style=\"text-align: center\"><strong>Processo Seletivo de Vagas Iniciais &#8211; PSVI 2026<\/strong><\/h3>\n<h3><strong>Quinta Chamada<\/strong><\/h3>\n<h4><a href=\"https:\/\/portal.uern.br\/proeg\/sisu\/wp-content\/uploads\/sites\/3\/2026\/04\/Lista-de-Convocacao-Quinta-Chamada-Psvi-Sisu_Uern-2026.pdf\"><strong>Lista de Convoca\u00e7\u00e3o &#8211; Quinta Chamada Sisu\/Uern 2026<\/strong><\/a><\/h4>\n<h4><a href=\"https:\/\/portal.uern.br\/proeg\/sisu\/wp-content\/uploads\/sites\/3\/2026\/04\/Cronograma-da-Quinta-Chamada-do-PSVI-Sisu-2026.docx.pdf\"><strong>Cronograma da Quinta Chamada<\/strong><\/a><\/h4>\n<h4><strong><a href=\"https:\/\/portal.uern.br\/proeg\/sisu\/wp-content\/uploads\/sites\/3\/2026\/01\/Tutorial-Mobile-de-Cadastro-Institucional-Psvi-Sisu_Uern-2026.pdf\">Tutorial de Cadastro Institucional<\/a><\/strong><\/h4>\n<p>(Em caso de d\u00favidas, entre em contato com o Setor de Admiss\u00e3o: admissao.dirca@uern.br)<\/p>\n<p>&nbsp;<\/p>\n<hr \/>\n<h3><strong>Quarta Chamada<\/strong><\/h3>\n<h4><a href=\"https:\/\/portal.uern.br\/proeg\/sisu\/wp-content\/uploads\/sites\/3\/2026\/03\/LISTA-DE-APTIDAO-PARA-MATRICULA-DA-QUARTA-CHAMADA-NC-EEP-PPI-e-PcD-DO-PSVI-SISU-UERN-2026.pdf\">Lista de Aptid\u00e3o para Matr\u00edcula (NC, EEP, PPI e PcD &#8211; Quarta Chamada)<\/a><\/h4>\n<p>&nbsp;<\/p>\n<h3><strong><em>Recursos<\/em><\/strong><\/h3>\n<p><strong>Resultado<\/strong><\/p>\n<p><strong><a href=\"https:\/\/portal.uern.br\/proeg\/sisu\/wp-content\/uploads\/sites\/3\/2026\/03\/Edital-no-52_2026-Proeg-Diaad-Resultado-Heteroidentificacao-Banca-Recursal-QUARTA-CHAMADA-SISU-2026.docx.pdf\">Edital n\u00ba 52\/2026 \u2013 Proeg\/Diaad<\/a>: Resultado da Banca Recursal do Procedimento de Heteroidentifica\u00e7\u00e3o referente \u00e0 Quarta Chamada do PSVI Sisu\/Uern 2026.<\/strong><\/p>\n<p>&nbsp;<\/p>\n<p><strong>Convoca\u00e7\u00f5es<\/strong><\/p>\n<p><a href=\"https:\/\/portal.uern.br\/proeg\/sisu\/wp-content\/uploads\/sites\/3\/2026\/03\/Edital-no-44_2026-Convocacao-Banca-Recursal-Heteroidentificacao-Quarta-Chamada-2026.docx.pdf\">Edital n\u00ba 44\/2026 \u2013 Proeg\/Diaad<\/a>: Convoca\u00e7\u00e3o para a Banca Recursal do Procedimento de Heteroidentifica\u00e7\u00e3o referente \u00e0 Quarta Chamada do PSVI Sisu\/Uern 2026.<\/p>\n<p>&nbsp;<\/p>\n<h4><a href=\"https:\/\/portal.uern.br\/proeg\/sisu\/wp-content\/uploads\/sites\/3\/2026\/03\/Lista-de-Convocacao-Quarta-Chamada-Psvi-Sisu_Uern-2026.pdf\"><strong>Lista de Convoca\u00e7\u00e3o &#8211; Quarta Chamada Sisu\/Uern 2026<\/strong><\/a><\/h4>\n<h4><a href=\"https:\/\/portal.uern.br\/proeg\/sisu\/wp-content\/uploads\/sites\/3\/2026\/03\/Cronograma-da-Quarta-Chamada-do-PSVI-Sisu-2026.docx.pdf\"><strong>Cronograma da Quarta Chamada<\/strong><\/a><\/h4>\n<h4><strong><a href=\"https:\/\/portal.uern.br\/proeg\/sisu\/wp-content\/uploads\/sites\/3\/2026\/01\/Tutorial-Mobile-de-Cadastro-Institucional-Psvi-Sisu_Uern-2026.pdf\">Tutorial de Cadastro Institucional<\/a><\/strong><\/h4>\n<p>(Em caso de d\u00favidas, entre em contato com o Setor de Admiss\u00e3o: admissao.dirca@uern.br)<\/p>\n<p>&nbsp;<\/p>\n<hr \/>\n<h3><strong>Terceira Chamada<\/strong><\/h3>\n<h4><a href=\"https:\/\/portal.uern.br\/proeg\/sisu\/wp-content\/uploads\/sites\/3\/2026\/03\/LISTA-DE-APTIDAO-PARA-MATRICULA-DA-TERCEIRA-CHAMADA-NC-EEP-PPI-e-PcD-DO-PSVI-SISU-UERN-2026.pdf\">Lista de Aptid\u00e3o para Matr\u00edcula (NC, EEP, PPI e PcD &#8211; Terceira Chamada)<\/a><\/h4>\n<h3><\/h3>\n<h3><em>Recursos<\/em><\/h3>\n<p><strong>Resultado<\/strong><\/p>\n<p><strong><a href=\"https:\/\/portal.uern.br\/proeg\/sisu\/wp-content\/uploads\/sites\/3\/2026\/03\/Edital-no-41_2026-Resultado-Junta-Recursal-TERCEIRA-CHAMADA-SISU-2026.docx.pdf\">Edital n\u00ba 41\/2026 \u2013 Proeg<\/a>: Resultado da Junta Multiprofissional Recursal referente \u00e0 Terceira Chamada do PSVI Sisu\/Uern 2026.<\/strong><\/p>\n<p><strong><a href=\"https:\/\/portal.uern.br\/proeg\/sisu\/wp-content\/uploads\/sites\/3\/2026\/03\/Edital-no-42_2026-Proeg-Diaad-Resultado-Heteroidentificacao-Banca-Recursal-TERCEIRA-CHAMADA-SISU-2026.docx.pdf\">Edital n\u00ba 42\/2026 \u2013 Proeg\/Diaad<\/a>: Resultado da Banca Recursal do Procedimento de Heteroidentifica\u00e7\u00e3o referente \u00e0 Terceira Chamada do PSVI Sisu\/Uern 2026.<\/strong><\/p>\n<p>&nbsp;<\/p>\n<p><strong>Convoca\u00e7\u00f5es<\/strong><\/p>\n<p><a href=\"https:\/\/portal.uern.br\/proeg\/sisu\/wp-content\/uploads\/sites\/3\/2026\/03\/Edital-no-33_2026-Convocacao-Junta-Recursal-Terceira-Chamada-2026.docx.pdf\">Edital n\u00ba 33\/2026 \u2013 Proeg<\/a>: Convoca\u00e7\u00e3o para a Junta Multiprofissional Recursal referente \u00e0 Terceira Chamada do PSVI Sisu\/Uern 2026.<\/p>\n<p><a href=\"https:\/\/portal.uern.br\/proeg\/sisu\/wp-content\/uploads\/sites\/3\/2026\/03\/Edital-no-34_2026-Convocacao-Banca-Recursal-Heteroidentificacao-Terceira-Chamada-2026.docx.pdf\">Edital n\u00ba 34\/2026 \u2013 Proeg\/Diaad<\/a>: Convoca\u00e7\u00e3o para a Banca Recursal do Procedimento de Heteroidentifica\u00e7\u00e3o referente \u00e0 Terceira Chamada do PSVI Sisu\/Uern 2026.<\/p>\n<p>&nbsp;<\/p>\n<p>&nbsp;<\/p>\n<h4><a href=\"https:\/\/portal.uern.br\/proeg\/sisu\/wp-content\/uploads\/sites\/3\/2026\/03\/Lista-de-Convocacao-Terceira-Chamada-Psvi-Sisu_Uern-2026.pdf\"><strong>Lista de Convoca\u00e7\u00e3o &#8211; Terceira Chamada Sisu\/Uern 2026<\/strong><\/a><\/h4>\n<h4><a href=\"https:\/\/portal.uern.br\/proeg\/sisu\/wp-content\/uploads\/sites\/3\/2026\/03\/Cronograma-da-Terceira-Chamada-do-PSVI-Sisu-2026.docx.pdf\"><strong>Cronograma da Terceira Chamada<\/strong><\/a><\/h4>\n<h4><strong><a href=\"https:\/\/portal.uern.br\/proeg\/sisu\/wp-content\/uploads\/sites\/3\/2026\/01\/Tutorial-Mobile-de-Cadastro-Institucional-Psvi-Sisu_Uern-2026.pdf\">Tutorial de Cadastro Institucional<\/a><\/strong><\/h4>\n<p>(Em caso de d\u00favidas, entre em contato com o Setor de Admiss\u00e3o: admissao.dirca@uern.br)<\/p>\n<p>&nbsp;<\/p>\n<hr \/>\n<h3><strong>Segunda Chamada<\/strong><\/h3>\n<p><a href=\"https:\/\/portal.uern.br\/proeg\/sisu\/wp-content\/uploads\/sites\/3\/2026\/03\/LISTA-DE-APTIDAO-PARA-MATRICULA-DA-SEGUNDA-CHAMADA-NC-EEP-PPI-e-PcD-DO-PSVI-SISU-UERN-2026.pdf\">Lista de Aptid\u00e3o para Matr\u00edcula (NC, EEP, PPI e PcD &#8211; Segunda Chamada)<\/a><\/p>\n<p>&nbsp;<\/p>\n<p><strong><em>Recursos<\/em><\/strong><\/p>\n<p><strong>Resultado<\/strong><\/p>\n<p><a href=\"https:\/\/portal.uern.br\/proeg\/sisu\/wp-content\/uploads\/sites\/3\/2026\/03\/Edital-no-30_2026-Resultado-Junta-Recursal-SEGUNDA-CHAMADA-SISU-2026.docx.pdf\">Edital n\u00ba 30\/2026 \u2013 Proeg<\/a>: Resultado da Junta Multiprofissional Recursal referente \u00e0 Segunda Chamada do PSVI Sisu\/Uern 2026.<\/p>\n<p><a href=\"https:\/\/portal.uern.br\/proeg\/sisu\/wp-content\/uploads\/sites\/3\/2026\/03\/Edital-no-31_2026-Proeg-Diaad-Resultado-Heteroidentificacao-Banca-Recursal-SEGUNDA-CHAMADA-SISU-2026.docx.pdf\">Edital n\u00ba 31\/2026 \u2013 Proeg\/Diaad<\/a>: Resultado da Banca Recursal do Procedimento de Heteroidentifica\u00e7\u00e3o referente \u00e0 Segunda Chamada do PSVI Sisu\/Uern 2026.<\/p>\n<p>&nbsp;<\/p>\n<p><strong>Convoca\u00e7\u00f5es<\/strong><\/p>\n<p><a href=\"https:\/\/portal.uern.br\/proeg\/sisu\/wp-content\/uploads\/sites\/3\/2026\/03\/Edital-no-20_2026-Convocacao-Junta-Recursal-Segunda-Chamada-2026.docx.pdf\">Edital n\u00ba 20\/2026 \u2013 Proeg<\/a>: Convoca\u00e7\u00e3o para a Junta Multiprofissional Recursal referente \u00e0 Segunda Chamada do PSVI Sisu\/Uern 2026.<\/p>\n<p><a href=\"https:\/\/portal.uern.br\/proeg\/sisu\/wp-content\/uploads\/sites\/3\/2026\/03\/Edital-no-21_2026-Convocacao-Banca-Recursal-Heteroidentificacao-Segunda-Chamada-2026.docx.pdf\">Edital n\u00ba 21\/2026 \u2013 Proeg\/Diaad<\/a>: Convoca\u00e7\u00e3o para a Banca Recursal do Procedimento de Heteroidentifica\u00e7\u00e3o referente \u00e0 Segunda Chamada do PSVI Sisu\/Uern 2026.<\/p>\n<p>&nbsp;<\/p>\n<p><strong><a href=\"https:\/\/portal.uern.br\/proeg\/sisu\/wp-content\/uploads\/sites\/3\/2026\/02\/Lista-de-Convocacao-Segunda-Chamada-Psvi-Sisu_Uern-2026.pdf\">Lista de Convoca\u00e7\u00e3o<\/a> &#8211; Segunda Chamada Sisu\/Uern 2026<\/strong><\/p>\n<p><strong><a href=\"https:\/\/portal.uern.br\/proeg\/sisu\/wp-content\/uploads\/sites\/3\/2026\/02\/Cronograma-da-Segunda-Chamada-do-PSVI-Sisu-2026.docx.pdf\">Cronograma da Segunda Chamada<\/a><\/strong><\/p>\n<p>&nbsp;<\/p>\n<hr \/>\n<h3>Chamada Regular<\/h3>\n<p><a href=\"https:\/\/portal.uern.br\/proeg\/sisu\/wp-content\/uploads\/sites\/3\/2026\/02\/LISTA-DE-APTIDAO-PARA-MATRICULA-DA-CHAMADA-REGULAR-NC-E-EEP-DO-PSVI-SISU-UERN-2026.pdf\">Lista de Aptid\u00e3o para Matr\u00edcula (NC e EEP &#8211; Chamada Regular)<\/a><\/p>\n<p><a href=\"https:\/\/portal.uern.br\/proeg\/sisu\/wp-content\/uploads\/sites\/3\/2026\/02\/LISTA-DE-APTIDAO-PARA-MATRICULA-DA-CHAMADA-REGULAR-PPI-E-PCD-DO-PSVI-SISU-UERN-2026.pdf\">Lista de Aptid\u00e3o para Matr\u00edcula (PPI e PCD &#8211; Chamada Regular)<\/a><\/p>\n<p>&nbsp;<\/p>\n<p><em>Recursos<\/em><\/p>\n<p><strong>Resultado<\/strong><\/p>\n<p><a href=\"https:\/\/portal.uern.br\/proeg\/sisu\/wp-content\/uploads\/sites\/3\/2026\/03\/Edital-no-16_2026-Resultado-Junta-Recursal-CHAMADA-REGULAR-SISU-2026.docx.pdf\">Edital n\u00ba 16\/2026 \u2013 Proeg<\/a>: Resultado da Junta Multiprofissional Recursal referente \u00e0 Chamada Regular do PSVI Sisu\/Uern 2026.<\/p>\n<p><a href=\"https:\/\/portal.uern.br\/proeg\/sisu\/wp-content\/uploads\/sites\/3\/2026\/03\/Edital-no-17_2026-Proeg-Diaad-Resultado-Heteroidentificacao-Banca-Recursal-CHAMADA-REGULAR-SISU-2026.docx.pdf\">Edital n\u00ba 17\/2026 \u2013 Proeg\/Diaad<\/a>: Resultado da Banca Recursal do Procedimento de Heteroidentifica\u00e7\u00e3o referente \u00e0 Chamada Regular do PSVI Sisu\/Uern 2026.<\/p>\n<p>&nbsp;<\/p>\n<p><strong>Convoca\u00e7\u00f5es<\/strong><\/p>\n<p><a href=\"https:\/\/portal.uern.br\/proeg\/sisu\/wp-content\/uploads\/sites\/3\/2026\/02\/Edital-no-11_2026-Convocacao-Junta-Recursal-Chamada-Regular-2026.docx.pdf\">Edital n\u00ba 11\/2026 \u2013 Proeg<\/a>: Convoca\u00e7\u00e3o para a Junta Multiprofissional Recursal referente \u00e0 Chamada Regular do PSVI Sisu\/Uern 2026.<\/p>\n<p><a href=\"https:\/\/portal.uern.br\/proeg\/sisu\/wp-content\/uploads\/sites\/3\/2026\/02\/Edital-no-12_2026-Convocacao-Banca-Recursal-Heteroidentificacao-Chamada-Regular-2026.docx.pdf\">Edital n\u00ba 12\/2026 \u2013 Proeg\/Diaad<\/a>: Convoca\u00e7\u00e3o para a Banca Recursal do Procedimento de Heteroidentifica\u00e7\u00e3o referente \u00e0 Chamada Regular do PSVI Sisu\/Uern 2026.<\/p>\n<p>&nbsp;<\/p>\n<p><strong><a href=\"https:\/\/portal.uern.br\/proeg\/sisu\/wp-content\/uploads\/sites\/3\/2026\/01\/Lista-de-Convocacao-Chamada-Regular-Psvi-Sisu_Uern-2026.pdf\">Lista de Convoca\u00e7\u00e3o<\/a> &#8211; Chamada Regular Sisu\/Uern 2026<\/strong><\/p>\n<p><strong><a href=\"https:\/\/portal.uern.br\/proeg\/sisu\/wp-content\/uploads\/sites\/3\/2026\/01\/Cronograma-da-Chamada-Regular-do-PSVI-Sisu-2026.pdf\">Cronograma da Chamada Regular<\/a><\/strong><\/p>\n<h5><\/h5>\n<h3><\/h3>\n<h3><span style=\"text-decoration: underline\">Processo Seletivo de Vagas Iniciais (PSVI)<\/span><\/h3>\n<p><strong><a href=\"https:\/\/portal.uern.br\/proeg\/sisu\/wp-content\/uploads\/sites\/3\/2026\/01\/Edital-01.2026-Proeg-Abertura-PSVI-2026.pdf\">Edital n\u00ba 01\/2026 \u2013 Proeg:<\/a> Abertura do Processo Seletivo de Vagas Iniciais (PSVI) Sisu\/Uern 2026 (<a href=\"https:\/\/drive.google.com\/file\/d\/1FTI6Lqtx-OJdBGx2dNE8EN1hZ_0uhsdJ\/view?usp=sharing\">\u00c1udio<\/a>) (<a href=\"https:\/\/portal.uern.br\/proeg\/sisu\/psvi-sisu-uern-2026\/\">P\u00e1gina PSVI Sisu\/Uern 2026<\/a>)<\/strong><\/p>\n<p><strong>Todos os detalhes relativos ao PSVI 2026 &#8211; (<a href=\"https:\/\/portal.uern.br\/proeg\/sisu\/psvi-sisu-uern-2026\/\">CLIQUE AQUI<\/a>)<\/strong><\/p>\n<p><a href=\"https:\/\/portal.uern.br\/proeg\/sisu\/wp-content\/uploads\/sites\/3\/2026\/02\/Edital-04.2026-Lista-de-Espera-PSVI-Sisu_Uern-2026.pdf\">Edital n\u00ba 04\/2026 &#8211; Proeg<\/a> &#8211;\u00a0Divulga\u00e7\u00e3o da Lista de Espera do Processo Seletivo de Vagas Iniciais (PSVI) Sisu\/Uern 2026<\/p>\n<p><a href=\"https:\/\/portal.uern.br\/proeg\/sisu\/wp-content\/uploads\/sites\/3\/2026\/02\/Edital-05.2026-Proeg-Remanejamento-2026.pdf\">Edital n\u00ba 05\/2026 &#8211; Proeg<\/a> &#8211; Divulga\u00e7\u00e3o da Lista de Remanejados dos cursos de Educa\u00e7\u00e3o F\u00edsica, Medicina, Pedagogia e Qu\u00edmica (todos do Campus Mossor\u00f3) do Processo Seletivo de Vagas Iniciais (Psvi) Sisu\/Uern 2026<\/p>\n<p>&nbsp;<\/p>\n<hr \/>\n<h3><span style=\"text-decoration: underline\">Outros Processos Seletivos<\/span><\/h3>\n<p><strong><a href=\"https:\/\/portal.uern.br\/proeg\/sisu\/wp-content\/uploads\/sites\/3\/2026\/03\/EDITAL-No-40_2026-\u2013-Resultado-PSVO-2026.1.pdf\">Edital n\u00ba 40\/2026 \u2013 Proeg\/Uern:<\/a> Resultado do Processo Seletivo de Vagas Ociosas (PSVO) 2026.1<\/strong><\/p>\n<p><strong><a href=\"https:\/\/portal.uern.br\/proeg\/sisu\/wp-content\/uploads\/sites\/3\/2026\/03\/EDITAL-No-45_2026-\u2013-PROEG_UERN-RETIFICACAO-DO-EDITAL-No-37_2026-\u2013-PROEG_UERN-PROCESSO-SELETIVO-DE-VAGAS-OCIOSAS-PSVO-\u2013-SEMESTRE-LETIVO-2026.1.pdf\">Edital n\u00ba 45\/2026 &#8211; Proeg\/Uern:<\/a> Retifica\u00e7\u00e3o do Edital n\u00ba 37\/2026 &#8211; Proeg\/Uern<\/strong><\/p>\n<p><strong><a href=\"https:\/\/portal.uern.br\/proeg\/sisu\/wp-content\/uploads\/sites\/3\/2026\/03\/EDITAL-No-37_2026-%E2%80%93-Abertura-PSVO-2026.1.pdf\">Edital n\u00ba 37\/2026 \u2013 Proeg\/Uern:<\/a>\u00a0Abertura do Processo Seletivo de Vagas Ociosas (PSVO) 2026.1<\/strong><\/p>\n<p><a href=\"https:\/\/portal.uern.br\/proeg\/sisu\/wp-content\/uploads\/sites\/3\/2026\/03\/Edital-24.2026-SEGUNDA-CHAMADA-PSVNI-2026.1.pdf\">Edital n\u00ba 24\/2026 \u2013 Proeg:<\/a> Segunda Chamada do Processo Seletivo de Vagas N\u00e3o Iniciais (PSVNI) 2026.1<\/p>\n<p><a href=\"https:\/\/portal.uern.br\/proeg\/sisu\/wp-content\/uploads\/sites\/3\/2026\/01\/Edital-06.2026-RESULTADO-FINAL-SEGUNDA-GRADUACAO-EDUCACAO-FISICA-2026.1.docx.pdf\">Edital n\u00ba 06\/2026 \u2013 Proeg:<\/a> Resultado Final do Processo Seletivo para obten\u00e7\u00e3o de Segunda Gradua\u00e7\u00e3o em cursos de Educa\u00e7\u00e3o F\u00edsica com ABI 2026.1<\/p>\n<p><a href=\"https:\/\/portal.uern.br\/proeg\/sisu\/wp-content\/uploads\/sites\/3\/2026\/01\/Edital-03.2026-Proeg-RESULTADO-PRELIMINAR-SEGUNDA-GRADUACAO-EDUCACAO-FISICA.docx.docx.pdf\">Edital n\u00ba 03\/2026 \u2013 Proeg:<\/a> Resultado Preliminar do Processo Seletivo para obten\u00e7\u00e3o de Segunda Gradua\u00e7\u00e3o em cursos de Educa\u00e7\u00e3o F\u00edsica com ABI 2026.1<\/p>\n<p><a href=\"https:\/\/portal.uern.br\/proeg\/sisu\/wp-content\/uploads\/sites\/3\/2026\/01\/EDITAL-02.2026-Proeg-OBTENCAO-DE-2o-GRAU-ACADEMICO-EDUCACAO-FISICA.docx.pdf\">Edital n\u00ba 02\/2026 \u2013 Proeg:<\/a> Abertura do Processo Seletivo para obten\u00e7\u00e3o de Segunda Gradua\u00e7\u00e3o em cursos de Educa\u00e7\u00e3o F\u00edsica com ABI 2026.1<\/p>\n<p>&nbsp;<\/p>\n<p><strong>Os demais documentos do ano de 2026 encontram-se organizados por processo seletivo:<\/strong><\/p>\n<ul>\n<li><a href=\"https:\/\/portal.uern.br\/proeg\/sisu\/psvi-sisu-uern-2026\/\">Processo Seletivo de Vagas Inicias Sisu\/Uern 2026<\/a><\/li>\n<li><a href=\"https:\/\/portal.uern.br\/proeg\/sisu\/psvni-2026\/\">Processo Seletivo de Vagas N\u00e3o Iniciais 2026<\/a><\/li>\n<li><a href=\"https:\/\/portal.uern.br\/proeg\/sisu\/psvo-2026\/\">Processo Seletivo de Vagas Ociosas 2026<\/a><\/li>\n<\/ul>\n<p>&nbsp;<\/p>\n<hr \/>\n<p>&nbsp;<\/p>\n<p><a href=\"https:\/\/portal.uern.br\/paudosferros\/wp-content\/uploads\/2025\/09\/Calendario_universitario_2026.pdf\"><strong>CALEND\u00c1RIO UNIVERSIT\u00c1RIO 2026.<\/strong><\/a><\/p>\n<p>&nbsp;<\/p>\n<hr \/>\n<h4><strong>E-mail: admissao.dirca@uern.br<\/strong><\/h4>\n<p><a href=\"https:\/\/t.me\/sisuuern\" target=\"_blank\" rel=\"noopener\"><img decoding=\"async\" class=\"alignnone\" src=\"https:\/\/www.uern.br\/controledepaginas\/sisu-noticias\/imagens\/3256telegram.png\" alt=\"\" width=\"300\" height=\"90\" align=\"top\" \/><\/a><\/p>\n<p><a href=\"https:\/\/t.me\/processosseletivosuern\" target=\"_blank\" rel=\"noopener\">t.me\/processosseletivosuern<\/a><\/p>\n","protected":false},"excerpt":{"rendered":"<p>Nesta p\u00e1gina, s\u00e3o apresentados os Editais e Listas dos Processos Seletivos mais recentes para ingresso na Universidade do Estado do Rio Grande do Norte &nbsp; Processo Seletivo de Vagas Iniciais &#8211; PSVI 2026 Quinta Chamada Lista de Convoca\u00e7\u00e3o &#8211; Quinta Chamada Sisu\/Uern 2026 Cronograma da Quinta Chamada Tutorial de Cadastro Institucional (Em caso de d\u00favidas, [&hellip;]<\/p>\n","protected":false},"author":1,"featured_media":0,"parent":0,"menu_order":0,"comment_status":"closed","ping_status":"closed","template":"","meta":{"footnotes":""},"class_list":["post-5","page","type-page","status-publish","hentry"],"_links":{"self":[{"href":"https:\/\/portal.uern.br\/proeg\/sisu\/wp-json\/wp\/v2\/pages\/5","targetHints":{"allow":["GET"]}}],"collection":[{"href":"https:\/\/portal.uern.br\/proeg\/sisu\/wp-json\/wp\/v2\/pages"}],"about":[{"href":"https:\/\/portal.uern.br\/proeg\/sisu\/wp-json\/wp\/v2\/types\/page"}],"author":[{"embeddable":true,"href":"https:\/\/portal.uern.br\/proeg\/sisu\/wp-json\/wp\/v2\/users\/1"}],"replies":[{"embeddable":true,"href":"https:\/\/portal.uern.br\/proeg\/sisu\/wp-json\/wp\/v2\/comments?post=5"}],"version-history":[{"count":552,"href":"https:\/\/portal.uern.br\/proeg\/sisu\/wp-json\/wp\/v2\/pages\/5\/revisions"}],"predecessor-version":[{"id":3548,"href":"https:\/\/portal.uern.br\/proeg\/sisu\/wp-json\/wp\/v2\/pages\/5\/revisions\/3548"}],"wp:attachment":[{"href":"https:\/\/portal.uern.br\/proeg\/sisu\/wp-json\/wp\/v2\/media?parent=5"}],"curies":[{"name":"wp","href":"https:\/\/api.w.org\/{rel}","templated":true}]}}