{"id":3303,"date":"2025-12-16T11:02:08","date_gmt":"2025-12-16T14:02:08","guid":{"rendered":"https:\/\/portal.uern.br\/proeg\/sisu\/?page_id=3303"},"modified":"2026-03-25T08:10:28","modified_gmt":"2026-03-25T11:10:28","slug":"psvo-2026","status":"publish","type":"page","link":"https:\/\/portal.uern.br\/proeg\/sisu\/psvo-2026\/","title":{"rendered":"PSVO 2026"},"content":{"rendered":"<h1 style=\"text-align: center\"><strong>Processo Seletivo de Vagas Ociosas &#8211; PSVO 2026<\/strong><\/h1>\n<p><img fetchpriority=\"high\" decoding=\"async\" class=\"wp-image-3495 aligncenter\" src=\"https:\/\/portal.uern.br\/proeg\/sisu\/wp-content\/uploads\/sites\/3\/2026\/03\/PSVO-300x168.png\" alt=\"\" width=\"933\" height=\"522\" srcset=\"https:\/\/portal.uern.br\/proeg\/sisu\/wp-content\/uploads\/sites\/3\/2026\/03\/PSVO-300x168.png 300w, https:\/\/portal.uern.br\/proeg\/sisu\/wp-content\/uploads\/sites\/3\/2026\/03\/PSVO-1024x572.png 1024w, https:\/\/portal.uern.br\/proeg\/sisu\/wp-content\/uploads\/sites\/3\/2026\/03\/PSVO-768x429.png 768w, https:\/\/portal.uern.br\/proeg\/sisu\/wp-content\/uploads\/sites\/3\/2026\/03\/PSVO.png 1492w\" sizes=\"(max-width: 933px) 100vw, 933px\" \/><\/p>\n<h3 style=\"text-align: center\"><strong>Cronograma<\/strong><\/h3>\n<p><span style=\"text-decoration: underline;color: #ff0000\"><strong>PSVO 2026.1<\/strong><\/span><\/p>\n<p><strong>Abertura:\u00a0<\/strong> 18\/03\/26<\/p>\n<p><strong>Inscri\u00e7\u00f5es:<\/strong> 18 a 23\/03\/26<\/p>\n<p><strong>Resultado:<\/strong> 25\/03\/26<\/p>\n<p><strong>Cadastro Institucional:<\/strong> 25 a 27\/03\/26<\/p>\n<p><strong>Ajuste de Documenta\u00e7\u00e3o:<\/strong> 30\/03\/26<\/p>\n<p><strong>Matr\u00edcula Curricular:<\/strong> 31\/03 a 01\/04\/26<\/p>\n<p><strong>In\u00edcio das aulas:\u00a0<\/strong>06\/04\/26<\/p>\n<p>&nbsp;<\/p>\n<hr \/>\n<div class=\"elementor-widget-container\">\n<p><strong>EDITAIS\u00a0<\/strong><\/p>\n<\/div>\n<p><strong>PSVO 2026.1<\/strong><\/p>\n<p><strong><a href=\"https:\/\/portal.uern.br\/proeg\/sisu\/wp-content\/uploads\/sites\/3\/2026\/03\/EDITAL-No-40_2026-\u2013-Resultado-PSVO-2026.1.pdf\">Edital n\u00ba 40\/2026 \u2013 Proeg\/Uern:<\/a> Resultado do Processo Seletivo de Vagas Ociosas (PSVO) 2026.1<\/strong><\/p>\n<p><strong><a href=\"https:\/\/portal.uern.br\/proeg\/sisu\/wp-content\/uploads\/sites\/3\/2026\/03\/EDITAL-No-45_2026-\u2013-PROEG_UERN-RETIFICACAO-DO-EDITAL-No-37_2026-\u2013-PROEG_UERN-PROCESSO-SELETIVO-DE-VAGAS-OCIOSAS-PSVO-\u2013-SEMESTRE-LETIVO-2026.1.pdf\">Edital n\u00ba 45\/2026 &#8211; Proeg\/Uern:<\/a> Retifica\u00e7\u00e3o do Edital n\u00ba 37\/2026 &#8211; Proeg\/Uern<\/strong><\/p>\n<p><a href=\"https:\/\/portal.uern.br\/proeg\/sisu\/wp-content\/uploads\/sites\/3\/2026\/03\/EDITAL-No-37_2026-\u2013-Abertura-PSVO-2026.1.pdf\">Edital n\u00ba 37\/2026 \u2013 Proeg\/Uern:<\/a> Abertura do Processo Seletivo de Vagas Ociosas (PSVO) 2026.1<\/p>\n<p><a href=\"https:\/\/forms.gle\/rvhhRk5DjC3Uko647\">Formul\u00e1rio para Inscri\u00e7\u00e3o no PSVO 2026.1<\/a><\/p>\n","protected":false},"excerpt":{"rendered":"<p>Processo Seletivo de Vagas Ociosas &#8211; PSVO 2026 Cronograma PSVO 2026.1 Abertura:\u00a0 18\/03\/26 Inscri\u00e7\u00f5es: 18 a 23\/03\/26 Resultado: 25\/03\/26 Cadastro Institucional: 25 a 27\/03\/26 Ajuste de Documenta\u00e7\u00e3o: 30\/03\/26 Matr\u00edcula Curricular: 31\/03 a 01\/04\/26 In\u00edcio das aulas:\u00a006\/04\/26 &nbsp; EDITAIS\u00a0 PSVO 2026.1 Edital n\u00ba 40\/2026 \u2013 Proeg\/Uern: Resultado do Processo Seletivo de Vagas Ociosas (PSVO) 2026.1 Edital [&hellip;]<\/p>\n","protected":false},"author":18,"featured_media":0,"parent":0,"menu_order":0,"comment_status":"closed","ping_status":"closed","template":"","meta":{"footnotes":""},"class_list":["post-3303","page","type-page","status-publish","hentry"],"_links":{"self":[{"href":"https:\/\/portal.uern.br\/proeg\/sisu\/wp-json\/wp\/v2\/pages\/3303","targetHints":{"allow":["GET"]}}],"collection":[{"href":"https:\/\/portal.uern.br\/proeg\/sisu\/wp-json\/wp\/v2\/pages"}],"about":[{"href":"https:\/\/portal.uern.br\/proeg\/sisu\/wp-json\/wp\/v2\/types\/page"}],"author":[{"embeddable":true,"href":"https:\/\/portal.uern.br\/proeg\/sisu\/wp-json\/wp\/v2\/users\/18"}],"replies":[{"embeddable":true,"href":"https:\/\/portal.uern.br\/proeg\/sisu\/wp-json\/wp\/v2\/comments?post=3303"}],"version-history":[{"count":11,"href":"https:\/\/portal.uern.br\/proeg\/sisu\/wp-json\/wp\/v2\/pages\/3303\/revisions"}],"predecessor-version":[{"id":3532,"href":"https:\/\/portal.uern.br\/proeg\/sisu\/wp-json\/wp\/v2\/pages\/3303\/revisions\/3532"}],"wp:attachment":[{"href":"https:\/\/portal.uern.br\/proeg\/sisu\/wp-json\/wp\/v2\/media?parent=3303"}],"curies":[{"name":"wp","href":"https:\/\/api.w.org\/{rel}","templated":true}]}}