{"id":3242,"date":"2025-10-13T07:59:35","date_gmt":"2025-10-13T10:59:35","guid":{"rendered":"https:\/\/portal.uern.br\/proeg\/sisu\/?page_id=3242"},"modified":"2026-05-06T07:41:34","modified_gmt":"2026-05-06T10:41:34","slug":"psvni-2026","status":"publish","type":"page","link":"https:\/\/portal.uern.br\/proeg\/sisu\/psvni-2026\/","title":{"rendered":"Psvni 2026"},"content":{"rendered":"<p><strong>D\u00favidas sobre o PSVNI?<\/strong> <a href=\"https:\/\/portal.uern.br\/proeg\/sisu\/psvni-duvidas-frequentes\/\">Clique aqui!<\/a><\/p>\n<p><img fetchpriority=\"high\" decoding=\"async\" class=\"wp-image-3575 aligncenter\" src=\"https:\/\/portal.uern.br\/proeg\/sisu\/wp-content\/uploads\/sites\/3\/2026\/05\/PSVNI-2026.2_imagem-para-site-logo-300x200.png\" alt=\"\" width=\"839\" height=\"560\" srcset=\"https:\/\/portal.uern.br\/proeg\/sisu\/wp-content\/uploads\/sites\/3\/2026\/05\/PSVNI-2026.2_imagem-para-site-logo-300x200.png 300w, https:\/\/portal.uern.br\/proeg\/sisu\/wp-content\/uploads\/sites\/3\/2026\/05\/PSVNI-2026.2_imagem-para-site-logo-1024x683.png 1024w, https:\/\/portal.uern.br\/proeg\/sisu\/wp-content\/uploads\/sites\/3\/2026\/05\/PSVNI-2026.2_imagem-para-site-logo-768x512.png 768w, https:\/\/portal.uern.br\/proeg\/sisu\/wp-content\/uploads\/sites\/3\/2026\/05\/PSVNI-2026.2_imagem-para-site-logo-1536x1024.png 1536w, https:\/\/portal.uern.br\/proeg\/sisu\/wp-content\/uploads\/sites\/3\/2026\/05\/PSVNI-2026.2_imagem-para-site-logo.png 1875w\" sizes=\"(max-width: 839px) 100vw, 839px\" \/><\/p>\n<p style=\"text-align: center\"><strong>Cronograma<\/strong><\/p>\n<p>&nbsp;<\/p>\n<p><strong>Publica\u00e7\u00e3o do Edital de Abertura<\/strong>: 06\/05\/2026<\/p>\n<p><strong>Inscri\u00e7\u00f5es:<\/strong> 06 a 20\/05\/2026<\/p>\n<p><strong>Publica\u00e7\u00e3o de Edital de Resultado Parcial:\u00a0<\/strong>18\/06\/2026<\/p>\n<p><strong>Per\u00edodo de Recursos:<\/strong> 18 a 20\/06\/2026<\/p>\n<p><strong>Resultado dos Recursos:<\/strong> 23\/06\/2026<\/p>\n<p><strong>Publica\u00e7\u00e3o de Edital de Resultado Final:<\/strong> 26\/06\/2026<\/p>\n<p>&nbsp;<\/p>\n<p style=\"text-align: center\"><strong>EDITAIS<\/strong><\/p>\n<p>&nbsp;<\/p>\n<p><strong>PSVNI 2026.2<\/strong><\/p>\n<p><strong><a href=\"https:\/\/portal.uern.br\/proeg\/sisu\/wp-content\/uploads\/sites\/3\/2026\/05\/EDITAL-No-61_2026-PROEG-Abertura-do-PSVNI-2026.2.pdf\">Edital n\u00ba 61\/2026 \u2013 Proeg<\/a>: Abertura do Processo Seletivo de Vagas N\u00e3o Iniciais (PSVNI), referente ao 2\u00ba semestre do ano letivo de 2026 da Uern<\/strong><\/p>\n<p>&nbsp;<\/p>\n<hr \/>\n<p>&nbsp;<\/p>\n<p><img decoding=\"async\" class=\"wp-image-3261 aligncenter\" src=\"https:\/\/portal.uern.br\/proeg\/sisu\/wp-content\/uploads\/sites\/3\/2025\/10\/PSVNI-2026.1-300x145.png\" alt=\"\" width=\"867\" height=\"419\" srcset=\"https:\/\/portal.uern.br\/proeg\/sisu\/wp-content\/uploads\/sites\/3\/2025\/10\/PSVNI-2026.1-300x145.png 300w, https:\/\/portal.uern.br\/proeg\/sisu\/wp-content\/uploads\/sites\/3\/2025\/10\/PSVNI-2026.1-768x372.png 768w, https:\/\/portal.uern.br\/proeg\/sisu\/wp-content\/uploads\/sites\/3\/2025\/10\/PSVNI-2026.1.png 899w\" sizes=\"(max-width: 867px) 100vw, 867px\" \/><\/p>\n<p>&nbsp;<\/p>\n<p><strong>PSVNI 2026.1<\/strong><\/p>\n<p>&nbsp;<\/p>\n<p style=\"text-align: center\"><strong>Cronograma<\/strong><\/p>\n<p>&nbsp;<\/p>\n<p><strong>Publica\u00e7\u00e3o do Edital de Abertura<\/strong>: 14\/10\/2025<\/p>\n<p><strong>Inscri\u00e7\u00f5es:<\/strong> 15\/10 a 29\/10\/2025<\/p>\n<p><strong>Publica\u00e7\u00e3o de Edital de Resultado Parcial:\u00a0<\/strong>26\/11\/2025<\/p>\n<p><strong>Per\u00edodo de Recursos:<\/strong> 26 a 28\/11\/2025<\/p>\n<p><strong>Resultado dos Recursos:<\/strong> 02\/12\/2025<\/p>\n<p><strong>Publica\u00e7\u00e3o de Edital de Resultado Final:<\/strong> 04\/12\/2025<\/p>\n<p>&nbsp;<\/p>\n<p style=\"text-align: center\"><strong>EDITAIS<\/strong><\/p>\n<p>&nbsp;<\/p>\n<p><strong>PSVNI 2026.1<\/strong><\/p>\n<p><a href=\"https:\/\/portal.uern.br\/proeg\/sisu\/wp-content\/uploads\/sites\/3\/2025\/10\/EDITAL-No-110_2025-PROEG-Abertura-do-PSVNI-2026.1.pdf\">Edital n\u00ba 110\/2025 \u2013 Proeg<\/a>: Abertura do Processo Seletivo de Vagas N\u00e3o Iniciais (PSVNI), referente ao 1\u00ba semestre do ano letivo de 2026 da Uern<\/p>\n<p><a href=\"https:\/\/portal.uern.br\/proeg\/sisu\/wp-content\/uploads\/sites\/3\/2025\/11\/Edital-132.2025-Resultado-Parcial-PSVNI_2026.1.docx.pdf\">Edital n\u00ba 132\/2025 \u2013 Proeg:<\/a> Resultado Parcial do Processo Seletivo de Vagas N\u00e3o Iniciais (PSVNI) 2026.1<\/p>\n<p><a href=\"https:\/\/portal.uern.br\/proeg\/sisu\/wp-content\/uploads\/sites\/3\/2025\/11\/Edital-no-133_2025-Proeg_Uern-\u2013-Errata-do-Resultado-Parcial.pdf\">Edital n\u00ba 133\/2025 \u2013 Proeg:<\/a> Errata do Edital n\u00ba 132\/2025 &#8211; Proeg referente ao Resultado Parcial do Processo Seletivo de Vagas N\u00e3o Iniciais (PSVNI) 2026.1<\/p>\n<p><a href=\"https:\/\/portal.uern.br\/proeg\/sisu\/wp-content\/uploads\/sites\/3\/2025\/12\/Edital-no-135.2025-PSVNI_Resultado-Final_2026.1.pdf\">Edital n\u00ba 135\/2025 \u2013 Proeg:<\/a> Resultado Final do Processo Seletivo de Vagas N\u00e3o Iniciais (PSVNI) 2026.1<\/p>\n<p><a href=\"https:\/\/portal.uern.br\/proeg\/sisu\/wp-content\/uploads\/sites\/3\/2026\/03\/Edital-24.2026-SEGUNDA-CHAMADA-PSVNI-2026.1.pdf\">Edital n\u00ba 24\/2026 \u2013 Proeg:<\/a> Segunda Chamada do Processo Seletivo de Vagas N\u00e3o Iniciais (PSVNI) 2026.1<\/p>\n","protected":false},"excerpt":{"rendered":"<p>D\u00favidas sobre o PSVNI? Clique aqui! Cronograma &nbsp; Publica\u00e7\u00e3o do Edital de Abertura: 06\/05\/2026 Inscri\u00e7\u00f5es: 06 a 20\/05\/2026 Publica\u00e7\u00e3o de Edital de Resultado Parcial:\u00a018\/06\/2026 Per\u00edodo de Recursos: 18 a 20\/06\/2026 Resultado dos Recursos: 23\/06\/2026 Publica\u00e7\u00e3o de Edital de Resultado Final: 26\/06\/2026 &nbsp; EDITAIS &nbsp; PSVNI 2026.2 Edital n\u00ba 61\/2026 \u2013 Proeg: Abertura do Processo Seletivo [&hellip;]<\/p>\n","protected":false},"author":17,"featured_media":0,"parent":0,"menu_order":0,"comment_status":"closed","ping_status":"closed","template":"","meta":{"footnotes":""},"class_list":["post-3242","page","type-page","status-publish","hentry"],"_links":{"self":[{"href":"https:\/\/portal.uern.br\/proeg\/sisu\/wp-json\/wp\/v2\/pages\/3242","targetHints":{"allow":["GET"]}}],"collection":[{"href":"https:\/\/portal.uern.br\/proeg\/sisu\/wp-json\/wp\/v2\/pages"}],"about":[{"href":"https:\/\/portal.uern.br\/proeg\/sisu\/wp-json\/wp\/v2\/types\/page"}],"author":[{"embeddable":true,"href":"https:\/\/portal.uern.br\/proeg\/sisu\/wp-json\/wp\/v2\/users\/17"}],"replies":[{"embeddable":true,"href":"https:\/\/portal.uern.br\/proeg\/sisu\/wp-json\/wp\/v2\/comments?post=3242"}],"version-history":[{"count":26,"href":"https:\/\/portal.uern.br\/proeg\/sisu\/wp-json\/wp\/v2\/pages\/3242\/revisions"}],"predecessor-version":[{"id":3578,"href":"https:\/\/portal.uern.br\/proeg\/sisu\/wp-json\/wp\/v2\/pages\/3242\/revisions\/3578"}],"wp:attachment":[{"href":"https:\/\/portal.uern.br\/proeg\/sisu\/wp-json\/wp\/v2\/media?parent=3242"}],"curies":[{"name":"wp","href":"https:\/\/api.w.org\/{rel}","templated":true}]}}