{"id":3195,"date":"2025-10-31T08:36:35","date_gmt":"2025-10-31T11:36:35","guid":{"rendered":"https:\/\/portal.uern.br\/proeg\/sisu\/?page_id=3195"},"modified":"2026-04-27T09:51:15","modified_gmt":"2026-04-27T12:51:15","slug":"psvi-sisu-uern-2026","status":"publish","type":"page","link":"https:\/\/portal.uern.br\/proeg\/sisu\/psvi-sisu-uern-2026\/","title":{"rendered":"PSVI Sisu\/Uern 2026"},"content":{"rendered":"<h3><img fetchpriority=\"high\" decoding=\"async\" class=\"aligncenter wp-image-3327 size-full\" src=\"https:\/\/portal.uern.br\/proeg\/sisu\/wp-content\/uploads\/sites\/3\/2026\/01\/sisu-portal-destaque.png\" alt=\"\" width=\"2520\" height=\"700\" srcset=\"https:\/\/portal.uern.br\/proeg\/sisu\/wp-content\/uploads\/sites\/3\/2026\/01\/sisu-portal-destaque.png 2520w, https:\/\/portal.uern.br\/proeg\/sisu\/wp-content\/uploads\/sites\/3\/2026\/01\/sisu-portal-destaque-300x83.png 300w, https:\/\/portal.uern.br\/proeg\/sisu\/wp-content\/uploads\/sites\/3\/2026\/01\/sisu-portal-destaque-1024x284.png 1024w, https:\/\/portal.uern.br\/proeg\/sisu\/wp-content\/uploads\/sites\/3\/2026\/01\/sisu-portal-destaque-768x213.png 768w, https:\/\/portal.uern.br\/proeg\/sisu\/wp-content\/uploads\/sites\/3\/2026\/01\/sisu-portal-destaque-1536x427.png 1536w, https:\/\/portal.uern.br\/proeg\/sisu\/wp-content\/uploads\/sites\/3\/2026\/01\/sisu-portal-destaque-2048x569.png 2048w\" sizes=\"(max-width: 2520px) 100vw, 2520px\" \/><\/h3>\n<h3 style=\"text-align: center\"><strong>Documentos<\/strong> <strong>do PSVI Sisu\/Uern 2026<\/strong><\/h3>\n<h3><strong>Quinta Chamada<\/strong><\/h3>\n<h4><a href=\"https:\/\/portal.uern.br\/proeg\/sisu\/wp-content\/uploads\/sites\/3\/2026\/04\/Lista-de-Aptidao-Quinta-Chamada-Psvi-Sisu_Uern-2026.pdf\">Lista de Aptid\u00e3o para Matr\u00edcula (NC, EEP, PPI e PcD &#8211; Quinta Chamada)<\/a><\/h4>\n<h4>Recurso ao resultado da Junta Multiprofissional &#8211; Item n\u00e3o aplic\u00e1vel, pois na lista n\u00e3o h\u00e1 registros de candidatos\/as da categoria PcD com a situa\u00e7\u00e3o &#8220;REPROVADO\/A NA JUNTA&#8221;.<\/h4>\n<h4>N\u00e3o houve publica\u00e7\u00e3o do Edital de Convoca\u00e7\u00e3o para a Banca Recursal de Heteroidentifica\u00e7\u00e3o, pois as\/os candidatas\/os n\u00e3o interpuseram recurso contra o resultado da Heteroidentifica\u00e7\u00e3o.<\/h4>\n<p>&nbsp;<\/p>\n<h4><a href=\"https:\/\/portal.uern.br\/proeg\/sisu\/wp-content\/uploads\/sites\/3\/2026\/04\/Lista-de-Convocacao-Quinta-Chamada-Psvi-Sisu_Uern-2026.pdf\"><strong>Lista de Convoca\u00e7\u00e3o &#8211; Quinta Chamada Sisu\/Uern 2026<\/strong><\/a><\/h4>\n<h4><a href=\"https:\/\/portal.uern.br\/proeg\/sisu\/wp-content\/uploads\/sites\/3\/2026\/04\/Cronograma-da-Quinta-Chamada-do-PSVI-Sisu-2026.docx.pdf\"><strong>Cronograma da Quinta Chamada<\/strong><\/a><\/h4>\n<h4><strong><a href=\"https:\/\/portal.uern.br\/proeg\/sisu\/wp-content\/uploads\/sites\/3\/2026\/01\/Tutorial-Mobile-de-Cadastro-Institucional-Psvi-Sisu_Uern-2026.pdf\">Tutorial de Cadastro Institucional<\/a><\/strong><\/h4>\n<p>(Em caso de d\u00favidas, entre em contato com o Setor de Admiss\u00e3o: admissao.dirca@uern.br)<\/p>\n<p>&nbsp;<\/p>\n<hr \/>\n<h3><strong>Quarta Chamada<\/strong><\/h3>\n<h4><a href=\"https:\/\/portal.uern.br\/proeg\/sisu\/wp-content\/uploads\/sites\/3\/2026\/03\/LISTA-DE-APTIDAO-PARA-MATRICULA-DA-QUARTA-CHAMADA-NC-EEP-PPI-e-PcD-DO-PSVI-SISU-UERN-2026.pdf\">Lista de Aptid\u00e3o para Matr\u00edcula (NC, EEP, PPI e PcD &#8211; Quarta Chamada)<\/a><\/h4>\n<p>&nbsp;<\/p>\n<h3><strong><em>Recursos<\/em><\/strong><\/h3>\n<p><strong>Resultado<\/strong><\/p>\n<p><strong><a href=\"https:\/\/portal.uern.br\/proeg\/sisu\/wp-content\/uploads\/sites\/3\/2026\/03\/Edital-no-52_2026-Proeg-Diaad-Resultado-Heteroidentificacao-Banca-Recursal-QUARTA-CHAMADA-SISU-2026.docx.pdf\">Edital n\u00ba 52\/2026 \u2013 Proeg\/Diaad<\/a>: Resultado da Banca Recursal do Procedimento de Heteroidentifica\u00e7\u00e3o referente \u00e0 Quarta Chamada do PSVI Sisu\/Uern 2026.<\/strong><\/p>\n<p>&nbsp;<\/p>\n<p><strong>Convoca\u00e7\u00f5es<\/strong><\/p>\n<p><strong><a href=\"https:\/\/portal.uern.br\/proeg\/sisu\/wp-content\/uploads\/sites\/3\/2026\/03\/Edital-no-44_2026-Convocacao-Banca-Recursal-Heteroidentificacao-Quarta-Chamada-2026.docx.pdf\">Edital n\u00ba 44\/2026 \u2013 Proeg\/Diaad<\/a>: Convoca\u00e7\u00e3o para a Banca Recursal do Procedimento de Heteroidentifica\u00e7\u00e3o referente \u00e0 Quarta Chamada do PSVI Sisu\/Uern 2026.<\/strong><\/p>\n<p>&nbsp;<\/p>\n<h4><a href=\"https:\/\/portal.uern.br\/proeg\/sisu\/wp-content\/uploads\/sites\/3\/2026\/03\/Lista-de-Convocacao-Quarta-Chamada-Psvi-Sisu_Uern-2026.pdf\"><strong>Lista de Convoca\u00e7\u00e3o &#8211; Quarta Chamada Sisu\/Uern 2026<\/strong><\/a><\/h4>\n<h4><a href=\"https:\/\/portal.uern.br\/proeg\/sisu\/wp-content\/uploads\/sites\/3\/2026\/03\/Cronograma-da-Quarta-Chamada-do-PSVI-Sisu-2026.docx.pdf\"><strong>Cronograma da Quarta Chamada<\/strong><\/a><\/h4>\n<h4><strong><a href=\"https:\/\/portal.uern.br\/proeg\/sisu\/wp-content\/uploads\/sites\/3\/2026\/01\/Tutorial-Mobile-de-Cadastro-Institucional-Psvi-Sisu_Uern-2026.pdf\">Tutorial de Cadastro Institucional<\/a><\/strong><\/h4>\n<p>(Em caso de d\u00favidas, entre em contato com o Setor de Admiss\u00e3o: admissao.dirca@uern.br)<\/p>\n<p>&nbsp;<\/p>\n<hr \/>\n<h3><strong>Terceira Chamada<\/strong><\/h3>\n<h4><a href=\"https:\/\/portal.uern.br\/proeg\/sisu\/wp-content\/uploads\/sites\/3\/2026\/03\/LISTA-DE-APTIDAO-PARA-MATRICULA-DA-TERCEIRA-CHAMADA-NC-EEP-PPI-e-PcD-DO-PSVI-SISU-UERN-2026.pdf\">Lista de Aptid\u00e3o para Matr\u00edcula (NC, EEP, PPI e PcD &#8211; Terceira Chamada)<\/a><\/h4>\n<p>&nbsp;<\/p>\n<p>&nbsp;<\/p>\n<h3><em>Recursos<\/em><\/h3>\n<p><strong>Resultado<\/strong><\/p>\n<p><a href=\"https:\/\/portal.uern.br\/proeg\/sisu\/wp-content\/uploads\/sites\/3\/2026\/03\/Edital-no-41_2026-Resultado-Junta-Recursal-TERCEIRA-CHAMADA-SISU-2026.docx.pdf\">Edital n\u00ba 41\/2026 \u2013 Proeg<\/a>: Resultado da Junta Multiprofissional Recursal referente \u00e0 Terceira Chamada do PSVI Sisu\/Uern 2026.<\/p>\n<p><a href=\"https:\/\/portal.uern.br\/proeg\/sisu\/wp-content\/uploads\/sites\/3\/2026\/03\/Edital-no-42_2026-Proeg-Diaad-Resultado-Heteroidentificacao-Banca-Recursal-TERCEIRA-CHAMADA-SISU-2026.docx.pdf\">Edital n\u00ba 42\/2026 \u2013 Proeg\/Diaad<\/a>: Resultado da Banca Recursal do Procedimento de Heteroidentifica\u00e7\u00e3o referente \u00e0 Terceira Chamada do PSVI Sisu\/Uern 2026.<\/p>\n<p>&nbsp;<\/p>\n<p><strong>Convoca\u00e7\u00f5es<\/strong><\/p>\n<p><a href=\"https:\/\/portal.uern.br\/proeg\/sisu\/wp-content\/uploads\/sites\/3\/2026\/03\/Edital-no-33_2026-Convocacao-Junta-Recursal-Terceira-Chamada-2026.docx.pdf\">Edital n\u00ba 33\/2026 \u2013 Proeg<\/a>: Convoca\u00e7\u00e3o para a Junta Multiprofissional Recursal referente \u00e0 Terceira Chamada do PSVI Sisu\/Uern 2026.<\/p>\n<p><a href=\"https:\/\/portal.uern.br\/proeg\/sisu\/wp-content\/uploads\/sites\/3\/2026\/03\/Edital-no-34_2026-Convocacao-Banca-Recursal-Heteroidentificacao-Terceira-Chamada-2026.docx.pdf\">Edital n\u00ba 34\/2026 \u2013 Proeg\/Diaad<\/a>: Convoca\u00e7\u00e3o para a Banca Recursal do Procedimento de Heteroidentifica\u00e7\u00e3o referente \u00e0 Terceira Chamada do PSVI Sisu\/Uern 2026.<\/p>\n<p>&nbsp;<\/p>\n<p>&nbsp;<\/p>\n<h4><a href=\"https:\/\/portal.uern.br\/proeg\/sisu\/wp-content\/uploads\/sites\/3\/2026\/03\/Lista-de-Convocacao-Terceira-Chamada-Psvi-Sisu_Uern-2026.pdf\"><strong>Lista de Convoca\u00e7\u00e3o &#8211; Terceira Chamada Sisu\/Uern 2026<\/strong><\/a><\/h4>\n<h4><a href=\"https:\/\/portal.uern.br\/proeg\/sisu\/wp-content\/uploads\/sites\/3\/2026\/03\/Cronograma-da-Terceira-Chamada-do-PSVI-Sisu-2026.docx.pdf\"><strong>Cronograma da Terceira Chamada<\/strong><\/a><\/h4>\n<h4><strong><a href=\"https:\/\/portal.uern.br\/proeg\/sisu\/wp-content\/uploads\/sites\/3\/2026\/01\/Tutorial-Mobile-de-Cadastro-Institucional-Psvi-Sisu_Uern-2026.pdf\">Tutorial de Cadastro Institucional<\/a><\/strong><\/h4>\n<p>(Em caso de d\u00favidas, entre em contato com o Setor de Admiss\u00e3o: admissao.dirca@uern.br)<\/p>\n<p>&nbsp;<\/p>\n<hr \/>\n<h3><strong>Segunda Chamada<\/strong><\/h3>\n<h4><a href=\"https:\/\/portal.uern.br\/proeg\/sisu\/wp-content\/uploads\/sites\/3\/2026\/03\/LISTA-DE-APTIDAO-PARA-MATRICULA-DA-SEGUNDA-CHAMADA-NC-EEP-PPI-e-PcD-DO-PSVI-SISU-UERN-2026.pdf\">Lista de Aptid\u00e3o para Matr\u00edcula (NC, EEP, PPI e PcD &#8211; Segunda Chamada)<\/a><\/h4>\n<p>&nbsp;<\/p>\n<h3><em>Recursos<\/em><\/h3>\n<p><strong>Resultado<\/strong><\/p>\n<p><a href=\"https:\/\/portal.uern.br\/proeg\/sisu\/wp-content\/uploads\/sites\/3\/2026\/03\/Edital-no-30_2026-Resultado-Junta-Recursal-SEGUNDA-CHAMADA-SISU-2026.docx.pdf\">Edital n\u00ba 30\/2026 \u2013 Proeg<\/a>: Resultado da Junta Multiprofissional Recursal referente \u00e0 Segunda Chamada do PSVI Sisu\/Uern 2026.<\/p>\n<p><a href=\"https:\/\/portal.uern.br\/proeg\/sisu\/wp-content\/uploads\/sites\/3\/2026\/03\/Edital-no-31_2026-Proeg-Diaad-Resultado-Heteroidentificacao-Banca-Recursal-SEGUNDA-CHAMADA-SISU-2026.docx.pdf\">Edital n\u00ba 31\/2026 \u2013 Proeg\/Diaad<\/a>: Resultado da Banca Recursal do Procedimento de Heteroidentifica\u00e7\u00e3o referente \u00e0 Segunda Chamada do PSVI Sisu\/Uern 2026.<\/p>\n<p>&nbsp;<\/p>\n<p><strong>Convoca\u00e7\u00f5es<\/strong><\/p>\n<p><a href=\"https:\/\/portal.uern.br\/proeg\/sisu\/wp-content\/uploads\/sites\/3\/2026\/03\/Edital-no-20_2026-Convocacao-Junta-Recursal-Segunda-Chamada-2026.docx.pdf\">Edital n\u00ba 20\/2026 \u2013 Proeg<\/a>: Convoca\u00e7\u00e3o para a Junta Multiprofissional Recursal referente \u00e0 Segunda Chamada do PSVI Sisu\/Uern 2026.<\/p>\n<p><a href=\"https:\/\/portal.uern.br\/proeg\/sisu\/wp-content\/uploads\/sites\/3\/2026\/03\/Edital-no-21_2026-Convocacao-Banca-Recursal-Heteroidentificacao-Segunda-Chamada-2026.docx.pdf\">Edital n\u00ba 21\/2026 \u2013 Proeg\/Diaad<\/a>: Convoca\u00e7\u00e3o para a Banca Recursal do Procedimento de Heteroidentifica\u00e7\u00e3o referente \u00e0 Segunda Chamada do PSVI Sisu\/Uern 2026.<\/p>\n<p>&nbsp;<\/p>\n<p>&nbsp;<\/p>\n<h4><strong><a href=\"https:\/\/portal.uern.br\/proeg\/sisu\/wp-content\/uploads\/sites\/3\/2026\/02\/Lista-de-Convocacao-Segunda-Chamada-Psvi-Sisu_Uern-2026.pdf\">Lista de Convoca\u00e7\u00e3o<\/a> &#8211; Segunda Chamada Sisu\/Uern 2026<\/strong><\/h4>\n<h4><strong><a href=\"https:\/\/portal.uern.br\/proeg\/sisu\/wp-content\/uploads\/sites\/3\/2026\/02\/Cronograma-da-Segunda-Chamada-do-PSVI-Sisu-2026.docx.pdf\">Cronograma da Segunda Chamada<\/a><\/strong><\/h4>\n<h4><strong><a href=\"https:\/\/portal.uern.br\/proeg\/sisu\/wp-content\/uploads\/sites\/3\/2026\/01\/Tutorial-Mobile-de-Cadastro-Institucional-Psvi-Sisu_Uern-2026.pdf\">Tutorial de Cadastro Institucional<\/a><\/strong><\/h4>\n<p>(Em caso de d\u00favidas, entre em contato com o Setor de Admiss\u00e3o: admissao.dirca@uern.br)<\/p>\n<p>&nbsp;<\/p>\n<hr \/>\n<h3><strong>Chamada Regular<\/strong><\/h3>\n<h4><strong><a href=\"https:\/\/portal.uern.br\/proeg\/sisu\/wp-content\/uploads\/sites\/3\/2026\/02\/LISTA-DE-APTIDAO-PARA-MATRICULA-DA-CHAMADA-REGULAR-NC-E-EEP-DO-PSVI-SISU-UERN-2026.pdf\">Lista de Aptid\u00e3o para Matr\u00edcula (NC e EEP &#8211; Chamada Regular)<\/a><\/strong><\/h4>\n<h4><a href=\"https:\/\/portal.uern.br\/proeg\/sisu\/wp-content\/uploads\/sites\/3\/2026\/02\/LISTA-DE-APTIDAO-PARA-MATRICULA-DA-CHAMADA-REGULAR-PPI-E-PCD-DO-PSVI-SISU-UERN-2026.pdf\"><strong>Lista de Aptid\u00e3o para Matr\u00edcula (PPI e PCD &#8211; Chamada Regular)<\/strong><\/a><\/h4>\n<h3><\/h3>\n<p>&nbsp;<\/p>\n<h3><em>Recursos<\/em><\/h3>\n<p><strong>Resultado<\/strong><\/p>\n<p><a href=\"https:\/\/portal.uern.br\/proeg\/sisu\/wp-content\/uploads\/sites\/3\/2026\/03\/Edital-no-16_2026-Resultado-Junta-Recursal-CHAMADA-REGULAR-SISU-2026.docx.pdf\">Edital n\u00ba 16\/2026 \u2013 Proeg<\/a>: Resultado da Junta Multiprofissional Recursal referente \u00e0 Chamada Regular do PSVI Sisu\/Uern 2026.<\/p>\n<p><a href=\"https:\/\/portal.uern.br\/proeg\/sisu\/wp-content\/uploads\/sites\/3\/2026\/03\/Edital-no-17_2026-Proeg-Diaad-Resultado-Heteroidentificacao-Banca-Recursal-CHAMADA-REGULAR-SISU-2026.docx.pdf\">Edital n\u00ba 17\/2026 \u2013 Proeg\/Diaad<\/a>: Resultado da Banca Recursal do Procedimento de Heteroidentifica\u00e7\u00e3o referente \u00e0 Chamada Regular do PSVI Sisu\/Uern 2026.<\/p>\n<p>&nbsp;<\/p>\n<p><strong>Convoca\u00e7\u00f5es<\/strong><\/p>\n<p><a href=\"https:\/\/portal.uern.br\/proeg\/sisu\/wp-content\/uploads\/sites\/3\/2026\/02\/Edital-no-11_2026-Convocacao-Junta-Recursal-Chamada-Regular-2026.docx.pdf\">Edital n\u00ba 11\/2026 \u2013 Proeg<\/a>: Convoca\u00e7\u00e3o para a Junta Multiprofissional Recursal referente \u00e0 Chamada Regular do PSVI Sisu\/Uern 2026.<\/p>\n<p><a href=\"https:\/\/portal.uern.br\/proeg\/sisu\/wp-content\/uploads\/sites\/3\/2026\/02\/Edital-no-12_2026-Convocacao-Banca-Recursal-Heteroidentificacao-Chamada-Regular-2026.docx.pdf\">Edital n\u00ba 12\/2026 \u2013 Proeg\/Diaad<\/a>: Convoca\u00e7\u00e3o para a Banca Recursal do Procedimento de Heteroidentifica\u00e7\u00e3o referente \u00e0 Chamada Regular do PSVI Sisu\/Uern 2026.<\/p>\n<p>&nbsp;<\/p>\n<p>&nbsp;<\/p>\n<h4><strong><a href=\"https:\/\/portal.uern.br\/proeg\/sisu\/wp-content\/uploads\/sites\/3\/2026\/01\/Lista-de-Convocacao-Chamada-Regular-Psvi-Sisu_Uern-2026.pdf\">Lista de Convoca\u00e7\u00e3o<\/a> &#8211; Chamada Regular Sisu\/Uern 2026<\/strong><\/h4>\n<h4><strong><a href=\"https:\/\/portal.uern.br\/proeg\/sisu\/wp-content\/uploads\/sites\/3\/2026\/01\/Cronograma-da-Chamada-Regular-do-PSVI-Sisu-2026.pdf\">Cronograma da Chamada Regular<\/a><\/strong><\/h4>\n<h4><strong><a href=\"https:\/\/portal.uern.br\/proeg\/sisu\/wp-content\/uploads\/sites\/3\/2026\/01\/Tutorial-Mobile-de-Cadastro-Institucional-Psvi-Sisu_Uern-2026.pdf\">Tutorial de Cadastro Institucional<\/a><\/strong><\/h4>\n<p>(Em caso de d\u00favidas, entre em contato com o Setor de Admiss\u00e3o: admissao.dirca@uern.br)<\/p>\n<p>&nbsp;<\/p>\n<hr \/>\n<h3><strong>Lista de Espera<\/strong><\/h3>\n<h4><a href=\"https:\/\/portal.uern.br\/proeg\/sisu\/wp-content\/uploads\/sites\/3\/2026\/02\/Edital-04.2026-Lista-de-Espera-PSVI-Sisu_Uern-2026.pdf\">Edital n\u00ba 04\/2026 &#8211; Proeg<\/a> &#8211;\u00a0Divulga\u00e7\u00e3o da Lista de Espera do Processo Seletivo de Vagas Iniciais (PSVI) Sisu\/Uern 2026<\/h4>\n<p>&nbsp;<\/p>\n<hr \/>\n<h3><strong>Remanejamento de Semestre<\/strong><\/h3>\n<h4><a href=\"https:\/\/portal.uern.br\/proeg\/sisu\/wp-content\/uploads\/sites\/3\/2026\/02\/Edital-05.2026-Proeg-Remanejamento-2026.pdf\">Edital n\u00ba 05\/2026 &#8211; Proeg<\/a> &#8211; Divulga\u00e7\u00e3o da Lista de Remanejados dos cursos de Educa\u00e7\u00e3o F\u00edsica, Medicina, Pedagogia e Qu\u00edmica (todos do Campus Mossor\u00f3) do Processo Seletivo de Vagas Iniciais (Psvi) Sisu\/Uern 2026<\/h4>\n<p>&nbsp;<\/p>\n<hr \/>\n<h3><em>Abertura<\/em><\/h3>\n<p><a href=\"https:\/\/portal.uern.br\/proeg\/sisu\/wp-content\/uploads\/sites\/3\/2025\/12\/termo_adesao_71_UERN.pdf\">Termo de Ades\u00e3o Sisu 2026<\/a><\/p>\n<p><a href=\"https:\/\/portal.uern.br\/proeg\/sisu\/dicionario-psvi-2026\/\">Dicion\u00e1rio PSVI 2026<\/a><\/p>\n<p><a href=\"https:\/\/portal.uern.br\/proeg\/sisu\/psvi-duvidas-frequentes\/\">D\u00favidas Frequentes &#8211; PSVI<\/a><\/p>\n<p><a href=\"https:\/\/portal.uern.br\/proeg\/sisu\/wp-content\/uploads\/sites\/3\/2026\/01\/Manual-ingressante-SiSU-2026.pdf\">Manual do Ingressante<\/a><\/p>\n<p><a href=\"https:\/\/portal.uern.br\/proeg\/sisu\/wp-content\/uploads\/sites\/3\/2026\/01\/Edital-SiSU-2026-interativo.pdf\"><strong>Edital Interativo<\/strong><\/a><\/p>\n<p><strong><a href=\"https:\/\/portal.uern.br\/proeg\/sisu\/wp-content\/uploads\/sites\/3\/2026\/01\/Edital-01.2026-Proeg-Abertura-PSVI-2026.pdf\">Edital n\u00ba 01\/2026 \u2013 Proeg:<\/a> Abertura do Processo Seletivo de Vagas Iniciais (PSVI) Sisu\/Uern 2026 (<a href=\"https:\/\/drive.google.com\/file\/d\/1FTI6Lqtx-OJdBGx2dNE8EN1hZ_0uhsdJ\/view?usp=sharing\">\u00c1udio<\/a>)<\/strong><\/p>\n<ul>\n<li><a href=\"https:\/\/portal.uern.br\/proeg\/sisu\/wp-content\/uploads\/sites\/3\/2026\/01\/ANEXO-I-QUADRO-DE-VAGAS-PSVI-SISU_UERN-2026.pdf\">Anexo I<\/a> &#8211; Quadro de Vagas (<a href=\"https:\/\/drive.google.com\/file\/d\/14eUFUk82WujWHVFf0lAj_hU-DEkB2yIq\/view?usp=sharing\">\u00c1udio<\/a>)<\/li>\n<li><a href=\"https:\/\/portal.uern.br\/proeg\/sisu\/wp-content\/uploads\/sites\/3\/2025\/07\/ANEXO-II-PONTUACAO-MINIMA-PSVI-2026.docx.pdf\">Anexo II<\/a> &#8211; Pontua\u00e7\u00e3o M\u00ednima (<a href=\"https:\/\/drive.google.com\/file\/d\/1MwQCnwLJtXPHFTild1LlGHzcfNutQ-jt\/view?usp=sharing\">\u00c1udio<\/a>)<\/li>\n<li><a href=\"https:\/\/portal.uern.br\/proeg\/sisu\/wp-content\/uploads\/sites\/3\/2025\/07\/ANEXO-III-DOCUMENTOS-NECESSARIOS-PARA-REALIZACAO-DO-CADASTRO-INSTITUCIONAL-2026.docx.pdf\">Anexo III<\/a> &#8211; Documentos Necess\u00e1rios para Realiza\u00e7\u00e3o do Cadastro Institucional (<a href=\"https:\/\/drive.google.com\/file\/d\/1Hup3PXKXvet4n97X6MvSNxzU7VcEeVVu\/view?usp=sharing\">\u00c1udio<\/a>)<\/li>\n<li><a href=\"https:\/\/portal.uern.br\/proeg\/sisu\/wp-content\/uploads\/sites\/3\/2025\/07\/ANEXO-IV-%E2%80%93-DO-ENVIO-DA-DOCUMENTACAO-PSVI-2026.pdf\">Anexo IV<\/a> &#8211; Do Envio da Documenta\u00e7\u00e3o (<a href=\"https:\/\/drive.google.com\/file\/d\/1JvJdtlZIvVdmOOCyIBhIPw_xuzzYFp5P\/view?usp=sharing\">\u00c1udio<\/a>)<\/li>\n<li><a href=\"https:\/\/portal.uern.br\/proeg\/sisu\/wp-content\/uploads\/sites\/3\/2025\/07\/ANEXO-V-DECLARACAO-DE-PERFIL-SOCIAL-E-AUTENTICIDADE-DOS-DOCUMENTOS-ENVIADOS-2026.pdf\">Anexo V<\/a> &#8211; Declara\u00e7\u00e3o de Perfil Social e Autenticidade dos Documentos Enviados (<a href=\"https:\/\/drive.google.com\/file\/d\/1bsEauFQ44ulyxYpYmP4efm8J9noUoeK1\/view?usp=sharing\">\u00c1udio<\/a>)<\/li>\n<li><a href=\"https:\/\/portal.uern.br\/proeg\/sisu\/wp-content\/uploads\/sites\/3\/2025\/07\/ANEXO-VI-DECLARACAO-DE-ETNIA-E-DE-VINCULO-COM-COMUNIDADE-INDIGENA-2026.pdf\">Anexo VI<\/a> &#8211; Declara\u00e7\u00e3o de Etnia e de V\u00ednculo com a Comunidade Ind\u00edgena (<a href=\"https:\/\/drive.google.com\/file\/d\/1BMcKWYBK0_1HX_iCuuvL6SKZBguQmt7F\/view?usp=sharing\">\u00c1udio<\/a>)<\/li>\n<\/ul>\n<p>&nbsp;<\/p>\n<hr \/>\n<h3 style=\"text-align: center\"><strong>Cronograma Geral do PSVI Sisu\/Uern 2026<\/strong><\/h3>\n<p>&nbsp;<\/p>\n<h3><span style=\"text-decoration: underline\"><strong>Abertura<\/strong><\/span><\/h3>\n<p><strong>Resultado do Enem:<\/strong> 16\/01\/2026<br \/>\n<strong>Inscri\u00e7\u00e3o Sisu\/MEC:<\/strong> 19 a 23\/01\/2026<br \/>\n<strong>Resultado Sisu:<\/strong> 29\/01\/2026<br \/>\n<strong>Manifesta\u00e7\u00e3o de interesse em permanecer na Lista de Espera:<\/strong> 29\/01 a 02\/02\/2026<\/p>\n<h3><\/h3>\n<p><strong>Edital de Lista de Espera:<\/strong> 12\/02\/2026<\/p>\n<p><strong>Edital de Remanejamento:<\/strong> 13\/02\/2026<\/p>\n<p>&nbsp;<\/p>\n<h3><strong><span style=\"text-decoration: underline\">Chamada Regular<\/span><\/strong><\/h3>\n<p><strong>Publica\u00e7\u00e3o da Chamada Regular:<\/strong> 30\/01\/2026<br \/>\n<strong>Cadastro Institucional:<\/strong> 30\/01 a 08\/02\/2026<br \/>\n<strong>Ajuste de documenta\u00e7\u00e3o:<\/strong> 09\/02\/2026<br \/>\n<strong>Procedimento de Heteroidentifica\u00e7\u00e3o:<\/strong> conforme Cronograma da Chamada &#8211; <a href=\"https:\/\/portal.uern.br\/proeg\/sisu\/wp-content\/uploads\/sites\/3\/2026\/01\/Cronograma-da-Chamada-Regular-do-PSVI-Sisu-2026.pdf\">CLIQUE AQUI<\/a>)<br \/>\n<strong>Junta Multiprofissional:<\/strong> conforme Cronograma da Chamada &#8211; <a href=\"https:\/\/portal.uern.br\/proeg\/sisu\/wp-content\/uploads\/sites\/3\/2026\/01\/Cronograma-da-Chamada-Regular-do-PSVI-Sisu-2026.pdf\">CLIQUE AQUI<\/a>)<br \/>\n<strong>Lista de Aptid\u00e3o para Matr\u00edcula:<\/strong><br \/>\n&#8211; NC e EEP: 11\/02\/2026<br \/>\n&#8211; PPI e PCD: 12\/02\/2026<br \/>\n<strong>Matr\u00edculas Curriculares:<\/strong><br \/>\n&#8211; NC e EEP: 11 a 20\/02\/2026<br \/>\n&#8211; PPI e PCD: 19 e 20\/02\/2026<br \/>\n<strong>In\u00edcio das aulas:<\/strong> 23\/02\/2026<\/p>\n<p>&nbsp;<\/p>\n<h3><strong><span style=\"text-decoration: underline\">Segunda Chamada<\/span><\/strong><\/h3>\n<p><strong>Publica\u00e7\u00e3o da Segunda Chamada:<\/strong> 19\/02\/2026<br \/>\n<strong>Cadastro Institucional:<\/strong> 20 a 24\/02\/2026<br \/>\n<strong>Ajuste de documenta\u00e7\u00e3o:<\/strong> 25\/02\/2026<br \/>\n<strong>Procedimento de Heteroidentifica\u00e7\u00e3o:<\/strong> conforme Cronograma da Chamada &#8211; <a href=\"https:\/\/portal.uern.br\/proeg\/sisu\/wp-content\/uploads\/sites\/3\/2026\/02\/Cronograma-da-Segunda-Chamada-do-PSVI-Sisu-2026.docx.pdf\">CLIQUE AQUI<\/a>)<br \/>\n<strong>Junta Multiprofissional:<\/strong> conforme Cronograma da Chamada &#8211; <a href=\"https:\/\/portal.uern.br\/proeg\/sisu\/wp-content\/uploads\/sites\/3\/2026\/02\/Cronograma-da-Segunda-Chamada-do-PSVI-Sisu-2026.docx.pdf\">CLIQUE AQUI<\/a>)<br \/>\n<strong>Lista de Aptid\u00e3o para Matr\u00edcula (NC, EEP, PPI e PCD):<\/strong> 03\/03\/2026<br \/>\n<strong>Matr\u00edculas Curriculares:<\/strong> 03 a 06\/03\/2026<br \/>\n<strong>In\u00edcio das aulas:<\/strong> 09\/03\/2026<\/p>\n<p>&nbsp;<\/p>\n<h3><strong><span style=\"text-decoration: underline\">Terceira Chamada<\/span><\/strong><\/h3>\n<p><strong>Publica\u00e7\u00e3o da Terceira Chamada:<\/strong> 04\/03\/2026<br \/>\n<strong>Cadastro Institucional:<\/strong> 05 a 09\/03\/2026<br \/>\n<strong>Ajuste de documenta\u00e7\u00e3o:<\/strong> 10\/03\/2026<br \/>\n<strong>Procedimento de Heteroidentifica\u00e7\u00e3o:<\/strong> conforme Cronograma da Chamada &#8211;\u00a0<a href=\"https:\/\/portal.uern.br\/proeg\/sisu\/wp-content\/uploads\/sites\/3\/2026\/03\/Cronograma-da-Terceira-Chamada-do-PSVI-Sisu-2026.docx.pdf\">CLIQUE AQUI<\/a><br \/>\n<strong>Junta Multiprofissional:<\/strong> conforme Cronograma da Chamada &#8211;\u00a0<a href=\"https:\/\/portal.uern.br\/proeg\/sisu\/wp-content\/uploads\/sites\/3\/2026\/03\/Cronograma-da-Terceira-Chamada-do-PSVI-Sisu-2026.docx.pdf\">CLIQUE AQUI<\/a><br \/>\n<strong>Lista de Aptid\u00e3o para Matr\u00edcula (NC, EEP, PPI e PCD):<\/strong> 13\/03\/2026<br \/>\n<strong>Matr\u00edculas Curriculares:<\/strong> 13 a 16\/03\/2026<br \/>\n<strong>In\u00edcio das aulas:<\/strong> 17\/03\/2026<\/p>\n<p>&nbsp;<\/p>\n<h3><strong><span style=\"text-decoration: underline\">Quarta Chamada<\/span><\/strong><\/h3>\n<p><strong>Publica\u00e7\u00e3o da Quarta Chamada:<\/strong> 16\/03\/2026<br \/>\n<strong>Cadastro Institucional:<\/strong> 17 a 19\/03\/2026<br \/>\n<strong>Ajuste de documenta\u00e7\u00e3o:<\/strong> 20\/03\/2026<br \/>\n<strong>Procedimento de Heteroidentifica\u00e7\u00e3o:<\/strong> conforme Cronograma da Chamada<br \/>\n<strong>Junta Multiprofissional:<\/strong> conforme Cronograma da Chamada<br \/>\n<strong>Lista de Aptid\u00e3o para Matr\u00edcula (NC, EEP, PPI e PCD):<\/strong> 25\/03\/2026<br \/>\n<strong>Matr\u00edculas Curriculares:<\/strong> 26 a 27\/03\/2026<br \/>\n<strong>In\u00edcio das aulas:<\/strong> 30\/03\/2026<\/p>\n<p>&nbsp;<\/p>\n<h3><strong><span style=\"text-decoration: underline\">Quinta Chamada &#8211; cursos com ingresso no segundo semestre<\/span><\/strong><\/h3>\n<p><strong>Publica\u00e7\u00e3o da Quinta Chamada:<\/strong> 07\/04\/2026<br \/>\n<strong>Cadastro Institucional:<\/strong> 08 a 12\/04\/2026<br \/>\n<strong>Ajuste de documenta\u00e7\u00e3o:<\/strong> 13\/04\/2026<br \/>\n<strong>Procedimento de Heteroidentifica\u00e7\u00e3o:<\/strong> conforme Cronograma da Chamada<br \/>\n<strong>Junta Multiprofissional:<\/strong> conforme Cronograma da Chamada<br \/>\n<strong>Lista de Aptid\u00e3o para Matr\u00edcula (NC, EEP, PPI e PCD):<\/strong> 15\/04\/2026<br \/>\n<strong>Matr\u00edculas Curriculares:<\/strong> O per\u00edodo de matr\u00edcula das\/os ingressantes do <strong>2\u00ba semestre<\/strong> ser\u00e1 divulgado posteriormente no <strong>Edital de Procedimentos de<\/strong><br \/>\n<strong>Matr\u00edculas 2026.2<\/strong>, a ser publicado no dia <strong>03 de junho de 2026<\/strong> no <span style=\"text-decoration: underline\">portal da Uern<\/span>.<br \/>\n<strong>In\u00edcio das aulas:<\/strong> 04\/08\/2026<\/p>\n<hr \/>\n<p>&nbsp;<\/p>\n<p><a href=\"https:\/\/portal.uern.br\/paudosferros\/wp-content\/uploads\/2025\/09\/Calendario_universitario_2026.pdf\"><strong>CALEND\u00c1RIO UNIVERSIT\u00c1RIO 2026.<\/strong><\/a><\/p>\n<p>&nbsp;<\/p>\n<hr \/>\n<h4><strong>E-mail: admissao.dirca@uern.br<\/strong><\/h4>\n<p><a href=\"https:\/\/t.me\/sisuuern\" target=\"_blank\" rel=\"noopener\"><img decoding=\"async\" src=\"https:\/\/www.uern.br\/controledepaginas\/sisu-noticias\/imagens\/3256telegram.png\" alt=\"\" width=\"300\" height=\"90\" align=\"top\" \/><\/a><\/p>\n<p><a href=\"https:\/\/t.me\/processosseletivosuern\" target=\"_blank\" rel=\"noopener\">t.me\/processosseletivosuern<\/a><\/p>\n","protected":false},"excerpt":{"rendered":"<p>Documentos do PSVI Sisu\/Uern 2026 Quinta Chamada Lista de Aptid\u00e3o para Matr\u00edcula (NC, EEP, PPI e PcD &#8211; Quinta Chamada) Recurso ao resultado da Junta Multiprofissional &#8211; Item n\u00e3o aplic\u00e1vel, pois na lista n\u00e3o h\u00e1 registros de candidatos\/as da categoria PcD com a situa\u00e7\u00e3o &#8220;REPROVADO\/A NA JUNTA&#8221;. N\u00e3o houve publica\u00e7\u00e3o do Edital de Convoca\u00e7\u00e3o para [&hellip;]<\/p>\n","protected":false},"author":18,"featured_media":0,"parent":0,"menu_order":0,"comment_status":"closed","ping_status":"closed","template":"","meta":{"footnotes":""},"class_list":["post-3195","page","type-page","status-publish","hentry"],"_links":{"self":[{"href":"https:\/\/portal.uern.br\/proeg\/sisu\/wp-json\/wp\/v2\/pages\/3195","targetHints":{"allow":["GET"]}}],"collection":[{"href":"https:\/\/portal.uern.br\/proeg\/sisu\/wp-json\/wp\/v2\/pages"}],"about":[{"href":"https:\/\/portal.uern.br\/proeg\/sisu\/wp-json\/wp\/v2\/types\/page"}],"author":[{"embeddable":true,"href":"https:\/\/portal.uern.br\/proeg\/sisu\/wp-json\/wp\/v2\/users\/18"}],"replies":[{"embeddable":true,"href":"https:\/\/portal.uern.br\/proeg\/sisu\/wp-json\/wp\/v2\/comments?post=3195"}],"version-history":[{"count":75,"href":"https:\/\/portal.uern.br\/proeg\/sisu\/wp-json\/wp\/v2\/pages\/3195\/revisions"}],"predecessor-version":[{"id":3553,"href":"https:\/\/portal.uern.br\/proeg\/sisu\/wp-json\/wp\/v2\/pages\/3195\/revisions\/3553"}],"wp:attachment":[{"href":"https:\/\/portal.uern.br\/proeg\/sisu\/wp-json\/wp\/v2\/media?parent=3195"}],"curies":[{"name":"wp","href":"https:\/\/api.w.org\/{rel}","templated":true}]}}