{"id":3183,"date":"2025-06-30T09:40:04","date_gmt":"2025-06-30T12:40:04","guid":{"rendered":"https:\/\/portal.uern.br\/proeg\/sisu\/?page_id=3183"},"modified":"2026-01-28T07:03:08","modified_gmt":"2026-01-28T10:03:08","slug":"outros-processos-seletivos","status":"publish","type":"page","link":"https:\/\/portal.uern.br\/proeg\/sisu\/formas-de-ingresso-na-uern\/outros-processos-seletivos\/","title":{"rendered":"Outros Processos Seletivos"},"content":{"rendered":"<p>&nbsp;<\/p>\n<ul>\n<li><span style=\"color: #0000ff\"><strong>Processo Seletivo para Obten\u00e7\u00e3o de Segunda Gradua\u00e7\u00e3o em Cursos de Educa\u00e7\u00e3o F\u00edsica com \u00c1rea B\u00e1sica de Ingresso (ABI)<\/strong><\/span><\/li>\n<\/ul>\n<p>&nbsp;<\/p>\n<p><strong><a href=\"https:\/\/portal.uern.br\/proeg\/sisu\/wp-content\/uploads\/sites\/3\/2026\/01\/Edital-06.2026-RESULTADO-FINAL-SEGUNDA-GRADUACAO-EDUCACAO-FISICA-2026.1.docx.pdf\">Edital n\u00ba 06\/2026 \u2013 Proeg:<\/a> Resultado Final do Processo Seletivo para obten\u00e7\u00e3o de Segunda Gradua\u00e7\u00e3o em cursos de Educa\u00e7\u00e3o F\u00edsica com ABI 2026.1<\/strong><\/p>\n<p><a href=\"https:\/\/portal.uern.br\/proeg\/sisu\/wp-content\/uploads\/sites\/3\/2026\/01\/Edital-03.2026-Proeg-RESULTADO-PRELIMINAR-SEGUNDA-GRADUACAO-EDUCACAO-FISICA.docx.docx.pdf\">Edital n\u00ba 03\/2026 \u2013 Proeg:<\/a> Resultado Preliminar do Processo Seletivo para obten\u00e7\u00e3o de Segunda Gradua\u00e7\u00e3o em cursos de Educa\u00e7\u00e3o F\u00edsica com ABI 2026.1<\/p>\n<p><a href=\"https:\/\/portal.uern.br\/proeg\/sisu\/wp-content\/uploads\/sites\/3\/2026\/01\/EDITAL-02.2026-Proeg-OBTENCAO-DE-2o-GRAU-ACADEMICO-EDUCACAO-FISICA.docx.pdf\">Edital n\u00ba 02\/2026 \u2013 Proeg:<\/a> Abertura do Processo Seletivo para obten\u00e7\u00e3o de Segunda Gradua\u00e7\u00e3o em cursos de Educa\u00e7\u00e3o F\u00edsica com ABI 2026.1<\/p>\n<p><a href=\"https:\/\/portal.uern.br\/proeg\/sisu\/wp-content\/uploads\/sites\/3\/2025\/07\/Edital-84.2025-RESULTADO-FINAL-SEGUNDA-GRADUACAO-EDUCACAO-FISICA-2025.2.docx.pdf\">Edital n\u00ba 84\/2025 \u2013 Proeg:<\/a> Resultado Final do Processo Seletivo para obten\u00e7\u00e3o de Segunda Gradua\u00e7\u00e3o em cursos de Educa\u00e7\u00e3o F\u00edsica com ABI 2025.2<\/p>\n<p><a href=\"https:\/\/portal.uern.br\/proeg\/sisu\/wp-content\/uploads\/sites\/3\/2025\/07\/Edital-81.2025-Proeg-RESULTADOS-PRELIMINAR-SEGUNDA-GRADUACAO-EDUCACAO-FISICA.docx.docx.pdf\">Edital n\u00ba 81\/2025 \u2013 Proeg:<\/a> Resultado Preliminar do Processo Seletivo para obten\u00e7\u00e3o de Segunda Gradua\u00e7\u00e3o em cursos de Educa\u00e7\u00e3o F\u00edsica com ABI 2025.2<\/p>\n<p><a href=\"https:\/\/portal.uern.br\/proeg\/sisu\/wp-content\/uploads\/sites\/3\/2025\/07\/EDITAL-76.2025-Proeg-OBTENCAO-DE-2o-GRAU-ACADEMICO-EDUCACAO-FISICA.docx.pdf\">Edital n\u00ba 76\/2025 \u2013 Proeg:<\/a> Abertura do Processo Seletivo para obten\u00e7\u00e3o de Segunda Gradua\u00e7\u00e3o em cursos de Educa\u00e7\u00e3o F\u00edsica com ABI 2025.2<\/p>\n","protected":false},"excerpt":{"rendered":"<p>&nbsp; Processo Seletivo para Obten\u00e7\u00e3o de Segunda Gradua\u00e7\u00e3o em Cursos de Educa\u00e7\u00e3o F\u00edsica com \u00c1rea B\u00e1sica de Ingresso (ABI) &nbsp; Edital n\u00ba 06\/2026 \u2013 Proeg: Resultado Final do Processo Seletivo para obten\u00e7\u00e3o de Segunda Gradua\u00e7\u00e3o em cursos de Educa\u00e7\u00e3o F\u00edsica com ABI 2026.1 Edital n\u00ba 03\/2026 \u2013 Proeg: Resultado Preliminar do Processo Seletivo para obten\u00e7\u00e3o [&hellip;]<\/p>\n","protected":false},"author":17,"featured_media":0,"parent":55,"menu_order":0,"comment_status":"closed","ping_status":"closed","template":"","meta":{"footnotes":""},"class_list":["post-3183","page","type-page","status-publish","hentry"],"_links":{"self":[{"href":"https:\/\/portal.uern.br\/proeg\/sisu\/wp-json\/wp\/v2\/pages\/3183","targetHints":{"allow":["GET"]}}],"collection":[{"href":"https:\/\/portal.uern.br\/proeg\/sisu\/wp-json\/wp\/v2\/pages"}],"about":[{"href":"https:\/\/portal.uern.br\/proeg\/sisu\/wp-json\/wp\/v2\/types\/page"}],"author":[{"embeddable":true,"href":"https:\/\/portal.uern.br\/proeg\/sisu\/wp-json\/wp\/v2\/users\/17"}],"replies":[{"embeddable":true,"href":"https:\/\/portal.uern.br\/proeg\/sisu\/wp-json\/wp\/v2\/comments?post=3183"}],"version-history":[{"count":18,"href":"https:\/\/portal.uern.br\/proeg\/sisu\/wp-json\/wp\/v2\/pages\/3183\/revisions"}],"predecessor-version":[{"id":3362,"href":"https:\/\/portal.uern.br\/proeg\/sisu\/wp-json\/wp\/v2\/pages\/3183\/revisions\/3362"}],"up":[{"embeddable":true,"href":"https:\/\/portal.uern.br\/proeg\/sisu\/wp-json\/wp\/v2\/pages\/55"}],"wp:attachment":[{"href":"https:\/\/portal.uern.br\/proeg\/sisu\/wp-json\/wp\/v2\/media?parent=3183"}],"curies":[{"name":"wp","href":"https:\/\/api.w.org\/{rel}","templated":true}]}}