{"id":2988,"date":"2025-03-10T11:52:17","date_gmt":"2025-03-10T14:52:17","guid":{"rendered":"https:\/\/portal.uern.br\/proeg\/sisu\/?page_id=2988"},"modified":"2025-07-08T06:50:18","modified_gmt":"2025-07-08T09:50:18","slug":"psvo-2025","status":"publish","type":"page","link":"https:\/\/portal.uern.br\/proeg\/sisu\/psvo-2025\/","title":{"rendered":"Psvo 2025"},"content":{"rendered":"<div class=\"elementor-element elementor-element-57489742 elementor-widget elementor-widget-theme-post-title elementor-page-title elementor-widget-heading\" data-id=\"57489742\" data-element_type=\"widget\" data-widget_type=\"theme-post-title.default\">\n<div class=\"elementor-widget-container\">\n<h1 class=\"elementor-heading-title elementor-size-default\"><\/h1>\n<\/div>\n<\/div>\n<div class=\"elementor-element elementor-element-2ec26945 elementor-widget elementor-widget-theme-post-content\" data-id=\"2ec26945\" data-element_type=\"widget\" data-widget_type=\"theme-post-content.default\">\n<div class=\"elementor-widget-container\">\n<p style=\"text-align: center\"><strong>Cronograma<\/strong><\/p>\n<p>&nbsp;<\/p>\n<p><span style=\"text-decoration: underline;color: #ff0000\"><strong>Psvo 2025.1<\/strong><\/span><\/p>\n<p><strong>Abertura:\u00a0<\/strong>\u00a018\/03\/25<\/p>\n<p><strong>Inscri\u00e7\u00f5es:<\/strong>\u00a018 a 21\/03\/25<\/p>\n<p><strong>Resultado:<\/strong>\u00a025\/03\/25<\/p>\n<p><strong>Cadastro Institucional:<\/strong>\u00a025 a 27\/03\/25<\/p>\n<p><strong>Ajuste de Documenta\u00e7\u00e3o:<\/strong>\u00a028\/03\/25<\/p>\n<p><strong>Matr\u00edcula Curricular:<\/strong>\u00a031\/03 a 02\/04\/25<\/p>\n<p><strong>In\u00edcio das aulas: <\/strong>03\/04\/25<\/p>\n<p>&nbsp;<\/p>\n<\/div>\n<p><span style=\"text-decoration: underline;color: #ff0000\"><strong>Psvo 2025.2<\/strong><\/span><\/p>\n<p><strong>Abertura:\u00a0<\/strong> 1\u00ba\/07\/25<\/p>\n<p><strong>Inscri\u00e7\u00f5es:<\/strong> 1\u00ba a 04\/07\/25<\/p>\n<p><strong>Resultado:<\/strong> 08\/07\/25<\/p>\n<p><strong>Cadastro Institucional:<\/strong> 08 a 10\/07\/25<\/p>\n<p><strong>Ajuste de Documenta\u00e7\u00e3o:<\/strong> 11\/07\/25<\/p>\n<p><strong>Matr\u00edcula Curricular:<\/strong> 15 a 18\/07\/25<\/p>\n<p><strong>In\u00edcio das aulas: <\/strong>04\/08\/25<\/p>\n<div class=\"elementor-widget-container\">\n<p>&nbsp;<\/p>\n<hr \/>\n<p>&nbsp;<\/p>\n<p style=\"text-align: center\"><strong>Editais<\/strong><\/p>\n<\/div>\n<p><strong>Psvo 2025.1<\/strong><\/p>\n<p><a href=\"https:\/\/portal.uern.br\/proeg\/sisu\/wp-content\/uploads\/sites\/3\/2025\/03\/EDITAL-No-39_2025-\u2013-Abertura-Psvo-2025.1.pdf\">Edital n\u00ba 39\/2025 \u2013 Proeg:<\/a> Abertura do Processo Seletivo de Vagas Ociosas (Psvo) 2025.1<\/p>\n<p><a href=\"https:\/\/docs.google.com\/forms\/d\/e\/1FAIpQLScYj7O9nL11GIUM9m0GQJzvapauTS_KDGzsA7-zizsBvQ5aRg\/viewform?usp=dialog\">Formul\u00e1rio para Inscri\u00e7\u00e3o no Psvo 2025.1<\/a><\/p>\n<p><a href=\"https:\/\/portal.uern.br\/proeg\/sisu\/wp-content\/uploads\/sites\/3\/2025\/03\/EDITAL-No-40_2025-\u2013-Resultado-Psvo-2025.1.pdf\">Edital n\u00ba 40\/2025 \u2013 Proeg<\/a>: Divulga rela\u00e7\u00e3o dos candidatos aprovados no Processo Seletivo de Vagas Ociosas (Psvo) 2025.1<\/p>\n<\/div>\n<p>&nbsp;<\/p>\n<p><strong>Psvo 2025.2<\/strong><\/p>\n<p><a href=\"https:\/\/portal.uern.br\/proeg\/sisu\/wp-content\/uploads\/sites\/3\/2025\/06\/EDITAL-No-75_2025-\u2013-Abertura-Psvo-2025.2.pdf\">Edital n\u00ba 75\/2025 \u2013 Proeg:<\/a> Abertura do Processo Seletivo de Vagas Ociosas (Psvo) 2025.2<\/p>\n<p><a href=\"https:\/\/docs.google.com\/forms\/d\/e\/1FAIpQLSe9Bzj59LIkyxdoL23ty-myB3jOXD6_o9akqkpM12Int3DSOg\/viewform?usp=dialog\">Formul\u00e1rio para Inscri\u00e7\u00e3o no Psvo 2025.2<\/a><\/p>\n<p><strong><a href=\"https:\/\/portal.uern.br\/proeg\/sisu\/wp-content\/uploads\/sites\/3\/2025\/07\/EDITAL-No-77_2025-\u2013-Resultado-PSVO-2025.2.pdf\">Edital n\u00ba 77\/2025 \u2013 Proeg<\/a>: Divulga rela\u00e7\u00e3o dos candidatos aprovados no Processo Seletivo de Vagas Ociosas (Psvo) 2025.2<\/strong><\/p>\n","protected":false},"excerpt":{"rendered":"<p>Cronograma &nbsp; Psvo 2025.1 Abertura:\u00a0\u00a018\/03\/25 Inscri\u00e7\u00f5es:\u00a018 a 21\/03\/25 Resultado:\u00a025\/03\/25 Cadastro Institucional:\u00a025 a 27\/03\/25 Ajuste de Documenta\u00e7\u00e3o:\u00a028\/03\/25 Matr\u00edcula Curricular:\u00a031\/03 a 02\/04\/25 In\u00edcio das aulas: 03\/04\/25 &nbsp; Psvo 2025.2 Abertura:\u00a0 1\u00ba\/07\/25 Inscri\u00e7\u00f5es: 1\u00ba a 04\/07\/25 Resultado: 08\/07\/25 Cadastro Institucional: 08 a 10\/07\/25 Ajuste de Documenta\u00e7\u00e3o: 11\/07\/25 Matr\u00edcula Curricular: 15 a 18\/07\/25 In\u00edcio das aulas: 04\/08\/25 &nbsp; &nbsp; [&hellip;]<\/p>\n","protected":false},"author":6,"featured_media":0,"parent":0,"menu_order":0,"comment_status":"closed","ping_status":"closed","template":"","meta":{"footnotes":""},"class_list":["post-2988","page","type-page","status-publish","hentry"],"_links":{"self":[{"href":"https:\/\/portal.uern.br\/proeg\/sisu\/wp-json\/wp\/v2\/pages\/2988","targetHints":{"allow":["GET"]}}],"collection":[{"href":"https:\/\/portal.uern.br\/proeg\/sisu\/wp-json\/wp\/v2\/pages"}],"about":[{"href":"https:\/\/portal.uern.br\/proeg\/sisu\/wp-json\/wp\/v2\/types\/page"}],"author":[{"embeddable":true,"href":"https:\/\/portal.uern.br\/proeg\/sisu\/wp-json\/wp\/v2\/users\/6"}],"replies":[{"embeddable":true,"href":"https:\/\/portal.uern.br\/proeg\/sisu\/wp-json\/wp\/v2\/comments?post=2988"}],"version-history":[{"count":14,"href":"https:\/\/portal.uern.br\/proeg\/sisu\/wp-json\/wp\/v2\/pages\/2988\/revisions"}],"predecessor-version":[{"id":3205,"href":"https:\/\/portal.uern.br\/proeg\/sisu\/wp-json\/wp\/v2\/pages\/2988\/revisions\/3205"}],"wp:attachment":[{"href":"https:\/\/portal.uern.br\/proeg\/sisu\/wp-json\/wp\/v2\/media?parent=2988"}],"curies":[{"name":"wp","href":"https:\/\/api.w.org\/{rel}","templated":true}]}}