{"id":2757,"date":"2024-10-21T07:59:42","date_gmt":"2024-10-21T10:59:42","guid":{"rendered":"https:\/\/portal.uern.br\/proeg\/sisu\/?page_id=2757"},"modified":"2025-06-26T07:04:47","modified_gmt":"2025-06-26T10:04:47","slug":"psvni-2025","status":"publish","type":"page","link":"https:\/\/portal.uern.br\/proeg\/sisu\/psvni-2025\/","title":{"rendered":"Psvni 2025"},"content":{"rendered":"<p><img fetchpriority=\"high\" decoding=\"async\" class=\"alignnone size-full wp-image-2783\" src=\"https:\/\/portal.uern.br\/proeg\/sisu\/wp-content\/uploads\/sites\/3\/2024\/10\/PSVNI-2025.1_imagem-para-site-tema.png\" alt=\"\" width=\"900\" height=\"600\" srcset=\"https:\/\/portal.uern.br\/proeg\/sisu\/wp-content\/uploads\/sites\/3\/2024\/10\/PSVNI-2025.1_imagem-para-site-tema.png 900w, https:\/\/portal.uern.br\/proeg\/sisu\/wp-content\/uploads\/sites\/3\/2024\/10\/PSVNI-2025.1_imagem-para-site-tema-300x200.png 300w, https:\/\/portal.uern.br\/proeg\/sisu\/wp-content\/uploads\/sites\/3\/2024\/10\/PSVNI-2025.1_imagem-para-site-tema-768x512.png 768w\" sizes=\"(max-width: 900px) 100vw, 900px\" \/><\/p>\n<p>&nbsp;<\/p>\n<p><strong>PSVNI 2025.1<\/strong><\/p>\n<p><strong>D\u00favidas sobre o Psvni?<\/strong> <a href=\"https:\/\/portal.uern.br\/proeg\/sisu\/psvni-duvidas-frequentes\/\">Clique aqui!<\/a><\/p>\n<p>&nbsp;<\/p>\n<p style=\"text-align: center\"><strong>Cronograma<\/strong><\/p>\n<p>&nbsp;<\/p>\n<p><strong>Publica\u00e7\u00e3o do Edital de Abertura<\/strong>: 23\/10\/24<\/p>\n<p><strong>Inscri\u00e7\u00f5es:<\/strong> 24\/10 a 04\/11\/24<\/p>\n<p><strong>Publica\u00e7\u00e3o de Edital de Resultado Parcial:\u00a0<\/strong>03\/12\/24<\/p>\n<p><strong>Per\u00edodo de Recursos:<\/strong> 03 a 05\/12\/24<\/p>\n<p><strong>Resultado dos Recursos:<\/strong> 10\/12\/24<\/p>\n<p><strong>Publica\u00e7\u00e3o de Edital de Resultado Final:<\/strong> 12\/12\/24<\/p>\n<p><strong>Resultado Parcial de Medicina:<\/strong> 12\/12\/24<\/p>\n<p><strong>Per\u00edodo de Recursos de Medicina:<\/strong> 12\/12 a 16\/12\/24<\/p>\n<p><strong>Resultado Final de Medicina:<\/strong> 20\/12\/24<\/p>\n<p>&nbsp;<\/p>\n<p style=\"text-align: center\"><strong>Editais<\/strong><\/p>\n<p><strong>PSVNI 2025.1<\/strong><\/p>\n<p><a href=\"https:\/\/portal.uern.br\/proeg\/sisu\/wp-content\/uploads\/sites\/3\/2024\/10\/EDITAL-No-135_2024-PROEG-Abertura-do-PSVNI-2025.1.pdf\">Edital n\u00ba 135\/2024 \u2013 Proeg<\/a>: Processo Seletivo de Vagas N\u00e3o Iniciais (Psvni), referente ao 1\u00ba semestre do ano letivo de 2025 da Uern (<a href=\"https:\/\/drive.google.com\/file\/d\/107dSX9S90xrCujc4vhZzeBenEHF7Y-j-\/view?usp=sharing\">\u00c1udio<\/a>)<\/p>\n<p><a href=\"https:\/\/portal.uern.br\/proeg\/sisu\/wp-content\/uploads\/sites\/3\/2024\/10\/Edital-141.2024-Retifica-Edital-no-135_2024-Psvni-2025.1.pdf\">Edital n\u00ba 141\/2024 &#8211; Proeg<\/a>: Retifica o Edital n\u00ba 135\/2024 &#8211; Proeg<\/p>\n<p><a href=\"https:\/\/portal.uern.br\/proeg\/sisu\/wp-content\/uploads\/sites\/3\/2024\/11\/Edital-152.2024-Aditivo-Edital-no-135_2024-Psvni-2025.1.pdf\">Edital n\u00ba 152\/2024 &#8211; Proeg:<\/a> Retifica o Edital n\u00ba 135\/2024 &#8211; Proeg<\/p>\n<p><a href=\"https:\/\/portal.uern.br\/proeg\/sisu\/wp-content\/uploads\/sites\/3\/2024\/12\/Edital-165.2024-Resultado-Parcial-PSVNI_2025.1.docx.pdf\">Edital n\u00ba 165\/2024 \u2013 Proeg:<\/a> Resultado Parcial do Processo Seletivo de Vagas N\u00e3o-Iniciais (Psvni) 2025.1<\/p>\n<p><a href=\"https:\/\/portal.uern.br\/proeg\/sisu\/wp-content\/uploads\/sites\/3\/2024\/12\/Edital-167.2024-PSVNI_Resultado-Final_2025.1.pdf\">Edital n\u00ba 167\/2024 \u2013 Proeg:<\/a> Resultado Final do Processo Seletivo de Vagas N\u00e3o Iniciais (Psvni) 2025.1<\/p>\n<p><a href=\"https:\/\/portal.uern.br\/proeg\/sisu\/wp-content\/uploads\/sites\/3\/2024\/12\/Edital-172_2024-Proeg-Retifica-o-Edital-167_2024-PSVNI-2025.1.pdf\">Edital n\u00ba 172\/2024 &#8211; Proeg:<\/a> Retifica o Edital n\u00ba 167\/2024 &#8211; Proeg<\/p>\n<p><strong><a href=\"https:\/\/portal.uern.br\/proeg\/sisu\/wp-content\/uploads\/sites\/3\/2025\/03\/Edital-34.2025-SEGUNDA-CHAMADA-PSVNI-2025.1.pdf\">Edital n\u00ba 34\/2025 &#8211; Proeg:<\/a> Segunda Chamada do Psvni 2025.1<\/strong><\/p>\n<p>&nbsp;<\/p>\n<p><strong>PSVNI 2025.1 &#8211; Medicina<\/strong><\/p>\n<p><a href=\"https:\/\/portal.uern.br\/proeg\/sisu\/wp-content\/uploads\/sites\/3\/2024\/12\/Edital-169.2024-Resultado-Parcial-Medicina-PSVNI_2025.1.docx.pdf\">Edital n\u00ba 169\/2024 \u2013 Proeg:<\/a> Resultado Parcial de Medicina do Processo Seletivo de Vagas N\u00e3o Iniciais (Psvni) 2025.1<\/p>\n<p><a href=\"https:\/\/portal.uern.br\/proeg\/sisu\/wp-content\/uploads\/sites\/3\/2024\/12\/Edital-170_2024-Proeg-Altera-o-Edital-169_2024-PSVNI-2025.1.pdf\">Edital n\u00ba 170\/2024 &#8211; Proeg:<\/a> Altera o Edital n\u00ba 169\/2024 &#8211; Proeg<\/p>\n<p><a href=\"https:\/\/portal.uern.br\/proeg\/sisu\/wp-content\/uploads\/sites\/3\/2024\/12\/Edital-175.2024-PSVNI_Resultado-Final-Medicina_2025.1.pdf\">Edital n\u00ba 175\/2024 \u2013 Proeg:<\/a> Resultado Final de Medicina do Processo Seletivo de Vagas N\u00e3o Iniciais (Psvni) 2025.1<\/p>\n<p>&nbsp;<\/p>\n<hr \/>\n<p><strong>PSVNI 2025.2<\/strong><\/p>\n<p><a href=\"https:\/\/portal.uern.br\/proeg\/sisu\/wp-content\/uploads\/sites\/3\/2025\/05\/EDITAL-No-59_2025-PROEG-Abertura-do-PSVNI-2025.2.pdf\">Edital n\u00ba 59\/2025 \u2013 Proeg<\/a>: Processo Seletivo de Vagas N\u00e3o Iniciais (Psvni), referente ao 2\u00ba semestre do ano letivo de 2025 da Uern<\/p>\n<p><a href=\"https:\/\/portal.uern.br\/proeg\/sisu\/wp-content\/uploads\/sites\/3\/2025\/06\/Edital-70.2025-Resultado-Parcial-PSVNI_2025.2.docx.pdf\">Edital n\u00ba 70\/2025 \u2013 Proeg:<\/a> Resultado Parcial do Processo Seletivo de Vagas N\u00e3o Iniciais (Psvni) 2025.2<\/p>\n<p><strong><a href=\"https:\/\/portal.uern.br\/proeg\/sisu\/wp-content\/uploads\/sites\/3\/2025\/06\/Edital-73.2025-PSVNI_Resultado-Final_2025.2.pdf\">Edital n\u00ba 73\/2025 \u2013 Proeg:<\/a> Resultado Final do Processo Seletivo de Vagas N\u00e3o Iniciais (Psvni) 2025.2<\/strong><\/p>\n","protected":false},"excerpt":{"rendered":"<p>&nbsp; PSVNI 2025.1 D\u00favidas sobre o Psvni? Clique aqui! &nbsp; Cronograma &nbsp; Publica\u00e7\u00e3o do Edital de Abertura: 23\/10\/24 Inscri\u00e7\u00f5es: 24\/10 a 04\/11\/24 Publica\u00e7\u00e3o de Edital de Resultado Parcial:\u00a003\/12\/24 Per\u00edodo de Recursos: 03 a 05\/12\/24 Resultado dos Recursos: 10\/12\/24 Publica\u00e7\u00e3o de Edital de Resultado Final: 12\/12\/24 Resultado Parcial de Medicina: 12\/12\/24 Per\u00edodo de Recursos de Medicina: [&hellip;]<\/p>\n","protected":false},"author":6,"featured_media":0,"parent":0,"menu_order":0,"comment_status":"closed","ping_status":"closed","template":"","meta":{"footnotes":""},"class_list":["post-2757","page","type-page","status-publish","hentry"],"_links":{"self":[{"href":"https:\/\/portal.uern.br\/proeg\/sisu\/wp-json\/wp\/v2\/pages\/2757","targetHints":{"allow":["GET"]}}],"collection":[{"href":"https:\/\/portal.uern.br\/proeg\/sisu\/wp-json\/wp\/v2\/pages"}],"about":[{"href":"https:\/\/portal.uern.br\/proeg\/sisu\/wp-json\/wp\/v2\/types\/page"}],"author":[{"embeddable":true,"href":"https:\/\/portal.uern.br\/proeg\/sisu\/wp-json\/wp\/v2\/users\/6"}],"replies":[{"embeddable":true,"href":"https:\/\/portal.uern.br\/proeg\/sisu\/wp-json\/wp\/v2\/comments?post=2757"}],"version-history":[{"count":33,"href":"https:\/\/portal.uern.br\/proeg\/sisu\/wp-json\/wp\/v2\/pages\/2757\/revisions"}],"predecessor-version":[{"id":3177,"href":"https:\/\/portal.uern.br\/proeg\/sisu\/wp-json\/wp\/v2\/pages\/2757\/revisions\/3177"}],"wp:attachment":[{"href":"https:\/\/portal.uern.br\/proeg\/sisu\/wp-json\/wp\/v2\/media?parent=2757"}],"curies":[{"name":"wp","href":"https:\/\/api.w.org\/{rel}","templated":true}]}}