{"id":2486,"date":"2024-07-02T08:20:17","date_gmt":"2024-07-02T11:20:17","guid":{"rendered":"https:\/\/portal.uern.br\/proeg\/sisu\/?page_id=2486"},"modified":"2025-12-02T08:15:46","modified_gmt":"2025-12-02T11:15:46","slug":"dicionario-psvi-2026","status":"publish","type":"page","link":"https:\/\/portal.uern.br\/proeg\/sisu\/dicionario-psvi-2026\/","title":{"rendered":"Dicion\u00e1rio PSVI 2026"},"content":{"rendered":"<p>&nbsp;<\/p>\n<p><span style=\"color: #0000ff\"><b>A<\/b><\/span><\/p>\n<p>&nbsp;<\/p>\n<p><span style=\"text-decoration: underline\"><b>A\u00e7\u00f5es Afirmativas<\/b><\/span><b>: <\/b><span style=\"font-weight: 400\">Vagas reservadas para grupos que sofreram discrimina\u00e7\u00e3o ou foram exclu\u00eddos socialmente<\/span><b>.<\/b><\/p>\n<p>&nbsp;<\/p>\n<p><span style=\"color: #0000ff\"><b>B<\/b><\/span><\/p>\n<p>&nbsp;<\/p>\n<p><span style=\"text-decoration: underline\"><b>Banca Recursal<\/b><\/span><b>: <\/b><span style=\"font-weight: 400\">Procedimento atrav\u00e9s do qual<\/span> <span style=\"font-weight: 400\">uma comiss\u00e3o formada por 5 participantes avalia os fen\u00f3tipos das\/dos candidatas\/os da categoria PPI que j\u00e1 passaram pelo Procedimento de Heteroidentifica\u00e7\u00e3o, foram consideradas\/os n\u00e3o aptas\/os e interpuseram recurso contra o resultado deste \u00faltimo procedimento.<\/span><\/p>\n<p>&nbsp;<\/p>\n<p><span style=\"color: #0000ff\"><b>C<\/b><\/span><\/p>\n<p>&nbsp;<\/p>\n<p><span style=\"text-decoration: underline\"><b>Cadastro Institucional<\/b><\/span><b>: <\/b><span style=\"font-weight: 400\">V\u00ednculo provis\u00f3rio com a institui\u00e7\u00e3o, realizado por meio do envio virtual da documenta\u00e7\u00e3o das\/os candidatas\/os de todas as categorias para as Unidades Universit\u00e1rias.<\/span><\/p>\n<p>&nbsp;<\/p>\n<p><span style=\"text-decoration: underline\"><b>Categorias<\/b><\/span><b>: <\/b><span style=\"font-weight: 400\">Grupos nos quais as\/os candidatas\/os do PSVI podem ser enquadradas\/os. No PSVI 2026, as categorias s\u00e3o as seguintes: <\/span><\/p>\n<p><span style=\"font-weight: 400\">&#8211;&gt; Cota Social, subdividida em:<\/span><\/p>\n<ul>\n<li><span style=\"font-weight: 400\"> Egressos de Escola P\u00fablica (EEP) e <\/span><\/li>\n<li><span style=\"font-weight: 400\">Preto, Pardo e Ind\u00edgena (PPI);<\/span><\/li>\n<\/ul>\n<p>&nbsp;<\/p>\n<p><span style=\"font-weight: 400\">&#8211;&gt; Pessoa com Defici\u00eancia; e <\/span><\/p>\n<p><span style=\"font-weight: 400\">&#8211;&gt; N\u00e3o Cotista.<\/span><\/p>\n<p>&nbsp;<\/p>\n<p><span style=\"text-decoration: underline\"><b>Classifica\u00e7\u00e3o<\/b><\/span><span style=\"font-weight: 400\">: Organiza\u00e7\u00e3o dos nomes das\/os candidatas\/os em ordem decrescente de acordo com nota obtida no Enem e sua respectiva categoria.<\/span><\/p>\n<p>&nbsp;<\/p>\n<p><span style=\"text-decoration: underline\"><b>Cota Social<\/b><\/span><b>: <\/b><span style=\"font-weight: 400\">Reserva de 50% das vagas totais, <\/span><b>subdividida<\/b><span style=\"font-weight: 400\"> nas seguintes subcategorias:<\/span><\/p>\n<ol>\n<li><span style=\"font-weight: 400\">i) 60% para candidatas\/os autodeclaradas\/os pretas\/os, pardas\/os e ind\u00edgenas, que podem ter cursado os ensinos fundamental e m\u00e9dio em escolas p\u00fablicas ou privadas.<\/span><\/li>\n<li><span style=\"font-weight: 400\">ii) 40% para candidatas\/os egressas\/os de escola p\u00fablica, que tenham cursado <\/span><b>integralmente<\/b><span style=\"font-weight: 400\"> os ensinos<\/span><b> fundamental e m\u00e9dio <\/b><span style=\"font-weight: 400\">em escolas p\u00fablicas.<\/span><\/li>\n<\/ol>\n<p>&nbsp;<\/p>\n<p><span style=\"text-decoration: underline\"><b>Cronograma da Convoca\u00e7\u00e3o<\/b><\/span><span style=\"font-weight: 400\">: Datas de todos os procedimentos realizados em cada uma das convoca\u00e7\u00f5es. Pode ser encontrado atrav\u00e9s do link que se encontra na Lista de Convoca\u00e7\u00e3o e na p\u00e1gina do PSVI Sisu\/Uern 2026.<\/span><\/p>\n<p>&nbsp;<\/p>\n<p><span style=\"color: #0000ff\"><b>E<\/b><\/span><\/p>\n<p>&nbsp;<\/p>\n<p><span style=\"text-decoration: underline\"><b>EEP (Egresso de Escola P\u00fablica)<\/b><\/span><b>: <\/b><span style=\"font-weight: 400\">Categoria destinada \u00e0s\/aos candidatas\/os que cursaram <\/span><b>todos <\/b><span style=\"font-weight: 400\">os anos dos ensinos fundamental e m\u00e9dio em escolas p\u00fablicas.<\/span><\/p>\n<p>&nbsp;<\/p>\n<p><span style=\"color: #0000ff\"><b>J<\/b><\/span><\/p>\n<p>&nbsp;<\/p>\n<p><span style=\"text-decoration: underline\"><b>Junta Multiprofissional<\/b><\/span><b>: <\/b><span style=\"font-weight: 400\">Grupo composto por servidores da Uern de diversas \u00e1reas de forma\u00e7\u00e3o, que realizam a avalia\u00e7\u00e3o biopsicossocial das\/os candidatas\/os da categoria PcD para confirmar ou n\u00e3o a possibilidade de as\/os candidatas\/os assumirem vaga da referida categoria.<\/span><\/p>\n<p>&nbsp;<\/p>\n<p><span style=\"color: #0000ff\"><b>L<\/b><\/span><\/p>\n<p>&nbsp;<\/p>\n<p><span style=\"text-decoration: underline\"><b>Lista de Aptid\u00e3o para a Matr\u00edcula<\/b><\/span><b>: <\/b><span style=\"font-weight: 400\">Lista de todas\/os as\/os convocadas\/os de uma chamada e sua<\/span> <span style=\"font-weight: 400\">respectiva situa\u00e7\u00e3o ap\u00f3s a realiza\u00e7\u00e3o do Cadastro Institucional (para as\/os candidatas\/os de todas as categorias), o Procedimento de Heteroidentifica\u00e7\u00e3o (para as\/os candidatas\/os da categoria PPI) e da Junta Multiprofissional (para as\/os candidatas\/os da categoria PcD).<\/span><\/p>\n<p>&nbsp;<\/p>\n<p><span style=\"text-decoration: underline\"><b>Lista de Convocados<\/b><\/span><b>:<\/b><span style=\"font-weight: 400\"> Lista contendo todas\/os as\/os candidatas\/os que foram convocadas\/os para ocupar vagas nos cursos de gradua\u00e7\u00e3o da Uern. Na lista de convoca\u00e7\u00e3o de cada chamada, constam: as informa\u00e7\u00f5es dos cursos para os quais as\/os candidatas\/os est\u00e3o sendo convocadas\/os; as informa\u00e7\u00f5es das\/os candidatas\/os convocadas\/os e o link para o cronograma de eventos daquela chamada.\u00a0<\/span><\/p>\n<p>&nbsp;<\/p>\n<p><span style=\"text-decoration: underline\"><b>Lista de Espera<\/b><\/span><b>: <\/b><span style=\"font-weight: 400\">Lista com as\/os candidatas\/os que n\u00e3o foram convocadas\/os, mas que declararam interesse por vaga remanescente.<\/span><\/p>\n<p>&nbsp;<\/p>\n<p><span style=\"color: #0000ff\"><b>M<\/b><\/span><\/p>\n<p>&nbsp;<\/p>\n<p><span style=\"text-decoration: underline\"><b>Matr\u00edcula Curricular<\/b><\/span><b>: <\/b><span style=\"font-weight: 400\">V\u00ednculo <\/span><b>definitivo<\/b><span style=\"font-weight: 400\"> da\/o candidata\/o com a institui\u00e7\u00e3o. A matr\u00edcula \u00e9 realizada automaticamente pelas Unidades Universit\u00e1rias.<\/span><\/p>\n<p>&nbsp;<\/p>\n<p><span style=\"color: #0000ff\"><b>N<\/b><\/span><\/p>\n<p>&nbsp;<\/p>\n<p><span style=\"text-decoration: underline\"><b>NC (N\u00e3o Cotista)<\/b><\/span><b>: <\/b><span style=\"font-weight: 400\">Candidatas\/os n\u00e3o pertencentes \u00e0 Cota Social ou \u00e0 Cota para Pessoas com Defici\u00eancia.<\/span><\/p>\n<p>&nbsp;<\/p>\n<p><span style=\"color: #0000ff\"><b>P<\/b><\/span><\/p>\n<p>&nbsp;<\/p>\n<p><span style=\"text-decoration: underline\"><b>PcD (Pessoa com Defici\u00eancia)<\/b><\/span><b>: <\/b><span style=\"font-weight: 400\">Candidatas\/os com defici\u00eancia comprovada por atestado m\u00e9dico fornecido por profissional cadastrado pelo Sistema \u00danico de Sa\u00fade (SUS).<\/span><\/p>\n<p>&nbsp;<\/p>\n<p><span style=\"text-decoration: underline\"><b>PPI (Preto, Pardo e Ind\u00edgena)<\/b><\/span><b>:<\/b><span style=\"font-weight: 400\"> Candidatas\/os que se autodeclaram Pretas\/os e Pardas\/os e, no caso das\/os Ind\u00edgenas, candidatas\/os que t\u00eam v\u00ednculo com a comunidade ind\u00edgena.\u00a0<\/span><\/p>\n<p>&nbsp;<\/p>\n<p><span style=\"text-decoration: underline\"><b>Procedimento de Heteroidentifica\u00e7\u00e3o<\/b><\/span><b>: <\/b><span style=\"font-weight: 400\">Procedimento destinado \u00e0 comprova\u00e7\u00e3o, ou n\u00e3o, da autodeclara\u00e7\u00e3o da\/o candidata\/o PPI. A avalia\u00e7\u00e3o \u00e9 feita por cinco membros que s\u00e3o negros ou que estudam a causa da pessoa negra.<\/span><\/p>\n<p>&nbsp;<\/p>\n<p><span style=\"color: #0000ff\"><b>R<\/b><\/span><\/p>\n<p>&nbsp;<\/p>\n<p><span style=\"text-decoration: underline\"><b>Remanejamento de Semestre<\/b><\/span><b>: <\/b><span style=\"font-weight: 400\">\u00c9 a altera\u00e7\u00e3o do semestre de ingresso das\/os candidatas\/os dos cursos de Educa\u00e7\u00e3o F\u00edsica, Medicina, Pedagogia e Qu\u00edmica do Campus Central, que haviam sido inicialmente convocadas\/os para ingresso no segundo semestre. Por meio do remanejamento, essas\/esses candidatas\/os ocupam vaga remanescente em seus respectivos cursos com ingresso no primeiro semestre.<\/span><b>\u00a0<\/b><\/p>\n<p>&nbsp;<\/p>\n<p><span style=\"color: #0000ff\"><b>T<\/b><\/span><\/p>\n<p><span style=\"text-decoration: underline\"><b>Termo de Ades\u00e3o<\/b><\/span><b>: <\/b><span style=\"font-weight: 400\">Documento no qual constam todas as informa\u00e7\u00f5es sobre as vagas ofertadas via Sisu para ingresso nos cursos de gradua\u00e7\u00e3o da Uern.<\/span><\/p>\n","protected":false},"excerpt":{"rendered":"<p>&nbsp; A &nbsp; A\u00e7\u00f5es Afirmativas: Vagas reservadas para grupos que sofreram discrimina\u00e7\u00e3o ou foram exclu\u00eddos socialmente. &nbsp; B &nbsp; Banca Recursal: Procedimento atrav\u00e9s do qual uma comiss\u00e3o formada por 5 participantes avalia os fen\u00f3tipos das\/dos candidatas\/os da categoria PPI que j\u00e1 passaram pelo Procedimento de Heteroidentifica\u00e7\u00e3o, foram consideradas\/os n\u00e3o aptas\/os e interpuseram recurso contra o [&hellip;]<\/p>\n","protected":false},"author":6,"featured_media":0,"parent":0,"menu_order":0,"comment_status":"closed","ping_status":"closed","template":"","meta":{"footnotes":""},"class_list":["post-2486","page","type-page","status-publish","hentry"],"_links":{"self":[{"href":"https:\/\/portal.uern.br\/proeg\/sisu\/wp-json\/wp\/v2\/pages\/2486","targetHints":{"allow":["GET"]}}],"collection":[{"href":"https:\/\/portal.uern.br\/proeg\/sisu\/wp-json\/wp\/v2\/pages"}],"about":[{"href":"https:\/\/portal.uern.br\/proeg\/sisu\/wp-json\/wp\/v2\/types\/page"}],"author":[{"embeddable":true,"href":"https:\/\/portal.uern.br\/proeg\/sisu\/wp-json\/wp\/v2\/users\/6"}],"replies":[{"embeddable":true,"href":"https:\/\/portal.uern.br\/proeg\/sisu\/wp-json\/wp\/v2\/comments?post=2486"}],"version-history":[{"count":6,"href":"https:\/\/portal.uern.br\/proeg\/sisu\/wp-json\/wp\/v2\/pages\/2486\/revisions"}],"predecessor-version":[{"id":3284,"href":"https:\/\/portal.uern.br\/proeg\/sisu\/wp-json\/wp\/v2\/pages\/2486\/revisions\/3284"}],"wp:attachment":[{"href":"https:\/\/portal.uern.br\/proeg\/sisu\/wp-json\/wp\/v2\/media?parent=2486"}],"curies":[{"name":"wp","href":"https:\/\/api.w.org\/{rel}","templated":true}]}}