{"id":2419,"date":"2024-06-05T08:40:16","date_gmt":"2024-06-05T11:40:16","guid":{"rendered":"https:\/\/portal.uern.br\/proeg\/sisu\/?page_id=2419"},"modified":"2024-06-05T08:40:16","modified_gmt":"2024-06-05T11:40:16","slug":"ingresso-psvni-duvidas-frequentes","status":"publish","type":"page","link":"https:\/\/portal.uern.br\/proeg\/sisu\/ingresso-psvni-duvidas-frequentes\/","title":{"rendered":"Ingresso Psvni &#8211; D\u00favidas Frequentes"},"content":{"rendered":"<p>&nbsp;<\/p>\n<p><strong>1 &#8211; Em qual semestre do curso o candidato aprovado do Psvni ingressa?<\/strong><\/p>\n<p>O candidato aprovado ingressa no primeiro per\u00edodo do curso, mas \u00e9 o pr\u00f3prio ingressante que realiza a sua matr\u00edcula. Dessa forma, caso as disciplinas do primeiro per\u00edodo j\u00e1 tenham sido aproveitadas, o ingressante pode matricular-se em qualquer disciplina que deseje (de qualquer dos semestres), desde que tenha cursado os pr\u00e9-requisitos.<\/p>\n","protected":false},"excerpt":{"rendered":"<p>&nbsp; 1 &#8211; Em qual semestre do curso o candidato aprovado do Psvni ingressa? O candidato aprovado ingressa no primeiro per\u00edodo do curso, mas \u00e9 o pr\u00f3prio ingressante que realiza a sua matr\u00edcula. Dessa forma, caso as disciplinas do primeiro per\u00edodo j\u00e1 tenham sido aproveitadas, o ingressante pode matricular-se em qualquer disciplina que deseje (de [&hellip;]<\/p>\n","protected":false},"author":6,"featured_media":0,"parent":0,"menu_order":0,"comment_status":"closed","ping_status":"closed","template":"","meta":{"footnotes":""},"class_list":["post-2419","page","type-page","status-publish","hentry"],"_links":{"self":[{"href":"https:\/\/portal.uern.br\/proeg\/sisu\/wp-json\/wp\/v2\/pages\/2419","targetHints":{"allow":["GET"]}}],"collection":[{"href":"https:\/\/portal.uern.br\/proeg\/sisu\/wp-json\/wp\/v2\/pages"}],"about":[{"href":"https:\/\/portal.uern.br\/proeg\/sisu\/wp-json\/wp\/v2\/types\/page"}],"author":[{"embeddable":true,"href":"https:\/\/portal.uern.br\/proeg\/sisu\/wp-json\/wp\/v2\/users\/6"}],"replies":[{"embeddable":true,"href":"https:\/\/portal.uern.br\/proeg\/sisu\/wp-json\/wp\/v2\/comments?post=2419"}],"version-history":[{"count":1,"href":"https:\/\/portal.uern.br\/proeg\/sisu\/wp-json\/wp\/v2\/pages\/2419\/revisions"}],"predecessor-version":[{"id":2420,"href":"https:\/\/portal.uern.br\/proeg\/sisu\/wp-json\/wp\/v2\/pages\/2419\/revisions\/2420"}],"wp:attachment":[{"href":"https:\/\/portal.uern.br\/proeg\/sisu\/wp-json\/wp\/v2\/media?parent=2419"}],"curies":[{"name":"wp","href":"https:\/\/api.w.org\/{rel}","templated":true}]}}