{"id":2416,"date":"2024-06-05T08:38:17","date_gmt":"2024-06-05T11:38:17","guid":{"rendered":"https:\/\/portal.uern.br\/proeg\/sisu\/?page_id=2416"},"modified":"2024-06-05T08:49:39","modified_gmt":"2024-06-05T11:49:39","slug":"aproveitamentoduvidasfrequentes","status":"publish","type":"page","link":"https:\/\/portal.uern.br\/proeg\/sisu\/aproveitamentoduvidasfrequentes\/","title":{"rendered":"Aproveitamento Psvni &#8211; D\u00favidas Frequentes"},"content":{"rendered":"<p>&nbsp;<\/p>\n<p><strong>1 &#8211; Para os ingressantes que j\u00e1 conclu\u00edram componentes curriculares, como e quando \u00e9 feito o aproveitamento desses componentes?<\/strong><\/p>\n<p>As disciplinas j\u00e1 cursadas, que constam no hist\u00f3rico enviado pelo candidato na inscri\u00e7\u00e3o, s\u00e3o aproveitadas no momento da inser\u00e7\u00e3o do ingressante ou mudan\u00e7a de seu curso no Sigaa.<\/p>\n","protected":false},"excerpt":{"rendered":"<p>&nbsp; 1 &#8211; Para os ingressantes que j\u00e1 conclu\u00edram componentes curriculares, como e quando \u00e9 feito o aproveitamento desses componentes? As disciplinas j\u00e1 cursadas, que constam no hist\u00f3rico enviado pelo candidato na inscri\u00e7\u00e3o, s\u00e3o aproveitadas no momento da inser\u00e7\u00e3o do ingressante ou mudan\u00e7a de seu curso no Sigaa.<\/p>\n","protected":false},"author":6,"featured_media":0,"parent":0,"menu_order":0,"comment_status":"closed","ping_status":"closed","template":"","meta":{"footnotes":""},"class_list":["post-2416","page","type-page","status-publish","hentry"],"_links":{"self":[{"href":"https:\/\/portal.uern.br\/proeg\/sisu\/wp-json\/wp\/v2\/pages\/2416","targetHints":{"allow":["GET"]}}],"collection":[{"href":"https:\/\/portal.uern.br\/proeg\/sisu\/wp-json\/wp\/v2\/pages"}],"about":[{"href":"https:\/\/portal.uern.br\/proeg\/sisu\/wp-json\/wp\/v2\/types\/page"}],"author":[{"embeddable":true,"href":"https:\/\/portal.uern.br\/proeg\/sisu\/wp-json\/wp\/v2\/users\/6"}],"replies":[{"embeddable":true,"href":"https:\/\/portal.uern.br\/proeg\/sisu\/wp-json\/wp\/v2\/comments?post=2416"}],"version-history":[{"count":3,"href":"https:\/\/portal.uern.br\/proeg\/sisu\/wp-json\/wp\/v2\/pages\/2416\/revisions"}],"predecessor-version":[{"id":2422,"href":"https:\/\/portal.uern.br\/proeg\/sisu\/wp-json\/wp\/v2\/pages\/2416\/revisions\/2422"}],"wp:attachment":[{"href":"https:\/\/portal.uern.br\/proeg\/sisu\/wp-json\/wp\/v2\/media?parent=2416"}],"curies":[{"name":"wp","href":"https:\/\/api.w.org\/{rel}","templated":true}]}}