{"id":2347,"date":"2024-05-21T12:08:04","date_gmt":"2024-05-21T15:08:04","guid":{"rendered":"https:\/\/portal.uern.br\/proeg\/sisu\/?page_id=2347"},"modified":"2025-01-08T12:00:58","modified_gmt":"2025-01-08T15:00:58","slug":"selecao-psvo-duvidas-frequentes","status":"publish","type":"page","link":"https:\/\/portal.uern.br\/proeg\/sisu\/selecao-psvo-duvidas-frequentes\/","title":{"rendered":"Sele\u00e7\u00e3o Psvo &#8211; D\u00favidas Frequentes"},"content":{"rendered":"<p>&nbsp;<\/p>\n<p><b>1 &#8211; Como \u00e9 feita a sele\u00e7\u00e3o de candidatos no Psvo?<\/b><\/p>\n<p><span style=\"font-weight: 400\">A forma de sele\u00e7\u00e3o baseia-se nas notas dos candidatos obtidas em uma das edi\u00e7\u00f5es do Enem nos tr\u00eas anos anteriores.<\/span><\/p>\n<p>&nbsp;<\/p>\n<p><b>2 &#8211; Fiz minha inscri\u00e7\u00e3o em outra institui\u00e7\u00e3o para concorrer a uma vaga ociosa de curso e estou no aguardo do resultado (inscri\u00e7\u00e3o na qual j\u00e1 pediu documentos). Tem alguma interfer\u00eancia em fazer minha inscri\u00e7\u00e3o no Psvo na Uern ou eu posso fazer e concorrer em ambas normalmente?\u00a0<\/b><\/p>\n<p><span style=\"font-weight: 400\">N\u00e3o tem problema fazer a inscri\u00e7\u00e3o para concorrer \u00e0 vaga no Psvo ao mesmo tempo que faz sele\u00e7\u00e3o para ingresso em outra universidade. Mas, caso seja aprovado(a), dever\u00e1 estar desligado(a) (n\u00e3o possuir nenhum tipo de v\u00ednculo) com outra institui\u00e7\u00e3o no momento do Cadastro Institucional (envio da documenta\u00e7\u00e3o) com a Uern.<\/span><\/p>\n","protected":false},"excerpt":{"rendered":"<p>&nbsp; 1 &#8211; Como \u00e9 feita a sele\u00e7\u00e3o de candidatos no Psvo? A forma de sele\u00e7\u00e3o baseia-se nas notas dos candidatos obtidas em uma das edi\u00e7\u00f5es do Enem nos tr\u00eas anos anteriores. &nbsp; 2 &#8211; Fiz minha inscri\u00e7\u00e3o em outra institui\u00e7\u00e3o para concorrer a uma vaga ociosa de curso e estou no aguardo do resultado [&hellip;]<\/p>\n","protected":false},"author":6,"featured_media":0,"parent":0,"menu_order":0,"comment_status":"closed","ping_status":"closed","template":"","meta":{"footnotes":""},"class_list":["post-2347","page","type-page","status-publish","hentry"],"_links":{"self":[{"href":"https:\/\/portal.uern.br\/proeg\/sisu\/wp-json\/wp\/v2\/pages\/2347","targetHints":{"allow":["GET"]}}],"collection":[{"href":"https:\/\/portal.uern.br\/proeg\/sisu\/wp-json\/wp\/v2\/pages"}],"about":[{"href":"https:\/\/portal.uern.br\/proeg\/sisu\/wp-json\/wp\/v2\/types\/page"}],"author":[{"embeddable":true,"href":"https:\/\/portal.uern.br\/proeg\/sisu\/wp-json\/wp\/v2\/users\/6"}],"replies":[{"embeddable":true,"href":"https:\/\/portal.uern.br\/proeg\/sisu\/wp-json\/wp\/v2\/comments?post=2347"}],"version-history":[{"count":4,"href":"https:\/\/portal.uern.br\/proeg\/sisu\/wp-json\/wp\/v2\/pages\/2347\/revisions"}],"predecessor-version":[{"id":2882,"href":"https:\/\/portal.uern.br\/proeg\/sisu\/wp-json\/wp\/v2\/pages\/2347\/revisions\/2882"}],"wp:attachment":[{"href":"https:\/\/portal.uern.br\/proeg\/sisu\/wp-json\/wp\/v2\/media?parent=2347"}],"curies":[{"name":"wp","href":"https:\/\/api.w.org\/{rel}","templated":true}]}}