{"id":2329,"date":"2024-05-21T11:54:25","date_gmt":"2024-05-21T14:54:25","guid":{"rendered":"https:\/\/portal.uern.br\/proeg\/sisu\/?page_id=2329"},"modified":"2024-05-22T07:14:20","modified_gmt":"2024-05-22T10:14:20","slug":"selecao-psvni","status":"publish","type":"page","link":"https:\/\/portal.uern.br\/proeg\/sisu\/selecao-psvni\/","title":{"rendered":"Sele\u00e7\u00e3o Psvni &#8211; D\u00favidas Frequentes"},"content":{"rendered":"<p>&nbsp;<\/p>\n<p><b>1 &#8211; Como \u00e9 feita a sele\u00e7\u00e3o dos candidatos no Psvni?<\/b><\/p>\n<p><span style=\"font-weight: 400\">A sele\u00e7\u00e3o \u00e9 feita com base na carga hor\u00e1ria j\u00e1 cursada que pode ser aproveitada no curso pretendido. Os candidatos com maior quantidade de carga hor\u00e1ria aproveit\u00e1vel t\u00eam maiores chances de serem convocados.<\/span><\/p>\n","protected":false},"excerpt":{"rendered":"<p>&nbsp; 1 &#8211; Como \u00e9 feita a sele\u00e7\u00e3o dos candidatos no Psvni? A sele\u00e7\u00e3o \u00e9 feita com base na carga hor\u00e1ria j\u00e1 cursada que pode ser aproveitada no curso pretendido. Os candidatos com maior quantidade de carga hor\u00e1ria aproveit\u00e1vel t\u00eam maiores chances de serem convocados.<\/p>\n","protected":false},"author":6,"featured_media":0,"parent":0,"menu_order":0,"comment_status":"closed","ping_status":"closed","template":"","meta":{"footnotes":""},"class_list":["post-2329","page","type-page","status-publish","hentry"],"_links":{"self":[{"href":"https:\/\/portal.uern.br\/proeg\/sisu\/wp-json\/wp\/v2\/pages\/2329","targetHints":{"allow":["GET"]}}],"collection":[{"href":"https:\/\/portal.uern.br\/proeg\/sisu\/wp-json\/wp\/v2\/pages"}],"about":[{"href":"https:\/\/portal.uern.br\/proeg\/sisu\/wp-json\/wp\/v2\/types\/page"}],"author":[{"embeddable":true,"href":"https:\/\/portal.uern.br\/proeg\/sisu\/wp-json\/wp\/v2\/users\/6"}],"replies":[{"embeddable":true,"href":"https:\/\/portal.uern.br\/proeg\/sisu\/wp-json\/wp\/v2\/comments?post=2329"}],"version-history":[{"count":3,"href":"https:\/\/portal.uern.br\/proeg\/sisu\/wp-json\/wp\/v2\/pages\/2329\/revisions"}],"predecessor-version":[{"id":2361,"href":"https:\/\/portal.uern.br\/proeg\/sisu\/wp-json\/wp\/v2\/pages\/2329\/revisions\/2361"}],"wp:attachment":[{"href":"https:\/\/portal.uern.br\/proeg\/sisu\/wp-json\/wp\/v2\/media?parent=2329"}],"curies":[{"name":"wp","href":"https:\/\/api.w.org\/{rel}","templated":true}]}}