{"id":2323,"date":"2024-05-21T11:51:43","date_gmt":"2024-05-21T14:51:43","guid":{"rendered":"https:\/\/portal.uern.br\/proeg\/sisu\/?page_id=2323"},"modified":"2024-05-22T07:12:34","modified_gmt":"2024-05-22T10:12:34","slug":"transferencia-externa-psvni","status":"publish","type":"page","link":"https:\/\/portal.uern.br\/proeg\/sisu\/transferencia-externa-psvni\/","title":{"rendered":"Transfer\u00eancia Externa Psvni &#8211; D\u00favidas Frequentes"},"content":{"rendered":"<p>&nbsp;<\/p>\n<p><strong>1 &#8211; <\/strong><b>Como \u00e9 feita a transfer\u00eancia externa?<\/b><\/p>\n<p><span style=\"font-weight: 400\">Modalidade destinada a aluno proveniente de outra Institui\u00e7\u00e3o de Ensino Superior de origem nacional que pretenda dar sequ\u00eancia aos estudos na Uern e atenda aos seguintes requisitos:\u00a0<\/span><\/p>\n<p style=\"padding-left: 40px\"><span style=\"font-weight: 400\">a) Estar regularmente matriculado em componentes curriculares na institui\u00e7\u00e3o de origem;\u00a0<\/span><\/p>\n<p style=\"padding-left: 40px\"><span style=\"font-weight: 400\">b) N\u00e3o ter matr\u00edcula trancada na IES de origem;\u00a0<\/span><\/p>\n<p style=\"padding-left: 40px\"><span style=\"font-weight: 400\">c) Ser proveniente de curso autorizado ou reconhecido pelo Conselho competente;\u00a0<\/span><\/p>\n<p style=\"padding-left: 40px\"><span style=\"font-weight: 400\">d) Ter integralizado, no m\u00ednimo, 300 (trezentas) horas de atividades curriculares da carga hor\u00e1ria da matriz curricular a que esteja vinculado na institui\u00e7\u00e3o de origem.<\/span><\/p>\n<p>&nbsp;<\/p>\n<p><b>2 &#8211; \u00c9 poss\u00edvel fazer transfer\u00eancia de curso do exterior do pa\u00eds para a Uern?<\/b><\/p>\n<p><span style=\"font-weight: 400\">O processo de transfer\u00eancia externa \u00e9 feito por meio do Processo Seletivo de Vagas N\u00e3o-Iniciais (Psvni), em cujo edital \u00e9 dito explicitamente que a transfer\u00eancia externa \u00e9 destinada ao(\u00e0) aluno(a) proveniente de institui\u00e7\u00e3o de Ensino Superior de <\/span><b>origem nacional<\/b><span style=\"font-weight: 400\">. Dessa forma, n\u00e3o dispomos de uma forma de transfer\u00eancia do(a) candidato(a) cuja institui\u00e7\u00e3o de origem \u00e9 internacional.<\/span><\/p>\n<p>&nbsp;<\/p>\n","protected":false},"excerpt":{"rendered":"<p>&nbsp; 1 &#8211; Como \u00e9 feita a transfer\u00eancia externa? Modalidade destinada a aluno proveniente de outra Institui\u00e7\u00e3o de Ensino Superior de origem nacional que pretenda dar sequ\u00eancia aos estudos na Uern e atenda aos seguintes requisitos:\u00a0 a) Estar regularmente matriculado em componentes curriculares na institui\u00e7\u00e3o de origem;\u00a0 b) N\u00e3o ter matr\u00edcula trancada na IES de [&hellip;]<\/p>\n","protected":false},"author":6,"featured_media":0,"parent":0,"menu_order":0,"comment_status":"closed","ping_status":"closed","template":"","meta":{"footnotes":""},"class_list":["post-2323","page","type-page","status-publish","hentry"],"_links":{"self":[{"href":"https:\/\/portal.uern.br\/proeg\/sisu\/wp-json\/wp\/v2\/pages\/2323","targetHints":{"allow":["GET"]}}],"collection":[{"href":"https:\/\/portal.uern.br\/proeg\/sisu\/wp-json\/wp\/v2\/pages"}],"about":[{"href":"https:\/\/portal.uern.br\/proeg\/sisu\/wp-json\/wp\/v2\/types\/page"}],"author":[{"embeddable":true,"href":"https:\/\/portal.uern.br\/proeg\/sisu\/wp-json\/wp\/v2\/users\/6"}],"replies":[{"embeddable":true,"href":"https:\/\/portal.uern.br\/proeg\/sisu\/wp-json\/wp\/v2\/comments?post=2323"}],"version-history":[{"count":3,"href":"https:\/\/portal.uern.br\/proeg\/sisu\/wp-json\/wp\/v2\/pages\/2323\/revisions"}],"predecessor-version":[{"id":2359,"href":"https:\/\/portal.uern.br\/proeg\/sisu\/wp-json\/wp\/v2\/pages\/2323\/revisions\/2359"}],"wp:attachment":[{"href":"https:\/\/portal.uern.br\/proeg\/sisu\/wp-json\/wp\/v2\/media?parent=2323"}],"curies":[{"name":"wp","href":"https:\/\/api.w.org\/{rel}","templated":true}]}}