{"id":2320,"date":"2024-05-21T11:49:26","date_gmt":"2024-05-21T14:49:26","guid":{"rendered":"https:\/\/portal.uern.br\/proeg\/sisu\/?page_id=2320"},"modified":"2025-01-08T12:09:13","modified_gmt":"2025-01-08T15:09:13","slug":"transferencia-interna","status":"publish","type":"page","link":"https:\/\/portal.uern.br\/proeg\/sisu\/transferencia-interna\/","title":{"rendered":"Transfer\u00eancia Interna Psvni &#8211; D\u00favidas Frequentes"},"content":{"rendered":"<p>&nbsp;<\/p>\n<p><b>1 &#8211; Como funciona a transfer\u00eancia de curso interna?<\/b><\/p>\n<p><span style=\"font-weight: 400\">Modalidade destinada ao aluno da Uern que pretenda o remanejamento de campus, turno, modalidade ou curso, deve satisfazer aos seguintes requisitos listados no Edital:\u00a0<\/span><\/p>\n<p style=\"padding-left: 40px\"><span style=\"font-weight: 400\">a) Estar regularmente matriculado na Uern;\u00a0<\/span><\/p>\n<p style=\"padding-left: 40px\"><span style=\"font-weight: 400\">b) Ter integralizado, no m\u00ednimo, 300 (trezentas) horas de atividades curriculares;\u00a0<\/span><\/p>\n<p style=\"padding-left: 40px\"><span style=\"font-weight: 400\">c) N\u00e3o ter ingressado no curso de origem por meio do Psvni (Transfer\u00eancia Interna, Transfer\u00eancia Externa ou Retorno), exceto quando se tratar de transfer\u00eancia de turno, no mesmo curso e campus, por uma \u00fanica vez;\u00a0<\/span><\/p>\n<p style=\"padding-left: 40px\"><span style=\"font-weight: 400\">d) N\u00e3o ter integralizado acima de 50% (cinquenta por cento) da carga hor\u00e1ria da matriz curricular a que esteja vinculado, nos casos de mudan\u00e7a de curso.\u00a0<\/span><\/p>\n<p>&nbsp;<\/p>\n<p><b>2 &#8211; Existe a possibilidade de transfer\u00eancia de curso para o campus da Uern de outra cidade?<\/b><\/p>\n<p><span style=\"font-weight: 400\">H\u00e1 sim! Voc\u00ea poder\u00e1 tentar a transfer\u00eancia interna (entre cursos da pr\u00f3pria Uern) que pode ser realizada mediante a participa\u00e7\u00e3o no Processo Seletivo de Vagas N\u00e3o Iniciais (Psvni).<\/span><\/p>\n<p>&nbsp;<\/p>\n<p><b>3 &#8211; \u00c9 poss\u00edvel se matricular em turno diferente daquele para o qual foi convocado?<\/b><b><\/b><\/p>\n<p><span style=\"font-weight: 400\">N\u00e3o \u00e9 poss\u00edvel matricular-se em turno diferente daquele para o qual o candidato foi aprovado. Ap\u00f3s cursar algumas disciplinas, \u00e9 poss\u00edvel concorrer a uma vaga para ser transferido para o turno pretendido atrav\u00e9s da modalidade <\/span><i><span style=\"font-weight: 400\">transfer\u00eancia interna<\/span><\/i><span style=\"font-weight: 400\"> do Processo Seletivo de Vagas N\u00e3o Iniciais (Psvni).<\/span><\/p>\n<p>&nbsp;<\/p>\n<p><b>4 &#8211; Pretendo me inscrever no Psvni transfer\u00eancia interna. \u00c9 obrigat\u00f3rio ou opcional trancar o curso atual visando mudar para outro curso em outro campus?<\/b><\/p>\n<p><span style=\"font-weight: 400\">Para concorrer \u00e0 vaga na modalidade transfer\u00eancia interna no Psvni, \u00e9 necess\u00e1rio que o aluno esteja regularmente matriculado na institui\u00e7\u00e3o. Quando o(a) discente est\u00e1 com v\u00ednculo trancado ainda est\u00e1 regularmente matriculado(a) na institui\u00e7\u00e3o, ent\u00e3o n\u00e3o tem problema concorrer estando com trancamento (desde que atenda tamb\u00e9m aos demais requisitos do certame).<\/span><\/p>\n<p><span style=\"font-weight: 400\">Caso esteja com v\u00ednculo ativo (cursando disciplinas), tamb\u00e9m n\u00e3o tem problema, lembrando que, na sele\u00e7\u00e3o, apenas contar\u00e3o as disciplinas que tiverem sido conclu\u00eddas, as que estiverem em andamento, n\u00e3o podem ser contabilizadas.<\/span><\/p>\n<p><span style=\"font-weight: 400\">O importante \u00e9 que o(a) aluno(a) <\/span><b>n\u00e3o<\/b><span style=\"font-weight: 400\"> esteja desligado da institui\u00e7\u00e3o, pois desta forma <\/span><b>n\u00e3o<\/b><span style=\"font-weight: 400\"> pode haver transfer\u00eancia interna.<\/span><\/p>\n<p>&nbsp;<\/p>\n<p><b>5 &#8211; Caso eu fa\u00e7a a transfer\u00eancia interna e n\u00e3o seja aprovado(a), eu continuo no curso que eu estou ou perco a vaga?<\/b><\/p>\n<p><span style=\"font-weight: 400\">Se voc\u00ea n\u00e3o for aprovado(a) no Psvni para transfer\u00eancia interna, voc\u00ea permanece no curso no qual est\u00e1 matriculado(a) no momento.<\/span><\/p>\n<p>&nbsp;<\/p>\n<p><b>6 &#8211; S\u00f3 vou mudar de turno, vai ser o mesmo curso. Ficam dispensadas as \u201cC\u00f3pias dos PGCCs cursados, fornecidos pelos departamentos acad\u00eamicos\u201d?<\/b><\/p>\n<p><span style=\"font-weight: 400\">Como o edital indica, desde que se trate de curso com a mesma matriz, n\u00e3o h\u00e1 necessidade dos PGCCs.<\/span><\/p>\n<p>&nbsp;<\/p>\n<p><b>7 &#8211; Quanto \u00e0s c\u00f3pias do PGCCs cursados, s\u00e3o do meu antigo curso ou do curso para o qual pretendo concorrer \u00e0 vaga?<\/b><\/p>\n<p><span style=\"font-weight: 400\">S\u00e3o os PGCCs dos componentes curriculares j\u00e1 cursados. Se tiver aproveitado disciplinas do curso anterior no curso corrente, pode usar os PGCCs dessas disciplinas.<\/span><\/p>\n<p>&nbsp;<\/p>\n<p><b>8 &#8211; Quero saber se minha reprova\u00e7\u00e3o por falta pode atrapalhar o processo de transfer\u00eancia interna?\u00a0<\/b><\/p>\n<p><span style=\"font-weight: 400\">Para participar da transfer\u00eancia interna \u00e9 necess\u00e1rio atender aos requisitos do Edital:<\/span><\/p>\n<p style=\"padding-left: 40px\"><span style=\"font-weight: 400\">a) Estar regularmente matriculado na Uern; <\/span><span style=\"font-weight: 400\"><br \/>\n<\/span><span style=\"font-weight: 400\">b) Ter integralizado, no m\u00ednimo, 300 (trezentas) horas de atividades curriculares; <\/span><span style=\"font-weight: 400\"><br \/>\n<\/span><span style=\"font-weight: 400\">c) N\u00e3o ter ingressado no curso de origem por meio do Psvni (Transfer\u00eancia Interna, Transfer\u00eancia Externa ou Retorno), exceto quando se tratar de transfer\u00eancia de turno, no mesmo curso e campus, por uma \u00fanica vez; <\/span><span style=\"font-weight: 400\"><br \/>\n<\/span><span style=\"font-weight: 400\">d) N\u00e3o ter integralizado acima de 50% (cinquenta) da carga hor\u00e1ria da matriz curricular a que esteja vinculado, nos casos de mudan\u00e7a de curso.\u201d\u00a0<\/span><\/p>\n<p><span style=\"font-weight: 400\">Assim, mesmo com reprova\u00e7\u00e3o em alguma disciplina, \u00e9 necess\u00e1rio estar matriculado(a) em outras e cumprir os requisitos j\u00e1 citados anteriormente.<\/span><\/p>\n<p>&nbsp;<\/p>\n","protected":false},"excerpt":{"rendered":"<p>&nbsp; 1 &#8211; Como funciona a transfer\u00eancia de curso interna? Modalidade destinada ao aluno da Uern que pretenda o remanejamento de campus, turno, modalidade ou curso, deve satisfazer aos seguintes requisitos listados no Edital:\u00a0 a) Estar regularmente matriculado na Uern;\u00a0 b) Ter integralizado, no m\u00ednimo, 300 (trezentas) horas de atividades curriculares;\u00a0 c) N\u00e3o ter ingressado [&hellip;]<\/p>\n","protected":false},"author":6,"featured_media":0,"parent":0,"menu_order":0,"comment_status":"closed","ping_status":"closed","template":"","meta":{"footnotes":""},"class_list":["post-2320","page","type-page","status-publish","hentry"],"_links":{"self":[{"href":"https:\/\/portal.uern.br\/proeg\/sisu\/wp-json\/wp\/v2\/pages\/2320","targetHints":{"allow":["GET"]}}],"collection":[{"href":"https:\/\/portal.uern.br\/proeg\/sisu\/wp-json\/wp\/v2\/pages"}],"about":[{"href":"https:\/\/portal.uern.br\/proeg\/sisu\/wp-json\/wp\/v2\/types\/page"}],"author":[{"embeddable":true,"href":"https:\/\/portal.uern.br\/proeg\/sisu\/wp-json\/wp\/v2\/users\/6"}],"replies":[{"embeddable":true,"href":"https:\/\/portal.uern.br\/proeg\/sisu\/wp-json\/wp\/v2\/comments?post=2320"}],"version-history":[{"count":6,"href":"https:\/\/portal.uern.br\/proeg\/sisu\/wp-json\/wp\/v2\/pages\/2320\/revisions"}],"predecessor-version":[{"id":2883,"href":"https:\/\/portal.uern.br\/proeg\/sisu\/wp-json\/wp\/v2\/pages\/2320\/revisions\/2883"}],"wp:attachment":[{"href":"https:\/\/portal.uern.br\/proeg\/sisu\/wp-json\/wp\/v2\/media?parent=2320"}],"curies":[{"name":"wp","href":"https:\/\/api.w.org\/{rel}","templated":true}]}}