{"id":2314,"date":"2024-05-21T11:46:30","date_gmt":"2024-05-21T14:46:30","guid":{"rendered":"https:\/\/portal.uern.br\/proeg\/sisu\/?page_id=2314"},"modified":"2025-10-16T06:33:27","modified_gmt":"2025-10-16T09:33:27","slug":"modalidades-psvni","status":"publish","type":"page","link":"https:\/\/portal.uern.br\/proeg\/sisu\/modalidades-psvni\/","title":{"rendered":"Formas de Concorr\u00eancia Psvni &#8211; D\u00favidas Frequentes"},"content":{"rendered":"<p>&nbsp;<\/p>\n<p><b>1 &#8211; Quais as formas de concorr\u00eancia do Psvni?<\/b><\/p>\n<p><span style=\"font-weight: 400\">a) <span style=\"text-decoration: underline\">Transfer\u00eancia interna<\/span>:<\/span><span style=\"font-weight: 400\"> para alunos(as) da pr\u00f3pria institui\u00e7\u00e3o que desejam mudar de\u00a0<\/span><i><span style=\"font-weight: 400\">campus<\/span><\/i><span style=\"font-weight: 400\">, turno, modalidade ou curso.<\/span><\/p>\n<p><span style=\"font-weight: 400\">b) <span style=\"text-decoration: underline\">Transfer\u00eancia externa<\/span>:<\/span><span style=\"font-weight: 400\"> para alunos(as) matriculados(as) em outras institui\u00e7\u00f5es que desejam concluir seus estudos na Uern.<\/span><\/p>\n<p><span style=\"font-weight: 400\">c) <span style=\"text-decoration: underline\">Retorno<\/span>:<\/span><span style=\"font-weight: 400\"> subdivide-se em retorno de graduado(a), para pessoas que j\u00e1 conclu\u00edram uma gradua\u00e7\u00e3o; e ex-aluno(a), para aqueles que desejam retornar \u00e0 Uern para conclus\u00e3o de seus estudos e tenham sido desligados por abandono de curso, decurso de prazo m\u00e1ximo para conclus\u00e3o do curso, ou ato volunt\u00e1rio do(a) aluno(a).<\/span><\/p>\n<p>&nbsp;<\/p>\n","protected":false},"excerpt":{"rendered":"<p>&nbsp; 1 &#8211; Quais as formas de concorr\u00eancia do Psvni? a) Transfer\u00eancia interna: para alunos(as) da pr\u00f3pria institui\u00e7\u00e3o que desejam mudar de\u00a0campus, turno, modalidade ou curso. b) Transfer\u00eancia externa: para alunos(as) matriculados(as) em outras institui\u00e7\u00f5es que desejam concluir seus estudos na Uern. c) Retorno: subdivide-se em retorno de graduado(a), para pessoas que j\u00e1 conclu\u00edram uma [&hellip;]<\/p>\n","protected":false},"author":6,"featured_media":0,"parent":0,"menu_order":0,"comment_status":"closed","ping_status":"closed","template":"","meta":{"footnotes":""},"class_list":["post-2314","page","type-page","status-publish","hentry"],"_links":{"self":[{"href":"https:\/\/portal.uern.br\/proeg\/sisu\/wp-json\/wp\/v2\/pages\/2314","targetHints":{"allow":["GET"]}}],"collection":[{"href":"https:\/\/portal.uern.br\/proeg\/sisu\/wp-json\/wp\/v2\/pages"}],"about":[{"href":"https:\/\/portal.uern.br\/proeg\/sisu\/wp-json\/wp\/v2\/types\/page"}],"author":[{"embeddable":true,"href":"https:\/\/portal.uern.br\/proeg\/sisu\/wp-json\/wp\/v2\/users\/6"}],"replies":[{"embeddable":true,"href":"https:\/\/portal.uern.br\/proeg\/sisu\/wp-json\/wp\/v2\/comments?post=2314"}],"version-history":[{"count":6,"href":"https:\/\/portal.uern.br\/proeg\/sisu\/wp-json\/wp\/v2\/pages\/2314\/revisions"}],"predecessor-version":[{"id":3263,"href":"https:\/\/portal.uern.br\/proeg\/sisu\/wp-json\/wp\/v2\/pages\/2314\/revisions\/3263"}],"wp:attachment":[{"href":"https:\/\/portal.uern.br\/proeg\/sisu\/wp-json\/wp\/v2\/media?parent=2314"}],"curies":[{"name":"wp","href":"https:\/\/api.w.org\/{rel}","templated":true}]}}