{"id":2307,"date":"2024-05-21T11:44:16","date_gmt":"2024-05-21T14:44:16","guid":{"rendered":"https:\/\/portal.uern.br\/proeg\/sisu\/?page_id=2307"},"modified":"2024-05-21T11:45:38","modified_gmt":"2024-05-21T14:45:38","slug":"desistenciapsviduvidasfrequentes","status":"publish","type":"page","link":"https:\/\/portal.uern.br\/proeg\/sisu\/desistenciapsviduvidasfrequentes\/","title":{"rendered":"Desist\u00eancia da vaga Psvi &#8211; D\u00favidas Frequentes"},"content":{"rendered":"<p>&nbsp;<\/p>\n<p><b>1 &#8211; Minha Matr\u00edcula Curricular ainda n\u00e3o foi realizada e n\u00e3o pretendo mais ocupar a vaga. O que devo fazer para cancelar meu Cadastro Institucional?\u00a0<\/b><\/p>\n<p><span style=\"font-weight: 400\">Solicitar o Cancelamento de Cadastro Institucional <\/span><span style=\"font-weight: 400\">(via e-mail <\/span><a href=\"mailto:protocolo.dirca@uern.br\"><span style=\"font-weight: 400\">protocolo.dirca@uern.br<\/span><\/a><span style=\"font-weight: 400\">).<\/span><\/p>\n<p>&nbsp;<\/p>\n<p><b>2 &#8211; Se minha matr\u00edcula j\u00e1 tiver sido efetuada, como fa\u00e7o para desistir da vaga?<\/b><span style=\"font-weight: 400\">\u00a0<\/span><\/p>\n<p><span style=\"font-weight: 400\">Caso a Matr\u00edcula Curricular j\u00e1 tenha sido realizada, o procedimento ser\u00e1 o de desligamento volunt\u00e1rio, que poder\u00e1 ser solicitado ao departamento do curso ou diretamente \u00e0 Dirca atrav\u00e9s do e-mail <\/span><a href=\"mailto:protocolo.dirca@uern.br\"><span style=\"font-weight: 400\">protocolo.dirca@uern.br<\/span><\/a><span style=\"font-weight: 400\">.\u00a0<\/span><\/p>\n","protected":false},"excerpt":{"rendered":"<p>&nbsp; 1 &#8211; Minha Matr\u00edcula Curricular ainda n\u00e3o foi realizada e n\u00e3o pretendo mais ocupar a vaga. O que devo fazer para cancelar meu Cadastro Institucional?\u00a0 Solicitar o Cancelamento de Cadastro Institucional (via e-mail protocolo.dirca@uern.br). &nbsp; 2 &#8211; Se minha matr\u00edcula j\u00e1 tiver sido efetuada, como fa\u00e7o para desistir da vaga?\u00a0 Caso a Matr\u00edcula Curricular [&hellip;]<\/p>\n","protected":false},"author":6,"featured_media":0,"parent":0,"menu_order":0,"comment_status":"closed","ping_status":"closed","template":"","meta":{"footnotes":""},"class_list":["post-2307","page","type-page","status-publish","hentry"],"_links":{"self":[{"href":"https:\/\/portal.uern.br\/proeg\/sisu\/wp-json\/wp\/v2\/pages\/2307","targetHints":{"allow":["GET"]}}],"collection":[{"href":"https:\/\/portal.uern.br\/proeg\/sisu\/wp-json\/wp\/v2\/pages"}],"about":[{"href":"https:\/\/portal.uern.br\/proeg\/sisu\/wp-json\/wp\/v2\/types\/page"}],"author":[{"embeddable":true,"href":"https:\/\/portal.uern.br\/proeg\/sisu\/wp-json\/wp\/v2\/users\/6"}],"replies":[{"embeddable":true,"href":"https:\/\/portal.uern.br\/proeg\/sisu\/wp-json\/wp\/v2\/comments?post=2307"}],"version-history":[{"count":1,"href":"https:\/\/portal.uern.br\/proeg\/sisu\/wp-json\/wp\/v2\/pages\/2307\/revisions"}],"predecessor-version":[{"id":2310,"href":"https:\/\/portal.uern.br\/proeg\/sisu\/wp-json\/wp\/v2\/pages\/2307\/revisions\/2310"}],"wp:attachment":[{"href":"https:\/\/portal.uern.br\/proeg\/sisu\/wp-json\/wp\/v2\/media?parent=2307"}],"curies":[{"name":"wp","href":"https:\/\/api.w.org\/{rel}","templated":true}]}}