{"id":2304,"date":"2024-05-21T11:40:36","date_gmt":"2024-05-21T14:40:36","guid":{"rendered":"https:\/\/portal.uern.br\/proeg\/sisu\/?page_id=2304"},"modified":"2024-05-21T11:42:14","modified_gmt":"2024-05-21T14:42:14","slug":"vagas-psvni-duvidas-frequentes","status":"publish","type":"page","link":"https:\/\/portal.uern.br\/proeg\/sisu\/vagas-psvni-duvidas-frequentes\/","title":{"rendered":"Vagas Psvni &#8211; D\u00favidas Frequentes"},"content":{"rendered":"<p>&nbsp;<\/p>\n<p><b>1 &#8211; Qual a origem das vagas do Psvni?<\/b><\/p>\n<p><span style=\"font-weight: 400\">O Psvni \u00e9 realizado pela pr\u00f3pria institui\u00e7\u00e3o para preenchimento de vagas n\u00e3o-iniciais em cada curso, ou seja, aquelas vagas n\u00e3o preenchidas no ano anterior.<\/span><\/p>\n<p>&nbsp;<\/p>\n<p><b>2 &#8211; \u00c9 poss\u00edvel que um(a) candidato(a) de uma modalidade ocupe vaga de outra modalidade, caso n\u00e3o haja inscritos nela?<\/b><\/p>\n<p><span style=\"font-weight: 400\">N\u00e3o! Os(As) candidatos(as) s\u00f3 concorrer\u00e3o e ocupar\u00e3o vagas na modalidade na qual tenha se inscrito.<\/span><\/p>\n","protected":false},"excerpt":{"rendered":"<p>&nbsp; 1 &#8211; Qual a origem das vagas do Psvni? O Psvni \u00e9 realizado pela pr\u00f3pria institui\u00e7\u00e3o para preenchimento de vagas n\u00e3o-iniciais em cada curso, ou seja, aquelas vagas n\u00e3o preenchidas no ano anterior. &nbsp; 2 &#8211; \u00c9 poss\u00edvel que um(a) candidato(a) de uma modalidade ocupe vaga de outra modalidade, caso n\u00e3o haja inscritos nela? [&hellip;]<\/p>\n","protected":false},"author":6,"featured_media":0,"parent":0,"menu_order":0,"comment_status":"closed","ping_status":"closed","template":"","meta":{"footnotes":""},"class_list":["post-2304","page","type-page","status-publish","hentry"],"_links":{"self":[{"href":"https:\/\/portal.uern.br\/proeg\/sisu\/wp-json\/wp\/v2\/pages\/2304","targetHints":{"allow":["GET"]}}],"collection":[{"href":"https:\/\/portal.uern.br\/proeg\/sisu\/wp-json\/wp\/v2\/pages"}],"about":[{"href":"https:\/\/portal.uern.br\/proeg\/sisu\/wp-json\/wp\/v2\/types\/page"}],"author":[{"embeddable":true,"href":"https:\/\/portal.uern.br\/proeg\/sisu\/wp-json\/wp\/v2\/users\/6"}],"replies":[{"embeddable":true,"href":"https:\/\/portal.uern.br\/proeg\/sisu\/wp-json\/wp\/v2\/comments?post=2304"}],"version-history":[{"count":1,"href":"https:\/\/portal.uern.br\/proeg\/sisu\/wp-json\/wp\/v2\/pages\/2304\/revisions"}],"predecessor-version":[{"id":2305,"href":"https:\/\/portal.uern.br\/proeg\/sisu\/wp-json\/wp\/v2\/pages\/2304\/revisions\/2305"}],"wp:attachment":[{"href":"https:\/\/portal.uern.br\/proeg\/sisu\/wp-json\/wp\/v2\/media?parent=2304"}],"curies":[{"name":"wp","href":"https:\/\/api.w.org\/{rel}","templated":true}]}}