{"id":2292,"date":"2024-05-21T11:25:51","date_gmt":"2024-05-21T14:25:51","guid":{"rendered":"https:\/\/portal.uern.br\/proeg\/sisu\/?page_id=2292"},"modified":"2024-05-21T11:27:03","modified_gmt":"2024-05-21T14:27:03","slug":"matriculapsviduvidasfrequentes","status":"publish","type":"page","link":"https:\/\/portal.uern.br\/proeg\/sisu\/matriculapsviduvidasfrequentes\/","title":{"rendered":"Matr\u00edcula Curricular\u00a0Psvi &#8211; D\u00favidas Frequentes"},"content":{"rendered":"<p>&nbsp;<\/p>\n<p><b>1 &#8211; Quem realiza a Matr\u00edcula Curricular?<\/b><\/p>\n<p><span style=\"font-weight: 400\">A Unidade Universit\u00e1ria realizar\u00e1 a Matr\u00edcula Curricular em todos os componentes do primeiro semestre do curso dos candidatos que realizaram o Cadastro Institucional, conforme previsto no Edital.\u00a0<\/span><\/p>\n<p>&nbsp;<\/p>\n<p><b>2 &#8211; Fui aprovado(a) em um curso com ingresso no segundo semestre, fiz o Cadastro Institucional, mas minha matr\u00edcula ainda n\u00e3o foi efetuada. Quando ser\u00e1?<\/b><\/p>\n<p><span style=\"font-weight: 400\">A matr\u00edcula dos ingressantes no segundo semestre \u00e9 realizada pr\u00f3ximo ao in\u00edcio do referido semestre. A matr\u00edcula \u00e9 realizada pelos secret\u00e1rios das Unidades Acad\u00eamicas.<\/span><\/p>\n<p><span style=\"font-weight: 400\">Quando a matr\u00edcula for realizada, o ingressante receber\u00e1 um e-mail da Unidade do seu curso informando o n\u00famero de matr\u00edcula e a forma de acesso ao Sistema Integrado de Gest\u00e3o de Atividades Acad\u00eamicas &#8211; Sigaa.\u00a0<\/span><\/p>\n<p>&nbsp;<\/p>\n<p><b>3 &#8211; Como cadastrar login e senha para ter acesso ao SIGAA?<\/b><\/p>\n<p><span style=\"font-weight: 400\">Seguindo o tutorial de cadastro de login e senha do <\/span><span style=\"font-weight: 400\">Sistema Integrado de Gest\u00e3o de Atividades Acad\u00eamicas (<\/span><span style=\"font-weight: 400\">Sigaa): <\/span><a href=\"https:\/\/portal.uern.br\/wp-content\/uploads\/2023\/03\/SiGAA-Tutorial-de-cadastro-e-recuperacao-de-login-e-senha-PARA-ESTUDANTES.pdf\"><span style=\"font-weight: 400\">Tutorial Sigaa<\/span><\/a><span style=\"font-weight: 400\">.<\/span><\/p>\n<p>&nbsp;<\/p>\n<p><b>4 &#8211; Como eu vejo as minhas turmas no SIGAA?<\/b><\/p>\n<p><span style=\"font-weight: 400\">O ingressante s\u00f3 consegue ver as disciplinas e informa\u00e7\u00f5es do curso ap\u00f3s a matr\u00edcula, que \u00e9 feita pelas Unidades Universit\u00e1rias. Para acessar o Sigaa \u00e9 necess\u00e1rio fazer o cadastro. Para tanto, siga o <\/span><span style=\"font-weight: 400\">Tutorial de cadastro de login e senha do Sigaa: <\/span><a href=\"https:\/\/portal.uern.br\/wp-content\/uploads\/2023\/03\/SiGAA-Tutorial-de-cadastro-e-recuperacao-de-login-e-senha-PARA-ESTUDANTES.pdf\"><span style=\"font-weight: 400\">Tutorial Sigaa<\/span><\/a><span style=\"font-weight: 400\">.<\/span><\/p>\n<p>&nbsp;<\/p>\n<p><b>5 &#8211; Fui matriculado(a) em disciplina e visualizei minhas turmas no SIGAA, o que devo fazer?<\/b><\/p>\n<p><span style=\"font-weight: 400\">Frequentar as aulas. As datas de in\u00edcio das aulas dependem da Chamada e s\u00e3o divulgadas na p\u00e1gina do Psvi Sisu\/Uern e por e-mail para os candidatos.<\/span><\/p>\n","protected":false},"excerpt":{"rendered":"<p>&nbsp; 1 &#8211; Quem realiza a Matr\u00edcula Curricular? A Unidade Universit\u00e1ria realizar\u00e1 a Matr\u00edcula Curricular em todos os componentes do primeiro semestre do curso dos candidatos que realizaram o Cadastro Institucional, conforme previsto no Edital.\u00a0 &nbsp; 2 &#8211; Fui aprovado(a) em um curso com ingresso no segundo semestre, fiz o Cadastro Institucional, mas minha matr\u00edcula [&hellip;]<\/p>\n","protected":false},"author":6,"featured_media":0,"parent":0,"menu_order":0,"comment_status":"closed","ping_status":"closed","template":"","meta":{"footnotes":""},"class_list":["post-2292","page","type-page","status-publish","hentry"],"_links":{"self":[{"href":"https:\/\/portal.uern.br\/proeg\/sisu\/wp-json\/wp\/v2\/pages\/2292","targetHints":{"allow":["GET"]}}],"collection":[{"href":"https:\/\/portal.uern.br\/proeg\/sisu\/wp-json\/wp\/v2\/pages"}],"about":[{"href":"https:\/\/portal.uern.br\/proeg\/sisu\/wp-json\/wp\/v2\/types\/page"}],"author":[{"embeddable":true,"href":"https:\/\/portal.uern.br\/proeg\/sisu\/wp-json\/wp\/v2\/users\/6"}],"replies":[{"embeddable":true,"href":"https:\/\/portal.uern.br\/proeg\/sisu\/wp-json\/wp\/v2\/comments?post=2292"}],"version-history":[{"count":1,"href":"https:\/\/portal.uern.br\/proeg\/sisu\/wp-json\/wp\/v2\/pages\/2292\/revisions"}],"predecessor-version":[{"id":2293,"href":"https:\/\/portal.uern.br\/proeg\/sisu\/wp-json\/wp\/v2\/pages\/2292\/revisions\/2293"}],"wp:attachment":[{"href":"https:\/\/portal.uern.br\/proeg\/sisu\/wp-json\/wp\/v2\/media?parent=2292"}],"curies":[{"name":"wp","href":"https:\/\/api.w.org\/{rel}","templated":true}]}}