{"id":2289,"date":"2024-05-21T11:23:09","date_gmt":"2024-05-21T14:23:09","guid":{"rendered":"https:\/\/portal.uern.br\/proeg\/sisu\/?page_id=2289"},"modified":"2025-01-08T12:56:25","modified_gmt":"2025-01-08T15:56:25","slug":"juntapsviduvidasfrequentes","status":"publish","type":"page","link":"https:\/\/portal.uern.br\/proeg\/sisu\/juntapsviduvidasfrequentes\/","title":{"rendered":"Junta Multiprofissional Psvi &#8211; D\u00favidas Frequentes"},"content":{"rendered":"<p>&nbsp;<\/p>\n<p><b>1 &#8211; Como acontece a Junta Multiprofissional?<\/b><\/p>\n<p><span style=\"font-weight: 400\">Os candidatos da categoria Pessoa com Defici\u00eancia (PcD) que realizarem o seu Cadastro Institucional corretamente ser\u00e3o convocados para participar presencialmente da Junta Multiprofissional, na qual ser\u00e3o avaliados por profissionais de diversas \u00e1reas.<\/span><\/p>\n<p><span style=\"font-weight: 400\">Dessa forma, todo e qualquer candidato(a) que n\u00e3o seja, de fato, pertencente \u00e0 esta categoria ser\u00e1 eliminado(a) do processo seletivo pela junta.<\/span><\/p>\n<p>&nbsp;<\/p>\n<p><b>2 &#8211; Perdi a data da Junta Multiprofissional. Posso fazer em outro dia?<\/b><\/p>\n<p><span style=\"font-weight: 400\">N\u00e3o! Por n\u00e3o ter cumprido a data de comparecimento perante a junta multiprofissional, conforme data, local e hor\u00e1rio indicados no edital, o(a) candidato(a) ser\u00e1 eliminado(a) do certame n\u00e3o podendo comparecer em outra data.<\/span><\/p>\n<p>&nbsp;<\/p>\n<p><b>3 &#8211; Onde poderei acessar as informa\u00e7\u00f5es de datas, locais e hor\u00e1rios em que ocorrer\u00e1 a Junta Multiprofissional?<\/b><\/p>\n<p><span style=\"font-weight: 400\">A per\u00edcia ser\u00e1 realizada <\/span><b>no pr\u00e9dio da Faculdade de Ci\u00eancias da Sa\u00fade \u2013 FACS da Uern, localizado na Rua Atirador Miguel A. da Silva Neto, s\/n, Bairro Aeroporto, na cidade de Mossor\u00f3\/RN<\/b><span style=\"font-weight: 400\">, em data e hor\u00e1rio a serem especificados <\/span><span style=\"font-weight: 400\">no Cronograma da Convoca\u00e7\u00e3o dispon\u00edvel na <\/span><b>Lista de Convocados<\/b><span style=\"font-weight: 400\">, disponibilizada<\/span><span style=\"font-weight: 400\"> no <\/span><a href=\"http:\/\/www.uern.br\"><span style=\"font-weight: 400\">Portal da Uern<\/span><\/a><span style=\"font-weight: 400\"> e no endere\u00e7o eletr\u00f4nico do <\/span><a href=\"https:\/\/portal.uern.br\/proeg\/sisu\/psvi-sisu-uern\/\"><span style=\"font-weight: 400\">Psvi Sisu\/Uern<\/span><\/a><span style=\"font-weight: 400\">.<\/span><\/p>\n<p>&nbsp;<\/p>\n<p><b>4 &#8211; Em qual documento poderei ver o Resultado da Junta Multiprofissional?<\/b><\/p>\n<p><span style=\"font-weight: 400\">Na Lista de Aptid\u00e3o para a Matr\u00edcula da sua convoca\u00e7\u00e3o.<\/span><\/p>\n","protected":false},"excerpt":{"rendered":"<p>&nbsp; 1 &#8211; Como acontece a Junta Multiprofissional? Os candidatos da categoria Pessoa com Defici\u00eancia (PcD) que realizarem o seu Cadastro Institucional corretamente ser\u00e3o convocados para participar presencialmente da Junta Multiprofissional, na qual ser\u00e3o avaliados por profissionais de diversas \u00e1reas. Dessa forma, todo e qualquer candidato(a) que n\u00e3o seja, de fato, pertencente \u00e0 esta categoria [&hellip;]<\/p>\n","protected":false},"author":6,"featured_media":0,"parent":0,"menu_order":0,"comment_status":"closed","ping_status":"closed","template":"","meta":{"footnotes":""},"class_list":["post-2289","page","type-page","status-publish","hentry"],"_links":{"self":[{"href":"https:\/\/portal.uern.br\/proeg\/sisu\/wp-json\/wp\/v2\/pages\/2289","targetHints":{"allow":["GET"]}}],"collection":[{"href":"https:\/\/portal.uern.br\/proeg\/sisu\/wp-json\/wp\/v2\/pages"}],"about":[{"href":"https:\/\/portal.uern.br\/proeg\/sisu\/wp-json\/wp\/v2\/types\/page"}],"author":[{"embeddable":true,"href":"https:\/\/portal.uern.br\/proeg\/sisu\/wp-json\/wp\/v2\/users\/6"}],"replies":[{"embeddable":true,"href":"https:\/\/portal.uern.br\/proeg\/sisu\/wp-json\/wp\/v2\/comments?post=2289"}],"version-history":[{"count":4,"href":"https:\/\/portal.uern.br\/proeg\/sisu\/wp-json\/wp\/v2\/pages\/2289\/revisions"}],"predecessor-version":[{"id":2885,"href":"https:\/\/portal.uern.br\/proeg\/sisu\/wp-json\/wp\/v2\/pages\/2289\/revisions\/2885"}],"wp:attachment":[{"href":"https:\/\/portal.uern.br\/proeg\/sisu\/wp-json\/wp\/v2\/media?parent=2289"}],"curies":[{"name":"wp","href":"https:\/\/api.w.org\/{rel}","templated":true}]}}