{"id":2278,"date":"2024-05-21T11:14:29","date_gmt":"2024-05-21T14:14:29","guid":{"rendered":"https:\/\/portal.uern.br\/proeg\/sisu\/?page_id=2278"},"modified":"2025-01-08T11:51:31","modified_gmt":"2025-01-08T14:51:31","slug":"procedimentopsviduvidasfrequentes","status":"publish","type":"page","link":"https:\/\/portal.uern.br\/proeg\/sisu\/procedimentopsviduvidasfrequentes\/","title":{"rendered":"Procedimento de Heteroidentifica\u00e7\u00e3o Psvi &#8211; D\u00favidas Frequentes"},"content":{"rendered":"<p>&nbsp;<\/p>\n<p><b>1 &#8211; Como acontece a banca de Heteroidentifica\u00e7\u00e3o?<\/b><\/p>\n<p><span style=\"font-weight: 400\">Os candidatos da categoria Pretos, Pardos e Ind\u00edgenas (PPI) que realizarem o seu Cadastro Institucional corretamente ser\u00e3o convocados para participar presencialmente de banca do Procedimento de Heteroidentifica\u00e7\u00e3o, na qual ser\u00e3o avaliados por cinco membros da banca, que s\u00e3o negros ou estudam a causa da pessoa negra.<\/span><\/p>\n<p><span style=\"font-weight: 400\">Dessa forma, todo e qualquer candidato(a) que n\u00e3o seja, de fato, pertencente \u00e0 esta categoria ser\u00e1 eliminado(a) do processo seletivo pela banca.<\/span><\/p>\n<p>&nbsp;<\/p>\n<p><b>2 &#8211; \u00c9 poss\u00edvel solicitar Declara\u00e7\u00e3o de comparecimento ao Procedimento de Heteroidentifica\u00e7\u00e3o para entregar no trabalho?\u00a0<\/b><\/p>\n<p><span style=\"font-weight: 400\">Sim. No momento da heteroidentifica\u00e7\u00e3o, fale com o(a) servidor(a) respons\u00e1vel, que estar\u00e1 no local e solicite o documento. A pessoa indicada dar\u00e1 as devidas orienta\u00e7\u00f5es.\u00a0<\/span><\/p>\n<p>&nbsp;<\/p>\n<p><b>3 &#8211; Perdi a data do Procedimento de Heteroidentifica\u00e7\u00e3o. Posso fazer em outro dia?<\/b><\/p>\n<p><span style=\"font-weight: 400\">N\u00e3o! O(A) candidato(a) que n\u00e3o comparecer na data, hora e local previstos no Edital de convoca\u00e7\u00e3o do Procedimento de Heteroidentifica\u00e7\u00e3o ser\u00e1 eliminado(a) do certame.\u00a0<\/span><\/p>\n<p>&nbsp;<\/p>\n<p><b>4 &#8211; Onde poderei acessar as informa\u00e7\u00f5es de datas, locais e hor\u00e1rios nos quais ocorrer\u00e1 o Procedimento de Heteroidentifica\u00e7\u00e3o?<\/b><\/p>\n<p><span style=\"font-weight: 400\">No<\/span><span style=\"font-weight: 400\"> cronograma da Chamada a ser divulgado na <\/span><b>Lista de Convoca\u00e7\u00e3o<\/b><span style=\"font-weight: 400\"> de candidatos(as) de cada Chamada do Psvi Sisu\/Uern.<\/span><\/p>\n<p>&nbsp;<\/p>\n<p><b>5 &#8211; Em qual documento poderei ver o Resultado do Procedimento de Heteroidentifica\u00e7\u00e3o?<\/b><\/p>\n<p><span style=\"font-weight: 400\">Na <\/span><b>Lista de Aptid\u00e3o para a Matr\u00edcula<\/b><span style=\"font-weight: 400\"> da sua Convoca\u00e7\u00e3o.<\/span><\/p>\n","protected":false},"excerpt":{"rendered":"<p>&nbsp; 1 &#8211; Como acontece a banca de Heteroidentifica\u00e7\u00e3o? Os candidatos da categoria Pretos, Pardos e Ind\u00edgenas (PPI) que realizarem o seu Cadastro Institucional corretamente ser\u00e3o convocados para participar presencialmente de banca do Procedimento de Heteroidentifica\u00e7\u00e3o, na qual ser\u00e3o avaliados por cinco membros da banca, que s\u00e3o negros ou estudam a causa da pessoa negra. [&hellip;]<\/p>\n","protected":false},"author":6,"featured_media":0,"parent":0,"menu_order":0,"comment_status":"closed","ping_status":"closed","template":"","meta":{"footnotes":""},"class_list":["post-2278","page","type-page","status-publish","hentry"],"_links":{"self":[{"href":"https:\/\/portal.uern.br\/proeg\/sisu\/wp-json\/wp\/v2\/pages\/2278","targetHints":{"allow":["GET"]}}],"collection":[{"href":"https:\/\/portal.uern.br\/proeg\/sisu\/wp-json\/wp\/v2\/pages"}],"about":[{"href":"https:\/\/portal.uern.br\/proeg\/sisu\/wp-json\/wp\/v2\/types\/page"}],"author":[{"embeddable":true,"href":"https:\/\/portal.uern.br\/proeg\/sisu\/wp-json\/wp\/v2\/users\/6"}],"replies":[{"embeddable":true,"href":"https:\/\/portal.uern.br\/proeg\/sisu\/wp-json\/wp\/v2\/comments?post=2278"}],"version-history":[{"count":4,"href":"https:\/\/portal.uern.br\/proeg\/sisu\/wp-json\/wp\/v2\/pages\/2278\/revisions"}],"predecessor-version":[{"id":2880,"href":"https:\/\/portal.uern.br\/proeg\/sisu\/wp-json\/wp\/v2\/pages\/2278\/revisions\/2880"}],"wp:attachment":[{"href":"https:\/\/portal.uern.br\/proeg\/sisu\/wp-json\/wp\/v2\/media?parent=2278"}],"curies":[{"name":"wp","href":"https:\/\/api.w.org\/{rel}","templated":true}]}}