{"id":2270,"date":"2024-05-21T11:04:30","date_gmt":"2024-05-21T14:04:30","guid":{"rendered":"https:\/\/portal.uern.br\/proeg\/sisu\/?page_id=2270"},"modified":"2025-01-27T11:26:25","modified_gmt":"2025-01-27T14:26:25","slug":"cadastropsviduvidasfrequentes","status":"publish","type":"page","link":"https:\/\/portal.uern.br\/proeg\/sisu\/cadastropsviduvidasfrequentes\/","title":{"rendered":"Cadastro Institucional Psvi &#8211; D\u00favidas Frequentes"},"content":{"rendered":"<p>&nbsp;<\/p>\n<p><b>1 &#8211; Quais os documentos necess\u00e1rios para realizar meu Cadastro Institucional?<\/b><\/p>\n<p><span style=\"font-weight: 400\">A lista de documentos a serem enviados consta no Anexo do Edital de Abertura do Psvi Sisu\/Uern.<\/span><\/p>\n<p><span style=\"font-weight: 400\">Para envio da documenta\u00e7\u00e3o, o\/a candidato\/a dever\u00e1 acessar o seguinte endere\u00e7o: <\/span><a href=\"https:\/\/documentacao.sisu.uern.br\"><span style=\"font-weight: 400\">https:\/\/documentacao.sisu.uern.br<\/span><\/a><span style=\"font-weight: 400\">.<\/span><\/p>\n<p>&nbsp;<\/p>\n<p><b>2 &#8211; O termo de autenticidade pode ser preenchido digitalmente ou se tem que imprimir para preencher a punho?<\/b><\/p>\n<p><span style=\"font-weight: 400\">O documento pode ser preenchido digitalmente ou impresso e preenchido \u00e0 m\u00e3o. Caso o candidato opte pelo preenchimento digital, deve-se ter aten\u00e7\u00e3o com rela\u00e7\u00e3o \u00e0 assinatura, para a qual h\u00e1 duas op\u00e7\u00f5es:<\/span><\/p>\n<ul>\n<li style=\"font-weight: 400\"><span style=\"font-weight: 400\">feita de pr\u00f3prio punho no documento e depois ter o documento inteiro escaneado ou<\/span><\/li>\n<li style=\"font-weight: 400\"><span style=\"font-weight: 400\">utilizada a assinatura <\/span><a href=\"http:\/\/gov.br\/\"><span style=\"font-weight: 400\">gov.br<\/span><\/a><b>.<\/b><\/li>\n<\/ul>\n<p><b>N\u00e3o<\/b><span style=\"font-weight: 400\"> se pode apenas digitar o nome, nem colocar uma assinatura escaneada colada digitalmente no documento.<\/span><\/p>\n<p>&nbsp;<\/p>\n<p><b>3 &#8211; A emiss\u00e3o da minha c\u00e9dula de identidade \u00e9 superior a 10 anos e j\u00e1 solicitei segunda via, mas o prazo dado para ficar pronta \u00e9 maior do que o per\u00edodo do Cadastro. Serei eliminado?<\/b><\/p>\n<p><span style=\"font-weight: 400\">N\u00e3o! Caso n\u00e3o tenha outro documento oficial de identifica\u00e7\u00e3o com foto, entre as op\u00e7\u00f5es listadas no Anexo do Edital de Abertura, \u00e9 poss\u00edvel realizar o envio da identidade antiga com o compromisso de enviar a atualizada o mais r\u00e1pido poss\u00edvel.<\/span><\/p>\n<p>&nbsp;<\/p>\n<p><b>4 &#8211; Fui assaltado(a) e n\u00e3o tenho mais o documento necess\u00e1rio para o Cadastro Institucional. O que fazer?<\/b><\/p>\n<p><span style=\"font-weight: 400\">Pode enviar o Boletim de ocorr\u00eancia com as informa\u00e7\u00f5es do documento perdido, mas enviar, assim que poss\u00edvel, a 2\u00aa via do documento em quest\u00e3o.<\/span><\/p>\n<p>&nbsp;<\/p>\n<p><b>5 &#8211; Toda a minha documenta\u00e7\u00e3o foi enviada, o que preciso fazer agora?<\/b><\/p>\n<p><span style=\"font-weight: 400\">O\/A candidato\/a receber\u00e1 mensagem eletr\u00f4nica, no e-mail cadastrado no momento da inscri\u00e7\u00e3o no Sisu\/Mec, confirmando o recebimento de sua documenta\u00e7\u00e3o.<\/span><\/p>\n<p><span style=\"font-weight: 400\">\u00c9 de responsabilidade do\/a candidato\/a verificar, no sistema, se sua documenta\u00e7\u00e3o foi conferida e se precisa de ajuste.<\/span><\/p>\n<p><span style=\"font-weight: 400\">Caso seja necess\u00e1rio ajuste, o\/a candidato\/a deve faz\u00ea-lo dentro do per\u00edodo de ajuste de sua Chamada.<\/span><\/p>\n<p>&nbsp;<\/p>\n<p><b>6 &#8211; O que fazer caso eu precise de um comprovante de v\u00ednculo com a Universidade, mas minha matr\u00edcula n\u00e3o foi efetuada porque meu ingresso \u00e9 no segundo semestre?\u00a0<\/b><\/p>\n<p><span style=\"font-weight: 400\">\u00c9 poss\u00edvel solicitar uma Declara\u00e7\u00e3o de Cadastro Institucional (enviou documenta\u00e7\u00e3o, mas ainda n\u00e3o houve a matr\u00edcula).\u00a0<\/span><\/p>\n<p><span style=\"font-weight: 400\">Para solicitar documentos e servi\u00e7os acad\u00eamicos \u00e0 DIRCA, \u00e9 necess\u00e1rio preencher o formul\u00e1rio abaixo:<\/span><span style=\"font-weight: 400\"><br \/>\n<\/span><span style=\"font-weight: 400\">Solicitar documentos acad\u00eamicos:<\/span><span style=\"font-weight: 400\"><br \/>\n<\/span><a href=\"https:\/\/docs.google.com\/forms\/d\/e\/1FAIpQLScpV1tjjf1QU1801Y6jKqlD-_8Iknb0C7uRt9WvuylsR1pjog\/viewform\"><span style=\"font-weight: 400\">https:\/\/docs.google.com\/forms\/d\/e\/1FAIpQLScpV1tjjf1QU1801Y6jKqlD-_8Iknb0C7uRt9WvuylsR1pjog\/viewform<\/span><\/a><\/p>\n<p>&nbsp;<\/p>\n<p><b>7 &#8211; Para onde devo enviar minha documenta\u00e7\u00e3o referente ao Cadastro Institucional?<\/b><\/p>\n<p><span style=\"font-weight: 400\">Para o envio da documenta\u00e7\u00e3o, o\/a candidato\/a dever\u00e1 acessar o seguinte endere\u00e7o: documentacao.sisu.uern.br<\/span><\/p>\n<p>&nbsp;<\/p>\n<p><b>8 &#8211; Enviei toda a documenta\u00e7\u00e3o no prazo correto, mas recebi e-mail solicitando que eu retificasse um documento e n\u00e3o o fiz na data correta. Qual a consequ\u00eancia?<\/b><\/p>\n<p><span style=\"font-weight: 400\">O\/A candidato\/a \u00e9 <\/span><b>eliminado\/a<\/b><span style=\"font-weight: 400\">\u00a0do certame por n\u00e3o ter enviado toda a documenta\u00e7\u00e3o no prazo estipulado do Edital.<\/span><\/p>\n<p>&nbsp;<\/p>\n<p><b>9 &#8211; Fui convocado\/a em uma das listas de convoca\u00e7\u00e3o, mas perdi a data prevista para envio de documentos, posso enviar toda a documenta\u00e7\u00e3o apenas no dia previsto para ajustes?<\/b><\/p>\n<p><span style=\"font-weight: 400\">N\u00e3o, pois o per\u00edodo de ajustes diz respeito apenas a poss\u00edveis problemas que possam ocorrer com os documentos enviados no prazo previsto em edital.\u00a0<\/span><\/p>\n<p>&nbsp;<\/p>\n<p><b>10 &#8211; Se mesmo ap\u00f3s o prazo de retifica\u00e7\u00e3o minha documenta\u00e7\u00e3o n\u00e3o estiver completa, serei eliminado\/a?<\/b><\/p>\n<p><span style=\"font-weight: 400\">Sim! O\/A candidato\/a que n\u00e3o enviar toda a documenta\u00e7\u00e3o no prazo indicado no Edital ser\u00e1 eliminado\/a.<\/span><\/p>\n<p>&nbsp;<\/p>\n<p><b>11 &#8211; Sobre o t\u00f3pico 1 \u201cResponsabilidade e V\u00ednculo\u201d da Declara\u00e7\u00e3o de perfil social e autenticidade dos documentos enviados, j\u00e1 ingressei anteriormente em um curso, mas solicitei trancamento. Como posso resolver essa quest\u00e3o?\u00a0<\/b><\/p>\n<p><span style=\"font-weight: 400\">Voc\u00ea deve solicitar o desligamento do curso anterior (via e-mail <\/span><a href=\"mailto:protocolo.dirca@uern.br\"><span style=\"font-weight: 400\">protocolo.dirca@uern.br<\/span><\/a><span style=\"font-weight: 400\">). Estando desligado\/a antes do per\u00edodo de matr\u00edcula curricular, n\u00e3o haver\u00e1 problema e voc\u00ea n\u00e3o perder\u00e1 sua vaga no novo curso.<\/span><\/p>\n","protected":false},"excerpt":{"rendered":"<p>&nbsp; 1 &#8211; Quais os documentos necess\u00e1rios para realizar meu Cadastro Institucional? A lista de documentos a serem enviados consta no Anexo do Edital de Abertura do Psvi Sisu\/Uern. Para envio da documenta\u00e7\u00e3o, o\/a candidato\/a dever\u00e1 acessar o seguinte endere\u00e7o: https:\/\/documentacao.sisu.uern.br. &nbsp; 2 &#8211; O termo de autenticidade pode ser preenchido digitalmente ou se tem [&hellip;]<\/p>\n","protected":false},"author":6,"featured_media":0,"parent":0,"menu_order":0,"comment_status":"closed","ping_status":"closed","template":"","meta":{"footnotes":""},"class_list":["post-2270","page","type-page","status-publish","hentry"],"_links":{"self":[{"href":"https:\/\/portal.uern.br\/proeg\/sisu\/wp-json\/wp\/v2\/pages\/2270","targetHints":{"allow":["GET"]}}],"collection":[{"href":"https:\/\/portal.uern.br\/proeg\/sisu\/wp-json\/wp\/v2\/pages"}],"about":[{"href":"https:\/\/portal.uern.br\/proeg\/sisu\/wp-json\/wp\/v2\/types\/page"}],"author":[{"embeddable":true,"href":"https:\/\/portal.uern.br\/proeg\/sisu\/wp-json\/wp\/v2\/users\/6"}],"replies":[{"embeddable":true,"href":"https:\/\/portal.uern.br\/proeg\/sisu\/wp-json\/wp\/v2\/comments?post=2270"}],"version-history":[{"count":6,"href":"https:\/\/portal.uern.br\/proeg\/sisu\/wp-json\/wp\/v2\/pages\/2270\/revisions"}],"predecessor-version":[{"id":2897,"href":"https:\/\/portal.uern.br\/proeg\/sisu\/wp-json\/wp\/v2\/pages\/2270\/revisions\/2897"}],"wp:attachment":[{"href":"https:\/\/portal.uern.br\/proeg\/sisu\/wp-json\/wp\/v2\/media?parent=2270"}],"curies":[{"name":"wp","href":"https:\/\/api.w.org\/{rel}","templated":true}]}}