{"id":2267,"date":"2024-05-21T11:01:18","date_gmt":"2024-05-21T14:01:18","guid":{"rendered":"https:\/\/portal.uern.br\/proeg\/sisu\/?page_id=2267"},"modified":"2025-01-08T11:10:42","modified_gmt":"2025-01-08T14:10:42","slug":"convocacoespsviduvidasfrequentes","status":"publish","type":"page","link":"https:\/\/portal.uern.br\/proeg\/sisu\/convocacoespsviduvidasfrequentes\/","title":{"rendered":"Convoca\u00e7\u00f5es Psvi &#8211; D\u00favidas Frequentes"},"content":{"rendered":"<p>&nbsp;<\/p>\n<p><b>1 &#8211; H\u00e1 Quarta Chamada para cursos com ingresso no primeiro semestre?\u00a0<\/b><\/p>\n<p><span style=\"font-weight: 400\">N\u00e3o, pois para os cursos com ingresso no primeiro semestre s\u00f3 s\u00e3o realizadas tr\u00eas Chamadas (Regular, Segunda e Terceira).\u00a0<\/span><\/p>\n<p>&nbsp;<\/p>\n<p><b>2 &#8211; \u00c9 necess\u00e1rio manifestar interesse para participar da Terceira Chamada e das Chamadas Subsequentes?<\/b><\/p>\n<p><span style=\"font-weight: 400\">N\u00e3o \u00e9 necess\u00e1rio manifestar interesse para participar da Terceira Chamada. Os candidatos que manifestaram interesse junto ao Sisu\/Mec e constam na Lista de Espera permanecer\u00e3o na referida lista at\u00e9 serem convocados ou at\u00e9 encerrarem-se as convoca\u00e7\u00f5es.<\/span><\/p>\n<p>&nbsp;<\/p>\n<p><b>3 &#8211; Meu nome foi publicado em uma lista de convoca\u00e7\u00e3o, o que devo fazer?<\/b><\/p>\n<p><span style=\"font-weight: 400\">A partir do momento que se \u00e9 convocado, o candidato deve se atentar aos prazos para envio da documenta\u00e7\u00e3o, no intuito de realizarem o Cadastro Institucional. A partir disso, as Unidades prosseguir\u00e3o com as matr\u00edculas e os cadastros no Sigaa dentro do per\u00edodo previsto. Para os convocados pertencentes \u00e0s categorias PPI e PcD, existem etapas anteriores \u00e0 matr\u00edcula: o Procedimento de Heteroidentifica\u00e7\u00e3o (para candidatos PPI) e a Junta Multiprofissional (para candidatos PcD). Ap\u00f3s a realiza\u00e7\u00e3o destes\u00a0 procedimentos, aqueles que forem aprovados ser\u00e3o cadastrados e matriculados no Sigaa.<\/span><\/p>\n<p>&nbsp;<\/p>\n<p><b>4 &#8211; A convoca\u00e7\u00e3o dos candidatos convocados \u00e9 feita por ordem da nota? A lista dos aprovados na segunda chamada deveria ser na mesma ordem que a lista dos inscritos na chamada de espera?<\/b><\/p>\n<p><span style=\"font-weight: 400\">A convoca\u00e7\u00e3o da Segunda Chamada segue a ordem de pontua\u00e7\u00e3o dentro de cada categoria.<\/span><\/p>\n<p><span style=\"font-weight: 400\">Por exemplo, se duas vagas da categoria Egressos de Escola P\u00fablica de um determinado curso n\u00e3o foram preenchidas na Chamada Regular, essas duas vagas s\u00e3o ofertadas para os dois candidatos com maior nota na lista de espera daquele curso e que pertencem, tamb\u00e9m, \u00e0 categoria Egresso de Escola P\u00fablica.<\/span><\/p>\n","protected":false},"excerpt":{"rendered":"<p>&nbsp; 1 &#8211; H\u00e1 Quarta Chamada para cursos com ingresso no primeiro semestre?\u00a0 N\u00e3o, pois para os cursos com ingresso no primeiro semestre s\u00f3 s\u00e3o realizadas tr\u00eas Chamadas (Regular, Segunda e Terceira).\u00a0 &nbsp; 2 &#8211; \u00c9 necess\u00e1rio manifestar interesse para participar da Terceira Chamada e das Chamadas Subsequentes? N\u00e3o \u00e9 necess\u00e1rio manifestar interesse para participar [&hellip;]<\/p>\n","protected":false},"author":6,"featured_media":0,"parent":0,"menu_order":0,"comment_status":"closed","ping_status":"closed","template":"","meta":{"footnotes":""},"class_list":["post-2267","page","type-page","status-publish","hentry"],"_links":{"self":[{"href":"https:\/\/portal.uern.br\/proeg\/sisu\/wp-json\/wp\/v2\/pages\/2267","targetHints":{"allow":["GET"]}}],"collection":[{"href":"https:\/\/portal.uern.br\/proeg\/sisu\/wp-json\/wp\/v2\/pages"}],"about":[{"href":"https:\/\/portal.uern.br\/proeg\/sisu\/wp-json\/wp\/v2\/types\/page"}],"author":[{"embeddable":true,"href":"https:\/\/portal.uern.br\/proeg\/sisu\/wp-json\/wp\/v2\/users\/6"}],"replies":[{"embeddable":true,"href":"https:\/\/portal.uern.br\/proeg\/sisu\/wp-json\/wp\/v2\/comments?post=2267"}],"version-history":[{"count":5,"href":"https:\/\/portal.uern.br\/proeg\/sisu\/wp-json\/wp\/v2\/pages\/2267\/revisions"}],"predecessor-version":[{"id":2872,"href":"https:\/\/portal.uern.br\/proeg\/sisu\/wp-json\/wp\/v2\/pages\/2267\/revisions\/2872"}],"wp:attachment":[{"href":"https:\/\/portal.uern.br\/proeg\/sisu\/wp-json\/wp\/v2\/media?parent=2267"}],"curies":[{"name":"wp","href":"https:\/\/api.w.org\/{rel}","templated":true}]}}