{"id":2259,"date":"2024-05-21T10:45:04","date_gmt":"2024-05-21T13:45:04","guid":{"rendered":"https:\/\/portal.uern.br\/proeg\/sisu\/?page_id=2259"},"modified":"2024-05-21T11:18:17","modified_gmt":"2024-05-21T14:18:17","slug":"classificacaopsviduvidasfrequentes","status":"publish","type":"page","link":"https:\/\/portal.uern.br\/proeg\/sisu\/classificacaopsviduvidasfrequentes\/","title":{"rendered":"Classifica\u00e7\u00e3o Psvi &#8211; D\u00favidas Frequentes"},"content":{"rendered":"<p>&nbsp;<\/p>\n<p><b>1 &#8211; Como ocorre a classifica\u00e7\u00e3o?<\/b><\/p>\n<p><span style=\"font-weight: 400\">A classifica\u00e7\u00e3o dos candidatos ocorre em ordem decrescente de acordo com a nota obtida no Enem e em sua respectiva categoria.<\/span><\/p>\n","protected":false},"excerpt":{"rendered":"<p>&nbsp; 1 &#8211; Como ocorre a classifica\u00e7\u00e3o? A classifica\u00e7\u00e3o dos candidatos ocorre em ordem decrescente de acordo com a nota obtida no Enem e em sua respectiva categoria.<\/p>\n","protected":false},"author":6,"featured_media":0,"parent":0,"menu_order":0,"comment_status":"closed","ping_status":"closed","template":"","meta":{"footnotes":""},"class_list":["post-2259","page","type-page","status-publish","hentry"],"_links":{"self":[{"href":"https:\/\/portal.uern.br\/proeg\/sisu\/wp-json\/wp\/v2\/pages\/2259","targetHints":{"allow":["GET"]}}],"collection":[{"href":"https:\/\/portal.uern.br\/proeg\/sisu\/wp-json\/wp\/v2\/pages"}],"about":[{"href":"https:\/\/portal.uern.br\/proeg\/sisu\/wp-json\/wp\/v2\/types\/page"}],"author":[{"embeddable":true,"href":"https:\/\/portal.uern.br\/proeg\/sisu\/wp-json\/wp\/v2\/users\/6"}],"replies":[{"embeddable":true,"href":"https:\/\/portal.uern.br\/proeg\/sisu\/wp-json\/wp\/v2\/comments?post=2259"}],"version-history":[{"count":3,"href":"https:\/\/portal.uern.br\/proeg\/sisu\/wp-json\/wp\/v2\/pages\/2259\/revisions"}],"predecessor-version":[{"id":2285,"href":"https:\/\/portal.uern.br\/proeg\/sisu\/wp-json\/wp\/v2\/pages\/2259\/revisions\/2285"}],"wp:attachment":[{"href":"https:\/\/portal.uern.br\/proeg\/sisu\/wp-json\/wp\/v2\/media?parent=2259"}],"curies":[{"name":"wp","href":"https:\/\/api.w.org\/{rel}","templated":true}]}}