{"id":2250,"date":"2024-05-21T10:23:02","date_gmt":"2024-05-21T13:23:02","guid":{"rendered":"https:\/\/portal.uern.br\/proeg\/sisu\/?page_id=2250"},"modified":"2024-05-21T11:16:48","modified_gmt":"2024-05-21T14:16:48","slug":"inscricao-psvi-duvidas-frequentes","status":"publish","type":"page","link":"https:\/\/portal.uern.br\/proeg\/sisu\/inscricao-psvi-duvidas-frequentes\/","title":{"rendered":"Inscri\u00e7\u00e3o Psvi &#8211; D\u00favidas Frequentes"},"content":{"rendered":"<p>&nbsp;<\/p>\n<p><b>1 &#8211; Sou bolsista do Prouni. Posso me inscrever para um curso da Uern?<\/b><\/p>\n<p><span style=\"font-weight: 400\">N\u00e3o, pois, conforme art. 1\u00ba, par\u00e1grafo 3\u00ba, do <\/span><a href=\"https:\/\/www.planalto.gov.br\/ccivil_03\/_ato2004-2006\/2005\/decreto\/d5493.htm\"><span style=\"font-weight: 400\">Decreto 5. 493\/2005<\/span><\/a><span style=\"font-weight: 400\">, que regulamenta a <\/span><a href=\"https:\/\/www.planalto.gov.br\/ccivil_03\/_ato2004-2006\/2005\/lei\/l11096.htm\"><span style=\"font-weight: 400\">Lei 11.096<\/span><\/a><span style=\"font-weight: 400\"> (Institui o Programa Universidade para Todos &#8211; PROUNI):<\/span><\/p>\n<p>&nbsp;<\/p>\n<p>\u201c [&#8230;] \u00a7 3\u00ba\u00a0 S\u00e3o vedadas:<\/p>\n<p>I &#8211; a acumula\u00e7\u00e3o de bolsas de estudo vinculadas ao PROUNI; e<\/p>\n<p>II &#8211; a concess\u00e3o de bolsa de estudo vinculada ao PROUNI para estudante matriculado:<\/p>\n<ol>\n<li>a) em institui\u00e7\u00e3o de ensino superior p\u00fablica e gratuita; ou<\/li>\n<\/ol>\n<p>[&#8230;]\u201d<\/p>\n<p>&nbsp;<\/p>\n<p><span style=\"font-weight: 400\">Em caso de matr\u00edcula em Institui\u00e7\u00e3o P\u00fablica, a bolsa do Prouni \u00e9 automaticamente cancelada. Por isso, deve-se optar por um dos programas.<\/span><\/p>\n","protected":false},"excerpt":{"rendered":"<p>&nbsp; 1 &#8211; Sou bolsista do Prouni. Posso me inscrever para um curso da Uern? N\u00e3o, pois, conforme art. 1\u00ba, par\u00e1grafo 3\u00ba, do Decreto 5. 493\/2005, que regulamenta a Lei 11.096 (Institui o Programa Universidade para Todos &#8211; PROUNI): &nbsp; \u201c [&#8230;] \u00a7 3\u00ba\u00a0 S\u00e3o vedadas: I &#8211; a acumula\u00e7\u00e3o de bolsas de estudo vinculadas [&hellip;]<\/p>\n","protected":false},"author":6,"featured_media":0,"parent":0,"menu_order":0,"comment_status":"closed","ping_status":"closed","template":"","meta":{"footnotes":""},"class_list":["post-2250","page","type-page","status-publish","hentry"],"_links":{"self":[{"href":"https:\/\/portal.uern.br\/proeg\/sisu\/wp-json\/wp\/v2\/pages\/2250","targetHints":{"allow":["GET"]}}],"collection":[{"href":"https:\/\/portal.uern.br\/proeg\/sisu\/wp-json\/wp\/v2\/pages"}],"about":[{"href":"https:\/\/portal.uern.br\/proeg\/sisu\/wp-json\/wp\/v2\/types\/page"}],"author":[{"embeddable":true,"href":"https:\/\/portal.uern.br\/proeg\/sisu\/wp-json\/wp\/v2\/users\/6"}],"replies":[{"embeddable":true,"href":"https:\/\/portal.uern.br\/proeg\/sisu\/wp-json\/wp\/v2\/comments?post=2250"}],"version-history":[{"count":2,"href":"https:\/\/portal.uern.br\/proeg\/sisu\/wp-json\/wp\/v2\/pages\/2250\/revisions"}],"predecessor-version":[{"id":2283,"href":"https:\/\/portal.uern.br\/proeg\/sisu\/wp-json\/wp\/v2\/pages\/2250\/revisions\/2283"}],"wp:attachment":[{"href":"https:\/\/portal.uern.br\/proeg\/sisu\/wp-json\/wp\/v2\/media?parent=2250"}],"curies":[{"name":"wp","href":"https:\/\/api.w.org\/{rel}","templated":true}]}}