{"id":2246,"date":"2024-05-21T10:20:42","date_gmt":"2024-05-21T13:20:42","guid":{"rendered":"https:\/\/portal.uern.br\/proeg\/sisu\/?page_id=2246"},"modified":"2025-02-04T10:12:36","modified_gmt":"2025-02-04T13:12:36","slug":"vagas-psvi-duvidas","status":"publish","type":"page","link":"https:\/\/portal.uern.br\/proeg\/sisu\/vagas-psvi-duvidas\/","title":{"rendered":"Vagas Psvi &#8211; D\u00favidas Frequentes"},"content":{"rendered":"<p>&nbsp;<\/p>\n<p><b>1 &#8211; Como \u00e9 feita a distribui\u00e7\u00e3o de vagas no Psvi Sisu\/Uern?<\/b><\/p>\n<p><span style=\"font-weight: 400\">As vagas ofertadas s\u00e3o distribu\u00eddas nas seguintes categorias:\u00a0<\/span><\/p>\n<p><span style=\"font-weight: 400\">a) <\/span><b>Cota Social<\/b><span style=\"font-weight: 400\">: Na propor\u00e7\u00e3o de 50% (cinquenta por cento) do total de vagas, conforme prev\u00ea a <\/span><a href=\"http:\/\/diariooficial.rn.gov.br\/dei\/dorn3\/docview.aspx?id_jor=00000001&amp;data=20190131&amp;id_doc=634831\"><span style=\"font-weight: 400\">Lei Estadual n\u00ba 10.480, de 30 de janeiro de 2019<\/span><\/a><span style=\"font-weight: 400\">, sendo esta cota <\/span><b>subdividida<\/b><span style=\"font-weight: 400\"> na seguinte propor\u00e7\u00e3o:\u00a0<\/span><\/p>\n<p><span style=\"font-weight: 400\">i) 60% para candidatos autodeclarados pretos, pardos e ind\u00edgenas (que podem ter cursado os ensinos fundamental e m\u00e9dio em escolas p\u00fablicas ou privadas).\u00a0<\/span><\/p>\n<p><span style=\"font-weight: 400\">ii) 40% para candidatos egressos de escola p\u00fablica, que tenham cursado integralmente os ensinos fundamental e m\u00e9dio em escolas p\u00fablicas;\u00a0<\/span><\/p>\n<p><span style=\"font-weight: 400\">b) <\/span><b>Cota para Pessoas com Defici\u00eancia<\/b><span style=\"font-weight: 400\">:\u00a0 Na propor\u00e7\u00e3o de 5% (cinco por cento) do total de vagas, conforme prev\u00ea a Lei Estadual n\u00ba 10.480, de 30 de janeiro de 2019; e\u00a0<\/span><\/p>\n<p><span style=\"font-weight: 400\">c) <\/span><b>N\u00e3o Cotista<\/b><span style=\"font-weight: 400\"> &#8211; Candidatos n\u00e3o pertencentes \u00e0 Cota Social ou \u00e0 Cota para Pessoas com Defici\u00eancia.\u00a0<\/span><\/p>\n<p>&nbsp;<\/p>\n<p><b>2 &#8211; Todas as vagas da Uern s\u00e3o preenchidas por meio do Sisu?<\/b><\/p>\n<p><span style=\"font-weight: 400\">Todas as vagas <em>iniciais<\/em> s\u00e3o ofertadas via Sisu. No entanto, algumas vagas n\u00e3o s\u00e3o ocupadas e, por este motivo, s\u00e3o ofertadas em outros processos seletivos.<\/span><\/p>\n<p><span style=\"font-weight: 400\">Assim, as vagas remanescentes do Sisu (ap\u00f3s a convoca\u00e7\u00e3o da lista de espera nas chamadas) s\u00e3o ofertadas no Processo Seletivo de Vagas Ociosas (Psvo) e no Processo Seletivo de Vagas N\u00e3o-Iniciais (Psvni).\u00a0<\/span><\/p>\n<p>&nbsp;<\/p>\n<p><b>3 &#8211; Fui convocado na categoria Pretos, Pardos e Ind\u00edgenas (PPI) ou na categoria Pessoa com Defici\u00eancia (PcD), por\u00e9m n\u00e3o fui aprovado no Procedimento de Heteroidentifica\u00e7\u00e3o ou na Junta Multiprofissional. Posso ser transferido para a ampla concorr\u00eancia?<\/b><\/p>\n<p>Caso os candidatos inscritos nas a\u00e7\u00f5es afirmativas sejam convocados em suas respectivas categorias e, posteriormente, n\u00e3o sejam aprovados no Procedimento de Heteroidentifica\u00e7\u00e3o ou na per\u00edcia da Junta Multiprofissional ou, ainda, n\u00e3o apresentem a documenta\u00e7\u00e3o comprobat\u00f3ria de terem cursado os Ensinos Fundamental e M\u00e9dio em Escolas p\u00fablicas (para candidatos da categoria Egressos de Escola P\u00fablica), estes candidatos ser\u00e3o <strong>eliminados<\/strong>, n\u00e3o podendo voltar \u00e0 lista de espera para serem classificados na ampla concorr\u00eancia.<\/p>\n<p>&nbsp;<\/p>\n<p><strong>4 &#8211;<\/strong> <b>O que s\u00e3o vagas remanescentes?<\/b><span style=\"font-weight: 400\">\u00a0<\/span><\/p>\n<p><span style=\"font-weight: 400\">Considera-se Vaga Remanescente aquela n\u00e3o ocupada no Psvi Sisu\/Uern, em virtude:\u00a0\u00a0<\/span><\/p>\n<ol>\n<li><span style=\"font-weight: 400\"> Da n\u00e3o realiza\u00e7\u00e3o do Cadastro Institucional, ou\u00a0\u00a0<\/span><\/li>\n<li><span style=\"font-weight: 400\"> Do cancelamento do referido Cadastro, motivado por solicita\u00e7\u00e3o do candidato, ou pela n\u00e3o aprova\u00e7\u00e3o na banca respons\u00e1vel pelo Procedimento de Heteroidentifica\u00e7\u00e3o ou na Junta Multiprofissional da Uern.<\/span><\/li>\n<\/ol>\n","protected":false},"excerpt":{"rendered":"<p>&nbsp; 1 &#8211; Como \u00e9 feita a distribui\u00e7\u00e3o de vagas no Psvi Sisu\/Uern? As vagas ofertadas s\u00e3o distribu\u00eddas nas seguintes categorias:\u00a0 a) Cota Social: Na propor\u00e7\u00e3o de 50% (cinquenta por cento) do total de vagas, conforme prev\u00ea a Lei Estadual n\u00ba 10.480, de 30 de janeiro de 2019, sendo esta cota subdividida na seguinte propor\u00e7\u00e3o:\u00a0 [&hellip;]<\/p>\n","protected":false},"author":6,"featured_media":0,"parent":0,"menu_order":0,"comment_status":"closed","ping_status":"closed","template":"","meta":{"footnotes":""},"class_list":["post-2246","page","type-page","status-publish","hentry"],"_links":{"self":[{"href":"https:\/\/portal.uern.br\/proeg\/sisu\/wp-json\/wp\/v2\/pages\/2246","targetHints":{"allow":["GET"]}}],"collection":[{"href":"https:\/\/portal.uern.br\/proeg\/sisu\/wp-json\/wp\/v2\/pages"}],"about":[{"href":"https:\/\/portal.uern.br\/proeg\/sisu\/wp-json\/wp\/v2\/types\/page"}],"author":[{"embeddable":true,"href":"https:\/\/portal.uern.br\/proeg\/sisu\/wp-json\/wp\/v2\/users\/6"}],"replies":[{"embeddable":true,"href":"https:\/\/portal.uern.br\/proeg\/sisu\/wp-json\/wp\/v2\/comments?post=2246"}],"version-history":[{"count":7,"href":"https:\/\/portal.uern.br\/proeg\/sisu\/wp-json\/wp\/v2\/pages\/2246\/revisions"}],"predecessor-version":[{"id":2911,"href":"https:\/\/portal.uern.br\/proeg\/sisu\/wp-json\/wp\/v2\/pages\/2246\/revisions\/2911"}],"wp:attachment":[{"href":"https:\/\/portal.uern.br\/proeg\/sisu\/wp-json\/wp\/v2\/media?parent=2246"}],"curies":[{"name":"wp","href":"https:\/\/api.w.org\/{rel}","templated":true}]}}