{"id":2220,"date":"2024-05-20T12:44:43","date_gmt":"2024-05-20T15:44:43","guid":{"rendered":"https:\/\/portal.uern.br\/proeg\/sisu\/?page_id=2220"},"modified":"2024-05-22T07:17:35","modified_gmt":"2024-05-22T10:17:35","slug":"psvo-duvidas-frequentes","status":"publish","type":"page","link":"https:\/\/portal.uern.br\/proeg\/sisu\/psvo-duvidas-frequentes\/","title":{"rendered":"Psvo &#8211; D\u00favidas Frequentes"},"content":{"rendered":"<p>&nbsp;<\/p>\n<p>As d\u00favidas relacionadas ao Processo Seletivo de Vagas Ociosas (Psvo) est\u00e3o agrupadas por tema:<\/p>\n<p>&nbsp;<\/p>\n<ul>\n<li><a href=\"https:\/\/portal.uern.br\/proeg\/sisu\/?page_id=2341&amp;preview=true\">Vagas<\/a><\/li>\n<li><a href=\"https:\/\/portal.uern.br\/proeg\/sisu\/?page_id=2344&amp;preview=true\">Inscri\u00e7\u00e3o<\/a><\/li>\n<li><a href=\"https:\/\/portal.uern.br\/proeg\/sisu\/?page_id=2347&amp;preview=true\">Sele\u00e7\u00e3o<\/a><\/li>\n<li><a href=\"https:\/\/portal.uern.br\/proeg\/sisu\/?page_id=2349&amp;preview=true\">Periodicidade<\/a><\/li>\n<\/ul>\n<p>&nbsp;<\/p>\n<p>&nbsp;<\/p>\n","protected":false},"excerpt":{"rendered":"<p>&nbsp; As d\u00favidas relacionadas ao Processo Seletivo de Vagas Ociosas (Psvo) est\u00e3o agrupadas por tema: &nbsp; Vagas Inscri\u00e7\u00e3o Sele\u00e7\u00e3o Periodicidade &nbsp; &nbsp;<\/p>\n","protected":false},"author":6,"featured_media":0,"parent":0,"menu_order":0,"comment_status":"closed","ping_status":"closed","template":"","meta":{"footnotes":""},"class_list":["post-2220","page","type-page","status-publish","hentry"],"_links":{"self":[{"href":"https:\/\/portal.uern.br\/proeg\/sisu\/wp-json\/wp\/v2\/pages\/2220","targetHints":{"allow":["GET"]}}],"collection":[{"href":"https:\/\/portal.uern.br\/proeg\/sisu\/wp-json\/wp\/v2\/pages"}],"about":[{"href":"https:\/\/portal.uern.br\/proeg\/sisu\/wp-json\/wp\/v2\/types\/page"}],"author":[{"embeddable":true,"href":"https:\/\/portal.uern.br\/proeg\/sisu\/wp-json\/wp\/v2\/users\/6"}],"replies":[{"embeddable":true,"href":"https:\/\/portal.uern.br\/proeg\/sisu\/wp-json\/wp\/v2\/comments?post=2220"}],"version-history":[{"count":9,"href":"https:\/\/portal.uern.br\/proeg\/sisu\/wp-json\/wp\/v2\/pages\/2220\/revisions"}],"predecessor-version":[{"id":2363,"href":"https:\/\/portal.uern.br\/proeg\/sisu\/wp-json\/wp\/v2\/pages\/2220\/revisions\/2363"}],"wp:attachment":[{"href":"https:\/\/portal.uern.br\/proeg\/sisu\/wp-json\/wp\/v2\/media?parent=2220"}],"curies":[{"name":"wp","href":"https:\/\/api.w.org\/{rel}","templated":true}]}}