{"id":2218,"date":"2024-05-20T12:44:22","date_gmt":"2024-05-20T15:44:22","guid":{"rendered":"https:\/\/portal.uern.br\/proeg\/sisu\/?page_id=2218"},"modified":"2024-06-05T08:44:40","modified_gmt":"2024-06-05T11:44:40","slug":"psvni-duvidas-frequentes","status":"publish","type":"page","link":"https:\/\/portal.uern.br\/proeg\/sisu\/psvni-duvidas-frequentes\/","title":{"rendered":"Psvni &#8211; D\u00favidas Frequentes"},"content":{"rendered":"<p>&nbsp;<\/p>\n<p>As d\u00favidas relacionadas ao Processo Seletivo de Vagas N\u00e3o Iniciais (Psvni) est\u00e3o agrupadas por tema:<\/p>\n<p>&nbsp;<\/p>\n<ul>\n<li><a href=\"https:\/\/portal.uern.br\/proeg\/sisu\/vagas-psvni-duvidas-frequentes\/\">Vagas<\/a><\/li>\n<li><a href=\"https:\/\/portal.uern.br\/proeg\/sisu\/?page_id=2309&amp;preview=true\">Periodicidade<\/a><\/li>\n<li><a href=\"https:\/\/portal.uern.br\/proeg\/sisu\/?page_id=2314&amp;preview=true\">Modalidades<\/a><\/li>\n<li><a href=\"https:\/\/portal.uern.br\/proeg\/sisu\/?page_id=2320&amp;preview=true\">Transfer\u00eancia Interna<\/a><\/li>\n<li><a href=\"https:\/\/portal.uern.br\/proeg\/sisu\/?page_id=2323&amp;preview=true\">Transfer\u00eancia Externa<\/a><\/li>\n<li><a href=\"https:\/\/portal.uern.br\/proeg\/sisu\/?page_id=2326&amp;preview=true\">Retorno\u00a0<\/a><\/li>\n<li><a href=\"https:\/\/portal.uern.br\/proeg\/sisu\/?page_id=2329&amp;preview=true\">Sele\u00e7\u00e3o<\/a><\/li>\n<li><a href=\"https:\/\/portal.uern.br\/proeg\/sisu\/aproveitamentoduvidasfrequentes\/\">Aproveitamento<\/a><\/li>\n<li><a href=\"https:\/\/portal.uern.br\/proeg\/sisu\/ingresso-psvni-duvidas-frequentes\/\">Ingresso<\/a><\/li>\n<\/ul>\n","protected":false},"excerpt":{"rendered":"<p>&nbsp; As d\u00favidas relacionadas ao Processo Seletivo de Vagas N\u00e3o Iniciais (Psvni) est\u00e3o agrupadas por tema: &nbsp; Vagas Periodicidade Modalidades Transfer\u00eancia Interna Transfer\u00eancia Externa Retorno\u00a0 Sele\u00e7\u00e3o Aproveitamento Ingresso<\/p>\n","protected":false},"author":6,"featured_media":0,"parent":0,"menu_order":0,"comment_status":"closed","ping_status":"closed","template":"","meta":{"footnotes":""},"class_list":["post-2218","page","type-page","status-publish","hentry"],"_links":{"self":[{"href":"https:\/\/portal.uern.br\/proeg\/sisu\/wp-json\/wp\/v2\/pages\/2218","targetHints":{"allow":["GET"]}}],"collection":[{"href":"https:\/\/portal.uern.br\/proeg\/sisu\/wp-json\/wp\/v2\/pages"}],"about":[{"href":"https:\/\/portal.uern.br\/proeg\/sisu\/wp-json\/wp\/v2\/types\/page"}],"author":[{"embeddable":true,"href":"https:\/\/portal.uern.br\/proeg\/sisu\/wp-json\/wp\/v2\/users\/6"}],"replies":[{"embeddable":true,"href":"https:\/\/portal.uern.br\/proeg\/sisu\/wp-json\/wp\/v2\/comments?post=2218"}],"version-history":[{"count":15,"href":"https:\/\/portal.uern.br\/proeg\/sisu\/wp-json\/wp\/v2\/pages\/2218\/revisions"}],"predecessor-version":[{"id":2421,"href":"https:\/\/portal.uern.br\/proeg\/sisu\/wp-json\/wp\/v2\/pages\/2218\/revisions\/2421"}],"wp:attachment":[{"href":"https:\/\/portal.uern.br\/proeg\/sisu\/wp-json\/wp\/v2\/media?parent=2218"}],"curies":[{"name":"wp","href":"https:\/\/api.w.org\/{rel}","templated":true}]}}