{"id":2208,"date":"2024-05-20T12:22:44","date_gmt":"2024-05-20T15:22:44","guid":{"rendered":"https:\/\/portal.uern.br\/proeg\/sisu\/?page_id=2208"},"modified":"2024-05-22T07:22:58","modified_gmt":"2024-05-22T10:22:58","slug":"psvi-duvidas-frequentes","status":"publish","type":"page","link":"https:\/\/portal.uern.br\/proeg\/sisu\/psvi-duvidas-frequentes\/","title":{"rendered":"Psvi &#8211; D\u00favidas Frequentes"},"content":{"rendered":"<p>&nbsp;<\/p>\n<p>As d\u00favidas relacionadas ao Processo Seletivo de Vagas Iniciais (Psvi) est\u00e3o agrupadas por tema:<\/p>\n<p>&nbsp;<\/p>\n<ul>\n<li><a href=\"https:\/\/portal.uern.br\/proeg\/sisu\/vagas-psvi-duvidas\/\">Vagas<span style=\"font-weight: 400\">\u00a0<\/span><\/a><\/li>\n<li><a href=\"https:\/\/portal.uern.br\/proeg\/sisu\/inscricao-psvi-duvidas-frequentes\/\">Inscri\u00e7\u00e3o<span style=\"font-weight: 400\">\u00a0<\/span><\/a><\/li>\n<li><a href=\"https:\/\/portal.uern.br\/proeg\/sisu\/acoes-psvi-duvidas-frequentes\/\">A\u00e7\u00f5es Afirmativas<\/a><span style=\"font-weight: 400\">\u00a0<\/span><\/li>\n<li><a href=\"https:\/\/portal.uern.br\/proeg\/sisu\/classificacaopsviduvidasfrequentes\/\">Classifica\u00e7\u00e3o <\/a><\/li>\n<li><a href=\"https:\/\/portal.uern.br\/proeg\/sisu\/convocacoespsviduvidasfrequentes\/\">Convoca\u00e7\u00f5es<\/a><\/li>\n<li><a href=\"https:\/\/portal.uern.br\/proeg\/sisu\/cadastropsviduvidasfrequentes\/\">Cadastro Institucional<\/a><\/li>\n<li><a href=\"https:\/\/portal.uern.br\/proeg\/sisu\/remanejamentopsviduvidasfrequentes\/\">Remanejamento de Semestre<\/a><\/li>\n<li><a href=\"https:\/\/portal.uern.br\/proeg\/sisu\/procedimentopsviduvidasfrequentes\/\">Procedimento de Heteroidentifica\u00e7\u00e3o<\/a><\/li>\n<li><a href=\"https:\/\/portal.uern.br\/proeg\/sisu\/juntapsviduvidasfrequentes\/\">Junta Multiprofissional<\/a><\/li>\n<li><a href=\"https:\/\/portal.uern.br\/proeg\/sisu\/matriculapsviduvidasfrequentes\/\">Matr\u00edcula Curricular<\/a><\/li>\n<li><a href=\"https:\/\/portal.uern.br\/proeg\/sisu\/inicioaulaspsviduvidasfrequentes\/\">In\u00edcio das aulas<\/a><\/li>\n<li><a href=\"https:\/\/portal.uern.br\/proeg\/sisu\/listadeesperapsviduvidasfrequentes\/\">Lista de Espera<\/a><\/li>\n<li><a href=\"https:\/\/portal.uern.br\/proeg\/sisu\/desistenciapsviduvidasfrequentes\/\">Desist\u00eancia da vaga<\/a><\/li>\n<\/ul>\n","protected":false},"excerpt":{"rendered":"<p>&nbsp; As d\u00favidas relacionadas ao Processo Seletivo de Vagas Iniciais (Psvi) est\u00e3o agrupadas por tema: &nbsp; Vagas\u00a0 Inscri\u00e7\u00e3o\u00a0 A\u00e7\u00f5es Afirmativas\u00a0 Classifica\u00e7\u00e3o Convoca\u00e7\u00f5es Cadastro Institucional Remanejamento de Semestre Procedimento de Heteroidentifica\u00e7\u00e3o Junta Multiprofissional Matr\u00edcula Curricular In\u00edcio das aulas Lista de Espera Desist\u00eancia da vaga<\/p>\n","protected":false},"author":6,"featured_media":0,"parent":0,"menu_order":0,"comment_status":"closed","ping_status":"closed","template":"","meta":{"footnotes":""},"class_list":["post-2208","page","type-page","status-publish","hentry"],"_links":{"self":[{"href":"https:\/\/portal.uern.br\/proeg\/sisu\/wp-json\/wp\/v2\/pages\/2208","targetHints":{"allow":["GET"]}}],"collection":[{"href":"https:\/\/portal.uern.br\/proeg\/sisu\/wp-json\/wp\/v2\/pages"}],"about":[{"href":"https:\/\/portal.uern.br\/proeg\/sisu\/wp-json\/wp\/v2\/types\/page"}],"author":[{"embeddable":true,"href":"https:\/\/portal.uern.br\/proeg\/sisu\/wp-json\/wp\/v2\/users\/6"}],"replies":[{"embeddable":true,"href":"https:\/\/portal.uern.br\/proeg\/sisu\/wp-json\/wp\/v2\/comments?post=2208"}],"version-history":[{"count":40,"href":"https:\/\/portal.uern.br\/proeg\/sisu\/wp-json\/wp\/v2\/pages\/2208\/revisions"}],"predecessor-version":[{"id":2365,"href":"https:\/\/portal.uern.br\/proeg\/sisu\/wp-json\/wp\/v2\/pages\/2208\/revisions\/2365"}],"wp:attachment":[{"href":"https:\/\/portal.uern.br\/proeg\/sisu\/wp-json\/wp\/v2\/media?parent=2208"}],"curies":[{"name":"wp","href":"https:\/\/api.w.org\/{rel}","templated":true}]}}