{"id":2205,"date":"2024-05-20T12:21:56","date_gmt":"2024-05-20T15:21:56","guid":{"rendered":"https:\/\/portal.uern.br\/proeg\/sisu\/?page_id=2205"},"modified":"2025-01-08T11:18:36","modified_gmt":"2025-01-08T14:18:36","slug":"ingresso-na-uern-duvidas","status":"publish","type":"page","link":"https:\/\/portal.uern.br\/proeg\/sisu\/ingresso-na-uern-duvidas\/","title":{"rendered":"Ingresso na Uern &#8211; D\u00favidas"},"content":{"rendered":"<p>&nbsp;<\/p>\n<p style=\"text-align: center\"><strong>D\u00favidas frequentes sobre as formas de Ingresso na Uern<\/strong><\/p>\n<p>&nbsp;<\/p>\n<p><b>1 &#8211; Quais s\u00e3o as formas de ingresso na Universidade do Estado do Rio Grande do Norte (Uern)?<\/b><\/p>\n<p><span style=\"font-weight: 400\">Existem tr\u00eas formas de ingresso na Uern:<\/span><\/p>\n<ol>\n<li style=\"font-weight: 400\"><span style=\"font-weight: 400\">Processo Seletivo de Vagas Iniciais (Psvi);<\/span><\/li>\n<li style=\"font-weight: 400\"><span style=\"font-weight: 400\">Processo Seletivo de Vagas N\u00e3o-Iniciais (Psvni);<\/span><\/li>\n<li style=\"font-weight: 400\"><span style=\"font-weight: 400\">Processo Seletivo de Vagas Ociosas (Psvo).<\/span><\/li>\n<\/ol>\n<p><span style=\"font-weight: 400\">Para ver detalhadamente cada uma, <\/span><a href=\"https:\/\/portal.uern.br\/proeg\/sisu\/formas-de-ingresso-na-uern\/\"><span style=\"font-weight: 400\">Clique Aqui.<\/span><\/a><\/p>\n<p>&nbsp;<\/p>\n<p><b>2 &#8211; Quais s\u00e3o os cursos que a Uern oferece por meio do Sisu?<\/b><\/p>\n<p><span style=\"font-weight: 400\">Os cursos que a Uern oferece por meio do Sisu, bem como os pesos e notas m\u00ednimas (pontos de corte) exigidos para ingresso, est\u00e3o dispon\u00edveis no Termo de Ades\u00e3o ao Sisu publicado na p\u00e1gina no Psvi Sisu\/Uern de cada ano.<\/span><\/p>\n<p>&nbsp;<\/p>\n<p><b>3 &#8211; Posso me inscrever em novo processo seletivo j\u00e1 sendo aluno(a) da Uern?<\/b><\/p>\n<p><span style=\"font-weight: 400\">Sim! Alunos j\u00e1 matriculados na Uern podem participar do Processo Seletivo de Vagas N\u00e3o Iniciais (Psvni), por meio da modalidade de transfer\u00eancia interna. O Psvni ocorre duas vezes por ano, no primeiro e no segundo semestre, e disponibiliza vagas remanescentes do Psvi.<\/span><\/p>\n<p><span style=\"font-weight: 400\">Caso n\u00e3o sejam disponibilizadas vagas no curso pretendido no Psvni, \u00e9 poss\u00edvel tamb\u00e9m inscrever-se no Psvo e no Psvi Sisu\/Uern. Nesse caso, o aluno concorrer\u00e1 com todos os demais candidatos pelas vagas ofertadas.\u00a0<\/span><\/p>\n<p><span style=\"font-weight: 400\">\u00c9 importante ressaltar que, caso seja aprovado no Psvo ou no Psvi Sisu\/Uern, o aluno precisar\u00e1 solicitar o desligamento do primeiro curso antes de que seja realizada a sua matr\u00edcula no novo curso.<\/span><\/p>\n<p>&nbsp;<\/p>\n<p><b>4 &#8211; Posso ingressar em curso diferente daquele para o qual me inscrevi?\u00a0<\/b><\/p>\n<p><span style=\"font-weight: 400\">N\u00e3o \u00e9 poss\u00edvel que um(a) candidato(a) ingresse em curso, turno, campus ou semestre diverso daquele para o qual se inscreveu.<\/span><\/p>\n<p>&nbsp;<\/p>\n<p><b>5 &#8211; Como fazer para ingressar em turno diferente daquele para o qual me inscrevi?<\/b><\/p>\n<p><span style=\"font-weight: 400\">N\u00e3o \u00e9 poss\u00edvel ingressar em um turno diferente daquele para o qual voc\u00ea foi convocado(a). Ap\u00f3s o ingresso, caso ainda deseje altera\u00e7\u00e3o de turno e haja vaga dispon\u00edvel no curso e turno desejado, pode inscrever-se no Processo Seletivo de Vagas N\u00e3o Iniciais (Psvni), que acontece uma vez por semestre.<\/span><\/p>\n<p>&nbsp;<\/p>\n<p><b>6 &#8211; Como saber qual o semestre de ingresso do meu curso?<\/b><\/p>\n<p><span style=\"font-weight: 400\">No cabe\u00e7alho do curso, na Lista de Convocados, constam todas as informa\u00e7\u00f5es sobre o curso para o qual o candidato est\u00e1 sendo convocado.<\/span><\/p>\n<p>&nbsp;<\/p>\n<p><b>7 &#8211; Fui aprovado(a). O que devo fazer agora?<\/b><\/p>\n<p><span style=\"font-weight: 400\">Realizar o Cadastro Institucional de acordo com a data divulgada no Edital de Resultado do certame ou na Lista de convocados.<\/span><\/p>\n<p><span style=\"font-weight: 400\">Todas as datas referentes a cada uma das etapas dos processos seletivos encontram-se no cronograma, presente no topo da p\u00e1gina de cada processo seletivo.\u00a0<\/span><\/p>\n<p>&nbsp;<\/p>\n<p><b>8 &#8211; J\u00e1 cursei outra gradua\u00e7\u00e3o e gostaria de aproveitar algumas disciplinas. Quando devo fazer a solicita\u00e7\u00e3o?<\/b><\/p>\n<p><span style=\"font-weight: 400\">No ato da entrega da documenta\u00e7\u00e3o, o(a) candidato(a) j\u00e1 poder\u00e1 solicitar ao departamento do curso o aproveitamento de estudos.<\/span> <span style=\"font-weight: 400\">Mas essa solicita\u00e7\u00e3o tamb\u00e9m pode ser feita a qualquer momento ap\u00f3s o ingresso no curso junto ao departamento.<\/span><\/p>\n<p>&nbsp;<\/p>\n<p><b>9 &#8211; Quais os servi\u00e7os que a Uern disponibiliza aos alunos que necessitam de assist\u00eancia estudantil?<\/b><\/p>\n<p><span style=\"font-weight: 400\">A <\/span><b>Pr\u00f3-reitoria de Assuntos Estudantis &#8211; Prae<\/b><span style=\"font-weight: 400\"> disp\u00f5e de programas e aux\u00edlios de assist\u00eancia estudantil que objetivam promover a perman\u00eancia dos(as) discentes em situa\u00e7\u00e3o de vulnerabilidade socioecon\u00f4mica em cursos de gradua\u00e7\u00e3o e p\u00f3s-gradua\u00e7\u00e3o. Al\u00e9m disso, a Prae tamb\u00e9m oferta oportunidades de Est\u00e1gios N\u00e3o-Obrigat\u00f3rios, visando o fomento \u00e0 pr\u00e1tica do est\u00e1gio. As sele\u00e7\u00f5es para todos os programas da Prae reservam pelo menos 5% das vagas para Pessoas com Defici\u00eancia.\u00a0<\/span><\/p>\n<p><span style=\"font-weight: 400\">Os programas e aux\u00edlios de assist\u00eancia estudantil incluem:<\/span><\/p>\n<ol>\n<li><b> Programa de Apoio ao Estudante (PAE);<\/b><\/li>\n<li><b> Programa de Moradia Universit\u00e1ria;<\/b><\/li>\n<li><b> Aux\u00edlio Inclus\u00e3o Digital;<\/b><\/li>\n<li><b> Programa Aux\u00edlio-Creche;<\/b><\/li>\n<li><b> Aux\u00edlio \u00e0 participa\u00e7\u00e3o de estudantes em Atividades Acad\u00eamicas, Cient\u00edficas e Culturais;<\/b><\/li>\n<li><b> Aux\u00edlio Alimenta\u00e7\u00e3o;<\/b><\/li>\n<li><b> Programa de Apoio ao Est\u00e1gio N\u00e3o-Obrigat\u00f3rio;<\/b><\/li>\n<li><b> Equipe Multiprofissional;\u00a0<\/b><\/li>\n<\/ol>\n<p><span style=\"font-weight: 400\">Para mais informa\u00e7\u00f5es, acessar a p\u00e1gina da <\/span><a href=\"https:\/\/portal.uern.br\/prae\/\"><span style=\"font-weight: 400\">Prae<\/span><\/a><span style=\"font-weight: 400\"> no Portal Uern.<\/span><\/p>\n<p>&nbsp;<\/p>\n<p><b>10 &#8211; Quais os apoios dispon\u00edveis para os(as) alunos(as) com defici\u00eancia?<\/b><\/p>\n<p><span style=\"font-weight: 400\">A Diretoria de A\u00e7\u00f5es Inclusivas (Dain) \u00e9 \u00f3rg\u00e3o suplementar da Administra\u00e7\u00e3o Superior da Uern, vinculado administrativa, t\u00e9cnica e pedagogicamente \u00e0 referida administra\u00e7\u00e3o, aprovado pela Resolu\u00e7\u00e3o N\u00b0 05, de 24 de mar\u00e7o de 2015, e se constitui como \u00f3rg\u00e3o de Pol\u00edticas e A\u00e7\u00f5es Inclusivas e por meio da Resolu\u00e7\u00e3o N\u00b0 04\/2016-CD foi mantida sua natureza de \u00f3rg\u00e3o suplementar, ratificando sua denomina\u00e7\u00e3o e aprovando seu organograma como Dain. Em 2022, atrav\u00e9s da Resolu\u00e7\u00e3o n\u00ba 59\/2022 do Conselho Diretor da Funda\u00e7\u00e3o Universidade do Estado do Rio Grande do Norte (CD \u2013 Fuern), que aprovou o novo organograma da Uern, a Dain passou a contar com dois novos setores em sua estrutura, o Setor de Acessibilidade e o Setor T\u00e9cnico Educacional, bem como, com duas chefias para os referidos setores.<\/span><\/p>\n<p><span style=\"font-weight: 400\">A Universidade valida a plena participa\u00e7\u00e3o das pessoas com defici\u00eancia nas atividades acad\u00eamicas sob os ditames do prescrito na Lei Brasileira de Inclus\u00e3o &#8211; Estatuto da Pessoa com Defici\u00eancia, Lei n\u00b0 13.146\/2015 (LBI).\u00a0 Com base na referida Lei Brasileira de Inclus\u00e3o, aludimos para o acompanhamento no interior dos Campi\/Uern com aten\u00e7\u00e3o ao conceito de defici\u00eancia, a saber, Art. 2o: Considera-se pessoa com defici\u00eancia aquela que tem impedimento de longo prazo de natureza f\u00edsica, mental, intelectual ou sensorial, o qual, em intera\u00e7\u00e3o com uma ou mais barreiras, pode obstruir sua participa\u00e7\u00e3o plena e efetiva na sociedade em igualdade de condi\u00e7\u00f5es com as demais pessoas.<\/span><\/p>\n<p><span style=\"font-weight: 400\">A Dain promove o acesso, acompanhamento e apoio aos discentes, docentes e t\u00e9cnicos administrativos com defici\u00eancia tendo como a base a Legisla\u00e7\u00e3o Brasileira para a Pessoa com Defici\u00eancia, com vistas \u00e0 acessibilidade e efetiva\u00e7\u00e3o de direitos no ensino, pesquisa e extens\u00e3o que consolidem a\u00e7\u00f5es e pr\u00e1ticas voltadas \u00e0 inclus\u00e3o educacional, social e inser\u00e7\u00e3o no mercado de trabalho. Para tanto, disp\u00f5e da metodologia de trabalho a seguir:<\/span><\/p>\n<p><span style=\"font-weight: 400\">1 &#8211; A Dain fornece apoio t\u00e9cnico-especializado atrav\u00e9s de equipe multiprofissional &#8211; Dire\u00e7\u00e3o e Secretaria \u2013 Setor T\u00e9cnico Educacional \u2013 Setor de Acessibilidade &#8211; Servi\u00e7o Social (Assistente Social), Psicologia (Psic\u00f3logo Educacional), Pedagogia (Pedagogas e Psicopedagoga), Defici\u00eancia Auditiva (Int\u00e9rpretes de LIBRAS e Instrutor de LIBRAS) e Defici\u00eancia Visual (Ledores); oferecer forma\u00e7\u00e3o continuada na \u00e1rea de inclus\u00e3o e diversidade; disponibilizar o uso de tecnologias assistivas (equipamentos especiais, ajudas t\u00e9cnicas, softwares, dentre eles: Impressora Braille, M\u00e1quina Perkins Brailler, Sorob\u00e3, Reglete, Pun\u00e7\u00e3o, Cadeiras de Rodas, Thermoform, bengala dobr\u00e1vel, lupas, livros em braille e jogos pedag\u00f3gicos em Braille e LIBRAS e etc) aos acad\u00eamicos e aos demais segmentos da comunidade universit\u00e1ria para viabilizar a acessibilidade aos conhecimentos, informa\u00e7\u00f5es, relacionamentos e ambientes de estudo;<\/span><\/p>\n<p><span style=\"font-weight: 400\">2 &#8211; Apoio para orienta\u00e7\u00e3o e acompanhamento mediante a identifica\u00e7\u00e3o do p\u00fablico-alvo com base no cadastro, que s\u00e3o definidos, pela Equipe Multiprofissional da Dain, de acordo com a demanda e an\u00e1lise pr\u00e9via da condi\u00e7\u00e3o do discente com defici\u00eancia;<\/span><\/p>\n<p><span style=\"font-weight: 400\">3 &#8211; Atrav\u00e9s dos servi\u00e7os de acompanhamento que s\u00e3o encaminhados pelos Departamentos Acad\u00eamicos de origem, Dire\u00e7\u00e3o da Unidade ou pela Orienta\u00e7\u00e3o Acad\u00eamica, envio de formul\u00e1rio de identifica\u00e7\u00e3o \u00e0 Dain (Ficha de Observa\u00e7\u00e3o Docente), previamente disponibilizados \u00e0s unidades acad\u00eamicas, por esta Diretoria ou manifestados pelo pr\u00f3prio discente, t\u00e9cnico ou docente junto \u00e0 Dain;<\/span><\/p>\n<p><span style=\"font-weight: 400\">4 &#8211; Acolhimento das solicita\u00e7\u00f5es atrav\u00e9s do e-mail: <\/span><a href=\"mailto:dain@uern.br\"><span style=\"font-weight: 400\">dain@uern.br<\/span><\/a><span style=\"font-weight: 400\">;<\/span><\/p>\n<p><span style=\"font-weight: 400\">5 &#8211; Disponibiliza\u00e7\u00e3o do e-mail institucional do profissional\/Dain, com data e hor\u00e1rio, para realiza\u00e7\u00e3o do acompanhamento presencial e\/ou atrav\u00e9s da videoconfer\u00eancia (Google Meet\/Uern);<\/span><\/p>\n<p><span style=\"font-weight: 400\">6 &#8211; Consulta ao profissional requisitado para oferta do servi\u00e7o\/apoio e realiza\u00e7\u00e3o do acompanhamento\/apoio solicitado na data e hor\u00e1rio agendados atrav\u00e9s do profissional Dain direcionado ao solicitante;<\/span><\/p>\n<p><span style=\"font-weight: 400\">7 &#8211; Encaminhamentos a partir do acompanhamento\/apoio realizado;<\/span><\/p>\n<p><span style=\"font-weight: 400\">8 &#8211; Registro oficial do acompanhamento, dentro das compet\u00eancias do profissional e direcionamento aos demais setores, se necess\u00e1rio for.<\/span><\/p>\n<p><span style=\"font-weight: 400\">A Dain enfatiza, a Conven\u00e7\u00e3o dos Direitos sobre as Pessoas com Defici\u00eancia, de 2006, Promulgada Pelo Decreto Federal 6.949, de 25 de agosto de 2009, da qual o Brasil \u00e9 Signat\u00e1rio, quando estabelece que os Estados-Partes devem assegurar um sistema de educa\u00e7\u00e3o inclusiva em todos os n\u00edveis de ensino, em ambientes que maximizem o desenvolvimento acad\u00eamico e social compat\u00edvel com a meta da plena participa\u00e7\u00e3o e inclus\u00e3o. O alcance ao discente, ao t\u00e9cnico e ao docente se d\u00e1 de forma a assegurar e a promover, em condi\u00e7\u00f5es de igualdade, o exerc\u00edcio dos direitos e das liberdades fundamentais por pessoa com defici\u00eancia, visa a inclus\u00e3o social e cidadania, plena e efetiva, em iguais condi\u00e7\u00f5es de acessibilidade, com as demais pessoas, conforme preconizam, cabe enfatizar, a Constitui\u00e7\u00e3o Federal do Brasil de 1988 e a Lei Brasileira de Inclus\u00e3o (LBI) &#8211; Estatuto da Pessoa com Defici\u00eancia, Lei n\u00ba 13.146\/2015.<\/span><\/p>\n<p><span style=\"font-weight: 400\">Para mais informa\u00e7\u00f5es, pode ser feito o contato pelo e-mail <\/span><a href=\"mailto:dain@uern.br\"><span style=\"font-weight: 400\">dain@uern.br<\/span><\/a><span style=\"font-weight: 400\"> ou pelo telefone 3315-3559. Tamb\u00e9m pode ser acessada a p\u00e1gina da <\/span><a href=\"https:\/\/portal.uern.br\/dain\/\"><span style=\"font-weight: 400\">Dain<\/span><\/a><span style=\"font-weight: 400\"> no Portal Uern.<\/span><\/p>\n","protected":false},"excerpt":{"rendered":"<p>&nbsp; D\u00favidas frequentes sobre as formas de Ingresso na Uern &nbsp; 1 &#8211; Quais s\u00e3o as formas de ingresso na Universidade do Estado do Rio Grande do Norte (Uern)? Existem tr\u00eas formas de ingresso na Uern: Processo Seletivo de Vagas Iniciais (Psvi); Processo Seletivo de Vagas N\u00e3o-Iniciais (Psvni); Processo Seletivo de Vagas Ociosas (Psvo). Para [&hellip;]<\/p>\n","protected":false},"author":6,"featured_media":0,"parent":0,"menu_order":0,"comment_status":"closed","ping_status":"closed","template":"","meta":{"footnotes":""},"class_list":["post-2205","page","type-page","status-publish","hentry"],"_links":{"self":[{"href":"https:\/\/portal.uern.br\/proeg\/sisu\/wp-json\/wp\/v2\/pages\/2205","targetHints":{"allow":["GET"]}}],"collection":[{"href":"https:\/\/portal.uern.br\/proeg\/sisu\/wp-json\/wp\/v2\/pages"}],"about":[{"href":"https:\/\/portal.uern.br\/proeg\/sisu\/wp-json\/wp\/v2\/types\/page"}],"author":[{"embeddable":true,"href":"https:\/\/portal.uern.br\/proeg\/sisu\/wp-json\/wp\/v2\/users\/6"}],"replies":[{"embeddable":true,"href":"https:\/\/portal.uern.br\/proeg\/sisu\/wp-json\/wp\/v2\/comments?post=2205"}],"version-history":[{"count":9,"href":"https:\/\/portal.uern.br\/proeg\/sisu\/wp-json\/wp\/v2\/pages\/2205\/revisions"}],"predecessor-version":[{"id":2874,"href":"https:\/\/portal.uern.br\/proeg\/sisu\/wp-json\/wp\/v2\/pages\/2205\/revisions\/2874"}],"wp:attachment":[{"href":"https:\/\/portal.uern.br\/proeg\/sisu\/wp-json\/wp\/v2\/media?parent=2205"}],"curies":[{"name":"wp","href":"https:\/\/api.w.org\/{rel}","templated":true}]}}